{"id":7545,"date":"2018-06-27T14:58:46","date_gmt":"2018-06-27T12:58:46","guid":{"rendered":"https:\/\/dase.es\/producto\/sin%20categorizar\/explore-the-world-con-marco-de-dase\/"},"modified":"2024-10-24T12:27:33","modified_gmt":"2024-10-24T10:27:33","slug":"explore-the-world-con-marco-de-dase","status":"publish","type":"product","link":"https:\/\/dase.es\/en\/comprar\/explore-the-world-con-marco-de-dase\/","title":{"rendered":"Explore the world (con marco)"},"content":{"rendered":"<ul>\n<li><span style=\"font-weight: 400;\">Marco de color negro de madera semi dura de Aliso<\/span><\/li>\n<li><span style=\"font-weight: 400;\">1,9cm de grosor<\/span><\/li>\n<li><span style=\"font-weight: 400;\">Protector frontal acr\u00edlico<\/span><\/li>\n<li><span style=\"font-weight: 400;\">Ligero<\/span><\/li>\n<li><span style=\"font-weight: 400;\">Armamento para colgar adjunto<\/span><\/li>\n<\/ul>\n","protected":false},"excerpt":{"rendered":"<p>Haz brillar cualquier habitaci\u00f3n con este p\u00f3ster enmarcado, impreso en papel grueso, duradero y mate.<br \/>\nEl marco negro mate agrega un toque extra de clase.\u00a0Listo para colgar.<\/p>\n<p><strong>Medidas<\/strong><\/p>\n<p>20 x 25 cm = 8\u00d710&#8243;<br \/>\n30 x 41 cm = 12\u00d716&#8243;<br \/>\n41 x 51 cm = 16\u00d720&#8243;<br \/>\n46 x 61 cm = 18\u00d724&#8243;<\/p>\n","protected":false},"featured_media":7550,"template":"","meta":{"_joinchat":[]},"product_brand":[],"product_cat":[180],"product_tag":[],"class_list":{"0":"post-7545","1":"product","2":"type-product","3":"status-publish","4":"has-post-thumbnail","6":"product_cat-enmarcadas","8":"first","9":"outofstock","10":"sold-individually","11":"taxable","12":"shipping-taxable","13":"purchasable","14":"product-type-variable","15":"has-default-attributes"},"yoast_head":"<!-- This site is optimized with the Yoast SEO plugin v26.4 - https:\/\/yoast.com\/wordpress\/plugins\/seo\/ -->\n<title>Explore the world (con marco) &#183; Dase<\/title>\n<meta name=\"robots\" content=\"noindex, follow\" \/>\n<meta property=\"og:locale\" content=\"en_US\" \/>\n<meta property=\"og:type\" content=\"article\" \/>\n<meta property=\"og:title\" content=\"Explore the world (con marco) &#183; Dase\" \/>\n<meta property=\"og:description\" content=\"Haz brillar cualquier habitaci\u00f3n con este p\u00f3ster enmarcado, impreso en papel grueso, duradero y mate. El marco negro mate agrega un toque extra de clase.\u00a0Listo para colgar.  Medidas  20 x 25 cm = 8\u00d710&quot; 30 x 41 cm = 12\u00d716&quot; 41 x 51 cm = 16\u00d720&quot; 46 x 61 cm = 18\u00d724&quot;\" \/>\n<meta property=\"og:url\" content=\"https:\/\/dase.es\/en\/comprar\/explore-the-world-con-marco-de-dase\/\" \/>\n<meta property=\"og:site_name\" content=\"Dase\" \/>\n<meta property=\"article:modified_time\" content=\"2024-10-24T10:27:33+00:00\" \/>\n<meta property=\"og:image\" content=\"https:\/\/dase.es\/wp-content\/uploads\/2018\/06\/mockup-381a3459.png\" \/>\n\t<meta property=\"og:image:width\" content=\"600\" \/>\n\t<meta property=\"og:image:height\" content=\"600\" \/>\n\t<meta property=\"og:image:type\" content=\"image\/png\" \/>\n<meta name=\"twitter:card\" content=\"summary_large_image\" \/>\n<script type=\"application\/ld+json\" class=\"yoast-schema-graph\">{\"@context\":\"https:\/\/schema.org\",\"@graph\":[{\"@type\":\"WebPage\",\"@id\":\"https:\/\/dase.es\/en\/comprar\/explore-the-world-con-marco-de-dase\/\",\"url\":\"https:\/\/dase.es\/en\/comprar\/explore-the-world-con-marco-de-dase\/\",\"name\":\"Explore the world (con marco) &#183; Dase\",\"isPartOf\":{\"@id\":\"https:\/\/dase.es\/en\/#website\"},\"primaryImageOfPage\":{\"@id\":\"https:\/\/dase.es\/en\/comprar\/explore-the-world-con-marco-de-dase\/#primaryimage\"},\"image\":{\"@id\":\"https:\/\/dase.es\/en\/comprar\/explore-the-world-con-marco-de-dase\/#primaryimage\"},\"thumbnailUrl\":\"https:\/\/dase.es\/wp-content\/uploads\/2018\/06\/mockup-381a3459.png\",\"datePublished\":\"2018-06-27T12:58:46+00:00\",\"dateModified\":\"2024-10-24T10:27:33+00:00\",\"breadcrumb\":{\"@id\":\"https:\/\/dase.es\/en\/comprar\/explore-the-world-con-marco-de-dase\/#breadcrumb\"},\"inLanguage\":\"en-US\",\"potentialAction\":[{\"@type\":\"ReadAction\",\"target\":[\"https:\/\/dase.es\/en\/comprar\/explore-the-world-con-marco-de-dase\/\"]}]},{\"@type\":\"ImageObject\",\"inLanguage\":\"en-US\",\"@id\":\"https:\/\/dase.es\/en\/comprar\/explore-the-world-con-marco-de-dase\/#primaryimage\",\"url\":\"https:\/\/dase.es\/wp-content\/uploads\/2018\/06\/mockup-381a3459.png\",\"contentUrl\":\"https:\/\/dase.es\/wp-content\/uploads\/2018\/06\/mockup-381a3459.png\",\"width\":600,\"height\":600},{\"@type\":\"BreadcrumbList\",\"@id\":\"https:\/\/dase.es\/en\/comprar\/explore-the-world-con-marco-de-dase\/#breadcrumb\",\"itemListElement\":[{\"@type\":\"ListItem\",\"position\":1,\"name\":\"Tienda online\",\"item\":\"https:\/\/dase.es\/comprar\/\"},{\"@type\":\"ListItem\",\"position\":2,\"name\":\"Prints \u203a\",\"item\":\"https:\/\/dase.es\/en\/shop\/prints-en\/\"},{\"@type\":\"ListItem\",\"position\":3,\"name\":\"Framed prints\",\"item\":\"https:\/\/dase.es\/en\/shop\/framed-prints\/\"},{\"@type\":\"ListItem\",\"position\":4,\"name\":\"Explore the world (con marco)\"}]},{\"@type\":\"WebSite\",\"@id\":\"https:\/\/dase.es\/en\/#website\",\"url\":\"https:\/\/dase.es\/en\/\",\"name\":\"Dase\",\"description\":\"Pintura Mural y Graffiti Profesional\",\"publisher\":{\"@id\":\"https:\/\/dase.es\/en\/#\/schema\/person\/51518cff00aab96be0990ff852f05dd1\"},\"potentialAction\":[{\"@type\":\"SearchAction\",\"target\":{\"@type\":\"EntryPoint\",\"urlTemplate\":\"https:\/\/dase.es\/en\/?s={search_term_string}\"},\"query-input\":{\"@type\":\"PropertyValueSpecification\",\"valueRequired\":true,\"valueName\":\"search_term_string\"}}],\"inLanguage\":\"en-US\"},{\"@type\":[\"Person\",\"Organization\"],\"@id\":\"https:\/\/dase.es\/en\/#\/schema\/person\/51518cff00aab96be0990ff852f05dd1\",\"name\":\"\",\"image\":{\"@type\":\"ImageObject\",\"inLanguage\":\"en-US\",\"@id\":\"https:\/\/dase.es\/en\/#\/schema\/person\/image\/\",\"url\":\"https:\/\/secure.gravatar.com\/avatar\/d3d5e9a75a56cf98e1b0dee24a616ff1780c643596609041085c62cc1ca5f467?s=96&d=blank&r=g\",\"contentUrl\":\"https:\/\/secure.gravatar.com\/avatar\/d3d5e9a75a56cf98e1b0dee24a616ff1780c643596609041085c62cc1ca5f467?s=96&d=blank&r=g\"},\"logo\":{\"@id\":\"https:\/\/dase.es\/en\/#\/schema\/person\/image\/\"}}]}<\/script>\n<!-- \/ Yoast SEO plugin. -->","yoast_head_json":{"title":"Explore the world (con marco) &#183; Dase","robots":{"index":"noindex","follow":"follow"},"og_locale":"en_US","og_type":"article","og_title":"Explore the world (con marco) &#183; Dase","og_description":"Haz brillar cualquier habitaci\u00f3n con este p\u00f3ster enmarcado, impreso en papel grueso, duradero y mate. El marco negro mate agrega un toque extra de clase.\u00a0Listo para colgar.  Medidas  20 x 25 cm = 8\u00d710\" 30 x 41 cm = 12\u00d716\" 41 x 51 cm = 16\u00d720\" 46 x 61 cm = 18\u00d724\"","og_url":"https:\/\/dase.es\/en\/comprar\/explore-the-world-con-marco-de-dase\/","og_site_name":"Dase","article_modified_time":"2024-10-24T10:27:33+00:00","og_image":[{"width":600,"height":600,"url":"https:\/\/dase.es\/wp-content\/uploads\/2018\/06\/mockup-381a3459.png","type":"image\/png"}],"twitter_card":"summary_large_image","schema":{"@context":"https:\/\/schema.org","@graph":[{"@type":"WebPage","@id":"https:\/\/dase.es\/en\/comprar\/explore-the-world-con-marco-de-dase\/","url":"https:\/\/dase.es\/en\/comprar\/explore-the-world-con-marco-de-dase\/","name":"Explore the world (con marco) &#183; Dase","isPartOf":{"@id":"https:\/\/dase.es\/en\/#website"},"primaryImageOfPage":{"@id":"https:\/\/dase.es\/en\/comprar\/explore-the-world-con-marco-de-dase\/#primaryimage"},"image":{"@id":"https:\/\/dase.es\/en\/comprar\/explore-the-world-con-marco-de-dase\/#primaryimage"},"thumbnailUrl":"https:\/\/dase.es\/wp-content\/uploads\/2018\/06\/mockup-381a3459.png","datePublished":"2018-06-27T12:58:46+00:00","dateModified":"2024-10-24T10:27:33+00:00","breadcrumb":{"@id":"https:\/\/dase.es\/en\/comprar\/explore-the-world-con-marco-de-dase\/#breadcrumb"},"inLanguage":"en-US","potentialAction":[{"@type":"ReadAction","target":["https:\/\/dase.es\/en\/comprar\/explore-the-world-con-marco-de-dase\/"]}]},{"@type":"ImageObject","inLanguage":"en-US","@id":"https:\/\/dase.es\/en\/comprar\/explore-the-world-con-marco-de-dase\/#primaryimage","url":"https:\/\/dase.es\/wp-content\/uploads\/2018\/06\/mockup-381a3459.png","contentUrl":"https:\/\/dase.es\/wp-content\/uploads\/2018\/06\/mockup-381a3459.png","width":600,"height":600},{"@type":"BreadcrumbList","@id":"https:\/\/dase.es\/en\/comprar\/explore-the-world-con-marco-de-dase\/#breadcrumb","itemListElement":[{"@type":"ListItem","position":1,"name":"Tienda online","item":"https:\/\/dase.es\/comprar\/"},{"@type":"ListItem","position":2,"name":"Prints \u203a","item":"https:\/\/dase.es\/en\/shop\/prints-en\/"},{"@type":"ListItem","position":3,"name":"Framed prints","item":"https:\/\/dase.es\/en\/shop\/framed-prints\/"},{"@type":"ListItem","position":4,"name":"Explore the world (con marco)"}]},{"@type":"WebSite","@id":"https:\/\/dase.es\/en\/#website","url":"https:\/\/dase.es\/en\/","name":"Dase","description":"Pintura Mural y Graffiti Profesional","publisher":{"@id":"https:\/\/dase.es\/en\/#\/schema\/person\/51518cff00aab96be0990ff852f05dd1"},"potentialAction":[{"@type":"SearchAction","target":{"@type":"EntryPoint","urlTemplate":"https:\/\/dase.es\/en\/?s={search_term_string}"},"query-input":{"@type":"PropertyValueSpecification","valueRequired":true,"valueName":"search_term_string"}}],"inLanguage":"en-US"},{"@type":["Person","Organization"],"@id":"https:\/\/dase.es\/en\/#\/schema\/person\/51518cff00aab96be0990ff852f05dd1","name":"","image":{"@type":"ImageObject","inLanguage":"en-US","@id":"https:\/\/dase.es\/en\/#\/schema\/person\/image\/","url":"https:\/\/secure.gravatar.com\/avatar\/d3d5e9a75a56cf98e1b0dee24a616ff1780c643596609041085c62cc1ca5f467?s=96&d=blank&r=g","contentUrl":"https:\/\/secure.gravatar.com\/avatar\/d3d5e9a75a56cf98e1b0dee24a616ff1780c643596609041085c62cc1ca5f467?s=96&d=blank&r=g"},"logo":{"@id":"https:\/\/dase.es\/en\/#\/schema\/person\/image\/"}}]}},"_links":{"self":[{"href":"https:\/\/dase.es\/en\/wp-json\/wp\/v2\/product\/7545","targetHints":{"allow":["GET"]}}],"collection":[{"href":"https:\/\/dase.es\/en\/wp-json\/wp\/v2\/product"}],"about":[{"href":"https:\/\/dase.es\/en\/wp-json\/wp\/v2\/types\/product"}],"wp:featuredmedia":[{"embeddable":true,"href":"https:\/\/dase.es\/en\/wp-json\/wp\/v2\/media\/7550"}],"wp:attachment":[{"href":"https:\/\/dase.es\/en\/wp-json\/wp\/v2\/media?parent=7545"}],"wp:term":[{"taxonomy":"product_brand","embeddable":true,"href":"https:\/\/dase.es\/en\/wp-json\/wp\/v2\/product_brand?post=7545"},{"taxonomy":"product_cat","embeddable":true,"href":"https:\/\/dase.es\/en\/wp-json\/wp\/v2\/product_cat?post=7545"},{"taxonomy":"product_tag","embeddable":true,"href":"https:\/\/dase.es\/en\/wp-json\/wp\/v2\/product_tag?post=7545"}],"curies":[{"name":"wp","href":"https:\/\/api.w.org\/{rel}","templated":true}]}}