{"id":4535,"date":"2017-07-13T11:16:53","date_gmt":"2017-07-13T09:16:53","guid":{"rendered":"https:\/\/dase.es\/?post_type=product&#038;p=4535"},"modified":"2025-02-07T09:35:37","modified_gmt":"2025-02-07T08:35:37","slug":"identidad-corporativa","status":"publish","type":"product","link":"https:\/\/dase.es\/en\/comprar\/identidad-corporativa\/","title":{"rendered":"Identidad Visual Corporativa personalizada"},"content":{"rendered":"<h3>Mucho m\u00e1s que un logo.<\/h3>\n<p>El <strong>dise\u00f1o de identidad corporativa<\/strong> consiste en un arsenal de recursos <strong>dise\u00f1ados a medida<\/strong> para hacer brillar tu <strong>marca<\/strong>: logotipo, estampado corporativo, colores, tipos de letra&#8230;<\/p>\n<h2>\u00bfQu\u00e9 incluye la identidad corporativa?<\/h2>\n<h3>Elementos b\u00e1sicos de la identidad visual corporativa<\/h3>\n<p>&nbsp;<\/p>\n<h4>1. Dise\u00f1o de signo responsive<\/h4>\n<p style=\"padding-left: 40px;\"><strong>2-3 variaciones compositivas<\/strong><\/p>\n<p style=\"padding-left: 40px;\"><strong>3 versiones crom\u00e1ticas <\/strong>(Color, blanco y negro)<\/p>\n<p style=\"padding-left: 40px;\"><strong>3 formatos:<\/strong><\/p>\n<p style=\"padding-left: 40px;\">&#8211; <strong>Vectorial\u00a0<\/strong>(EPS) para <strong>imprimir<br \/>\n<\/strong>&#8211; <strong>Vectorial\u00a0<\/strong>(SVG) para <strong>digital<\/strong><br \/>\n<strong>&#8211; Mapa de bits <\/strong>(PNG)\u00a0<strong>con fondo transparente<\/strong>\u00a0para <strong>digital<\/strong>.<\/p>\n<h4>2. Elecci\u00f3n de paleta de colores corporativos<\/h4>\n<p style=\"padding-left: 40px;\">Referencias PANTONE, CMYK, RGB y HEX<\/p>\n<h4>3. Elecci\u00f3n de tipograf\u00edas corporativas<\/h4>\n<p style=\"padding-left: 40px;\">Ajustes personalizados (caja e interletrado).<\/p>\n<p style=\"padding-left: 40px;\">&#8211; Para <strong>t\u00edtulos<\/strong><br \/>\n&#8211; Para <strong>textos<\/strong> de largo recorrido<\/p>\n<h4>4. Dise\u00f1o de gr\u00e1ficos \/ estampado corporativo<\/h4>\n<h4>5. Propuesta de estilo de imagen \/ fotograf\u00eda corporativa<\/h4>\n<h4>6. Dise\u00f1o de avatar y portada para redes sociales<\/h4>\n<h4>7. Manual corporativo con normas de uso en .PDF<\/h4>\n<p>&nbsp;<\/p>\n<h3>Garant\u00eda de satisfacci\u00f3n<\/h3>\n<p>Incluye hasta <strong>3 propuestas<\/strong> de <strong>dise\u00f1o de identidad visual corporativa\u00a0<\/strong>sin costes adicionales.<\/p>\n<h3>Rec\u00edbelo en 15 d\u00edas<\/h3>\n<p>Responde al cuestionario sobre tu marca y recibe la primera propuesta de <strong>dise\u00f1o de identidad corporativa<\/strong> en 15 d\u00edas laborables. \u00bfTienes dudas? <a href=\"https:\/\/dase.es\/contacto\/\">\u00a1Dispara!<\/a><\/p>\n","protected":false},"excerpt":{"rendered":"<h3>Dise\u00f1o de Identidad Corporativa a medida<\/h3>\n<p>\u27f2 <strong>Satisfacci\u00f3n garantizada:<\/strong> Incluye 2 revisiones\u00a0para posibles cambios.<\/p>\n<p>\u2332 <strong>Entrega r\u00e1pida:<\/strong>\u00a015 d\u00edas laborables.<\/p>\n","protected":false},"featured_media":12948,"template":"","meta":{"_joinchat":[]},"product_brand":[],"product_cat":[],"product_tag":[],"class_list":{"0":"post-4535","1":"product","2":"type-product","3":"status-publish","4":"has-post-thumbnail","7":"first","8":"instock","9":"virtual","10":"sold-individually","11":"taxable","12":"purchasable","13":"product-type-simple"},"yoast_head":"<!-- This site is optimized with the Yoast SEO plugin v26.4 - https:\/\/yoast.com\/wordpress\/plugins\/seo\/ -->\n<title>Dise\u00f1o de Identidad Corporativa: Precio Online &#183; Dase<\/title>\n<meta name=\"description\" content=\"Dise\u00f1o de identidad corporativa en PDF. Precio online del manual corporativo de imagen. M\u00e1s que un logo. El arsenal de recursos para hacer brillar tu marca.\" \/>\n<meta name=\"robots\" content=\"noindex, follow\" \/>\n<meta property=\"og:locale\" content=\"en_US\" \/>\n<meta property=\"og:type\" content=\"article\" \/>\n<meta property=\"og:title\" content=\"Dise\u00f1o de Identidad Corporativa: Precio Online &#183; Dase\" \/>\n<meta property=\"og:description\" content=\"Dise\u00f1o de identidad corporativa en PDF. Precio online del manual corporativo de imagen. M\u00e1s que un logo. El arsenal de recursos para hacer brillar tu marca.\" \/>\n<meta property=\"og:url\" content=\"https:\/\/dase.es\/en\/comprar\/identidad-corporativa\/\" \/>\n<meta property=\"og:site_name\" content=\"Dase\" \/>\n<meta property=\"article:modified_time\" content=\"2025-02-07T08:35:37+00:00\" \/>\n<meta property=\"og:image\" content=\"https:\/\/dase.es\/wp-content\/uploads\/2019\/09\/Manual-corporativo-lite10.jpg\" \/>\n\t<meta property=\"og:image:width\" content=\"1754\" \/>\n\t<meta property=\"og:image:height\" content=\"2480\" \/>\n\t<meta property=\"og:image:type\" content=\"image\/jpeg\" \/>\n<meta name=\"twitter:card\" content=\"summary_large_image\" \/>\n<script type=\"application\/ld+json\" class=\"yoast-schema-graph\">{\"@context\":\"https:\/\/schema.org\",\"@graph\":[{\"@type\":\"WebPage\",\"@id\":\"https:\/\/dase.es\/en\/comprar\/identidad-corporativa\/\",\"url\":\"https:\/\/dase.es\/en\/comprar\/identidad-corporativa\/\",\"name\":\"Dise\u00f1o de Identidad Corporativa: Precio Online &#183; Dase\",\"isPartOf\":{\"@id\":\"https:\/\/dase.es\/en\/#website\"},\"primaryImageOfPage\":{\"@id\":\"https:\/\/dase.es\/en\/comprar\/identidad-corporativa\/#primaryimage\"},\"image\":{\"@id\":\"https:\/\/dase.es\/en\/comprar\/identidad-corporativa\/#primaryimage\"},\"thumbnailUrl\":\"https:\/\/dase.es\/wp-content\/uploads\/2019\/09\/Manual-corporativo-lite10.jpg\",\"datePublished\":\"2017-07-13T09:16:53+00:00\",\"dateModified\":\"2025-02-07T08:35:37+00:00\",\"description\":\"Dise\u00f1o de identidad corporativa en PDF. Precio online del manual corporativo de imagen. M\u00e1s que un logo. El arsenal de recursos para hacer brillar tu marca.\",\"breadcrumb\":{\"@id\":\"https:\/\/dase.es\/en\/comprar\/identidad-corporativa\/#breadcrumb\"},\"inLanguage\":\"en-US\",\"potentialAction\":[{\"@type\":\"ReadAction\",\"target\":[\"https:\/\/dase.es\/en\/comprar\/identidad-corporativa\/\"]}]},{\"@type\":\"ImageObject\",\"inLanguage\":\"en-US\",\"@id\":\"https:\/\/dase.es\/en\/comprar\/identidad-corporativa\/#primaryimage\",\"url\":\"https:\/\/dase.es\/wp-content\/uploads\/2019\/09\/Manual-corporativo-lite10.jpg\",\"contentUrl\":\"https:\/\/dase.es\/wp-content\/uploads\/2019\/09\/Manual-corporativo-lite10.jpg\",\"width\":1754,\"height\":2480},{\"@type\":\"BreadcrumbList\",\"@id\":\"https:\/\/dase.es\/en\/comprar\/identidad-corporativa\/#breadcrumb\",\"itemListElement\":[{\"@type\":\"ListItem\",\"position\":1,\"name\":\"Tienda online\",\"item\":\"https:\/\/dase.es\/comprar\/\"},{\"@type\":\"ListItem\",\"position\":2,\"name\":\"Merchandising\",\"item\":\"https:\/\/dase.es\/en\/shop\/merchandising\/\"},{\"@type\":\"ListItem\",\"position\":3,\"name\":\"Identidad Visual Corporativa personalizada\"}]},{\"@type\":\"WebSite\",\"@id\":\"https:\/\/dase.es\/en\/#website\",\"url\":\"https:\/\/dase.es\/en\/\",\"name\":\"Dase\",\"description\":\"Pintura Mural y Graffiti Profesional\",\"publisher\":{\"@id\":\"https:\/\/dase.es\/en\/#\/schema\/person\/51518cff00aab96be0990ff852f05dd1\"},\"potentialAction\":[{\"@type\":\"SearchAction\",\"target\":{\"@type\":\"EntryPoint\",\"urlTemplate\":\"https:\/\/dase.es\/en\/?s={search_term_string}\"},\"query-input\":{\"@type\":\"PropertyValueSpecification\",\"valueRequired\":true,\"valueName\":\"search_term_string\"}}],\"inLanguage\":\"en-US\"},{\"@type\":[\"Person\",\"Organization\"],\"@id\":\"https:\/\/dase.es\/en\/#\/schema\/person\/51518cff00aab96be0990ff852f05dd1\",\"name\":\"\",\"image\":{\"@type\":\"ImageObject\",\"inLanguage\":\"en-US\",\"@id\":\"https:\/\/dase.es\/en\/#\/schema\/person\/image\/\",\"url\":\"https:\/\/secure.gravatar.com\/avatar\/d3d5e9a75a56cf98e1b0dee24a616ff1780c643596609041085c62cc1ca5f467?s=96&d=blank&r=g\",\"contentUrl\":\"https:\/\/secure.gravatar.com\/avatar\/d3d5e9a75a56cf98e1b0dee24a616ff1780c643596609041085c62cc1ca5f467?s=96&d=blank&r=g\"},\"logo\":{\"@id\":\"https:\/\/dase.es\/en\/#\/schema\/person\/image\/\"}}]}<\/script>\n<!-- \/ Yoast SEO plugin. -->","yoast_head_json":{"title":"Dise\u00f1o de Identidad Corporativa: Precio Online &#183; Dase","description":"Dise\u00f1o de identidad corporativa en PDF. Precio online del manual corporativo de imagen. M\u00e1s que un logo. El arsenal de recursos para hacer brillar tu marca.","robots":{"index":"noindex","follow":"follow"},"og_locale":"en_US","og_type":"article","og_title":"Dise\u00f1o de Identidad Corporativa: Precio Online &#183; Dase","og_description":"Dise\u00f1o de identidad corporativa en PDF. Precio online del manual corporativo de imagen. M\u00e1s que un logo. El arsenal de recursos para hacer brillar tu marca.","og_url":"https:\/\/dase.es\/en\/comprar\/identidad-corporativa\/","og_site_name":"Dase","article_modified_time":"2025-02-07T08:35:37+00:00","og_image":[{"width":1754,"height":2480,"url":"https:\/\/dase.es\/wp-content\/uploads\/2019\/09\/Manual-corporativo-lite10.jpg","type":"image\/jpeg"}],"twitter_card":"summary_large_image","schema":{"@context":"https:\/\/schema.org","@graph":[{"@type":"WebPage","@id":"https:\/\/dase.es\/en\/comprar\/identidad-corporativa\/","url":"https:\/\/dase.es\/en\/comprar\/identidad-corporativa\/","name":"Dise\u00f1o de Identidad Corporativa: Precio Online &#183; Dase","isPartOf":{"@id":"https:\/\/dase.es\/en\/#website"},"primaryImageOfPage":{"@id":"https:\/\/dase.es\/en\/comprar\/identidad-corporativa\/#primaryimage"},"image":{"@id":"https:\/\/dase.es\/en\/comprar\/identidad-corporativa\/#primaryimage"},"thumbnailUrl":"https:\/\/dase.es\/wp-content\/uploads\/2019\/09\/Manual-corporativo-lite10.jpg","datePublished":"2017-07-13T09:16:53+00:00","dateModified":"2025-02-07T08:35:37+00:00","description":"Dise\u00f1o de identidad corporativa en PDF. Precio online del manual corporativo de imagen. M\u00e1s que un logo. El arsenal de recursos para hacer brillar tu marca.","breadcrumb":{"@id":"https:\/\/dase.es\/en\/comprar\/identidad-corporativa\/#breadcrumb"},"inLanguage":"en-US","potentialAction":[{"@type":"ReadAction","target":["https:\/\/dase.es\/en\/comprar\/identidad-corporativa\/"]}]},{"@type":"ImageObject","inLanguage":"en-US","@id":"https:\/\/dase.es\/en\/comprar\/identidad-corporativa\/#primaryimage","url":"https:\/\/dase.es\/wp-content\/uploads\/2019\/09\/Manual-corporativo-lite10.jpg","contentUrl":"https:\/\/dase.es\/wp-content\/uploads\/2019\/09\/Manual-corporativo-lite10.jpg","width":1754,"height":2480},{"@type":"BreadcrumbList","@id":"https:\/\/dase.es\/en\/comprar\/identidad-corporativa\/#breadcrumb","itemListElement":[{"@type":"ListItem","position":1,"name":"Tienda online","item":"https:\/\/dase.es\/comprar\/"},{"@type":"ListItem","position":2,"name":"Merchandising","item":"https:\/\/dase.es\/en\/shop\/merchandising\/"},{"@type":"ListItem","position":3,"name":"Identidad Visual Corporativa personalizada"}]},{"@type":"WebSite","@id":"https:\/\/dase.es\/en\/#website","url":"https:\/\/dase.es\/en\/","name":"Dase","description":"Pintura Mural y Graffiti Profesional","publisher":{"@id":"https:\/\/dase.es\/en\/#\/schema\/person\/51518cff00aab96be0990ff852f05dd1"},"potentialAction":[{"@type":"SearchAction","target":{"@type":"EntryPoint","urlTemplate":"https:\/\/dase.es\/en\/?s={search_term_string}"},"query-input":{"@type":"PropertyValueSpecification","valueRequired":true,"valueName":"search_term_string"}}],"inLanguage":"en-US"},{"@type":["Person","Organization"],"@id":"https:\/\/dase.es\/en\/#\/schema\/person\/51518cff00aab96be0990ff852f05dd1","name":"","image":{"@type":"ImageObject","inLanguage":"en-US","@id":"https:\/\/dase.es\/en\/#\/schema\/person\/image\/","url":"https:\/\/secure.gravatar.com\/avatar\/d3d5e9a75a56cf98e1b0dee24a616ff1780c643596609041085c62cc1ca5f467?s=96&d=blank&r=g","contentUrl":"https:\/\/secure.gravatar.com\/avatar\/d3d5e9a75a56cf98e1b0dee24a616ff1780c643596609041085c62cc1ca5f467?s=96&d=blank&r=g"},"logo":{"@id":"https:\/\/dase.es\/en\/#\/schema\/person\/image\/"}}]}},"_links":{"self":[{"href":"https:\/\/dase.es\/en\/wp-json\/wp\/v2\/product\/4535","targetHints":{"allow":["GET"]}}],"collection":[{"href":"https:\/\/dase.es\/en\/wp-json\/wp\/v2\/product"}],"about":[{"href":"https:\/\/dase.es\/en\/wp-json\/wp\/v2\/types\/product"}],"wp:featuredmedia":[{"embeddable":true,"href":"https:\/\/dase.es\/en\/wp-json\/wp\/v2\/media\/12948"}],"wp:attachment":[{"href":"https:\/\/dase.es\/en\/wp-json\/wp\/v2\/media?parent=4535"}],"wp:term":[{"taxonomy":"product_brand","embeddable":true,"href":"https:\/\/dase.es\/en\/wp-json\/wp\/v2\/product_brand?post=4535"},{"taxonomy":"product_cat","embeddable":true,"href":"https:\/\/dase.es\/en\/wp-json\/wp\/v2\/product_cat?post=4535"},{"taxonomy":"product_tag","embeddable":true,"href":"https:\/\/dase.es\/en\/wp-json\/wp\/v2\/product_tag?post=4535"}],"curies":[{"name":"wp","href":"https:\/\/api.w.org\/{rel}","templated":true}]}}