{"id":32000,"date":"2024-11-18T17:50:30","date_gmt":"2024-11-18T16:50:30","guid":{"rendered":"https:\/\/dase.es\/?post_type=product&#038;p=32000"},"modified":"2025-11-30T20:47:04","modified_gmt":"2025-11-30T19:47:04","slug":"ecomural-dase-udon","status":"publish","type":"product","link":"https:\/\/dase.es\/en\/comprar\/ecomural-dase-udon\/","title":{"rendered":"Mural&#x2122; Dase X UDON"},"content":{"rendered":"<h2>Murales personalizados DASE x UDON<\/h2>\n<p><strong>Precio especial con un 25% de descuento.<\/strong><\/p>\n<h3>Inspira un planeta mejor<\/h3>\n<p>Utilizamos materiales de bajo impacto ecol\u00f3gico: pintura al agua inodora (sin disolventes t\u00f3xicos ni metales pesados) de proximidad (fabricada en Espa\u00f1a) y vegana (sin componentes animales).<\/p>\n<p>Incluye:<\/p>\n<ul>\n<li>Dise\u00f1o personalizado con revisiones ilimitadas<\/li>\n<li>Producci\u00f3n mural<\/li>\n<li>Pintura al agua de m\u00e1xima calidad<\/li>\n<li>Cubresuelos, cinta, pinceles, etc.<\/li>\n<li>Traslados en Espa\u00f1a<\/li>\n<\/ul>\n<p>No incluye:<\/p>\n<ul>\n<li>Sistemas de elevaci\u00f3n (andamios, plataformas elevadoras de tijera, brazos articulados, etc.).<br \/>\nEstos se deben alquilar a parte.<\/li>\n<li>Imprimaci\u00f3n previa (Debe a\u00f1adirse con coste adicional).<\/li>\n<li>Barnizado posterior (Debe a\u00f1adirse con coste adicional).<\/li>\n<\/ul>\n<p>&nbsp;<\/p>\n","protected":false},"excerpt":{"rendered":"<h3>Crea un espacio \u00fanico con una obra del artista a medida<\/h3>\n<p>Dise\u00f1o personalizado. Realizado con pintura ecol\u00f3gica. Firmado por Dase.<\/p>\n","protected":false},"featured_media":30722,"template":"","meta":{"_joinchat":[]},"product_brand":[],"product_cat":[282,285,284,338,311,286,287,312],"product_tag":[],"class_list":{"0":"post-32000","1":"product","2":"type-product","3":"status-publish","4":"has-post-thumbnail","6":"product_cat-murales","7":"product_cat-plantas","8":"product_cat-paisajes","9":"product_cat-retratos","10":"product_cat-letras","11":"product_cat-abstractos","12":"product_cat-infantiles","13":"product_cat-animales","14":"product_shipping_class-servicio-a-domicilio","16":"first","17":"onbackorder","18":"taxable","19":"shipping-taxable","20":"purchasable","21":"product-type-simple"},"yoast_head":"<!-- This site is optimized with the Yoast SEO plugin v26.4 - https:\/\/yoast.com\/wordpress\/plugins\/seo\/ -->\n<title>Mural DASE X UDON: Pintado a mano y firmado por el artista &#183; Dase<\/title>\n<meta name=\"description\" content=\"Mural pintado a mano personalizado sostenible. Dise\u00f1o a medida. Recibe asesoramiento gratuito. Mira c\u00f3mo lucir\u00e1 con una simulaci\u00f3n digital.\" \/>\n<meta name=\"robots\" content=\"noindex, nofollow\" \/>\n<meta property=\"og:locale\" content=\"en_US\" \/>\n<meta property=\"og:type\" content=\"article\" \/>\n<meta property=\"og:title\" content=\"Mural DASE X UDON: Pintado a mano y firmado por el artista &#183; Dase\" \/>\n<meta property=\"og:description\" content=\"Mural pintado a mano personalizado sostenible. Dise\u00f1o a medida. Recibe asesoramiento gratuito. Mira c\u00f3mo lucir\u00e1 con una simulaci\u00f3n digital.\" \/>\n<meta property=\"og:url\" content=\"https:\/\/dase.es\/en\/comprar\/ecomural-dase-udon\/\" \/>\n<meta property=\"og:site_name\" content=\"Dase\" \/>\n<meta property=\"article:modified_time\" content=\"2025-11-30T19:47:04+00:00\" \/>\n<meta property=\"og:image\" content=\"https:\/\/dase.es\/wp-content\/uploads\/2023\/09\/mural-en-interior-de-restaurante-udon-en-miami-wynwood.jpg\" \/>\n\t<meta property=\"og:image:width\" content=\"898\" \/>\n\t<meta property=\"og:image:height\" content=\"898\" \/>\n\t<meta property=\"og:image:type\" content=\"image\/jpeg\" \/>\n<meta name=\"twitter:card\" content=\"summary_large_image\" \/>\n<script type=\"application\/ld+json\" class=\"yoast-schema-graph\">{\"@context\":\"https:\/\/schema.org\",\"@graph\":[{\"@type\":\"WebPage\",\"@id\":\"https:\/\/dase.es\/en\/comprar\/ecomural-dase-udon\/\",\"url\":\"https:\/\/dase.es\/en\/comprar\/ecomural-dase-udon\/\",\"name\":\"Mural DASE X UDON: Pintado a mano y firmado por el artista &#183; Dase\",\"isPartOf\":{\"@id\":\"https:\/\/dase.es\/en\/#website\"},\"primaryImageOfPage\":{\"@id\":\"https:\/\/dase.es\/en\/comprar\/ecomural-dase-udon\/#primaryimage\"},\"image\":{\"@id\":\"https:\/\/dase.es\/en\/comprar\/ecomural-dase-udon\/#primaryimage\"},\"thumbnailUrl\":\"https:\/\/dase.es\/wp-content\/uploads\/2023\/09\/mural-en-interior-de-restaurante-udon-en-miami-wynwood.jpg\",\"datePublished\":\"2024-11-18T16:50:30+00:00\",\"dateModified\":\"2025-11-30T19:47:04+00:00\",\"description\":\"Mural pintado a mano personalizado sostenible. Dise\u00f1o a medida. Recibe asesoramiento gratuito. Mira c\u00f3mo lucir\u00e1 con una simulaci\u00f3n digital.\",\"breadcrumb\":{\"@id\":\"https:\/\/dase.es\/en\/comprar\/ecomural-dase-udon\/#breadcrumb\"},\"inLanguage\":\"en-US\",\"potentialAction\":[{\"@type\":\"ReadAction\",\"target\":[\"https:\/\/dase.es\/en\/comprar\/ecomural-dase-udon\/\"]}]},{\"@type\":\"ImageObject\",\"inLanguage\":\"en-US\",\"@id\":\"https:\/\/dase.es\/en\/comprar\/ecomural-dase-udon\/#primaryimage\",\"url\":\"https:\/\/dase.es\/wp-content\/uploads\/2023\/09\/mural-en-interior-de-restaurante-udon-en-miami-wynwood.jpg\",\"contentUrl\":\"https:\/\/dase.es\/wp-content\/uploads\/2023\/09\/mural-en-interior-de-restaurante-udon-en-miami-wynwood.jpg\",\"width\":898,\"height\":898,\"caption\":\"Murales para empresas\"},{\"@type\":\"BreadcrumbList\",\"@id\":\"https:\/\/dase.es\/en\/comprar\/ecomural-dase-udon\/#breadcrumb\",\"itemListElement\":[{\"@type\":\"ListItem\",\"position\":1,\"name\":\"Tienda online\",\"item\":\"https:\/\/dase.es\/comprar\/\"},{\"@type\":\"ListItem\",\"position\":2,\"name\":\"Painted murals \u203a\",\"item\":\"https:\/\/dase.es\/en\/shop\/painted-murals\/\"},{\"@type\":\"ListItem\",\"position\":3,\"name\":\"Mural&#x2122; Dase X UDON\"}]},{\"@type\":\"WebSite\",\"@id\":\"https:\/\/dase.es\/en\/#website\",\"url\":\"https:\/\/dase.es\/en\/\",\"name\":\"Dase\",\"description\":\"Pintura Mural y Graffiti Profesional\",\"publisher\":{\"@id\":\"https:\/\/dase.es\/en\/#\/schema\/person\/51518cff00aab96be0990ff852f05dd1\"},\"potentialAction\":[{\"@type\":\"SearchAction\",\"target\":{\"@type\":\"EntryPoint\",\"urlTemplate\":\"https:\/\/dase.es\/en\/?s={search_term_string}\"},\"query-input\":{\"@type\":\"PropertyValueSpecification\",\"valueRequired\":true,\"valueName\":\"search_term_string\"}}],\"inLanguage\":\"en-US\"},{\"@type\":[\"Person\",\"Organization\"],\"@id\":\"https:\/\/dase.es\/en\/#\/schema\/person\/51518cff00aab96be0990ff852f05dd1\",\"name\":\"\",\"image\":{\"@type\":\"ImageObject\",\"inLanguage\":\"en-US\",\"@id\":\"https:\/\/dase.es\/en\/#\/schema\/person\/image\/\",\"url\":\"https:\/\/secure.gravatar.com\/avatar\/d3d5e9a75a56cf98e1b0dee24a616ff1780c643596609041085c62cc1ca5f467?s=96&d=blank&r=g\",\"contentUrl\":\"https:\/\/secure.gravatar.com\/avatar\/d3d5e9a75a56cf98e1b0dee24a616ff1780c643596609041085c62cc1ca5f467?s=96&d=blank&r=g\"},\"logo\":{\"@id\":\"https:\/\/dase.es\/en\/#\/schema\/person\/image\/\"}}]}<\/script>\n<!-- \/ Yoast SEO plugin. -->","yoast_head_json":{"title":"Mural DASE X UDON: Pintado a mano y firmado por el artista &#183; Dase","description":"Mural pintado a mano personalizado sostenible. Dise\u00f1o a medida. Recibe asesoramiento gratuito. Mira c\u00f3mo lucir\u00e1 con una simulaci\u00f3n digital.","robots":{"index":"noindex","follow":"nofollow"},"og_locale":"en_US","og_type":"article","og_title":"Mural DASE X UDON: Pintado a mano y firmado por el artista &#183; Dase","og_description":"Mural pintado a mano personalizado sostenible. Dise\u00f1o a medida. Recibe asesoramiento gratuito. Mira c\u00f3mo lucir\u00e1 con una simulaci\u00f3n digital.","og_url":"https:\/\/dase.es\/en\/comprar\/ecomural-dase-udon\/","og_site_name":"Dase","article_modified_time":"2025-11-30T19:47:04+00:00","og_image":[{"width":898,"height":898,"url":"https:\/\/dase.es\/wp-content\/uploads\/2023\/09\/mural-en-interior-de-restaurante-udon-en-miami-wynwood.jpg","type":"image\/jpeg"}],"twitter_card":"summary_large_image","schema":{"@context":"https:\/\/schema.org","@graph":[{"@type":"WebPage","@id":"https:\/\/dase.es\/en\/comprar\/ecomural-dase-udon\/","url":"https:\/\/dase.es\/en\/comprar\/ecomural-dase-udon\/","name":"Mural DASE X UDON: Pintado a mano y firmado por el artista &#183; Dase","isPartOf":{"@id":"https:\/\/dase.es\/en\/#website"},"primaryImageOfPage":{"@id":"https:\/\/dase.es\/en\/comprar\/ecomural-dase-udon\/#primaryimage"},"image":{"@id":"https:\/\/dase.es\/en\/comprar\/ecomural-dase-udon\/#primaryimage"},"thumbnailUrl":"https:\/\/dase.es\/wp-content\/uploads\/2023\/09\/mural-en-interior-de-restaurante-udon-en-miami-wynwood.jpg","datePublished":"2024-11-18T16:50:30+00:00","dateModified":"2025-11-30T19:47:04+00:00","description":"Mural pintado a mano personalizado sostenible. Dise\u00f1o a medida. Recibe asesoramiento gratuito. Mira c\u00f3mo lucir\u00e1 con una simulaci\u00f3n digital.","breadcrumb":{"@id":"https:\/\/dase.es\/en\/comprar\/ecomural-dase-udon\/#breadcrumb"},"inLanguage":"en-US","potentialAction":[{"@type":"ReadAction","target":["https:\/\/dase.es\/en\/comprar\/ecomural-dase-udon\/"]}]},{"@type":"ImageObject","inLanguage":"en-US","@id":"https:\/\/dase.es\/en\/comprar\/ecomural-dase-udon\/#primaryimage","url":"https:\/\/dase.es\/wp-content\/uploads\/2023\/09\/mural-en-interior-de-restaurante-udon-en-miami-wynwood.jpg","contentUrl":"https:\/\/dase.es\/wp-content\/uploads\/2023\/09\/mural-en-interior-de-restaurante-udon-en-miami-wynwood.jpg","width":898,"height":898,"caption":"Murales para empresas"},{"@type":"BreadcrumbList","@id":"https:\/\/dase.es\/en\/comprar\/ecomural-dase-udon\/#breadcrumb","itemListElement":[{"@type":"ListItem","position":1,"name":"Tienda online","item":"https:\/\/dase.es\/comprar\/"},{"@type":"ListItem","position":2,"name":"Painted murals \u203a","item":"https:\/\/dase.es\/en\/shop\/painted-murals\/"},{"@type":"ListItem","position":3,"name":"Mural&#x2122; Dase X UDON"}]},{"@type":"WebSite","@id":"https:\/\/dase.es\/en\/#website","url":"https:\/\/dase.es\/en\/","name":"Dase","description":"Pintura Mural y Graffiti Profesional","publisher":{"@id":"https:\/\/dase.es\/en\/#\/schema\/person\/51518cff00aab96be0990ff852f05dd1"},"potentialAction":[{"@type":"SearchAction","target":{"@type":"EntryPoint","urlTemplate":"https:\/\/dase.es\/en\/?s={search_term_string}"},"query-input":{"@type":"PropertyValueSpecification","valueRequired":true,"valueName":"search_term_string"}}],"inLanguage":"en-US"},{"@type":["Person","Organization"],"@id":"https:\/\/dase.es\/en\/#\/schema\/person\/51518cff00aab96be0990ff852f05dd1","name":"","image":{"@type":"ImageObject","inLanguage":"en-US","@id":"https:\/\/dase.es\/en\/#\/schema\/person\/image\/","url":"https:\/\/secure.gravatar.com\/avatar\/d3d5e9a75a56cf98e1b0dee24a616ff1780c643596609041085c62cc1ca5f467?s=96&d=blank&r=g","contentUrl":"https:\/\/secure.gravatar.com\/avatar\/d3d5e9a75a56cf98e1b0dee24a616ff1780c643596609041085c62cc1ca5f467?s=96&d=blank&r=g"},"logo":{"@id":"https:\/\/dase.es\/en\/#\/schema\/person\/image\/"}}]}},"_links":{"self":[{"href":"https:\/\/dase.es\/en\/wp-json\/wp\/v2\/product\/32000","targetHints":{"allow":["GET"]}}],"collection":[{"href":"https:\/\/dase.es\/en\/wp-json\/wp\/v2\/product"}],"about":[{"href":"https:\/\/dase.es\/en\/wp-json\/wp\/v2\/types\/product"}],"wp:featuredmedia":[{"embeddable":true,"href":"https:\/\/dase.es\/en\/wp-json\/wp\/v2\/media\/30722"}],"wp:attachment":[{"href":"https:\/\/dase.es\/en\/wp-json\/wp\/v2\/media?parent=32000"}],"wp:term":[{"taxonomy":"product_brand","embeddable":true,"href":"https:\/\/dase.es\/en\/wp-json\/wp\/v2\/product_brand?post=32000"},{"taxonomy":"product_cat","embeddable":true,"href":"https:\/\/dase.es\/en\/wp-json\/wp\/v2\/product_cat?post=32000"},{"taxonomy":"product_tag","embeddable":true,"href":"https:\/\/dase.es\/en\/wp-json\/wp\/v2\/product_tag?post=32000"}],"curies":[{"name":"wp","href":"https:\/\/api.w.org\/{rel}","templated":true}]}}