{"id":31633,"date":"2024-07-02T08:25:12","date_gmt":"2024-07-02T06:25:12","guid":{"rendered":"https:\/\/dase.es\/?post_type=product&#038;p=31633"},"modified":"2025-11-30T20:47:11","modified_gmt":"2025-11-30T19:47:11","slug":"promocion-rs","status":"publish","type":"product","link":"https:\/\/dase.es\/en\/comprar\/promocion-rs\/","title":{"rendered":"Promoci\u00f3n en Redes Sociales"},"content":{"rendered":"<p>Alcanzar a miles de usuarios con solo un clic. Con nuestra exclusiva oferta, podr\u00e1s aprovechar la popularidad de Dase para impulsar tu marca a nuevos niveles de reconocimiento y ventas.<\/p>\n<p>No pierdas la oportunidad de conectar con una comunidad que conf\u00eda en Dase. Aumenta tu visibilidad, mejora tu reputaci\u00f3n de marca y aumenta tus ventas con nuestra promoci\u00f3n en redes sociales.<\/p>\n<div class=\"default-style\">Los costes de la promoci\u00f3n no incluyen:<\/div>\n<ul>\n<li class=\"default-style\">Contrataci\u00f3n del servicio o la compra del producto a promocionar. \u00c9ste deber\u00e1 ser facilitado por cliente.<\/li>\n<li class=\"default-style\">Asistencia a eventos o desplazamientos a localizaciones espec\u00edficas.<\/li>\n<\/ul>\n","protected":false},"excerpt":{"rendered":"<h3>Impulsa tus redes sociales colaborando con el influencer Dase<\/h3>\n<p>@dase.es cuenta con una comunidad de +40.000 seguidores en Instagram.<\/p>\n","protected":false},"featured_media":31635,"template":"","meta":{"_joinchat":[]},"product_brand":[],"product_cat":[490],"product_tag":[],"class_list":{"0":"post-31633","1":"product","2":"type-product","3":"status-publish","4":"has-post-thumbnail","6":"product_cat-marketing","8":"first","9":"onbackorder","10":"virtual","11":"taxable","12":"purchasable","13":"product-type-simple"},"yoast_head":"<!-- This site is optimized with the Yoast SEO plugin v26.4 - https:\/\/yoast.com\/wordpress\/plugins\/seo\/ -->\n<title>Promoci\u00f3n en Redes Sociales &#183; Dase<\/title>\n<meta name=\"robots\" content=\"noindex, nofollow\" \/>\n<meta property=\"og:locale\" content=\"en_US\" \/>\n<meta property=\"og:type\" content=\"article\" \/>\n<meta property=\"og:title\" content=\"Promoci\u00f3n en Redes Sociales &#183; Dase\" \/>\n<meta property=\"og:description\" content=\"Impulsa tus redes sociales colaborando con el influencer Dase @dase.es cuenta con una comunidad de +40.000 seguidores en Instagram.\" \/>\n<meta property=\"og:url\" content=\"https:\/\/dase.es\/en\/comprar\/promocion-rs\/\" \/>\n<meta property=\"og:site_name\" content=\"Dase\" \/>\n<meta property=\"article:modified_time\" content=\"2025-11-30T19:47:11+00:00\" \/>\n<meta name=\"twitter:card\" content=\"summary_large_image\" \/>\n<script type=\"application\/ld+json\" class=\"yoast-schema-graph\">{\"@context\":\"https:\/\/schema.org\",\"@graph\":[{\"@type\":\"WebPage\",\"@id\":\"https:\/\/dase.es\/en\/comprar\/promocion-rs\/\",\"url\":\"https:\/\/dase.es\/en\/comprar\/promocion-rs\/\",\"name\":\"Promoci\u00f3n en Redes Sociales &#183; Dase\",\"isPartOf\":{\"@id\":\"https:\/\/dase.es\/en\/#website\"},\"primaryImageOfPage\":{\"@id\":\"https:\/\/dase.es\/en\/comprar\/promocion-rs\/#primaryimage\"},\"image\":{\"@id\":\"https:\/\/dase.es\/en\/comprar\/promocion-rs\/#primaryimage\"},\"thumbnailUrl\":\"https:\/\/dase.es\/wp-content\/uploads\/2024\/07\/instagram-verification.svg\",\"datePublished\":\"2024-07-02T06:25:12+00:00\",\"dateModified\":\"2025-11-30T19:47:11+00:00\",\"breadcrumb\":{\"@id\":\"https:\/\/dase.es\/en\/comprar\/promocion-rs\/#breadcrumb\"},\"inLanguage\":\"en-US\",\"potentialAction\":[{\"@type\":\"ReadAction\",\"target\":[\"https:\/\/dase.es\/en\/comprar\/promocion-rs\/\"]}]},{\"@type\":\"ImageObject\",\"inLanguage\":\"en-US\",\"@id\":\"https:\/\/dase.es\/en\/comprar\/promocion-rs\/#primaryimage\",\"url\":\"https:\/\/dase.es\/wp-content\/uploads\/2024\/07\/instagram-verification.svg\",\"contentUrl\":\"https:\/\/dase.es\/wp-content\/uploads\/2024\/07\/instagram-verification.svg\"},{\"@type\":\"BreadcrumbList\",\"@id\":\"https:\/\/dase.es\/en\/comprar\/promocion-rs\/#breadcrumb\",\"itemListElement\":[{\"@type\":\"ListItem\",\"position\":1,\"name\":\"Tienda online\",\"item\":\"https:\/\/dase.es\/comprar\/\"},{\"@type\":\"ListItem\",\"position\":2,\"name\":\"Marketing Online\",\"item\":\"https:\/\/dase.es\/en\/shop\/marketing\/\"},{\"@type\":\"ListItem\",\"position\":3,\"name\":\"Promoci\u00f3n en Redes Sociales\"}]},{\"@type\":\"WebSite\",\"@id\":\"https:\/\/dase.es\/en\/#website\",\"url\":\"https:\/\/dase.es\/en\/\",\"name\":\"Dase\",\"description\":\"Pintura Mural y Graffiti Profesional\",\"publisher\":{\"@id\":\"https:\/\/dase.es\/en\/#\/schema\/person\/51518cff00aab96be0990ff852f05dd1\"},\"potentialAction\":[{\"@type\":\"SearchAction\",\"target\":{\"@type\":\"EntryPoint\",\"urlTemplate\":\"https:\/\/dase.es\/en\/?s={search_term_string}\"},\"query-input\":{\"@type\":\"PropertyValueSpecification\",\"valueRequired\":true,\"valueName\":\"search_term_string\"}}],\"inLanguage\":\"en-US\"},{\"@type\":[\"Person\",\"Organization\"],\"@id\":\"https:\/\/dase.es\/en\/#\/schema\/person\/51518cff00aab96be0990ff852f05dd1\",\"name\":\"\",\"image\":{\"@type\":\"ImageObject\",\"inLanguage\":\"en-US\",\"@id\":\"https:\/\/dase.es\/en\/#\/schema\/person\/image\/\",\"url\":\"https:\/\/secure.gravatar.com\/avatar\/d3d5e9a75a56cf98e1b0dee24a616ff1780c643596609041085c62cc1ca5f467?s=96&d=blank&r=g\",\"contentUrl\":\"https:\/\/secure.gravatar.com\/avatar\/d3d5e9a75a56cf98e1b0dee24a616ff1780c643596609041085c62cc1ca5f467?s=96&d=blank&r=g\"},\"logo\":{\"@id\":\"https:\/\/dase.es\/en\/#\/schema\/person\/image\/\"}}]}<\/script>\n<!-- \/ Yoast SEO plugin. -->","yoast_head_json":{"title":"Promoci\u00f3n en Redes Sociales &#183; Dase","robots":{"index":"noindex","follow":"nofollow"},"og_locale":"en_US","og_type":"article","og_title":"Promoci\u00f3n en Redes Sociales &#183; Dase","og_description":"Impulsa tus redes sociales colaborando con el influencer Dase @dase.es cuenta con una comunidad de +40.000 seguidores en Instagram.","og_url":"https:\/\/dase.es\/en\/comprar\/promocion-rs\/","og_site_name":"Dase","article_modified_time":"2025-11-30T19:47:11+00:00","twitter_card":"summary_large_image","schema":{"@context":"https:\/\/schema.org","@graph":[{"@type":"WebPage","@id":"https:\/\/dase.es\/en\/comprar\/promocion-rs\/","url":"https:\/\/dase.es\/en\/comprar\/promocion-rs\/","name":"Promoci\u00f3n en Redes Sociales &#183; Dase","isPartOf":{"@id":"https:\/\/dase.es\/en\/#website"},"primaryImageOfPage":{"@id":"https:\/\/dase.es\/en\/comprar\/promocion-rs\/#primaryimage"},"image":{"@id":"https:\/\/dase.es\/en\/comprar\/promocion-rs\/#primaryimage"},"thumbnailUrl":"https:\/\/dase.es\/wp-content\/uploads\/2024\/07\/instagram-verification.svg","datePublished":"2024-07-02T06:25:12+00:00","dateModified":"2025-11-30T19:47:11+00:00","breadcrumb":{"@id":"https:\/\/dase.es\/en\/comprar\/promocion-rs\/#breadcrumb"},"inLanguage":"en-US","potentialAction":[{"@type":"ReadAction","target":["https:\/\/dase.es\/en\/comprar\/promocion-rs\/"]}]},{"@type":"ImageObject","inLanguage":"en-US","@id":"https:\/\/dase.es\/en\/comprar\/promocion-rs\/#primaryimage","url":"https:\/\/dase.es\/wp-content\/uploads\/2024\/07\/instagram-verification.svg","contentUrl":"https:\/\/dase.es\/wp-content\/uploads\/2024\/07\/instagram-verification.svg"},{"@type":"BreadcrumbList","@id":"https:\/\/dase.es\/en\/comprar\/promocion-rs\/#breadcrumb","itemListElement":[{"@type":"ListItem","position":1,"name":"Tienda online","item":"https:\/\/dase.es\/comprar\/"},{"@type":"ListItem","position":2,"name":"Marketing Online","item":"https:\/\/dase.es\/en\/shop\/marketing\/"},{"@type":"ListItem","position":3,"name":"Promoci\u00f3n en Redes Sociales"}]},{"@type":"WebSite","@id":"https:\/\/dase.es\/en\/#website","url":"https:\/\/dase.es\/en\/","name":"Dase","description":"Pintura Mural y Graffiti Profesional","publisher":{"@id":"https:\/\/dase.es\/en\/#\/schema\/person\/51518cff00aab96be0990ff852f05dd1"},"potentialAction":[{"@type":"SearchAction","target":{"@type":"EntryPoint","urlTemplate":"https:\/\/dase.es\/en\/?s={search_term_string}"},"query-input":{"@type":"PropertyValueSpecification","valueRequired":true,"valueName":"search_term_string"}}],"inLanguage":"en-US"},{"@type":["Person","Organization"],"@id":"https:\/\/dase.es\/en\/#\/schema\/person\/51518cff00aab96be0990ff852f05dd1","name":"","image":{"@type":"ImageObject","inLanguage":"en-US","@id":"https:\/\/dase.es\/en\/#\/schema\/person\/image\/","url":"https:\/\/secure.gravatar.com\/avatar\/d3d5e9a75a56cf98e1b0dee24a616ff1780c643596609041085c62cc1ca5f467?s=96&d=blank&r=g","contentUrl":"https:\/\/secure.gravatar.com\/avatar\/d3d5e9a75a56cf98e1b0dee24a616ff1780c643596609041085c62cc1ca5f467?s=96&d=blank&r=g"},"logo":{"@id":"https:\/\/dase.es\/en\/#\/schema\/person\/image\/"}}]}},"_links":{"self":[{"href":"https:\/\/dase.es\/en\/wp-json\/wp\/v2\/product\/31633","targetHints":{"allow":["GET"]}}],"collection":[{"href":"https:\/\/dase.es\/en\/wp-json\/wp\/v2\/product"}],"about":[{"href":"https:\/\/dase.es\/en\/wp-json\/wp\/v2\/types\/product"}],"wp:featuredmedia":[{"embeddable":true,"href":"https:\/\/dase.es\/en\/wp-json\/wp\/v2\/media\/31635"}],"wp:attachment":[{"href":"https:\/\/dase.es\/en\/wp-json\/wp\/v2\/media?parent=31633"}],"wp:term":[{"taxonomy":"product_brand","embeddable":true,"href":"https:\/\/dase.es\/en\/wp-json\/wp\/v2\/product_brand?post=31633"},{"taxonomy":"product_cat","embeddable":true,"href":"https:\/\/dase.es\/en\/wp-json\/wp\/v2\/product_cat?post=31633"},{"taxonomy":"product_tag","embeddable":true,"href":"https:\/\/dase.es\/en\/wp-json\/wp\/v2\/product_tag?post=31633"}],"curies":[{"name":"wp","href":"https:\/\/api.w.org\/{rel}","templated":true}]}}