{"id":29912,"date":"2023-03-13T11:24:00","date_gmt":"2023-03-13T10:24:00","guid":{"rendered":"https:\/\/dase.es\/?post_type=product&#038;p=29912"},"modified":"2025-11-30T20:46:54","modified_gmt":"2025-11-30T19:46:54","slug":"tarjeta-regalo-curso-presencial","status":"publish","type":"product","link":"https:\/\/dase.es\/en\/comprar\/tarjeta-regalo-curso-presencial\/","title":{"rendered":"Tarjeta Regalo Curso Pintura Mural Presencial"},"content":{"rendered":"<div class='avia-iframe-wrap'><iframe loading=\"lazy\" title=\"Curso de Pintura Mural \/ Taller de Graffiti en Barcelona\" width=\"563\" height=\"1000\" src=\"https:\/\/www.youtube.com\/embed\/MTFfk3WoHkc?feature=oembed\" frameborder=\"0\" allow=\"accelerometer; autoplay; clipboard-write; encrypted-media; gyroscope; picture-in-picture; web-share\" referrerpolicy=\"strict-origin-when-cross-origin\" allowfullscreen><\/iframe><\/div>\n<div style=\"width: 720px;\" class=\"wp-video\"><!--[if lt IE 9]><script>document.createElement('video');<\/script><![endif]-->\n<video class=\"wp-video-shortcode\" id=\"video-29912-1\" width=\"720\" height=\"1280\" poster=\"https:\/\/dase.es\/wp-content\/uploads\/2023\/02\/dase-curso-online-pintura-mural.png\" loop preload=\"auto\" controls=\"controls\"><source type=\"video\/mp4\" src=\"https:\/\/dase.es\/wp-content\/uploads\/2023\/02\/dase-curso-online-pintura-mural.mp4?_=1\" \/><a href=\"https:\/\/dase.es\/wp-content\/uploads\/2023\/02\/dase-curso-online-pintura-mural.mp4\">https:\/\/dase.es\/wp-content\/uploads\/2023\/02\/dase-curso-online-pintura-mural.mp4<\/a><\/video><\/div>\n<h3>Din\u00e1mica del Curso de Pintura Mural Presencial<\/h3>\n<ol>\n<li>Nos encontramos en la ubicaci\u00f3n indicada 30&#8242; antes.<\/li>\n<li>Protegemos el suelo y adecuamos el espacio.<\/li>\n<li>Presentamos la actividad y facilitamos las protecciones.<\/li>\n<li>Se pinta en mural en equipo con ayuda de nuestros artistas.<\/li>\n<li>Recogemos el cubresuelos, las protecciones y la pintura.<\/li>\n<\/ol>\n<p>Actividad apta para todas las edades.<\/p>\n<h3>Materiales incluidos en la actividad<\/h3>\n<p>Se incluye todo lo necesario para pintar el mural salvo tu ropa (aseg\u00farate de que sea c\u00f3moda y que no te importe mancharla) y una botella de agua potable para beber.<\/p>\n<ul>\n<li>Cubresuelos<\/li>\n<li>Aerosoles de pintura sin olor con base agua (sin disolvente, plomo ni otros metales pesados), vegana y fabricada en Espa\u00f1a con envases reciclables.<\/li>\n<li>Difusores o boquillas reciclables fabricados en Espa\u00f1a<\/li>\n<li>Guantes de nitrilo anti alergias (Opcional)<\/li>\n<li>Bata desechable para proteger la ropa (Opcional)<\/li>\n<li>Mascarillas desechables (Opcional)<\/li>\n<\/ul>\n<h3>\u00bfQu\u00e9 dise\u00f1o se pintar\u00e1?<\/h3>\n<p>Combinaremos lettering (una palabra o frase), ilustraci\u00f3n 2D (dibujos tipo c\u00f3mic) y elementos realistas (paisaje u otro).<br \/>\nPuedes traer alg\u00fan dibujo o dise\u00f1o tuyo que quieras pintar.<\/p>\n<h3>\u00bfQui\u00e9n imparte el curso?<\/h3>\n<p>1 muralista profesional del equipo Dase.<\/p>\n<h3>V\u00e1lidez de la tarjeta<\/h3>\n<p>La tarjeta es v\u00e1lida hasta 1 a\u00f1o desde la fecha de compra. Pasado este plazo, la tarjeta caduca.<\/p>\n<h3>\u00bfQuieres enterarte de otros cursos presenciales?<\/h3>\n\t\t\t\t\t<script type=\"text\/javascript\">\n\t\t\t\t\t\tvar gCaptchaSibWidget;\n                        var onloadSibCallbackInvisible = function () {\n\n                            var element = document.getElementsByClassName('sib-default-btn');\n                            var countInvisible = 0;\n                            var indexArray = [];\n                            jQuery('.sib-default-btn').each(function (index, el) {\n                                if ((jQuery(el).attr('id') == \"invisible\")) {\n                                    indexArray[countInvisible] = index;\n                                    countInvisible++\n                                }\n                            });\n\n                            jQuery('.invi-recaptcha').each(function (index, el) {\n                                grecaptcha.render(element[indexArray[index]], {\n                                    'sitekey': jQuery(el).attr('data-sitekey'),\n                                    'callback': sibVerifyCallback,\n                                });\n                            });\n                        };\n\t\t\t\t\t<\/script>\n\t\t\t\t\t                <script src=\"https:\/\/www.google.com\/recaptcha\/api.js?onload=onloadSibCallbackInvisible&render=explicit\" async defer><\/script>\n\t\t\t\t\n\t\t\t<form id=\"sib_signup_form_7\" method=\"post\" class=\"sib_signup_form\">\n\t\t\t\t<div class=\"sib_loader\" style=\"display:none;\"><img\n\t\t\t\t\t\t\tsrc=\"https:\/\/dase.es\/wp-includes\/images\/spinner.gif\" alt=\"loader\"><\/div>\n\t\t\t\t<input type=\"hidden\" name=\"sib_form_action\" value=\"subscribe_form_submit\">\n\t\t\t\t<input type=\"hidden\" name=\"sib_form_id\" value=\"7\">\n                <input type=\"hidden\" name=\"sib_form_alert_notice\" value=\"Por favor, rellane este campo.\">\n                <input type=\"hidden\" name=\"sib_form_invalid_email_notice\" value=\"Tu email es inv\u00e1lido.\">\n                <input type=\"hidden\" name=\"sib_security\" value=\"8ae12557db\">\n\t\t\t\t<div class=\"sib_signup_box_inside_7\">\n\t\t\t\t\t<div style=\"\/*display:none*\/\" class=\"sib_msg_disp\">\n\t\t\t\t\t<\/div>\n                                            <div id=\"sib_captcha_invisible\" class=\"invi-recaptcha\" data-sitekey=\"6LfZCiMiAAAAALuH4-bicuKrB9i0iKV1ZDOAgiOo\"><\/div>\n                    \t\t\t\t\t<p class=\"sib-NOMBRE-area\"> \r\n    <label class=\"sib-NOMBRE-area\">\r\n    <input type=\"text\" class=\"sib-NOMBRE-area\" name=\"NOMBRE\" placeholder=\"Nombre\" required=\"required\"> \r\n<\/p>\r\n\r\n<p class=\"sib-email-area\">\r\n    <label class=\"sib-email-area\">\r\n    <input type=\"email\" class=\"sib-email-area\" name=\"email\" placeholder=\"Email\" required=\"required\">\r\n<\/p>\r\n\r\n<p class=\"sib-PROVINCIA-area\"> \r\n    <label class=\"sib-PROVINCIA-area\">\r\n    <input type=\"text\" class=\"sib-PROVINCIA-area\" name=\"PROVINCIA\" placeholder=\"Provincia\" required=\"required\"> \r\n<\/p>\r\n\r\n\r\n<input type=\"checkbox\" name=\"terms\" required=\"required\"><font size=\"1\"> Acepto la <a href=\"https:\/\/dase.es\/pol\u00edtica-de-privacidad\/\">Pol\u00edtica de privacidad<\/a><\/font>.\r\n\r\n<div>\u00a0<\/div>\r\n\r\n    <input type=\"submit\" id=\"invisible\" class=\"sib-default-btn\" value=\"Enviar\">\r\n<p><\/p>\t\t\t\t<\/div>\n\t\t\t<\/form>\n\t\t\t<style>\n\t\t\t\tform#sib_signup_form_7 p.sib-alert-message {\n    padding: 6px 12px;\n    margin-bottom: 20px;\n    border: 1px solid transparent;\n    border-radius: 4px;\n    -webkit-box-sizing: border-box;\n    -moz-box-sizing: border-box;\n    box-sizing: border-box;\n}\nform#sib_signup_form_7 p.sib-alert-message-error {\n    background-color: #f2dede;\n    border-color: #ebccd1;\n    color: #a94442;\n}\nform#sib_signup_form_7 p.sib-alert-message-success {\n    background-color: #dff0d8;\n    border-color: #d6e9c6;\n    color: #3c763d;\n}\nform#sib_signup_form_7 p.sib-alert-message-warning {\n    background-color: #fcf8e3;\n    border-color: #faebcc;\n    color: #8a6d3b;\n}\n\t\t\t<\/style>\n\t\t\t\n","protected":false},"excerpt":{"rendered":"<h3><span data-slate-fragment=\"JTdCJTIyb2JqZWN0JTIyJTNBJTIyZG9jdWd0ElMjJwYXJhZ3JhcGglMjIlMkMlMjJkYXRhJTIyJTNBJTdCJTdEJTJDJTIybm9kZXMlMjIlM0ElNUIlN0IlMjJvYmplY3QlMjIlM0ElMjJ0ZXh0JTIyJTJDJTIybGVhdmVzJTIyJTNBJTVCJTdCJTIyb2JqZWN0JTIyJTNBJTIybGVhZiUyMiUyQyUyMnRleHQlMjIlM0ElMjIyaCUyMGRlJTIwZGl2ZXJzaSVDMyVCM24lMkMlMjB0cmFiYWpvJTIwZW4lMjBlcXVpcG8lMjB5JTIwY3JlYXRpdmlkYWQlMjBhcHJlbmRpZW5kbyUyMGElMjBwaW50YXIlMjBncmFmZml0aSUyMGNvbiUyMHBpbnR1cmElMjBiYXNlJTIwYWd1YS4lMjIlMkMlMjJtYXJrcyUyMiUzQSU1QiU1RCU3RCU1RCU3RCU1RCU3RCU1RCU3RA==\">Potencia su carrera de muralista profesional.<\/span><\/h3>\n<p>Vale por un curso presencial a elegir entre los disponibles.<\/p>\n<p>&nbsp;<\/p>\n<h3>Ent\u00e9rate del pr\u00f3ximo:<\/h3>\n[sibwp_form id=7]\n","protected":false},"featured_media":30216,"template":"","meta":{"_joinchat":[]},"product_brand":[],"product_cat":[359,360],"product_tag":[],"class_list":{"0":"post-29912","1":"product","2":"type-product","3":"status-publish","4":"has-post-thumbnail","6":"product_cat-formacion","7":"product_cat-presencial","8":"product_shipping_class-servicio-a-domicilio","10":"first","11":"outofstock","12":"downloadable","13":"virtual","14":"taxable","15":"product-type-simple"},"yoast_head":"<!-- This site is optimized with the Yoast SEO plugin v26.4 - https:\/\/yoast.com\/wordpress\/plugins\/seo\/ -->\n<title>Tarjeta Regalo Curso Pintura Mural Presencial &#183; Dase<\/title>\n<meta name=\"description\" content=\"Tarjeta Regalo: Curso de Pintura Mural Presencial. Clases para aprende a pintar murales y graffiti con diferentes t\u00e9cnicas (spray, pincel y rodillo).\" \/>\n<meta name=\"robots\" content=\"noindex, nofollow\" \/>\n<meta property=\"og:locale\" content=\"en_US\" \/>\n<meta property=\"og:type\" content=\"article\" \/>\n<meta property=\"og:title\" content=\"Tarjeta Regalo Curso Pintura Mural Presencial &#183; Dase\" \/>\n<meta property=\"og:description\" content=\"Tarjeta Regalo: Curso de Pintura Mural Presencial. Clases para aprende a pintar murales y graffiti con diferentes t\u00e9cnicas (spray, pincel y rodillo).\" \/>\n<meta property=\"og:url\" content=\"https:\/\/dase.es\/en\/comprar\/tarjeta-regalo-curso-presencial\/\" \/>\n<meta property=\"og:site_name\" content=\"Dase\" \/>\n<meta property=\"article:modified_time\" content=\"2025-11-30T19:46:54+00:00\" \/>\n<meta property=\"og:image\" content=\"https:\/\/dase.es\/wp-content\/uploads\/2023\/03\/curso-pintura-mural-graffiti-dase.jpg\" \/>\n\t<meta property=\"og:image:width\" content=\"2048\" \/>\n\t<meta property=\"og:image:height\" content=\"2048\" \/>\n\t<meta property=\"og:image:type\" content=\"image\/jpeg\" \/>\n<meta name=\"twitter:card\" content=\"summary_large_image\" \/>\n<script type=\"application\/ld+json\" class=\"yoast-schema-graph\">{\"@context\":\"https:\/\/schema.org\",\"@graph\":[{\"@type\":\"WebPage\",\"@id\":\"https:\/\/dase.es\/en\/comprar\/tarjeta-regalo-curso-presencial\/\",\"url\":\"https:\/\/dase.es\/en\/comprar\/tarjeta-regalo-curso-presencial\/\",\"name\":\"Tarjeta Regalo Curso Pintura Mural Presencial &#183; Dase\",\"isPartOf\":{\"@id\":\"https:\/\/dase.es\/en\/#website\"},\"primaryImageOfPage\":{\"@id\":\"https:\/\/dase.es\/en\/comprar\/tarjeta-regalo-curso-presencial\/#primaryimage\"},\"image\":{\"@id\":\"https:\/\/dase.es\/en\/comprar\/tarjeta-regalo-curso-presencial\/#primaryimage\"},\"thumbnailUrl\":\"https:\/\/dase.es\/wp-content\/uploads\/2023\/03\/curso-pintura-mural-graffiti-dase.jpg\",\"datePublished\":\"2023-03-13T10:24:00+00:00\",\"dateModified\":\"2025-11-30T19:46:54+00:00\",\"description\":\"Tarjeta Regalo: Curso de Pintura Mural Presencial. Clases para aprende a pintar murales y graffiti con diferentes t\u00e9cnicas (spray, pincel y rodillo).\",\"breadcrumb\":{\"@id\":\"https:\/\/dase.es\/en\/comprar\/tarjeta-regalo-curso-presencial\/#breadcrumb\"},\"inLanguage\":\"en-US\",\"potentialAction\":[{\"@type\":\"ReadAction\",\"target\":[\"https:\/\/dase.es\/en\/comprar\/tarjeta-regalo-curso-presencial\/\"]}]},{\"@type\":\"ImageObject\",\"inLanguage\":\"en-US\",\"@id\":\"https:\/\/dase.es\/en\/comprar\/tarjeta-regalo-curso-presencial\/#primaryimage\",\"url\":\"https:\/\/dase.es\/wp-content\/uploads\/2023\/03\/curso-pintura-mural-graffiti-dase.jpg\",\"contentUrl\":\"https:\/\/dase.es\/wp-content\/uploads\/2023\/03\/curso-pintura-mural-graffiti-dase.jpg\",\"width\":2048,\"height\":2048,\"caption\":\"Tarjeta Regalo: Curso de Pintura Mural & Graffiti Dase\"},{\"@type\":\"BreadcrumbList\",\"@id\":\"https:\/\/dase.es\/en\/comprar\/tarjeta-regalo-curso-presencial\/#breadcrumb\",\"itemListElement\":[{\"@type\":\"ListItem\",\"position\":1,\"name\":\"Tienda online\",\"item\":\"https:\/\/dase.es\/comprar\/\"},{\"@type\":\"ListItem\",\"position\":2,\"name\":\"Training\",\"item\":\"https:\/\/dase.es\/en\/shop\/training\/\"},{\"@type\":\"ListItem\",\"position\":3,\"name\":\"Tarjeta Regalo Curso Pintura Mural Presencial\"}]},{\"@type\":\"WebSite\",\"@id\":\"https:\/\/dase.es\/en\/#website\",\"url\":\"https:\/\/dase.es\/en\/\",\"name\":\"Dase\",\"description\":\"Pintura Mural y Graffiti Profesional\",\"publisher\":{\"@id\":\"https:\/\/dase.es\/en\/#\/schema\/person\/51518cff00aab96be0990ff852f05dd1\"},\"potentialAction\":[{\"@type\":\"SearchAction\",\"target\":{\"@type\":\"EntryPoint\",\"urlTemplate\":\"https:\/\/dase.es\/en\/?s={search_term_string}\"},\"query-input\":{\"@type\":\"PropertyValueSpecification\",\"valueRequired\":true,\"valueName\":\"search_term_string\"}}],\"inLanguage\":\"en-US\"},{\"@type\":[\"Person\",\"Organization\"],\"@id\":\"https:\/\/dase.es\/en\/#\/schema\/person\/51518cff00aab96be0990ff852f05dd1\",\"name\":\"\",\"image\":{\"@type\":\"ImageObject\",\"inLanguage\":\"en-US\",\"@id\":\"https:\/\/dase.es\/en\/#\/schema\/person\/image\/\",\"url\":\"https:\/\/secure.gravatar.com\/avatar\/d3d5e9a75a56cf98e1b0dee24a616ff1780c643596609041085c62cc1ca5f467?s=96&d=blank&r=g\",\"contentUrl\":\"https:\/\/secure.gravatar.com\/avatar\/d3d5e9a75a56cf98e1b0dee24a616ff1780c643596609041085c62cc1ca5f467?s=96&d=blank&r=g\"},\"logo\":{\"@id\":\"https:\/\/dase.es\/en\/#\/schema\/person\/image\/\"}}]}<\/script>\n<!-- \/ Yoast SEO plugin. -->","yoast_head_json":{"title":"Tarjeta Regalo Curso Pintura Mural Presencial &#183; Dase","description":"Tarjeta Regalo: Curso de Pintura Mural Presencial. Clases para aprende a pintar murales y graffiti con diferentes t\u00e9cnicas (spray, pincel y rodillo).","robots":{"index":"noindex","follow":"nofollow"},"og_locale":"en_US","og_type":"article","og_title":"Tarjeta Regalo Curso Pintura Mural Presencial &#183; Dase","og_description":"Tarjeta Regalo: Curso de Pintura Mural Presencial. Clases para aprende a pintar murales y graffiti con diferentes t\u00e9cnicas (spray, pincel y rodillo).","og_url":"https:\/\/dase.es\/en\/comprar\/tarjeta-regalo-curso-presencial\/","og_site_name":"Dase","article_modified_time":"2025-11-30T19:46:54+00:00","og_image":[{"width":2048,"height":2048,"url":"https:\/\/dase.es\/wp-content\/uploads\/2023\/03\/curso-pintura-mural-graffiti-dase.jpg","type":"image\/jpeg"}],"twitter_card":"summary_large_image","schema":{"@context":"https:\/\/schema.org","@graph":[{"@type":"WebPage","@id":"https:\/\/dase.es\/en\/comprar\/tarjeta-regalo-curso-presencial\/","url":"https:\/\/dase.es\/en\/comprar\/tarjeta-regalo-curso-presencial\/","name":"Tarjeta Regalo Curso Pintura Mural Presencial &#183; Dase","isPartOf":{"@id":"https:\/\/dase.es\/en\/#website"},"primaryImageOfPage":{"@id":"https:\/\/dase.es\/en\/comprar\/tarjeta-regalo-curso-presencial\/#primaryimage"},"image":{"@id":"https:\/\/dase.es\/en\/comprar\/tarjeta-regalo-curso-presencial\/#primaryimage"},"thumbnailUrl":"https:\/\/dase.es\/wp-content\/uploads\/2023\/03\/curso-pintura-mural-graffiti-dase.jpg","datePublished":"2023-03-13T10:24:00+00:00","dateModified":"2025-11-30T19:46:54+00:00","description":"Tarjeta Regalo: Curso de Pintura Mural Presencial. Clases para aprende a pintar murales y graffiti con diferentes t\u00e9cnicas (spray, pincel y rodillo).","breadcrumb":{"@id":"https:\/\/dase.es\/en\/comprar\/tarjeta-regalo-curso-presencial\/#breadcrumb"},"inLanguage":"en-US","potentialAction":[{"@type":"ReadAction","target":["https:\/\/dase.es\/en\/comprar\/tarjeta-regalo-curso-presencial\/"]}]},{"@type":"ImageObject","inLanguage":"en-US","@id":"https:\/\/dase.es\/en\/comprar\/tarjeta-regalo-curso-presencial\/#primaryimage","url":"https:\/\/dase.es\/wp-content\/uploads\/2023\/03\/curso-pintura-mural-graffiti-dase.jpg","contentUrl":"https:\/\/dase.es\/wp-content\/uploads\/2023\/03\/curso-pintura-mural-graffiti-dase.jpg","width":2048,"height":2048,"caption":"Tarjeta Regalo: Curso de Pintura Mural & Graffiti Dase"},{"@type":"BreadcrumbList","@id":"https:\/\/dase.es\/en\/comprar\/tarjeta-regalo-curso-presencial\/#breadcrumb","itemListElement":[{"@type":"ListItem","position":1,"name":"Tienda online","item":"https:\/\/dase.es\/comprar\/"},{"@type":"ListItem","position":2,"name":"Training","item":"https:\/\/dase.es\/en\/shop\/training\/"},{"@type":"ListItem","position":3,"name":"Tarjeta Regalo Curso Pintura Mural Presencial"}]},{"@type":"WebSite","@id":"https:\/\/dase.es\/en\/#website","url":"https:\/\/dase.es\/en\/","name":"Dase","description":"Pintura Mural y Graffiti Profesional","publisher":{"@id":"https:\/\/dase.es\/en\/#\/schema\/person\/51518cff00aab96be0990ff852f05dd1"},"potentialAction":[{"@type":"SearchAction","target":{"@type":"EntryPoint","urlTemplate":"https:\/\/dase.es\/en\/?s={search_term_string}"},"query-input":{"@type":"PropertyValueSpecification","valueRequired":true,"valueName":"search_term_string"}}],"inLanguage":"en-US"},{"@type":["Person","Organization"],"@id":"https:\/\/dase.es\/en\/#\/schema\/person\/51518cff00aab96be0990ff852f05dd1","name":"","image":{"@type":"ImageObject","inLanguage":"en-US","@id":"https:\/\/dase.es\/en\/#\/schema\/person\/image\/","url":"https:\/\/secure.gravatar.com\/avatar\/d3d5e9a75a56cf98e1b0dee24a616ff1780c643596609041085c62cc1ca5f467?s=96&d=blank&r=g","contentUrl":"https:\/\/secure.gravatar.com\/avatar\/d3d5e9a75a56cf98e1b0dee24a616ff1780c643596609041085c62cc1ca5f467?s=96&d=blank&r=g"},"logo":{"@id":"https:\/\/dase.es\/en\/#\/schema\/person\/image\/"}}]}},"_links":{"self":[{"href":"https:\/\/dase.es\/en\/wp-json\/wp\/v2\/product\/29912","targetHints":{"allow":["GET"]}}],"collection":[{"href":"https:\/\/dase.es\/en\/wp-json\/wp\/v2\/product"}],"about":[{"href":"https:\/\/dase.es\/en\/wp-json\/wp\/v2\/types\/product"}],"wp:featuredmedia":[{"embeddable":true,"href":"https:\/\/dase.es\/en\/wp-json\/wp\/v2\/media\/30216"}],"wp:attachment":[{"href":"https:\/\/dase.es\/en\/wp-json\/wp\/v2\/media?parent=29912"}],"wp:term":[{"taxonomy":"product_brand","embeddable":true,"href":"https:\/\/dase.es\/en\/wp-json\/wp\/v2\/product_brand?post=29912"},{"taxonomy":"product_cat","embeddable":true,"href":"https:\/\/dase.es\/en\/wp-json\/wp\/v2\/product_cat?post=29912"},{"taxonomy":"product_tag","embeddable":true,"href":"https:\/\/dase.es\/en\/wp-json\/wp\/v2\/product_tag?post=29912"}],"curies":[{"name":"wp","href":"https:\/\/api.w.org\/{rel}","templated":true}]}}