{"id":29484,"date":"2023-01-05T15:19:13","date_gmt":"2023-01-05T14:19:13","guid":{"rendered":"https:\/\/dase.es\/?post_type=product&#038;p=29484"},"modified":"2025-01-04T22:59:13","modified_gmt":"2025-01-04T21:59:13","slug":"curso-online-pintura-mural","status":"publish","type":"product","link":"https:\/\/dase.es\/en\/comprar\/curso-online-pintura-mural\/","title":{"rendered":"Curso Online Pintura Mural"},"content":{"rendered":"<div style=\"width: 400px;\" class=\"wp-video\"><!--[if lt IE 9]><script>document.createElement('video');<\/script><![endif]-->\n<video class=\"wp-video-shortcode\" id=\"video-29484-1\" width=\"400\" height=\"711\" poster=\"https:\/\/dase.es\/wp-content\/uploads\/2023\/02\/dase-curso-online-pintura-mural.png\" preload=\"metadata\" controls=\"controls\"><source type=\"video\/mp4\" src=\"https:\/\/dase.es\/wp-content\/uploads\/2023\/02\/dase-curso-online-pintura-mural.mp4?_=1\" \/><a href=\"https:\/\/dase.es\/wp-content\/uploads\/2023\/02\/dase-curso-online-pintura-mural.mp4\">https:\/\/dase.es\/wp-content\/uploads\/2023\/02\/dase-curso-online-pintura-mural.mp4<\/a><\/video><\/div>\n<p class=\"p1\">En nuestro flamante curso integral en l\u00ednea <b>aprender\u00e1s a trabajar los estilos m\u00e1s populares<\/b>, como las ilustraciones 2D y el <i>lettering<\/i>, el estilo realista y el abstracto, adem\u00e1s de las diferentes t\u00e9cnicas, herramientas y procesos con los que debes familiarizarte para dise\u00f1ar, proyectar y pintar murales extraordinarios \u2013 todo, de la mano de artistas muralistas y grafiteros profesionales.<\/p>\n<p class=\"p1\">\u00bfTe gustar\u00eda dedicarte profesionalmente al arte mural o al graffiti? <i>\u00a1Al final de nuestro curso online, descubrir\u00e1s <\/i><b><i>c\u00f3mo ganar dinero con tu arte<\/i><\/b><i>!<\/i><\/p>\n<h3>Curso de pintura mural: Online<\/h3>\n<p><span style=\"font-weight: 400;\">\u00cdndice<\/span><\/p>\n<ol>\n<li style=\"font-weight: 400;\" aria-level=\"1\"><span style=\"font-weight: 400;\">Introducci\u00f3n<\/span><\/li>\n<li style=\"font-weight: 400;\" aria-level=\"1\"><span style=\"font-weight: 400;\">Tipos de pintura mural: Graffiti, pintura mural y rotulaci\u00f3n<\/span>\n<ol>\n<li style=\"font-weight: 400;\" aria-level=\"2\"><span style=\"font-weight: 400;\">Estilos:<\/span>\n<ol>\n<li style=\"font-weight: 400;\" aria-level=\"3\"><span style=\"font-weight: 400;\">Ilustraci\u00f3n 2D y lettering<\/span><\/li>\n<li style=\"font-weight: 400;\" aria-level=\"3\"><span style=\"font-weight: 400;\">Ilustraci\u00f3n realista (paisajes, retratos\u2026)<\/span><\/li>\n<li style=\"font-weight: 400;\" aria-level=\"3\"><span style=\"font-weight: 400;\">Pintura abstracta<\/span><\/li>\n<\/ol>\n<\/li>\n<\/ol>\n<\/li>\n<\/ol>\n<ol>\n<li style=\"font-weight: 400;\" aria-level=\"1\"><span style=\"font-weight: 400;\">C\u00f3mo dise\u00f1ar un mural<\/span><\/li>\n<li style=\"font-weight: 400;\" aria-level=\"1\"><span style=\"font-weight: 400;\">C\u00f3mo pintar un mural:<\/span>\n<ol>\n<li style=\"font-weight: 400;\" aria-level=\"2\"><span style=\"font-weight: 400;\">T\u00e9cnicas y herramientas para pintar murales:<\/span><span style=\"font-weight: 400;\"><br \/>\n<\/span><span style=\"font-weight: 400;\">Aerosoles, rodillos, brochas, pinceles y rotuladores<\/span><\/li>\n<li style=\"font-weight: 400;\" aria-level=\"2\"><span style=\"font-weight: 400;\">C\u00f3mo marcar un mural proporcionado a cualquier tama\u00f1o:<\/span><span style=\"font-weight: 400;\"><br \/>\n<\/span><span style=\"font-weight: 400;\">Cuadr\u00edculas, plantillas y proyecciones<\/span><\/li>\n<\/ol>\n<\/li>\n<li style=\"font-weight: 400;\" aria-level=\"1\"><span style=\"font-weight: 400;\">C\u00f3mo ganar dinero pintando murales<\/span><\/li>\n<\/ol>\n","protected":false},"excerpt":{"rendered":"<h3 class=\"p1\">Aprende a pintar murales y graffiti a distancia y a tu ritmo con Dase.<\/h3>\n<p>Pr\u00f3ximamente.<\/p>\n[sibwp_form id=8]\n","protected":false},"featured_media":32298,"template":"","meta":{"_joinchat":[]},"product_brand":[],"product_cat":[359,361],"product_tag":[],"class_list":{"0":"post-29484","1":"product","2":"type-product","3":"status-publish","4":"has-post-thumbnail","6":"product_cat-formacion","7":"product_cat-online","9":"first","10":"instock","11":"virtual","12":"taxable","13":"product-type-simple"},"yoast_head":"<!-- This site is optimized with the Yoast SEO plugin v26.4 - https:\/\/yoast.com\/wordpress\/plugins\/seo\/ -->\n<title>Curso Online Pintura Mural &#183; Dase<\/title>\n<meta name=\"description\" content=\"Curso Online de Pintura Mural &amp; Graffiti. Desarrolla tu carrera como muralista con artistas profesionales. Aprende a pintar murales y graffitis a distancia.\" \/>\n<meta name=\"robots\" content=\"noindex, follow\" \/>\n<meta property=\"og:locale\" content=\"en_US\" \/>\n<meta property=\"og:type\" content=\"article\" \/>\n<meta property=\"og:title\" content=\"Curso Online Pintura Mural &#183; Dase\" \/>\n<meta property=\"og:description\" content=\"Curso Online de Pintura Mural &amp; Graffiti. Desarrolla tu carrera como muralista con artistas profesionales. Aprende a pintar murales y graffitis a distancia.\" \/>\n<meta property=\"og:url\" content=\"https:\/\/dase.es\/en\/comprar\/curso-online-pintura-mural\/\" \/>\n<meta property=\"og:site_name\" content=\"Dase\" \/>\n<meta property=\"article:modified_time\" content=\"2025-01-04T21:59:13+00:00\" \/>\n<meta property=\"og:image\" content=\"https:\/\/dase.es\/wp-content\/uploads\/2022\/04\/curso-graffiti-pintura-mural-online.jpg\" \/>\n\t<meta property=\"og:image:width\" content=\"800\" \/>\n\t<meta property=\"og:image:height\" content=\"800\" \/>\n\t<meta property=\"og:image:type\" content=\"image\/jpeg\" \/>\n<meta name=\"twitter:card\" content=\"summary_large_image\" \/>\n<script type=\"application\/ld+json\" class=\"yoast-schema-graph\">{\"@context\":\"https:\/\/schema.org\",\"@graph\":[{\"@type\":\"WebPage\",\"@id\":\"https:\/\/dase.es\/en\/comprar\/curso-online-pintura-mural\/\",\"url\":\"https:\/\/dase.es\/en\/comprar\/curso-online-pintura-mural\/\",\"name\":\"Curso Online Pintura Mural &#183; Dase\",\"isPartOf\":{\"@id\":\"https:\/\/dase.es\/en\/#website\"},\"primaryImageOfPage\":{\"@id\":\"https:\/\/dase.es\/en\/comprar\/curso-online-pintura-mural\/#primaryimage\"},\"image\":{\"@id\":\"https:\/\/dase.es\/en\/comprar\/curso-online-pintura-mural\/#primaryimage\"},\"thumbnailUrl\":\"https:\/\/dase.es\/wp-content\/uploads\/2022\/04\/curso-graffiti-pintura-mural-online.jpg\",\"datePublished\":\"2023-01-05T14:19:13+00:00\",\"dateModified\":\"2025-01-04T21:59:13+00:00\",\"description\":\"Curso Online de Pintura Mural & Graffiti. Desarrolla tu carrera como muralista con artistas profesionales. Aprende a pintar murales y graffitis a distancia.\",\"breadcrumb\":{\"@id\":\"https:\/\/dase.es\/en\/comprar\/curso-online-pintura-mural\/#breadcrumb\"},\"inLanguage\":\"en-US\",\"potentialAction\":[{\"@type\":\"ReadAction\",\"target\":[\"https:\/\/dase.es\/en\/comprar\/curso-online-pintura-mural\/\"]}]},{\"@type\":\"ImageObject\",\"inLanguage\":\"en-US\",\"@id\":\"https:\/\/dase.es\/en\/comprar\/curso-online-pintura-mural\/#primaryimage\",\"url\":\"https:\/\/dase.es\/wp-content\/uploads\/2022\/04\/curso-graffiti-pintura-mural-online.jpg\",\"contentUrl\":\"https:\/\/dase.es\/wp-content\/uploads\/2022\/04\/curso-graffiti-pintura-mural-online.jpg\",\"width\":800,\"height\":800},{\"@type\":\"BreadcrumbList\",\"@id\":\"https:\/\/dase.es\/en\/comprar\/curso-online-pintura-mural\/#breadcrumb\",\"itemListElement\":[{\"@type\":\"ListItem\",\"position\":1,\"name\":\"Tienda online\",\"item\":\"https:\/\/dase.es\/comprar\/\"},{\"@type\":\"ListItem\",\"position\":2,\"name\":\"Training\",\"item\":\"https:\/\/dase.es\/en\/shop\/training\/\"},{\"@type\":\"ListItem\",\"position\":3,\"name\":\"Curso Online Pintura Mural\"}]},{\"@type\":\"WebSite\",\"@id\":\"https:\/\/dase.es\/en\/#website\",\"url\":\"https:\/\/dase.es\/en\/\",\"name\":\"Dase\",\"description\":\"Pintura Mural y Graffiti Profesional\",\"publisher\":{\"@id\":\"https:\/\/dase.es\/en\/#\/schema\/person\/51518cff00aab96be0990ff852f05dd1\"},\"potentialAction\":[{\"@type\":\"SearchAction\",\"target\":{\"@type\":\"EntryPoint\",\"urlTemplate\":\"https:\/\/dase.es\/en\/?s={search_term_string}\"},\"query-input\":{\"@type\":\"PropertyValueSpecification\",\"valueRequired\":true,\"valueName\":\"search_term_string\"}}],\"inLanguage\":\"en-US\"},{\"@type\":[\"Person\",\"Organization\"],\"@id\":\"https:\/\/dase.es\/en\/#\/schema\/person\/51518cff00aab96be0990ff852f05dd1\",\"name\":\"\",\"image\":{\"@type\":\"ImageObject\",\"inLanguage\":\"en-US\",\"@id\":\"https:\/\/dase.es\/en\/#\/schema\/person\/image\/\",\"url\":\"https:\/\/secure.gravatar.com\/avatar\/d3d5e9a75a56cf98e1b0dee24a616ff1780c643596609041085c62cc1ca5f467?s=96&d=blank&r=g\",\"contentUrl\":\"https:\/\/secure.gravatar.com\/avatar\/d3d5e9a75a56cf98e1b0dee24a616ff1780c643596609041085c62cc1ca5f467?s=96&d=blank&r=g\"},\"logo\":{\"@id\":\"https:\/\/dase.es\/en\/#\/schema\/person\/image\/\"}}]}<\/script>\n<!-- \/ Yoast SEO plugin. -->","yoast_head_json":{"title":"Curso Online Pintura Mural &#183; Dase","description":"Curso Online de Pintura Mural & Graffiti. Desarrolla tu carrera como muralista con artistas profesionales. Aprende a pintar murales y graffitis a distancia.","robots":{"index":"noindex","follow":"follow"},"og_locale":"en_US","og_type":"article","og_title":"Curso Online Pintura Mural &#183; Dase","og_description":"Curso Online de Pintura Mural & Graffiti. Desarrolla tu carrera como muralista con artistas profesionales. Aprende a pintar murales y graffitis a distancia.","og_url":"https:\/\/dase.es\/en\/comprar\/curso-online-pintura-mural\/","og_site_name":"Dase","article_modified_time":"2025-01-04T21:59:13+00:00","og_image":[{"width":800,"height":800,"url":"https:\/\/dase.es\/wp-content\/uploads\/2022\/04\/curso-graffiti-pintura-mural-online.jpg","type":"image\/jpeg"}],"twitter_card":"summary_large_image","schema":{"@context":"https:\/\/schema.org","@graph":[{"@type":"WebPage","@id":"https:\/\/dase.es\/en\/comprar\/curso-online-pintura-mural\/","url":"https:\/\/dase.es\/en\/comprar\/curso-online-pintura-mural\/","name":"Curso Online Pintura Mural &#183; Dase","isPartOf":{"@id":"https:\/\/dase.es\/en\/#website"},"primaryImageOfPage":{"@id":"https:\/\/dase.es\/en\/comprar\/curso-online-pintura-mural\/#primaryimage"},"image":{"@id":"https:\/\/dase.es\/en\/comprar\/curso-online-pintura-mural\/#primaryimage"},"thumbnailUrl":"https:\/\/dase.es\/wp-content\/uploads\/2022\/04\/curso-graffiti-pintura-mural-online.jpg","datePublished":"2023-01-05T14:19:13+00:00","dateModified":"2025-01-04T21:59:13+00:00","description":"Curso Online de Pintura Mural & Graffiti. Desarrolla tu carrera como muralista con artistas profesionales. Aprende a pintar murales y graffitis a distancia.","breadcrumb":{"@id":"https:\/\/dase.es\/en\/comprar\/curso-online-pintura-mural\/#breadcrumb"},"inLanguage":"en-US","potentialAction":[{"@type":"ReadAction","target":["https:\/\/dase.es\/en\/comprar\/curso-online-pintura-mural\/"]}]},{"@type":"ImageObject","inLanguage":"en-US","@id":"https:\/\/dase.es\/en\/comprar\/curso-online-pintura-mural\/#primaryimage","url":"https:\/\/dase.es\/wp-content\/uploads\/2022\/04\/curso-graffiti-pintura-mural-online.jpg","contentUrl":"https:\/\/dase.es\/wp-content\/uploads\/2022\/04\/curso-graffiti-pintura-mural-online.jpg","width":800,"height":800},{"@type":"BreadcrumbList","@id":"https:\/\/dase.es\/en\/comprar\/curso-online-pintura-mural\/#breadcrumb","itemListElement":[{"@type":"ListItem","position":1,"name":"Tienda online","item":"https:\/\/dase.es\/comprar\/"},{"@type":"ListItem","position":2,"name":"Training","item":"https:\/\/dase.es\/en\/shop\/training\/"},{"@type":"ListItem","position":3,"name":"Curso Online Pintura Mural"}]},{"@type":"WebSite","@id":"https:\/\/dase.es\/en\/#website","url":"https:\/\/dase.es\/en\/","name":"Dase","description":"Pintura Mural y Graffiti Profesional","publisher":{"@id":"https:\/\/dase.es\/en\/#\/schema\/person\/51518cff00aab96be0990ff852f05dd1"},"potentialAction":[{"@type":"SearchAction","target":{"@type":"EntryPoint","urlTemplate":"https:\/\/dase.es\/en\/?s={search_term_string}"},"query-input":{"@type":"PropertyValueSpecification","valueRequired":true,"valueName":"search_term_string"}}],"inLanguage":"en-US"},{"@type":["Person","Organization"],"@id":"https:\/\/dase.es\/en\/#\/schema\/person\/51518cff00aab96be0990ff852f05dd1","name":"","image":{"@type":"ImageObject","inLanguage":"en-US","@id":"https:\/\/dase.es\/en\/#\/schema\/person\/image\/","url":"https:\/\/secure.gravatar.com\/avatar\/d3d5e9a75a56cf98e1b0dee24a616ff1780c643596609041085c62cc1ca5f467?s=96&d=blank&r=g","contentUrl":"https:\/\/secure.gravatar.com\/avatar\/d3d5e9a75a56cf98e1b0dee24a616ff1780c643596609041085c62cc1ca5f467?s=96&d=blank&r=g"},"logo":{"@id":"https:\/\/dase.es\/en\/#\/schema\/person\/image\/"}}]}},"_links":{"self":[{"href":"https:\/\/dase.es\/en\/wp-json\/wp\/v2\/product\/29484","targetHints":{"allow":["GET"]}}],"collection":[{"href":"https:\/\/dase.es\/en\/wp-json\/wp\/v2\/product"}],"about":[{"href":"https:\/\/dase.es\/en\/wp-json\/wp\/v2\/types\/product"}],"wp:featuredmedia":[{"embeddable":true,"href":"https:\/\/dase.es\/en\/wp-json\/wp\/v2\/media\/32298"}],"wp:attachment":[{"href":"https:\/\/dase.es\/en\/wp-json\/wp\/v2\/media?parent=29484"}],"wp:term":[{"taxonomy":"product_brand","embeddable":true,"href":"https:\/\/dase.es\/en\/wp-json\/wp\/v2\/product_brand?post=29484"},{"taxonomy":"product_cat","embeddable":true,"href":"https:\/\/dase.es\/en\/wp-json\/wp\/v2\/product_cat?post=29484"},{"taxonomy":"product_tag","embeddable":true,"href":"https:\/\/dase.es\/en\/wp-json\/wp\/v2\/product_tag?post=29484"}],"curies":[{"name":"wp","href":"https:\/\/api.w.org\/{rel}","templated":true}]}}