{"id":29247,"date":"2022-11-11T08:47:42","date_gmt":"2022-11-11T07:47:42","guid":{"rendered":"https:\/\/dase.es\/?post_type=product&#038;p=29247"},"modified":"2024-01-10T20:50:16","modified_gmt":"2024-01-10T19:50:16","slug":"graffiti-nombre","status":"publish","type":"product","link":"https:\/\/dase.es\/en\/comprar\/graffiti-nombre\/","title":{"rendered":"Graffiti con nombre"},"content":{"rendered":"<h2>Graffitis de letras<\/h2>\n<p>Creamos espacios \u00fanicos con <strong>graffitis de nombres personalizados<\/strong>.<\/p>\n<h2>Murales y graffitis juveniles<\/h2>\n<p>La decoraci\u00f3n de un dormitorio juvenil debe representar los gustos y los intereses del adolescente que vive ah\u00ed. Es su espacio personal, su casa dentro de casa. Y por eso, es tan importante ayudarle a crear ese espacio tan especial.<\/p>\n<h3 data-fontsize=\"42\" data-lineheight=\"63\">Habitaciones con graffitis, \u00bfEs buena idea?<\/h3>\n<p>En dos palabras: sin duda. La mejor manera de darle personalidad a la decoraci\u00f3n de una habitaci\u00f3n adolescente con pintura es mediante un <strong>graffiti de letras con el nombre del hijo<\/strong>, hija o hije.<\/p>\n<div class=\"fusion-text\">\n<h3 data-fontsize=\"42\" data-lineheight=\"63\">Im\u00e1genes de habitaciones infantiles y juveniles<\/h3>\n<\/div>\n<p>Aqu\u00ed puedes ver algunas fotograf\u00edas de decoraci\u00f3n de graffiti en habitaciones.<\/p>\n<h3 data-fontsize=\"42\" data-lineheight=\"63\">\u00bfCu\u00e1nto se tarda pintar la habitaci\u00f3n con graffiti?<\/h3>\n<p>Aunque depende del tama\u00f1o y del dibujo a realizar, podemos pintar un graffiti en su habitaci\u00f3n en una sola jornada.<\/p>\n<h3>Regala un graffiti por sorpresa<\/h3>\n<p>\u00bfTe imaginas su cara de sorpresa al volver del cole o instituto y encontrarse un <strong>graffiti en su cuarto<\/strong>?<\/p>\n","protected":false},"excerpt":{"rendered":"<h3>Flipar\u00e1 con el graffiti de su habitaci\u00f3n.<\/h3>\n<p>\u00bfLe sorprendemos o le hacemos participar?<\/p>\n<p><img decoding=\"async\" class=\"emoji lazyloaded\" role=\"img\" draggable=\"false\" src=\"https:\/\/s.w.org\/images\/core\/emoji\/14.0.0\/svg\/270f.svg\" alt=\"&#x270f;&#xfe0f;\" data-src=\"https:\/\/s.w.org\/images\/core\/emoji\/14.0.0\/svg\/270f.svg\" \/> Dise\u00f1o personalizado<\/p>\n","protected":false},"featured_media":29248,"template":"","meta":{"_joinchat":[]},"product_brand":[],"product_cat":[282,311,287],"product_tag":[],"class_list":{"0":"post-29247","1":"product","2":"type-product","3":"status-publish","4":"has-post-thumbnail","6":"product_cat-murales","7":"product_cat-letras","8":"product_cat-infantiles","9":"product_shipping_class-servicio-a-domicilio","11":"first","12":"instock","13":"sold-individually","14":"taxable","15":"shipping-taxable","16":"product-type-external"},"yoast_head":"<!-- This site is optimized with the Yoast SEO plugin v26.4 - https:\/\/yoast.com\/wordpress\/plugins\/seo\/ -->\n<title>Graffiti con nombre para decorar habitaci\u00f3n juvenil &#183; Dase<\/title>\n<meta name=\"description\" content=\"Graffiti con nombre . Murales y graffitis de letras pintados en paredes de casas para decoraci\u00f3n: Habitaciones juveniles para adolescentes.\" \/>\n<meta name=\"robots\" content=\"noindex, follow\" \/>\n<meta property=\"og:locale\" content=\"en_US\" \/>\n<meta property=\"og:type\" content=\"article\" \/>\n<meta property=\"og:title\" content=\"Graffiti con nombre para decorar habitaci\u00f3n juvenil &#183; Dase\" \/>\n<meta property=\"og:description\" content=\"Graffiti con nombre . Murales y graffitis de letras pintados en paredes de casas para decoraci\u00f3n: Habitaciones juveniles para adolescentes.\" \/>\n<meta property=\"og:url\" content=\"https:\/\/dase.es\/en\/comprar\/graffiti-nombre\/\" \/>\n<meta property=\"og:site_name\" content=\"Dase\" \/>\n<meta property=\"article:modified_time\" content=\"2024-01-10T19:50:16+00:00\" \/>\n<meta property=\"og:image\" content=\"https:\/\/dase.es\/wp-content\/uploads\/2022\/11\/Graffiti-Nombre-Habitacion-juvenil-Mural-adolescente.jpg\" \/>\n\t<meta property=\"og:image:width\" content=\"2048\" \/>\n\t<meta property=\"og:image:height\" content=\"2048\" \/>\n\t<meta property=\"og:image:type\" content=\"image\/jpeg\" \/>\n<meta name=\"twitter:card\" content=\"summary_large_image\" \/>\n<script type=\"application\/ld+json\" class=\"yoast-schema-graph\">{\"@context\":\"https:\/\/schema.org\",\"@graph\":[{\"@type\":\"WebPage\",\"@id\":\"https:\/\/dase.es\/en\/comprar\/graffiti-nombre\/\",\"url\":\"https:\/\/dase.es\/en\/comprar\/graffiti-nombre\/\",\"name\":\"Graffiti con nombre para decorar habitaci\u00f3n juvenil &#183; Dase\",\"isPartOf\":{\"@id\":\"https:\/\/dase.es\/en\/#website\"},\"primaryImageOfPage\":{\"@id\":\"https:\/\/dase.es\/en\/comprar\/graffiti-nombre\/#primaryimage\"},\"image\":{\"@id\":\"https:\/\/dase.es\/en\/comprar\/graffiti-nombre\/#primaryimage\"},\"thumbnailUrl\":\"https:\/\/dase.es\/wp-content\/uploads\/2022\/11\/Graffiti-Nombre-Habitacion-juvenil-Mural-adolescente.jpg\",\"datePublished\":\"2022-11-11T07:47:42+00:00\",\"dateModified\":\"2024-01-10T19:50:16+00:00\",\"description\":\"Graffiti con nombre . Murales y graffitis de letras pintados en paredes de casas para decoraci\u00f3n: Habitaciones juveniles para adolescentes.\",\"breadcrumb\":{\"@id\":\"https:\/\/dase.es\/en\/comprar\/graffiti-nombre\/#breadcrumb\"},\"inLanguage\":\"en-US\",\"potentialAction\":[{\"@type\":\"ReadAction\",\"target\":[\"https:\/\/dase.es\/en\/comprar\/graffiti-nombre\/\"]}]},{\"@type\":\"ImageObject\",\"inLanguage\":\"en-US\",\"@id\":\"https:\/\/dase.es\/en\/comprar\/graffiti-nombre\/#primaryimage\",\"url\":\"https:\/\/dase.es\/wp-content\/uploads\/2022\/11\/Graffiti-Nombre-Habitacion-juvenil-Mural-adolescente.jpg\",\"contentUrl\":\"https:\/\/dase.es\/wp-content\/uploads\/2022\/11\/Graffiti-Nombre-Habitacion-juvenil-Mural-adolescente.jpg\",\"width\":2048,\"height\":2048,\"caption\":\"Graffiti Nombre Habitacion juvenil Mural adolescente\"},{\"@type\":\"BreadcrumbList\",\"@id\":\"https:\/\/dase.es\/en\/comprar\/graffiti-nombre\/#breadcrumb\",\"itemListElement\":[{\"@type\":\"ListItem\",\"position\":1,\"name\":\"Tienda online\",\"item\":\"https:\/\/dase.es\/comprar\/\"},{\"@type\":\"ListItem\",\"position\":2,\"name\":\"Painted murals \u203a\",\"item\":\"https:\/\/dase.es\/en\/shop\/painted-murals\/\"},{\"@type\":\"ListItem\",\"position\":3,\"name\":\"Graffiti con nombre\"}]},{\"@type\":\"WebSite\",\"@id\":\"https:\/\/dase.es\/en\/#website\",\"url\":\"https:\/\/dase.es\/en\/\",\"name\":\"Dase\",\"description\":\"Pintura Mural y Graffiti Profesional\",\"publisher\":{\"@id\":\"https:\/\/dase.es\/en\/#\/schema\/person\/51518cff00aab96be0990ff852f05dd1\"},\"potentialAction\":[{\"@type\":\"SearchAction\",\"target\":{\"@type\":\"EntryPoint\",\"urlTemplate\":\"https:\/\/dase.es\/en\/?s={search_term_string}\"},\"query-input\":{\"@type\":\"PropertyValueSpecification\",\"valueRequired\":true,\"valueName\":\"search_term_string\"}}],\"inLanguage\":\"en-US\"},{\"@type\":[\"Person\",\"Organization\"],\"@id\":\"https:\/\/dase.es\/en\/#\/schema\/person\/51518cff00aab96be0990ff852f05dd1\",\"name\":\"\",\"image\":{\"@type\":\"ImageObject\",\"inLanguage\":\"en-US\",\"@id\":\"https:\/\/dase.es\/en\/#\/schema\/person\/image\/\",\"url\":\"https:\/\/secure.gravatar.com\/avatar\/d3d5e9a75a56cf98e1b0dee24a616ff1780c643596609041085c62cc1ca5f467?s=96&d=blank&r=g\",\"contentUrl\":\"https:\/\/secure.gravatar.com\/avatar\/d3d5e9a75a56cf98e1b0dee24a616ff1780c643596609041085c62cc1ca5f467?s=96&d=blank&r=g\"},\"logo\":{\"@id\":\"https:\/\/dase.es\/en\/#\/schema\/person\/image\/\"}}]}<\/script>\n<!-- \/ Yoast SEO plugin. -->","yoast_head_json":{"title":"Graffiti con nombre para decorar habitaci\u00f3n juvenil &#183; Dase","description":"Graffiti con nombre . Murales y graffitis de letras pintados en paredes de casas para decoraci\u00f3n: Habitaciones juveniles para adolescentes.","robots":{"index":"noindex","follow":"follow"},"og_locale":"en_US","og_type":"article","og_title":"Graffiti con nombre para decorar habitaci\u00f3n juvenil &#183; Dase","og_description":"Graffiti con nombre . Murales y graffitis de letras pintados en paredes de casas para decoraci\u00f3n: Habitaciones juveniles para adolescentes.","og_url":"https:\/\/dase.es\/en\/comprar\/graffiti-nombre\/","og_site_name":"Dase","article_modified_time":"2024-01-10T19:50:16+00:00","og_image":[{"width":2048,"height":2048,"url":"https:\/\/dase.es\/wp-content\/uploads\/2022\/11\/Graffiti-Nombre-Habitacion-juvenil-Mural-adolescente.jpg","type":"image\/jpeg"}],"twitter_card":"summary_large_image","schema":{"@context":"https:\/\/schema.org","@graph":[{"@type":"WebPage","@id":"https:\/\/dase.es\/en\/comprar\/graffiti-nombre\/","url":"https:\/\/dase.es\/en\/comprar\/graffiti-nombre\/","name":"Graffiti con nombre para decorar habitaci\u00f3n juvenil &#183; Dase","isPartOf":{"@id":"https:\/\/dase.es\/en\/#website"},"primaryImageOfPage":{"@id":"https:\/\/dase.es\/en\/comprar\/graffiti-nombre\/#primaryimage"},"image":{"@id":"https:\/\/dase.es\/en\/comprar\/graffiti-nombre\/#primaryimage"},"thumbnailUrl":"https:\/\/dase.es\/wp-content\/uploads\/2022\/11\/Graffiti-Nombre-Habitacion-juvenil-Mural-adolescente.jpg","datePublished":"2022-11-11T07:47:42+00:00","dateModified":"2024-01-10T19:50:16+00:00","description":"Graffiti con nombre . Murales y graffitis de letras pintados en paredes de casas para decoraci\u00f3n: Habitaciones juveniles para adolescentes.","breadcrumb":{"@id":"https:\/\/dase.es\/en\/comprar\/graffiti-nombre\/#breadcrumb"},"inLanguage":"en-US","potentialAction":[{"@type":"ReadAction","target":["https:\/\/dase.es\/en\/comprar\/graffiti-nombre\/"]}]},{"@type":"ImageObject","inLanguage":"en-US","@id":"https:\/\/dase.es\/en\/comprar\/graffiti-nombre\/#primaryimage","url":"https:\/\/dase.es\/wp-content\/uploads\/2022\/11\/Graffiti-Nombre-Habitacion-juvenil-Mural-adolescente.jpg","contentUrl":"https:\/\/dase.es\/wp-content\/uploads\/2022\/11\/Graffiti-Nombre-Habitacion-juvenil-Mural-adolescente.jpg","width":2048,"height":2048,"caption":"Graffiti Nombre Habitacion juvenil Mural adolescente"},{"@type":"BreadcrumbList","@id":"https:\/\/dase.es\/en\/comprar\/graffiti-nombre\/#breadcrumb","itemListElement":[{"@type":"ListItem","position":1,"name":"Tienda online","item":"https:\/\/dase.es\/comprar\/"},{"@type":"ListItem","position":2,"name":"Painted murals \u203a","item":"https:\/\/dase.es\/en\/shop\/painted-murals\/"},{"@type":"ListItem","position":3,"name":"Graffiti con nombre"}]},{"@type":"WebSite","@id":"https:\/\/dase.es\/en\/#website","url":"https:\/\/dase.es\/en\/","name":"Dase","description":"Pintura Mural y Graffiti Profesional","publisher":{"@id":"https:\/\/dase.es\/en\/#\/schema\/person\/51518cff00aab96be0990ff852f05dd1"},"potentialAction":[{"@type":"SearchAction","target":{"@type":"EntryPoint","urlTemplate":"https:\/\/dase.es\/en\/?s={search_term_string}"},"query-input":{"@type":"PropertyValueSpecification","valueRequired":true,"valueName":"search_term_string"}}],"inLanguage":"en-US"},{"@type":["Person","Organization"],"@id":"https:\/\/dase.es\/en\/#\/schema\/person\/51518cff00aab96be0990ff852f05dd1","name":"","image":{"@type":"ImageObject","inLanguage":"en-US","@id":"https:\/\/dase.es\/en\/#\/schema\/person\/image\/","url":"https:\/\/secure.gravatar.com\/avatar\/d3d5e9a75a56cf98e1b0dee24a616ff1780c643596609041085c62cc1ca5f467?s=96&d=blank&r=g","contentUrl":"https:\/\/secure.gravatar.com\/avatar\/d3d5e9a75a56cf98e1b0dee24a616ff1780c643596609041085c62cc1ca5f467?s=96&d=blank&r=g"},"logo":{"@id":"https:\/\/dase.es\/en\/#\/schema\/person\/image\/"}}]}},"_links":{"self":[{"href":"https:\/\/dase.es\/en\/wp-json\/wp\/v2\/product\/29247","targetHints":{"allow":["GET"]}}],"collection":[{"href":"https:\/\/dase.es\/en\/wp-json\/wp\/v2\/product"}],"about":[{"href":"https:\/\/dase.es\/en\/wp-json\/wp\/v2\/types\/product"}],"wp:featuredmedia":[{"embeddable":true,"href":"https:\/\/dase.es\/en\/wp-json\/wp\/v2\/media\/29248"}],"wp:attachment":[{"href":"https:\/\/dase.es\/en\/wp-json\/wp\/v2\/media?parent=29247"}],"wp:term":[{"taxonomy":"product_brand","embeddable":true,"href":"https:\/\/dase.es\/en\/wp-json\/wp\/v2\/product_brand?post=29247"},{"taxonomy":"product_cat","embeddable":true,"href":"https:\/\/dase.es\/en\/wp-json\/wp\/v2\/product_cat?post=29247"},{"taxonomy":"product_tag","embeddable":true,"href":"https:\/\/dase.es\/en\/wp-json\/wp\/v2\/product_tag?post=29247"}],"curies":[{"name":"wp","href":"https:\/\/api.w.org\/{rel}","templated":true}]}}