{"id":29031,"date":"2022-10-24T15:06:57","date_gmt":"2022-10-24T13:06:57","guid":{"rendered":"https:\/\/dase.es\/?post_type=product&#038;p=29031"},"modified":"2025-03-03T08:29:11","modified_gmt":"2025-03-03T07:29:11","slug":"cuadro-personalizado","status":"publish","type":"product","link":"https:\/\/dase.es\/en\/comprar\/cuadro-personalizado\/","title":{"rendered":"Cuadro personalizado"},"content":{"rendered":"<h2>Cuadros personalizado pintados a mano<\/h2>\n<div id=\"_iUKSYPuJHdCYlwTshI0g63\" class=\"mWyH1d FXMOpb\" tabindex=\"0\" role=\"button\" aria-controls=\"_iUKSYPuJHdCYlwTshI0g62\" aria-expanded=\"true\"><\/div>\n<div id=\"_iUKSYPuJHdCYlwTshI0g62\" class=\"gy6Qzb oNjtBb V1sL5c\" aria-labelledby=\"_iUKSYPuJHdCYlwTshI0g63\">\n<div id=\"_iUKSYPuJHdCYlwTshI0g64\" class=\"y8URue\" data-hveid=\"CCIQBA\" data-ved=\"2ahUKEwi78pj--7HwAhVQzIUKHWxCAwQQu04oAXoECCIQBA\">\n<div id=\"21\">\n<div class=\"wDYxhc\" data-md=\"61\">\n<div class=\"LGOjhe\" role=\"heading\" data-attrid=\"wa:\/description\" aria-level=\"3\" data-hveid=\"CCUQAA\"><span style=\"font-family: -apple-system, BlinkMacSystemFont, 'Segoe UI', Roboto, Oxygen-Sans, Ubuntu, Cantarell, 'Helvetica Neue', sans-serif;\">Los <\/span><strong style=\"font-family: -apple-system, BlinkMacSystemFont, 'Segoe UI', Roboto, Oxygen-Sans, Ubuntu, Cantarell, 'Helvetica Neue', sans-serif;\">cuadros personalizadas originales<\/strong><span style=\"font-family: -apple-system, BlinkMacSystemFont, 'Segoe UI', Roboto, Oxygen-Sans, Ubuntu, Cantarell, 'Helvetica Neue', sans-serif;\"> son regalos exclusivos, bonitos y \u00fanicos para cualquier ocasi\u00f3n <\/span><strong style=\"font-family: -apple-system, BlinkMacSystemFont, 'Segoe UI', Roboto, Oxygen-Sans, Ubuntu, Cantarell, 'Helvetica Neue', sans-serif;\">pintados a mano.<\/strong><span style=\"font-family: -apple-system, BlinkMacSystemFont, 'Segoe UI', Roboto, Oxygen-Sans, Ubuntu, Cantarell, 'Helvetica Neue', sans-serif;\"> Se env\u00edan gratis por email e impresas en l\u00e1minas de papel a domicilio.<\/span><\/div>\n<\/div>\n<\/div>\n<\/div>\n<\/div>\n<h2>Cuadros personalizadas online<\/h2>\n<section class=\"av_textblock_section \">\n<div class=\"avia_textblock \">\n<p>Tu<strong> cuadro personalizado<\/strong>\u00a0te va a encantar.<\/p>\n<h2>Cuadros pintados personalizadas<\/h2>\n<h4><strong>C\u00f3mo contratar cuadros pintados online<\/strong><\/h4>\n<h2>Cuadros personalizados por encargo<\/h2>\n<\/div>\n<p>Sube una imagen en el formulario del pedido y dibujaremos tus <strong>cuadros pintados a partir de fotos.<\/strong><\/p>\n<h2>Dise\u00f1o digital de tu cuadro personalizado<\/h2>\n<p>Recibe por email el dise\u00f1o digital de tu<strong> cuadro personalizado.<\/strong><\/p>\n<div class=\"avia_textblock \">\n<p><span style=\"font-size: 16px;\">Satisfacci\u00f3n garantizada: Si no te encanta, hacemos otra o cambiamos lo que quieras.<\/span><\/p>\n<\/div>\n<p><span style=\"font-weight: 400;\">Formato y resoluci\u00f3n de las <strong>dise\u00f1os digitales personalizados.<\/strong><\/span><\/p>\n<p>Env\u00edo de los<strong> cuadros personalizados gratis<\/strong> a toda Espa\u00f1a.<\/p>\n<div class=\"avia_textblock \">\n<h2>Cuadros personalizados econ\u00f3micos<\/h2>\n<h3>\u00bfCu\u00e1nto cuesta un cuadro personalizado por encargo?<\/h3>\n<p>El <strong>precio de un cuadro personalizado<\/strong> por encargo en Espa\u00f1a parte de 1.500\u20ac.<\/p>\n<p>Licencias de uso:<\/p>\n<p>Personal: <strong>Cuadros personalizados para regalar<\/strong>\u00a0o decorar tu casa particular.<\/p>\n<p>No incluye derechos de distribuci\u00f3n o comunicaci\u00f3n p\u00fablica.ge]<\/p>\n<\/div>\n<section class=\"av_textblock_section \">\n<div class=\"avia_textblock \">\n<p>Comercial: <strong>Ilustraciones para publicidad<\/strong>, <strong>libros<\/strong> (Editorial) &amp; productos (Merchandising).<\/p>\n<p>No incluye derechos de transformaci\u00f3n.<\/p>\n<\/div>\n<p>Estilos:<\/p>\n<\/section>\n<div class=\"avia_textblock \">\n<h2>Pinturas personalizadas en blanco y negro<\/h2>\n<p>Consigue tu elegante y moderna\u00a0<strong>obra personalizada en blanco y negro<\/strong> a una l\u00ednea.<\/p>\n<h2 class=\"avia_textblock \">Cuadros personalizados a l\u00e1piz digital<\/h2>\n<div>Realizamos<strong> obras personalizadas a l\u00e1piz<\/strong> digital sobre tablet para se pueda imprimir lo grande que quieras.<\/div>\n<h2>Pinturas personalizadas con acuarela<\/h2>\n<p>A\u00f1ade unos toques de color tipo\u00a0<strong>acuarela<\/strong> plana a tus<strong> acuarelas personalizadas<\/strong>.<\/p>\n<\/div>\n<\/section>\n<p>&nbsp;<\/p>\n<p>Homenajes:<\/p>\n<section class=\"av_textblock_section \">\n<div class=\"avia_textblock \">\n<h2>Ilustraciones personalizadas: Retratos<\/h2>\n<p>Hazle un homenaje \u00fanico y muy especial a un ser querido con un <strong>retrato personalizado por encargo<\/strong>.<\/p>\n<p>A\u00f1ade varias personas: familia, amigas, parejas, animales o mascotas y otras figuras.<\/p>\n<h2 class=\"s75CSd ZJjDdf LTmh7d\">Retratos de parejas<\/h2>\n<p>Las<strong> pinturas personalizadas de parejas<\/strong> son los regalos m\u00e1s especiales que se pueden hacer ya que son \u00fanicos y a medida.<\/p>\n<p>Perfectos para aniversarios o para hacer cualquier d\u00eda especial.<\/p>\n<p class=\"s75CSd ZJjDdf LTmh7d\">Un <strong>retratos personalizado para una pareja<\/strong>\u00a0es un regalo ideal para <strong>bodas.<\/strong><\/p>\n<h2 class=\"s75CSd ZJjDdf LTmh7d\">Retratos pintados para bodas<\/h2>\n<p>Contrata una<strong> pintura como regalo de boda<\/strong>.<\/p>\n<h2 class=\"s75CSd ZJjDdf LTmh7d\">Cuadros pintados para bodas<\/h2>\n<p>Reserva tu obra en <strong>pintura para bodas<\/strong>.<\/p>\n<h2>Cuadros pintados de familia<\/h2>\n<p>Tu <strong>ilustraci\u00f3n de\u00a0familia<\/strong> es un regalo \u00fanico hecho a mano con tiempo, amor y destreza para celebrar ocasiones especiales como el <strong>nacimiento de un beb\u00e9<\/strong> o una uni\u00f3n de <strong>pareja<\/strong>.<\/p>\n<\/div>\n<\/section>\n<h2>Cuadros pintados de amigas<\/h2>\n<p>Deja a tus amistades con cara de cuadro con unos <strong>retratos bonitos<\/strong> y reconocibles <strong>a partir de foto<\/strong>.<\/p>\n<div class=\"AJLUJb\">\n<h2 class=\"s75CSd ZJjDdf LTmh7d\">Cuadros personalizados de mascotas<\/h2>\n<div class=\"aXBZVd\">\n<div><\/div>\n<div class=\"s75CSd ZJjDdf LTmh7d\">Les <strong>animales<\/strong> forman parte de nuestra familia. Por eso hacemos <strong>cuadros de perros personalizados<\/strong>.<\/div>\n<div class=\"aXBZVd\"><span style=\"font-family: -apple-system, BlinkMacSystemFont, 'Segoe UI', Roboto, Oxygen-Sans, Ubuntu, Cantarell, 'Helvetica Neue', sans-serif;\">Los <\/span><strong style=\"font-family: -apple-system, BlinkMacSystemFont, 'Segoe UI', Roboto, Oxygen-Sans, Ubuntu, Cantarell, 'Helvetica Neue', sans-serif;\">retratos de mascotas personalizados<\/strong><span style=\"font-family: -apple-system, BlinkMacSystemFont, 'Segoe UI', Roboto, Oxygen-Sans, Ubuntu, Cantarell, 'Helvetica Neue', sans-serif;\"> no se quedan en una imagen de un <\/span><strong style=\"font-family: -apple-system, BlinkMacSystemFont, 'Segoe UI', Roboto, Oxygen-Sans, Ubuntu, Cantarell, 'Helvetica Neue', sans-serif;\">animal<\/strong><span style=\"font-family: -apple-system, BlinkMacSystemFont, 'Segoe UI', Roboto, Oxygen-Sans, Ubuntu, Cantarell, 'Helvetica Neue', sans-serif;\"> de la misma especie o raza. Representan su esencia en toda su esplendor. L\u00e1stima que suelan vivir menos tiempo que las personas humanas.<\/span><\/div>\n<\/div>\n<div>\n<h2 class=\"s75CSd ZJjDdf LTmh7d\">Retrato de mascota personalizado<\/h2>\n<\/div>\n<\/div>\n<div class=\"AJLUJb\">\n<div class=\"s75CSd ZJjDdf LTmh7d\">\u00bfA qu\u00e9 esperas para hacerte con unos <strong>dibujos de mascotas personalizados<\/strong>?<\/div>\n<div class=\"s75CSd ZJjDdf LTmh7d\">Recibe las\u00a0<strong>l\u00e1minas de tu mascota<\/strong> listas para colgar al tama\u00f1o que prefieras.<\/div>\n<\/div>\n<h2>Pinturas personalizadas en Barcelona<\/h2>\n<p>Tus<strong> pinturas personalizadas desde Barcelona<\/strong>.<\/p>\n<h2>Contratar pinturas personalizadas<\/h2>\n","protected":false},"excerpt":{"rendered":"<h3>Eleva tu espacio invirtiendo en un cuadro personalizado pintado a mano por Dase.<\/h3>\n","protected":false},"featured_media":30720,"template":"","meta":{"_joinchat":[]},"product_brand":[],"product_cat":[508,510,509,177],"product_tag":[],"class_list":{"0":"post-29031","1":"product","2":"type-product","3":"status-publish","4":"has-post-thumbnail","6":"product_cat-cuadros-arte-urbano","7":"product_cat-pintor-de-cuadros","8":"product_cat-pintor-de-cuadros-de-colores","9":"product_cat-cuadros-pintados-a-mano","11":"first","12":"onbackorder","13":"featured","14":"virtual","15":"taxable","16":"purchasable","17":"product-type-simple"},"yoast_head":"<!-- This site is optimized with the Yoast SEO plugin v26.4 - https:\/\/yoast.com\/wordpress\/plugins\/seo\/ -->\n<title>Cuadros Personalizados pintados a mano por un artista &#183; Dase<\/title>\n<meta name=\"description\" content=\"Cuadros personalizados pintados a mano para regalar: Parejas, mascotas... Contrata ya tu cuadro de pintura personalizada.\" \/>\n<meta name=\"robots\" content=\"noindex, follow\" \/>\n<meta property=\"og:locale\" content=\"en_US\" \/>\n<meta property=\"og:type\" content=\"article\" \/>\n<meta property=\"og:title\" content=\"Cuadros Personalizados pintados a mano por un artista &#183; Dase\" \/>\n<meta property=\"og:description\" content=\"Cuadros personalizados pintados a mano para regalar: Parejas, mascotas... Contrata ya tu cuadro de pintura personalizada.\" \/>\n<meta property=\"og:url\" content=\"https:\/\/dase.es\/en\/comprar\/cuadro-personalizado\/\" \/>\n<meta property=\"og:site_name\" content=\"Dase\" \/>\n<meta property=\"article:modified_time\" content=\"2025-03-03T07:29:11+00:00\" \/>\n<meta property=\"og:image\" content=\"https:\/\/dase.es\/wp-content\/uploads\/2022\/10\/dase-artwork-canvas-portrait-painting.jpg\" \/>\n\t<meta property=\"og:image:width\" content=\"2048\" \/>\n\t<meta property=\"og:image:height\" content=\"2048\" \/>\n\t<meta property=\"og:image:type\" content=\"image\/jpeg\" \/>\n<meta name=\"twitter:card\" content=\"summary_large_image\" \/>\n<script type=\"application\/ld+json\" class=\"yoast-schema-graph\">{\"@context\":\"https:\/\/schema.org\",\"@graph\":[{\"@type\":\"WebPage\",\"@id\":\"https:\/\/dase.es\/en\/comprar\/cuadro-personalizado\/\",\"url\":\"https:\/\/dase.es\/en\/comprar\/cuadro-personalizado\/\",\"name\":\"Cuadros Personalizados pintados a mano por un artista &#183; Dase\",\"isPartOf\":{\"@id\":\"https:\/\/dase.es\/en\/#website\"},\"primaryImageOfPage\":{\"@id\":\"https:\/\/dase.es\/en\/comprar\/cuadro-personalizado\/#primaryimage\"},\"image\":{\"@id\":\"https:\/\/dase.es\/en\/comprar\/cuadro-personalizado\/#primaryimage\"},\"thumbnailUrl\":\"https:\/\/dase.es\/wp-content\/uploads\/2022\/10\/dase-artwork-canvas-portrait-painting.jpg\",\"datePublished\":\"2022-10-24T13:06:57+00:00\",\"dateModified\":\"2025-03-03T07:29:11+00:00\",\"description\":\"Cuadros personalizados pintados a mano para regalar: Parejas, mascotas... Contrata ya tu cuadro de pintura personalizada.\",\"breadcrumb\":{\"@id\":\"https:\/\/dase.es\/en\/comprar\/cuadro-personalizado\/#breadcrumb\"},\"inLanguage\":\"en-US\",\"potentialAction\":[{\"@type\":\"ReadAction\",\"target\":[\"https:\/\/dase.es\/en\/comprar\/cuadro-personalizado\/\"]}]},{\"@type\":\"ImageObject\",\"inLanguage\":\"en-US\",\"@id\":\"https:\/\/dase.es\/en\/comprar\/cuadro-personalizado\/#primaryimage\",\"url\":\"https:\/\/dase.es\/wp-content\/uploads\/2022\/10\/dase-artwork-canvas-portrait-painting.jpg\",\"contentUrl\":\"https:\/\/dase.es\/wp-content\/uploads\/2022\/10\/dase-artwork-canvas-portrait-painting.jpg\",\"width\":2048,\"height\":2048,\"caption\":\"Cuadro Pintado con Retrato de Chica\"},{\"@type\":\"BreadcrumbList\",\"@id\":\"https:\/\/dase.es\/en\/comprar\/cuadro-personalizado\/#breadcrumb\",\"itemListElement\":[{\"@type\":\"ListItem\",\"position\":1,\"name\":\"Tienda online\",\"item\":\"https:\/\/dase.es\/comprar\/\"},{\"@type\":\"ListItem\",\"position\":2,\"name\":\"Original paintings \u203a\",\"item\":\"https:\/\/dase.es\/en\/shop\/canvas-en\/\"},{\"@type\":\"ListItem\",\"position\":3,\"name\":\"Cuadro personalizado\"}]},{\"@type\":\"WebSite\",\"@id\":\"https:\/\/dase.es\/en\/#website\",\"url\":\"https:\/\/dase.es\/en\/\",\"name\":\"Dase\",\"description\":\"Pintura Mural y Graffiti Profesional\",\"publisher\":{\"@id\":\"https:\/\/dase.es\/en\/#\/schema\/person\/51518cff00aab96be0990ff852f05dd1\"},\"potentialAction\":[{\"@type\":\"SearchAction\",\"target\":{\"@type\":\"EntryPoint\",\"urlTemplate\":\"https:\/\/dase.es\/en\/?s={search_term_string}\"},\"query-input\":{\"@type\":\"PropertyValueSpecification\",\"valueRequired\":true,\"valueName\":\"search_term_string\"}}],\"inLanguage\":\"en-US\"},{\"@type\":[\"Person\",\"Organization\"],\"@id\":\"https:\/\/dase.es\/en\/#\/schema\/person\/51518cff00aab96be0990ff852f05dd1\",\"name\":\"\",\"image\":{\"@type\":\"ImageObject\",\"inLanguage\":\"en-US\",\"@id\":\"https:\/\/dase.es\/en\/#\/schema\/person\/image\/\",\"url\":\"https:\/\/secure.gravatar.com\/avatar\/d3d5e9a75a56cf98e1b0dee24a616ff1780c643596609041085c62cc1ca5f467?s=96&d=blank&r=g\",\"contentUrl\":\"https:\/\/secure.gravatar.com\/avatar\/d3d5e9a75a56cf98e1b0dee24a616ff1780c643596609041085c62cc1ca5f467?s=96&d=blank&r=g\"},\"logo\":{\"@id\":\"https:\/\/dase.es\/en\/#\/schema\/person\/image\/\"}}]}<\/script>\n<!-- \/ Yoast SEO plugin. -->","yoast_head_json":{"title":"Cuadros Personalizados pintados a mano por un artista &#183; Dase","description":"Cuadros personalizados pintados a mano para regalar: Parejas, mascotas... Contrata ya tu cuadro de pintura personalizada.","robots":{"index":"noindex","follow":"follow"},"og_locale":"en_US","og_type":"article","og_title":"Cuadros Personalizados pintados a mano por un artista &#183; Dase","og_description":"Cuadros personalizados pintados a mano para regalar: Parejas, mascotas... Contrata ya tu cuadro de pintura personalizada.","og_url":"https:\/\/dase.es\/en\/comprar\/cuadro-personalizado\/","og_site_name":"Dase","article_modified_time":"2025-03-03T07:29:11+00:00","og_image":[{"width":2048,"height":2048,"url":"https:\/\/dase.es\/wp-content\/uploads\/2022\/10\/dase-artwork-canvas-portrait-painting.jpg","type":"image\/jpeg"}],"twitter_card":"summary_large_image","schema":{"@context":"https:\/\/schema.org","@graph":[{"@type":"WebPage","@id":"https:\/\/dase.es\/en\/comprar\/cuadro-personalizado\/","url":"https:\/\/dase.es\/en\/comprar\/cuadro-personalizado\/","name":"Cuadros Personalizados pintados a mano por un artista &#183; Dase","isPartOf":{"@id":"https:\/\/dase.es\/en\/#website"},"primaryImageOfPage":{"@id":"https:\/\/dase.es\/en\/comprar\/cuadro-personalizado\/#primaryimage"},"image":{"@id":"https:\/\/dase.es\/en\/comprar\/cuadro-personalizado\/#primaryimage"},"thumbnailUrl":"https:\/\/dase.es\/wp-content\/uploads\/2022\/10\/dase-artwork-canvas-portrait-painting.jpg","datePublished":"2022-10-24T13:06:57+00:00","dateModified":"2025-03-03T07:29:11+00:00","description":"Cuadros personalizados pintados a mano para regalar: Parejas, mascotas... Contrata ya tu cuadro de pintura personalizada.","breadcrumb":{"@id":"https:\/\/dase.es\/en\/comprar\/cuadro-personalizado\/#breadcrumb"},"inLanguage":"en-US","potentialAction":[{"@type":"ReadAction","target":["https:\/\/dase.es\/en\/comprar\/cuadro-personalizado\/"]}]},{"@type":"ImageObject","inLanguage":"en-US","@id":"https:\/\/dase.es\/en\/comprar\/cuadro-personalizado\/#primaryimage","url":"https:\/\/dase.es\/wp-content\/uploads\/2022\/10\/dase-artwork-canvas-portrait-painting.jpg","contentUrl":"https:\/\/dase.es\/wp-content\/uploads\/2022\/10\/dase-artwork-canvas-portrait-painting.jpg","width":2048,"height":2048,"caption":"Cuadro Pintado con Retrato de Chica"},{"@type":"BreadcrumbList","@id":"https:\/\/dase.es\/en\/comprar\/cuadro-personalizado\/#breadcrumb","itemListElement":[{"@type":"ListItem","position":1,"name":"Tienda online","item":"https:\/\/dase.es\/comprar\/"},{"@type":"ListItem","position":2,"name":"Original paintings \u203a","item":"https:\/\/dase.es\/en\/shop\/canvas-en\/"},{"@type":"ListItem","position":3,"name":"Cuadro personalizado"}]},{"@type":"WebSite","@id":"https:\/\/dase.es\/en\/#website","url":"https:\/\/dase.es\/en\/","name":"Dase","description":"Pintura Mural y Graffiti Profesional","publisher":{"@id":"https:\/\/dase.es\/en\/#\/schema\/person\/51518cff00aab96be0990ff852f05dd1"},"potentialAction":[{"@type":"SearchAction","target":{"@type":"EntryPoint","urlTemplate":"https:\/\/dase.es\/en\/?s={search_term_string}"},"query-input":{"@type":"PropertyValueSpecification","valueRequired":true,"valueName":"search_term_string"}}],"inLanguage":"en-US"},{"@type":["Person","Organization"],"@id":"https:\/\/dase.es\/en\/#\/schema\/person\/51518cff00aab96be0990ff852f05dd1","name":"","image":{"@type":"ImageObject","inLanguage":"en-US","@id":"https:\/\/dase.es\/en\/#\/schema\/person\/image\/","url":"https:\/\/secure.gravatar.com\/avatar\/d3d5e9a75a56cf98e1b0dee24a616ff1780c643596609041085c62cc1ca5f467?s=96&d=blank&r=g","contentUrl":"https:\/\/secure.gravatar.com\/avatar\/d3d5e9a75a56cf98e1b0dee24a616ff1780c643596609041085c62cc1ca5f467?s=96&d=blank&r=g"},"logo":{"@id":"https:\/\/dase.es\/en\/#\/schema\/person\/image\/"}}]}},"_links":{"self":[{"href":"https:\/\/dase.es\/en\/wp-json\/wp\/v2\/product\/29031","targetHints":{"allow":["GET"]}}],"collection":[{"href":"https:\/\/dase.es\/en\/wp-json\/wp\/v2\/product"}],"about":[{"href":"https:\/\/dase.es\/en\/wp-json\/wp\/v2\/types\/product"}],"wp:featuredmedia":[{"embeddable":true,"href":"https:\/\/dase.es\/en\/wp-json\/wp\/v2\/media\/30720"}],"wp:attachment":[{"href":"https:\/\/dase.es\/en\/wp-json\/wp\/v2\/media?parent=29031"}],"wp:term":[{"taxonomy":"product_brand","embeddable":true,"href":"https:\/\/dase.es\/en\/wp-json\/wp\/v2\/product_brand?post=29031"},{"taxonomy":"product_cat","embeddable":true,"href":"https:\/\/dase.es\/en\/wp-json\/wp\/v2\/product_cat?post=29031"},{"taxonomy":"product_tag","embeddable":true,"href":"https:\/\/dase.es\/en\/wp-json\/wp\/v2\/product_tag?post=29031"}],"curies":[{"name":"wp","href":"https:\/\/api.w.org\/{rel}","templated":true}]}}