{"id":28948,"date":"2022-10-22T08:42:59","date_gmt":"2022-10-22T06:42:59","guid":{"rendered":"https:\/\/dase.es\/?post_type=product&#038;p=28948"},"modified":"2024-06-17T18:17:40","modified_gmt":"2024-06-17T16:17:40","slug":"cubos-para-pintar","status":"publish","type":"product","link":"https:\/\/dase.es\/en\/comprar\/cubos-para-pintar\/","title":{"rendered":"Soporte mural"},"content":{"rendered":"<div class='avia-iframe-wrap'><iframe loading=\"lazy\" title=\"MTN PUZZL6 . \u00a1No es una caja, es una idea!\" width=\"1500\" height=\"844\" src=\"https:\/\/www.youtube.com\/embed\/RC3Wf6ie4ZE?feature=oembed\" frameborder=\"0\" allow=\"accelerometer; autoplay; clipboard-write; encrypted-media; gyroscope; picture-in-picture; web-share\" referrerpolicy=\"strict-origin-when-cross-origin\" allowfullscreen><\/iframe><\/div>\n<p class=\"gmail_default\"><strong>IMPORTANTE:<\/strong> Los cubos, por su volumen, no pueden enviarse a trav\u00e9s de nuestra agencia de paqueter\u00eda urgente, van empaquetados en un palet y se entregan a pie de calle. Las entregas se realizan en un periodo de 3-5 d\u00edas sin posibilidad de seguimiento de la expedici\u00f3n.<\/p>\n<h3 class=\"gmail_default\">\u00bfCu\u00e1l es el tama\u00f1o de una pared adecuado para un Live Painting?<\/h3>\n<p>2,4&#215;2,4m, es decir, 9 cubos (3 de alto x 3 de ancho).<\/p>\n<p>Este tama\u00f1o es ideal para Live Painting ya que es grande, viable de realizar sin escalera, y al tener formato cuadrado es ideal tanto para fotos y v\u00eddeos verticales y horizontales.<\/p>\n<p><img loading=\"lazy\" decoding=\"async\" class=\"alignnone size-large wp-image-29033\" src=\"https:\/\/dase.es\/wp-content\/uploads\/2022\/10\/live-painting-show-mural-graffiti-performance-live-event-dase-1030x1030.png\" alt=\"\" width=\"1030\" height=\"1030\" \/><\/p>\n<h3 class=\"gmail_default\">\u00bfCu\u00e1l es el tama\u00f1o de una pared adecuado para un Teampainting?<\/h3>\n<p>Lo ideal es que cada persona pueda pintar la cara de un cubo aproximadamente.<br \/>\nPor ejemplo, un grupo de 10 personas podr\u00eda pintar una pared de 9 cubos:<\/p>\n<p>&nbsp;<\/p>\n<div id=\"attachment_28363\" style=\"width: 1040px\" class=\"wp-caption alignnone\"><img loading=\"lazy\" decoding=\"async\" aria-describedby=\"caption-attachment-28363\" class=\"size-large wp-image-28363\" src=\"https:\/\/dase.es\/wp-content\/uploads\/2022\/04\/Taller-Graffiti-teambuilding-mural-workshop-1030x1030.jpg\" alt=\"\" width=\"1030\" height=\"1030\" srcset=\"https:\/\/dase.es\/wp-content\/uploads\/2022\/04\/Taller-Graffiti-teambuilding-mural-workshop-1030x1030.jpg 1030w, https:\/\/dase.es\/wp-content\/uploads\/2022\/04\/Taller-Graffiti-teambuilding-mural-workshop-300x300.jpg 300w, https:\/\/dase.es\/wp-content\/uploads\/2022\/04\/Taller-Graffiti-teambuilding-mural-workshop-80x80.jpg 80w, https:\/\/dase.es\/wp-content\/uploads\/2022\/04\/Taller-Graffiti-teambuilding-mural-workshop-768x768.jpg 768w, https:\/\/dase.es\/wp-content\/uploads\/2022\/04\/Taller-Graffiti-teambuilding-mural-workshop-1536x1536.jpg 1536w, https:\/\/dase.es\/wp-content\/uploads\/2022\/04\/Taller-Graffiti-teambuilding-mural-workshop-2048x2048.jpg 2048w, https:\/\/dase.es\/wp-content\/uploads\/2022\/04\/Taller-Graffiti-teambuilding-mural-workshop-36x36.jpg 36w, https:\/\/dase.es\/wp-content\/uploads\/2022\/04\/Taller-Graffiti-teambuilding-mural-workshop-180x180.jpg 180w, https:\/\/dase.es\/wp-content\/uploads\/2022\/04\/Taller-Graffiti-teambuilding-mural-workshop-1500x1500.jpg 1500w, https:\/\/dase.es\/wp-content\/uploads\/2022\/04\/Taller-Graffiti-teambuilding-mural-workshop-705x705.jpg 705w, https:\/\/dase.es\/wp-content\/uploads\/2022\/04\/Taller-Graffiti-teambuilding-mural-workshop-100x100.jpg 100w, https:\/\/dase.es\/wp-content\/uploads\/2022\/04\/Taller-Graffiti-teambuilding-mural-workshop-450x450.jpg 450w\" sizes=\"auto, (max-width: 1030px) 100vw, 1030px\" \/><p id=\"caption-attachment-28363\" class=\"wp-caption-text\">Teampainting X Google (Madrid)<\/p><\/div>\n<p><strong>Para grupos de m\u00e1s de 10-20 personas<\/strong> <strong>es posible pintar las 2 caras de una pared de 9 cubos<\/strong>\u00a0con el fin de ocupar menos metros lineales y reducir costes.\u00a0 De este modo, una pared de 9 cubos podr\u00eda acoger a 20 personas divididas en 2 grupos (cada grupo pintar\u00eda un lateral).<\/p>\n<p>Si por lo contrario se dispone de espacio y se prefiere pintar un \u00fanico mural m\u00e1s largo, 18 personas podr\u00edan trabajar c\u00f3modamente en una pared de 18 cubos, que medir\u00eda 7,2m de largo (como una furgoneta).<\/p>\n<p>Incluso es posible pintar las 4 caras si dividimos la actividad en 2 turnos y dejamos secar la pintura 30&#8242; entre ellos.<\/p>\n<p><img loading=\"lazy\" decoding=\"async\" class=\"alignnone size-large wp-image-28844\" src=\"https:\/\/dase.es\/wp-content\/uploads\/2022\/10\/Team-painting-Dase-X-Wallapop-Collaborative-Graffiti-Mural-Art-Creative-teambuilding--1030x773.jpg\" alt=\"\" width=\"1030\" height=\"773\" srcset=\"https:\/\/dase.es\/wp-content\/uploads\/2022\/10\/Team-painting-Dase-X-Wallapop-Collaborative-Graffiti-Mural-Art-Creative-teambuilding--1030x773.jpg 1030w, https:\/\/dase.es\/wp-content\/uploads\/2022\/10\/Team-painting-Dase-X-Wallapop-Collaborative-Graffiti-Mural-Art-Creative-teambuilding--300x225.jpg 300w, https:\/\/dase.es\/wp-content\/uploads\/2022\/10\/Team-painting-Dase-X-Wallapop-Collaborative-Graffiti-Mural-Art-Creative-teambuilding--768x576.jpg 768w, https:\/\/dase.es\/wp-content\/uploads\/2022\/10\/Team-painting-Dase-X-Wallapop-Collaborative-Graffiti-Mural-Art-Creative-teambuilding--1536x1152.jpg 1536w, https:\/\/dase.es\/wp-content\/uploads\/2022\/10\/Team-painting-Dase-X-Wallapop-Collaborative-Graffiti-Mural-Art-Creative-teambuilding--2048x1536.jpg 2048w, https:\/\/dase.es\/wp-content\/uploads\/2022\/10\/Team-painting-Dase-X-Wallapop-Collaborative-Graffiti-Mural-Art-Creative-teambuilding--1500x1125.jpg 1500w, https:\/\/dase.es\/wp-content\/uploads\/2022\/10\/Team-painting-Dase-X-Wallapop-Collaborative-Graffiti-Mural-Art-Creative-teambuilding--705x529.jpg 705w, https:\/\/dase.es\/wp-content\/uploads\/2022\/10\/Team-painting-Dase-X-Wallapop-Collaborative-Graffiti-Mural-Art-Creative-teambuilding--450x338.jpg 450w\" sizes=\"auto, (max-width: 1030px) 100vw, 1030px\" \/><\/p>\n<h3 class=\"gmail_default\">\u00bfCu\u00e1nto ocupa una pared desmontable plegada?<\/h3>\n<p class=\"gmail_default\">Un cubo plegado ocupa 1,2 x 0,8 x 0,04m.<\/p>\n<div class=\"default-style gmail_default\">En un turismo grande con los asientos traseros tumbados caben 9 cubos aprox.<br \/>\n(1,2 x 0,8 x 0,04m).<\/div>\n<div><\/div>\n<div class=\"default-style gmail_default\">En un furg\u00f3n peque\u00f1o caben 48 cubos aprox. (1,2 x 0,8 x 1,92m).<\/div>\n<h3 class=\"default-style gmail_default\">\u00bfQu\u00e9 se hace con la pared desmontable al terminar?<\/h3>\n<div class=\"default-style gmail_default\">En la mayor\u00eda de casos, se conserva para exposici\u00f3n temporal.<br \/>\nDespu\u00e9s, se debe llevar a un punto verde para su reciclaje.<\/div>\n<div class=\"gmail_default\"><\/div>\n<div class=\"gmail_default\">Cuando la actividad se realiza en un espacio distinto al lugar de la exposici\u00f3n, hay 2 soluciones:<\/div>\n<div class=\"gmail_default\">A. Desmontar, transportar a las oficinas y montar de nuevo.<\/div>\n<div class=\"gmail_default\">B. Desmontar y llevarlo directamente a reciclar al punto verde m\u00e1s cercano.<\/div>\n<div><\/div>\n<h3 class=\"default-style\">\u00bfQu\u00e9 durabilidad tiene la pintura en los cubos?<\/h3>\n<div class=\"default-style\"><span style=\"font-family: -apple-system, BlinkMacSystemFont, 'Segoe UI', Roboto, Oxygen-Sans, Ubuntu, Cantarell, 'Helvetica Neue', sans-serif;\">La durabilidad de la pintura sobre el cart\u00f3n blanco es muy alta ya que al ser mate se adhiere muy bien y ni salta ni pierde color.<br \/>\nSin embargo, el cart\u00f3n es un material fr\u00e1gil ante roces, golpes, humedad y larga exposici\u00f3n al sol.<\/span><\/div>\n","protected":false},"excerpt":{"rendered":"<h3>Crea una pared tan larga como quieras<\/h3>\n<p>La altura por defecto es de 2,4m (3 cubos de 80cm).<\/p>\n<ul>\n<li>Para Team Painting se recomienda <strong>1 cubo x Persona<\/strong> aprox.<\/li>\n<li>Para Live Painting se recomiendan <strong>9 cubos<\/strong> (2,4&#215;2,4m).<\/li>\n<\/ul>\n","protected":false},"featured_media":28952,"template":"","meta":{"_joinchat":[]},"product_brand":[],"product_cat":[349],"product_tag":[],"class_list":{"0":"post-28948","1":"product","2":"type-product","3":"status-publish","4":"has-post-thumbnail","6":"product_cat-arte-para-eventos","7":"product_shipping_class-envio-gratis","9":"first","10":"instock","11":"taxable","12":"shipping-taxable","13":"purchasable","14":"product-type-simple"},"yoast_head":"<!-- This site is optimized with the Yoast SEO plugin v26.4 - https:\/\/yoast.com\/wordpress\/plugins\/seo\/ -->\n<title>Soporte mural &#183; Dase<\/title>\n<meta name=\"description\" content=\"Crea paredes modulares del tama\u00f1o que quierasCubo de cart\u00f3n blanco de 80x80x80cm pintable por 4 caras.Un objeto f\u00e1cil de montar, econ\u00f3mico, ligero y reciclable.\" \/>\n<meta name=\"robots\" content=\"noindex, follow\" \/>\n<meta property=\"og:locale\" content=\"en_US\" \/>\n<meta property=\"og:type\" content=\"article\" \/>\n<meta property=\"og:title\" content=\"Soporte mural &#183; Dase\" \/>\n<meta property=\"og:description\" content=\"Crea paredes modulares del tama\u00f1o que quierasCubo de cart\u00f3n blanco de 80x80x80cm pintable por 4 caras.Un objeto f\u00e1cil de montar, econ\u00f3mico, ligero y reciclable.\" \/>\n<meta property=\"og:url\" content=\"https:\/\/dase.es\/en\/comprar\/cubos-para-pintar\/\" \/>\n<meta property=\"og:site_name\" content=\"Dase\" \/>\n<meta property=\"article:modified_time\" content=\"2024-06-17T16:17:40+00:00\" \/>\n<meta property=\"og:image\" content=\"https:\/\/dase.es\/wp-content\/uploads\/2022\/10\/mtn-puzzl6-3.jpeg\" \/>\n\t<meta property=\"og:image:width\" content=\"600\" \/>\n\t<meta property=\"og:image:height\" content=\"600\" \/>\n\t<meta property=\"og:image:type\" content=\"image\/jpeg\" \/>\n<meta name=\"twitter:card\" content=\"summary_large_image\" \/>\n<script type=\"application\/ld+json\" class=\"yoast-schema-graph\">{\"@context\":\"https:\/\/schema.org\",\"@graph\":[{\"@type\":\"WebPage\",\"@id\":\"https:\/\/dase.es\/en\/comprar\/cubos-para-pintar\/\",\"url\":\"https:\/\/dase.es\/en\/comprar\/cubos-para-pintar\/\",\"name\":\"Soporte mural &#183; Dase\",\"isPartOf\":{\"@id\":\"https:\/\/dase.es\/en\/#website\"},\"primaryImageOfPage\":{\"@id\":\"https:\/\/dase.es\/en\/comprar\/cubos-para-pintar\/#primaryimage\"},\"image\":{\"@id\":\"https:\/\/dase.es\/en\/comprar\/cubos-para-pintar\/#primaryimage\"},\"thumbnailUrl\":\"https:\/\/dase.es\/wp-content\/uploads\/2022\/10\/mtn-puzzl6-3.jpeg\",\"datePublished\":\"2022-10-22T06:42:59+00:00\",\"dateModified\":\"2024-06-17T16:17:40+00:00\",\"description\":\"Crea paredes modulares del tama\u00f1o que quierasCubo de cart\u00f3n blanco de 80x80x80cm pintable por 4 caras.Un objeto f\u00e1cil de montar, econ\u00f3mico, ligero y reciclable.\",\"breadcrumb\":{\"@id\":\"https:\/\/dase.es\/en\/comprar\/cubos-para-pintar\/#breadcrumb\"},\"inLanguage\":\"en-US\",\"potentialAction\":[{\"@type\":\"ReadAction\",\"target\":[\"https:\/\/dase.es\/en\/comprar\/cubos-para-pintar\/\"]}]},{\"@type\":\"ImageObject\",\"inLanguage\":\"en-US\",\"@id\":\"https:\/\/dase.es\/en\/comprar\/cubos-para-pintar\/#primaryimage\",\"url\":\"https:\/\/dase.es\/wp-content\/uploads\/2022\/10\/mtn-puzzl6-3.jpeg\",\"contentUrl\":\"https:\/\/dase.es\/wp-content\/uploads\/2022\/10\/mtn-puzzl6-3.jpeg\",\"width\":600,\"height\":600},{\"@type\":\"BreadcrumbList\",\"@id\":\"https:\/\/dase.es\/en\/comprar\/cubos-para-pintar\/#breadcrumb\",\"itemListElement\":[{\"@type\":\"ListItem\",\"position\":1,\"name\":\"Tienda online\",\"item\":\"https:\/\/dase.es\/comprar\/\"},{\"@type\":\"ListItem\",\"position\":2,\"name\":\"Art for events \u203a\",\"item\":\"https:\/\/dase.es\/en\/shop\/events-en\/\"},{\"@type\":\"ListItem\",\"position\":3,\"name\":\"Soporte mural\"}]},{\"@type\":\"WebSite\",\"@id\":\"https:\/\/dase.es\/en\/#website\",\"url\":\"https:\/\/dase.es\/en\/\",\"name\":\"Dase\",\"description\":\"Pintura Mural y Graffiti Profesional\",\"publisher\":{\"@id\":\"https:\/\/dase.es\/en\/#\/schema\/person\/51518cff00aab96be0990ff852f05dd1\"},\"potentialAction\":[{\"@type\":\"SearchAction\",\"target\":{\"@type\":\"EntryPoint\",\"urlTemplate\":\"https:\/\/dase.es\/en\/?s={search_term_string}\"},\"query-input\":{\"@type\":\"PropertyValueSpecification\",\"valueRequired\":true,\"valueName\":\"search_term_string\"}}],\"inLanguage\":\"en-US\"},{\"@type\":[\"Person\",\"Organization\"],\"@id\":\"https:\/\/dase.es\/en\/#\/schema\/person\/51518cff00aab96be0990ff852f05dd1\",\"name\":\"\",\"image\":{\"@type\":\"ImageObject\",\"inLanguage\":\"en-US\",\"@id\":\"https:\/\/dase.es\/en\/#\/schema\/person\/image\/\",\"url\":\"https:\/\/secure.gravatar.com\/avatar\/d3d5e9a75a56cf98e1b0dee24a616ff1780c643596609041085c62cc1ca5f467?s=96&d=blank&r=g\",\"contentUrl\":\"https:\/\/secure.gravatar.com\/avatar\/d3d5e9a75a56cf98e1b0dee24a616ff1780c643596609041085c62cc1ca5f467?s=96&d=blank&r=g\"},\"logo\":{\"@id\":\"https:\/\/dase.es\/en\/#\/schema\/person\/image\/\"}}]}<\/script>\n<!-- \/ Yoast SEO plugin. -->","yoast_head_json":{"title":"Soporte mural &#183; Dase","description":"Crea paredes modulares del tama\u00f1o que quierasCubo de cart\u00f3n blanco de 80x80x80cm pintable por 4 caras.Un objeto f\u00e1cil de montar, econ\u00f3mico, ligero y reciclable.","robots":{"index":"noindex","follow":"follow"},"og_locale":"en_US","og_type":"article","og_title":"Soporte mural &#183; Dase","og_description":"Crea paredes modulares del tama\u00f1o que quierasCubo de cart\u00f3n blanco de 80x80x80cm pintable por 4 caras.Un objeto f\u00e1cil de montar, econ\u00f3mico, ligero y reciclable.","og_url":"https:\/\/dase.es\/en\/comprar\/cubos-para-pintar\/","og_site_name":"Dase","article_modified_time":"2024-06-17T16:17:40+00:00","og_image":[{"width":600,"height":600,"url":"https:\/\/dase.es\/wp-content\/uploads\/2022\/10\/mtn-puzzl6-3.jpeg","type":"image\/jpeg"}],"twitter_card":"summary_large_image","schema":{"@context":"https:\/\/schema.org","@graph":[{"@type":"WebPage","@id":"https:\/\/dase.es\/en\/comprar\/cubos-para-pintar\/","url":"https:\/\/dase.es\/en\/comprar\/cubos-para-pintar\/","name":"Soporte mural &#183; Dase","isPartOf":{"@id":"https:\/\/dase.es\/en\/#website"},"primaryImageOfPage":{"@id":"https:\/\/dase.es\/en\/comprar\/cubos-para-pintar\/#primaryimage"},"image":{"@id":"https:\/\/dase.es\/en\/comprar\/cubos-para-pintar\/#primaryimage"},"thumbnailUrl":"https:\/\/dase.es\/wp-content\/uploads\/2022\/10\/mtn-puzzl6-3.jpeg","datePublished":"2022-10-22T06:42:59+00:00","dateModified":"2024-06-17T16:17:40+00:00","description":"Crea paredes modulares del tama\u00f1o que quierasCubo de cart\u00f3n blanco de 80x80x80cm pintable por 4 caras.Un objeto f\u00e1cil de montar, econ\u00f3mico, ligero y reciclable.","breadcrumb":{"@id":"https:\/\/dase.es\/en\/comprar\/cubos-para-pintar\/#breadcrumb"},"inLanguage":"en-US","potentialAction":[{"@type":"ReadAction","target":["https:\/\/dase.es\/en\/comprar\/cubos-para-pintar\/"]}]},{"@type":"ImageObject","inLanguage":"en-US","@id":"https:\/\/dase.es\/en\/comprar\/cubos-para-pintar\/#primaryimage","url":"https:\/\/dase.es\/wp-content\/uploads\/2022\/10\/mtn-puzzl6-3.jpeg","contentUrl":"https:\/\/dase.es\/wp-content\/uploads\/2022\/10\/mtn-puzzl6-3.jpeg","width":600,"height":600},{"@type":"BreadcrumbList","@id":"https:\/\/dase.es\/en\/comprar\/cubos-para-pintar\/#breadcrumb","itemListElement":[{"@type":"ListItem","position":1,"name":"Tienda online","item":"https:\/\/dase.es\/comprar\/"},{"@type":"ListItem","position":2,"name":"Art for events \u203a","item":"https:\/\/dase.es\/en\/shop\/events-en\/"},{"@type":"ListItem","position":3,"name":"Soporte mural"}]},{"@type":"WebSite","@id":"https:\/\/dase.es\/en\/#website","url":"https:\/\/dase.es\/en\/","name":"Dase","description":"Pintura Mural y Graffiti Profesional","publisher":{"@id":"https:\/\/dase.es\/en\/#\/schema\/person\/51518cff00aab96be0990ff852f05dd1"},"potentialAction":[{"@type":"SearchAction","target":{"@type":"EntryPoint","urlTemplate":"https:\/\/dase.es\/en\/?s={search_term_string}"},"query-input":{"@type":"PropertyValueSpecification","valueRequired":true,"valueName":"search_term_string"}}],"inLanguage":"en-US"},{"@type":["Person","Organization"],"@id":"https:\/\/dase.es\/en\/#\/schema\/person\/51518cff00aab96be0990ff852f05dd1","name":"","image":{"@type":"ImageObject","inLanguage":"en-US","@id":"https:\/\/dase.es\/en\/#\/schema\/person\/image\/","url":"https:\/\/secure.gravatar.com\/avatar\/d3d5e9a75a56cf98e1b0dee24a616ff1780c643596609041085c62cc1ca5f467?s=96&d=blank&r=g","contentUrl":"https:\/\/secure.gravatar.com\/avatar\/d3d5e9a75a56cf98e1b0dee24a616ff1780c643596609041085c62cc1ca5f467?s=96&d=blank&r=g"},"logo":{"@id":"https:\/\/dase.es\/en\/#\/schema\/person\/image\/"}}]}},"_links":{"self":[{"href":"https:\/\/dase.es\/en\/wp-json\/wp\/v2\/product\/28948","targetHints":{"allow":["GET"]}}],"collection":[{"href":"https:\/\/dase.es\/en\/wp-json\/wp\/v2\/product"}],"about":[{"href":"https:\/\/dase.es\/en\/wp-json\/wp\/v2\/types\/product"}],"wp:featuredmedia":[{"embeddable":true,"href":"https:\/\/dase.es\/en\/wp-json\/wp\/v2\/media\/28952"}],"wp:attachment":[{"href":"https:\/\/dase.es\/en\/wp-json\/wp\/v2\/media?parent=28948"}],"wp:term":[{"taxonomy":"product_brand","embeddable":true,"href":"https:\/\/dase.es\/en\/wp-json\/wp\/v2\/product_brand?post=28948"},{"taxonomy":"product_cat","embeddable":true,"href":"https:\/\/dase.es\/en\/wp-json\/wp\/v2\/product_cat?post=28948"},{"taxonomy":"product_tag","embeddable":true,"href":"https:\/\/dase.es\/en\/wp-json\/wp\/v2\/product_tag?post=28948"}],"curies":[{"name":"wp","href":"https:\/\/api.w.org\/{rel}","templated":true}]}}