{"id":28890,"date":"2022-10-20T18:40:24","date_gmt":"2022-10-20T16:40:24","guid":{"rendered":"https:\/\/dase.es\/?post_type=product&#038;p=28890"},"modified":"2025-11-30T20:45:20","modified_gmt":"2025-11-30T19:45:20","slug":"live-painting","status":"publish","type":"product","link":"https:\/\/dase.es\/en\/comprar\/live-painting\/","title":{"rendered":"Dase Live Painting"},"content":{"rendered":"\n<h2>Pintura en vivo para eventos<\/h2>\n<p>Ofrece una experiencia inolvidable en tu evento ya sea una fiesta, boda, congresos, aniversarios, activaciones, campa\u00f1as, lanzamientos, presentaciones\u2026.<\/p>\n<p>Presenciar una intervenci\u00f3n art\u00edstica es disfrutar de la destreza y el proceso creativo de un artista, su enfrentamiento al lienzo en blanco y como lo convierte en una obra de arte. Adem\u00e1s, la obra forma parte de la decoraci\u00f3n de eventos y fiesta<strong>s<\/strong>.<\/p>\n<p>Reserva a un <strong>artista para pintar en directo<\/strong> una obra de arte y regala una vivencia \u00fanica para tus invitados.<\/p>\n<h3><strong>Din\u00e1mica del Live Painting<\/strong><\/h3>\n<ol>\n<li>Preparamos y enviamos la propuesta de dise\u00f1o personalizado para su aprobaci\u00f3n en 5-10 d\u00edas laborales tras recibir la paga y se\u00f1al.<br \/>\nSi es necesario, se realizar\u00e1n los cambios oportunos para garantizar que os encante.<\/li>\n<li>El d\u00eda del evento nos presentamos en la ubicaci\u00f3n indicada 30\u2032 antes de la acci\u00f3n para preparar el set.<\/li>\n<li>Protegemos el suelo y montamos la <a href=\"https:\/\/dase.es\/comprar\/mtn-puzzl6\/\" target=\"_blank\" rel=\"noopener\">pared modular<\/a>\u00a0(Opcional).<\/li>\n<li>Pintamos <strong>mural en directo<\/strong>.<\/li>\n<li>Al terminar, recogemos el cubresuelos, las protecciones y la pintura.<\/li>\n<\/ol>\n<h3><strong>\u00bfQu\u00e9 incluye la pintura en vivo?<\/strong><\/h3>\n<ol>\n<li>La creaci\u00f3n de una obra pict\u00f3rica por un artista in situ durante tu evento.<\/li>\n<li>Materiales necesarios para pintar (no soporte): Pintura vegana sin olor, con base agua (sin disolventes t\u00f3xicos ni metales pesados), de proximidad (fabricada en Espa\u00f1a) y con envases reciclables.<\/li>\n<li>Coste de desplazamiento en Espa\u00f1a.<\/li>\n<\/ol>\n<h3><strong>Materiales incluidos en la actividad<\/strong><\/h3>\n<ul>\n<li>Cubresuelos<\/li>\n<li>Aerosoles de pintura sin olor con base agua (sin disolvente, plomo ni otros metales pesados), vegana y fabricada en Espa\u00f1a con envases reciclables.<\/li>\n<li>Difusores o boquillas reciclables fabricados en Espa\u00f1a<\/li>\n<li>Guantes<\/li>\n<li>Mascarilla<\/li>\n<\/ul>\n<p><strong>No incluye soporte.<\/strong><\/p>\n<h3>\u00bfSobre qu\u00e9 soportes se puede pintar?<\/h3>\n<p>Para el servicio de Live Painting recomendamos usar <a href=\"https:\/\/dase.es\/comprar\/mtn-puzzl6\/\" target=\"_blank\" rel=\"noopener\">paredes modulares<\/a> de 2,4&#215;2,4m. formadas por 9 cubos de cart\u00f3n blanco de 80x80x80cm.<\/p>\n<p>Este tipo de paredes son concebidas como un soporte ef\u00edmero, pueden utilizarse para exposici\u00f3n temporal.<\/p>\n<p>De todos modos, es posible pintar en casi cualquier superficie (lonas, lienzos, tableros de madera, paredes, etc.).<\/p>\n<h2>Cuadros pintados en directo<\/h2>\n<p>Los lienzos son ligeros y un caballete puede sujetar f\u00e1cilmente un cuadro de hasta 100x70cm que se puede conservar para decorar un espacio, subastar e incluso sortear entre asistentes.<\/p>\n<h2>Murales pintados en directo<\/h2>\n<p>Para obras de mayor formato que podamos conservar, lo ideal es trabajar sobre un lienzo o tablero de madera apoyado en una pared.<br \/>\nTambi\u00e9n es posible instalar una tela de lienzo en una estructura firme tipo truss.<\/p>\n<p>Para obras de gran formato ef\u00edmeras podemos montar <a href=\"https:\/\/dase.es\/comprar\/mtn-puzzl6\/\" target=\"_blank\" rel=\"noopener\">paredes modulares<\/a> de cart\u00f3n que se mantienen en pie sin necesidad de ninguna estructura ni pared.<\/p>\n<p><strong>Marketing con graffiti que inspiran #selfies.<\/strong><\/p>\n<section class=\"av_textblock_section \">\n<div class=\"avia_textblock \">\n<p>Los\u00a0<strong>graffitis para eventos<\/strong> son una manera de potenciar que les invitades generen contenido (fotos y v\u00eddeos) y lo publiquen en Instagram, Facebook, Tik Tok, etc. Dando visibilidad a la activaci\u00f3n, lanzamiento o festival.<\/p>\n<h2>Pintura en directo para bodas<\/h2>\n<h3>Enamora a tus invitados con el pintor en vuestra boda<\/h3>\n<p><strong>Pintamos en vivo a los novios en su boda,<\/strong>\u00a0ofreciendo una experiencia \u00fanica y espectacular a los invitados y una obra de arte para disfrutar en su hogar por los reci\u00e9n casados durante toda la vida.<\/p>\n<div id=\"rhscol\" class=\"col\">\n<div id=\"rhs\">\n<h3>Graffiti para boda<\/h3>\n<p>Pintamos\u00a0<strong>graffitis para hacerse fotos<\/strong>\u00a0a modo de photocall de manera que tanto durante el proceso como al acabar el p\u00fablico se anima a compartir su experiencia en\u00a0<a href=\"https:\/\/www.instagram.com\/dase.es\/\" target=\"_blank\" rel=\"noopener\">redes sociales<\/a>.Reserva tu exhibici\u00f3n de graffiti en directo para tu evento.<\/p>\n<\/div>\n<\/div>\n<\/div>\n<\/section>\n","protected":false},"excerpt":{"rendered":"<h3>Sorprende a tus invitados en tu evento con el artista pintando en directo.<\/h3>\n","protected":false},"featured_media":32099,"template":"","meta":{"_joinchat":[]},"product_brand":[],"product_cat":[349],"product_tag":[],"class_list":{"0":"post-28890","1":"product","2":"type-product","3":"status-publish","4":"has-post-thumbnail","6":"product_cat-arte-para-eventos","7":"product_shipping_class-servicio-a-domicilio","8":"yith_booking_service-combo-foto-timelapse","9":"yith_booking_service-diseno-personalizado","10":"yith_booking_service-fotografia","11":"yith_booking_service-lienzo-130x195cm","12":"yith_booking_service-lienzo-70x100cm","13":"yith_booking_service-materiales","14":"yith_booking_service-simulacion-digital","15":"yith_booking_service-soporte-de-9-cubos-24x24m","16":"yith_booking_service-traslados-en-espana","17":"yith_booking_service-video-timelapse","19":"first","20":"instock","21":"sold-individually","22":"taxable","23":"shipping-taxable","24":"purchasable","25":"product-type-booking"},"yoast_head":"<!-- This site is optimized with the Yoast SEO plugin v26.4 - https:\/\/yoast.com\/wordpress\/plugins\/seo\/ -->\n<title>Dase Live Painting: Artista para pintar en directo para eventos &#183; Dase<\/title>\n<meta name=\"description\" content=\"Pintura en vivo para eventos y bodas. Artista para pintar en directo un cuadro, mural o graffiti personalizado. Disfruta de la creaci\u00f3n una obra de arte.\" \/>\n<meta name=\"robots\" content=\"noindex, nofollow\" \/>\n<meta property=\"og:locale\" content=\"en_US\" \/>\n<meta property=\"og:type\" content=\"article\" \/>\n<meta property=\"og:title\" content=\"Dase Live Painting: Artista para pintar en directo para eventos &#183; Dase\" \/>\n<meta property=\"og:description\" content=\"Pintura en vivo para eventos y bodas. Artista para pintar en directo un cuadro, mural o graffiti personalizado. Disfruta de la creaci\u00f3n una obra de arte.\" \/>\n<meta property=\"og:url\" content=\"https:\/\/dase.es\/en\/comprar\/live-painting\/\" \/>\n<meta property=\"og:site_name\" content=\"Dase\" \/>\n<meta property=\"article:modified_time\" content=\"2025-11-30T19:45:20+00:00\" \/>\n<meta property=\"og:image\" content=\"https:\/\/dase.es\/wp-content\/uploads\/2024\/12\/live-painting-canvas-dase.jpg\" \/>\n\t<meta property=\"og:image:width\" content=\"1151\" \/>\n\t<meta property=\"og:image:height\" content=\"1151\" \/>\n\t<meta property=\"og:image:type\" content=\"image\/jpeg\" \/>\n<meta name=\"twitter:card\" content=\"summary_large_image\" \/>\n<script type=\"application\/ld+json\" class=\"yoast-schema-graph\">{\"@context\":\"https:\/\/schema.org\",\"@graph\":[{\"@type\":\"WebPage\",\"@id\":\"https:\/\/dase.es\/en\/comprar\/live-painting\/\",\"url\":\"https:\/\/dase.es\/en\/comprar\/live-painting\/\",\"name\":\"Dase Live Painting: Artista para pintar en directo para eventos &#183; Dase\",\"isPartOf\":{\"@id\":\"https:\/\/dase.es\/en\/#website\"},\"primaryImageOfPage\":{\"@id\":\"https:\/\/dase.es\/en\/comprar\/live-painting\/#primaryimage\"},\"image\":{\"@id\":\"https:\/\/dase.es\/en\/comprar\/live-painting\/#primaryimage\"},\"thumbnailUrl\":\"https:\/\/dase.es\/wp-content\/uploads\/2024\/12\/live-painting-canvas-dase.jpg\",\"datePublished\":\"2022-10-20T16:40:24+00:00\",\"dateModified\":\"2025-11-30T19:45:20+00:00\",\"description\":\"Pintura en vivo para eventos y bodas. Artista para pintar en directo un cuadro, mural o graffiti personalizado. Disfruta de la creaci\u00f3n una obra de arte.\",\"breadcrumb\":{\"@id\":\"https:\/\/dase.es\/en\/comprar\/live-painting\/#breadcrumb\"},\"inLanguage\":\"en-US\",\"potentialAction\":[{\"@type\":\"ReadAction\",\"target\":[\"https:\/\/dase.es\/en\/comprar\/live-painting\/\"]}]},{\"@type\":\"ImageObject\",\"inLanguage\":\"en-US\",\"@id\":\"https:\/\/dase.es\/en\/comprar\/live-painting\/#primaryimage\",\"url\":\"https:\/\/dase.es\/wp-content\/uploads\/2024\/12\/live-painting-canvas-dase.jpg\",\"contentUrl\":\"https:\/\/dase.es\/wp-content\/uploads\/2024\/12\/live-painting-canvas-dase.jpg\",\"width\":1151,\"height\":1151,\"caption\":\"Live Painting Bodas\"},{\"@type\":\"BreadcrumbList\",\"@id\":\"https:\/\/dase.es\/en\/comprar\/live-painting\/#breadcrumb\",\"itemListElement\":[{\"@type\":\"ListItem\",\"position\":1,\"name\":\"Tienda online\",\"item\":\"https:\/\/dase.es\/comprar\/\"},{\"@type\":\"ListItem\",\"position\":2,\"name\":\"Art for events \u203a\",\"item\":\"https:\/\/dase.es\/en\/shop\/events-en\/\"},{\"@type\":\"ListItem\",\"position\":3,\"name\":\"Dase Live Painting\"}]},{\"@type\":\"WebSite\",\"@id\":\"https:\/\/dase.es\/en\/#website\",\"url\":\"https:\/\/dase.es\/en\/\",\"name\":\"Dase\",\"description\":\"Pintura Mural y Graffiti Profesional\",\"publisher\":{\"@id\":\"https:\/\/dase.es\/en\/#\/schema\/person\/51518cff00aab96be0990ff852f05dd1\"},\"potentialAction\":[{\"@type\":\"SearchAction\",\"target\":{\"@type\":\"EntryPoint\",\"urlTemplate\":\"https:\/\/dase.es\/en\/?s={search_term_string}\"},\"query-input\":{\"@type\":\"PropertyValueSpecification\",\"valueRequired\":true,\"valueName\":\"search_term_string\"}}],\"inLanguage\":\"en-US\"},{\"@type\":[\"Person\",\"Organization\"],\"@id\":\"https:\/\/dase.es\/en\/#\/schema\/person\/51518cff00aab96be0990ff852f05dd1\",\"name\":\"\",\"image\":{\"@type\":\"ImageObject\",\"inLanguage\":\"en-US\",\"@id\":\"https:\/\/dase.es\/en\/#\/schema\/person\/image\/\",\"url\":\"https:\/\/secure.gravatar.com\/avatar\/d3d5e9a75a56cf98e1b0dee24a616ff1780c643596609041085c62cc1ca5f467?s=96&d=blank&r=g\",\"contentUrl\":\"https:\/\/secure.gravatar.com\/avatar\/d3d5e9a75a56cf98e1b0dee24a616ff1780c643596609041085c62cc1ca5f467?s=96&d=blank&r=g\"},\"logo\":{\"@id\":\"https:\/\/dase.es\/en\/#\/schema\/person\/image\/\"}}]}<\/script>\n<!-- \/ Yoast SEO plugin. -->","yoast_head_json":{"title":"Dase Live Painting: Artista para pintar en directo para eventos &#183; Dase","description":"Pintura en vivo para eventos y bodas. Artista para pintar en directo un cuadro, mural o graffiti personalizado. Disfruta de la creaci\u00f3n una obra de arte.","robots":{"index":"noindex","follow":"nofollow"},"og_locale":"en_US","og_type":"article","og_title":"Dase Live Painting: Artista para pintar en directo para eventos &#183; Dase","og_description":"Pintura en vivo para eventos y bodas. Artista para pintar en directo un cuadro, mural o graffiti personalizado. Disfruta de la creaci\u00f3n una obra de arte.","og_url":"https:\/\/dase.es\/en\/comprar\/live-painting\/","og_site_name":"Dase","article_modified_time":"2025-11-30T19:45:20+00:00","og_image":[{"width":1151,"height":1151,"url":"https:\/\/dase.es\/wp-content\/uploads\/2024\/12\/live-painting-canvas-dase.jpg","type":"image\/jpeg"}],"twitter_card":"summary_large_image","schema":{"@context":"https:\/\/schema.org","@graph":[{"@type":"WebPage","@id":"https:\/\/dase.es\/en\/comprar\/live-painting\/","url":"https:\/\/dase.es\/en\/comprar\/live-painting\/","name":"Dase Live Painting: Artista para pintar en directo para eventos &#183; Dase","isPartOf":{"@id":"https:\/\/dase.es\/en\/#website"},"primaryImageOfPage":{"@id":"https:\/\/dase.es\/en\/comprar\/live-painting\/#primaryimage"},"image":{"@id":"https:\/\/dase.es\/en\/comprar\/live-painting\/#primaryimage"},"thumbnailUrl":"https:\/\/dase.es\/wp-content\/uploads\/2024\/12\/live-painting-canvas-dase.jpg","datePublished":"2022-10-20T16:40:24+00:00","dateModified":"2025-11-30T19:45:20+00:00","description":"Pintura en vivo para eventos y bodas. Artista para pintar en directo un cuadro, mural o graffiti personalizado. Disfruta de la creaci\u00f3n una obra de arte.","breadcrumb":{"@id":"https:\/\/dase.es\/en\/comprar\/live-painting\/#breadcrumb"},"inLanguage":"en-US","potentialAction":[{"@type":"ReadAction","target":["https:\/\/dase.es\/en\/comprar\/live-painting\/"]}]},{"@type":"ImageObject","inLanguage":"en-US","@id":"https:\/\/dase.es\/en\/comprar\/live-painting\/#primaryimage","url":"https:\/\/dase.es\/wp-content\/uploads\/2024\/12\/live-painting-canvas-dase.jpg","contentUrl":"https:\/\/dase.es\/wp-content\/uploads\/2024\/12\/live-painting-canvas-dase.jpg","width":1151,"height":1151,"caption":"Live Painting Bodas"},{"@type":"BreadcrumbList","@id":"https:\/\/dase.es\/en\/comprar\/live-painting\/#breadcrumb","itemListElement":[{"@type":"ListItem","position":1,"name":"Tienda online","item":"https:\/\/dase.es\/comprar\/"},{"@type":"ListItem","position":2,"name":"Art for events \u203a","item":"https:\/\/dase.es\/en\/shop\/events-en\/"},{"@type":"ListItem","position":3,"name":"Dase Live Painting"}]},{"@type":"WebSite","@id":"https:\/\/dase.es\/en\/#website","url":"https:\/\/dase.es\/en\/","name":"Dase","description":"Pintura Mural y Graffiti Profesional","publisher":{"@id":"https:\/\/dase.es\/en\/#\/schema\/person\/51518cff00aab96be0990ff852f05dd1"},"potentialAction":[{"@type":"SearchAction","target":{"@type":"EntryPoint","urlTemplate":"https:\/\/dase.es\/en\/?s={search_term_string}"},"query-input":{"@type":"PropertyValueSpecification","valueRequired":true,"valueName":"search_term_string"}}],"inLanguage":"en-US"},{"@type":["Person","Organization"],"@id":"https:\/\/dase.es\/en\/#\/schema\/person\/51518cff00aab96be0990ff852f05dd1","name":"","image":{"@type":"ImageObject","inLanguage":"en-US","@id":"https:\/\/dase.es\/en\/#\/schema\/person\/image\/","url":"https:\/\/secure.gravatar.com\/avatar\/d3d5e9a75a56cf98e1b0dee24a616ff1780c643596609041085c62cc1ca5f467?s=96&d=blank&r=g","contentUrl":"https:\/\/secure.gravatar.com\/avatar\/d3d5e9a75a56cf98e1b0dee24a616ff1780c643596609041085c62cc1ca5f467?s=96&d=blank&r=g"},"logo":{"@id":"https:\/\/dase.es\/en\/#\/schema\/person\/image\/"}}]}},"_links":{"self":[{"href":"https:\/\/dase.es\/en\/wp-json\/wp\/v2\/product\/28890","targetHints":{"allow":["GET"]}}],"collection":[{"href":"https:\/\/dase.es\/en\/wp-json\/wp\/v2\/product"}],"about":[{"href":"https:\/\/dase.es\/en\/wp-json\/wp\/v2\/types\/product"}],"wp:featuredmedia":[{"embeddable":true,"href":"https:\/\/dase.es\/en\/wp-json\/wp\/v2\/media\/32099"}],"wp:attachment":[{"href":"https:\/\/dase.es\/en\/wp-json\/wp\/v2\/media?parent=28890"}],"wp:term":[{"taxonomy":"product_brand","embeddable":true,"href":"https:\/\/dase.es\/en\/wp-json\/wp\/v2\/product_brand?post=28890"},{"taxonomy":"product_cat","embeddable":true,"href":"https:\/\/dase.es\/en\/wp-json\/wp\/v2\/product_cat?post=28890"},{"taxonomy":"product_tag","embeddable":true,"href":"https:\/\/dase.es\/en\/wp-json\/wp\/v2\/product_tag?post=28890"}],"curies":[{"name":"wp","href":"https:\/\/api.w.org\/{rel}","templated":true}]}}