{"id":2285,"date":"2015-08-06T10:28:03","date_gmt":"2015-08-06T08:28:03","guid":{"rendered":"http:\/\/dase.es\/producto\/wildstyle-rojo"},"modified":"2022-10-21T07:42:21","modified_gmt":"2022-10-21T05:42:21","slug":"wildstyle-rojo","status":"publish","type":"product","link":"https:\/\/dase.es\/en\/comprar\/wildstyle-rojo\/","title":{"rendered":"Wildstyle Rojo"},"content":{"rendered":"","protected":false},"excerpt":{"rendered":"<h3>Corbata con dise\u00f1o Wildstyle inspirado en el graffiti y el arte urbano.<\/h3>\n<p>Edici\u00f3n limitada.<br \/>\nHecha a mano en Barcelona.<br \/>\nLibre de tejidos de origen animal:<br \/>\n100% microfibra.<br \/>\nSlim fit. 149 cm.<br \/>\nDise\u00f1ada por Dase.<\/p>\n","protected":false},"featured_media":2286,"template":"","meta":{"_joinchat":[]},"product_brand":[],"product_cat":[],"product_tag":[76,77,78,80,81],"class_list":{"0":"post-2285","1":"product","2":"type-product","3":"status-publish","4":"has-post-thumbnail","6":"product_tag-corbata","7":"product_tag-corbatas","8":"product_tag-defyned","9":"product_tag-tie","10":"product_tag-ties","12":"first","13":"instock","14":"taxable","15":"shipping-taxable","16":"purchasable","17":"product-type-simple"},"yoast_head":"<!-- This site is optimized with the Yoast SEO plugin v26.4 - https:\/\/yoast.com\/wordpress\/plugins\/seo\/ -->\n<title>Wildstyle Rojo &#183; Dase<\/title>\n<meta name=\"robots\" content=\"noindex, follow\" \/>\n<meta property=\"og:locale\" content=\"en_US\" \/>\n<meta property=\"og:type\" content=\"article\" \/>\n<meta property=\"og:title\" content=\"Wildstyle Rojo &#183; Dase\" \/>\n<meta property=\"og:description\" content=\"Corbata con dise\u00f1o Wildstyle inspirado en el graffiti y el arte urbano. Edici\u00f3n limitada. Hecha a mano en Barcelona. Libre de tejidos de origen animal: 100% microfibra. Slim fit. 149 cm. Dise\u00f1ada por Dase.\" \/>\n<meta property=\"og:url\" content=\"https:\/\/dase.es\/comprar\/wildstyle-rojo\/\" \/>\n<meta property=\"og:site_name\" content=\"Dase\" \/>\n<meta property=\"article:modified_time\" content=\"2022-10-21T05:42:21+00:00\" \/>\n<meta property=\"og:image\" content=\"https:\/\/dase.es\/wp-content\/uploads\/2015\/08\/h-detail-wild-redturquoise-bigweb.jpg\" \/>\n\t<meta property=\"og:image:width\" content=\"1000\" \/>\n\t<meta property=\"og:image:height\" content=\"1000\" \/>\n\t<meta property=\"og:image:type\" content=\"image\/jpeg\" \/>\n<meta name=\"twitter:card\" content=\"summary_large_image\" \/>\n<script type=\"application\/ld+json\" class=\"yoast-schema-graph\">{\"@context\":\"https:\/\/schema.org\",\"@graph\":[{\"@type\":\"WebPage\",\"@id\":\"https:\/\/dase.es\/en\/comprar\/wildstyle-rojo\/\",\"url\":\"https:\/\/dase.es\/comprar\/wildstyle-rojo\/\",\"name\":\"Wildstyle Rojo &#183; Dase\",\"isPartOf\":{\"@id\":\"https:\/\/dase.es\/en\/#website\"},\"primaryImageOfPage\":{\"@id\":\"https:\/\/dase.es\/comprar\/wildstyle-rojo\/#primaryimage\"},\"image\":{\"@id\":\"https:\/\/dase.es\/comprar\/wildstyle-rojo\/#primaryimage\"},\"thumbnailUrl\":\"https:\/\/dase.es\/wp-content\/uploads\/2015\/08\/h-detail-wild-redturquoise-bigweb.jpg\",\"datePublished\":\"2015-08-06T08:28:03+00:00\",\"dateModified\":\"2022-10-21T05:42:21+00:00\",\"breadcrumb\":{\"@id\":\"https:\/\/dase.es\/comprar\/wildstyle-rojo\/#breadcrumb\"},\"inLanguage\":\"en-US\",\"potentialAction\":[{\"@type\":\"ReadAction\",\"target\":[\"https:\/\/dase.es\/comprar\/wildstyle-rojo\/\"]}]},{\"@type\":\"ImageObject\",\"inLanguage\":\"en-US\",\"@id\":\"https:\/\/dase.es\/comprar\/wildstyle-rojo\/#primaryimage\",\"url\":\"https:\/\/dase.es\/wp-content\/uploads\/2015\/08\/h-detail-wild-redturquoise-bigweb.jpg\",\"contentUrl\":\"https:\/\/dase.es\/wp-content\/uploads\/2015\/08\/h-detail-wild-redturquoise-bigweb.jpg\",\"width\":1000,\"height\":1000},{\"@type\":\"BreadcrumbList\",\"@id\":\"https:\/\/dase.es\/comprar\/wildstyle-rojo\/#breadcrumb\",\"itemListElement\":[{\"@type\":\"ListItem\",\"position\":1,\"name\":\"Tienda online\",\"item\":\"https:\/\/dase.es\/comprar\/\"},{\"@type\":\"ListItem\",\"position\":2,\"name\":\"Merchandising\",\"item\":\"https:\/\/dase.es\/en\/shop\/merchandising\/\"},{\"@type\":\"ListItem\",\"position\":3,\"name\":\"Wildstyle Rojo\"}]},{\"@type\":\"WebSite\",\"@id\":\"https:\/\/dase.es\/en\/#website\",\"url\":\"https:\/\/dase.es\/en\/\",\"name\":\"Dase\",\"description\":\"Pintura Mural y Graffiti Profesional\",\"publisher\":{\"@id\":\"https:\/\/dase.es\/en\/#\/schema\/person\/51518cff00aab96be0990ff852f05dd1\"},\"potentialAction\":[{\"@type\":\"SearchAction\",\"target\":{\"@type\":\"EntryPoint\",\"urlTemplate\":\"https:\/\/dase.es\/en\/?s={search_term_string}\"},\"query-input\":{\"@type\":\"PropertyValueSpecification\",\"valueRequired\":true,\"valueName\":\"search_term_string\"}}],\"inLanguage\":\"en-US\"},{\"@type\":[\"Person\",\"Organization\"],\"@id\":\"https:\/\/dase.es\/en\/#\/schema\/person\/51518cff00aab96be0990ff852f05dd1\",\"name\":\"\",\"image\":{\"@type\":\"ImageObject\",\"inLanguage\":\"en-US\",\"@id\":\"https:\/\/dase.es\/en\/#\/schema\/person\/image\/\",\"url\":\"https:\/\/secure.gravatar.com\/avatar\/d3d5e9a75a56cf98e1b0dee24a616ff1780c643596609041085c62cc1ca5f467?s=96&d=blank&r=g\",\"contentUrl\":\"https:\/\/secure.gravatar.com\/avatar\/d3d5e9a75a56cf98e1b0dee24a616ff1780c643596609041085c62cc1ca5f467?s=96&d=blank&r=g\"},\"logo\":{\"@id\":\"https:\/\/dase.es\/en\/#\/schema\/person\/image\/\"}}]}<\/script>\n<!-- \/ Yoast SEO plugin. -->","yoast_head_json":{"title":"Wildstyle Rojo &#183; Dase","robots":{"index":"noindex","follow":"follow"},"og_locale":"en_US","og_type":"article","og_title":"Wildstyle Rojo &#183; Dase","og_description":"Corbata con dise\u00f1o Wildstyle inspirado en el graffiti y el arte urbano. Edici\u00f3n limitada. Hecha a mano en Barcelona. Libre de tejidos de origen animal: 100% microfibra. Slim fit. 149 cm. Dise\u00f1ada por Dase.","og_url":"https:\/\/dase.es\/comprar\/wildstyle-rojo\/","og_site_name":"Dase","article_modified_time":"2022-10-21T05:42:21+00:00","og_image":[{"width":1000,"height":1000,"url":"https:\/\/dase.es\/wp-content\/uploads\/2015\/08\/h-detail-wild-redturquoise-bigweb.jpg","type":"image\/jpeg"}],"twitter_card":"summary_large_image","schema":{"@context":"https:\/\/schema.org","@graph":[{"@type":"WebPage","@id":"https:\/\/dase.es\/en\/comprar\/wildstyle-rojo\/","url":"https:\/\/dase.es\/comprar\/wildstyle-rojo\/","name":"Wildstyle Rojo &#183; Dase","isPartOf":{"@id":"https:\/\/dase.es\/en\/#website"},"primaryImageOfPage":{"@id":"https:\/\/dase.es\/comprar\/wildstyle-rojo\/#primaryimage"},"image":{"@id":"https:\/\/dase.es\/comprar\/wildstyle-rojo\/#primaryimage"},"thumbnailUrl":"https:\/\/dase.es\/wp-content\/uploads\/2015\/08\/h-detail-wild-redturquoise-bigweb.jpg","datePublished":"2015-08-06T08:28:03+00:00","dateModified":"2022-10-21T05:42:21+00:00","breadcrumb":{"@id":"https:\/\/dase.es\/comprar\/wildstyle-rojo\/#breadcrumb"},"inLanguage":"en-US","potentialAction":[{"@type":"ReadAction","target":["https:\/\/dase.es\/comprar\/wildstyle-rojo\/"]}]},{"@type":"ImageObject","inLanguage":"en-US","@id":"https:\/\/dase.es\/comprar\/wildstyle-rojo\/#primaryimage","url":"https:\/\/dase.es\/wp-content\/uploads\/2015\/08\/h-detail-wild-redturquoise-bigweb.jpg","contentUrl":"https:\/\/dase.es\/wp-content\/uploads\/2015\/08\/h-detail-wild-redturquoise-bigweb.jpg","width":1000,"height":1000},{"@type":"BreadcrumbList","@id":"https:\/\/dase.es\/comprar\/wildstyle-rojo\/#breadcrumb","itemListElement":[{"@type":"ListItem","position":1,"name":"Tienda online","item":"https:\/\/dase.es\/comprar\/"},{"@type":"ListItem","position":2,"name":"Merchandising","item":"https:\/\/dase.es\/en\/shop\/merchandising\/"},{"@type":"ListItem","position":3,"name":"Wildstyle Rojo"}]},{"@type":"WebSite","@id":"https:\/\/dase.es\/en\/#website","url":"https:\/\/dase.es\/en\/","name":"Dase","description":"Pintura Mural y Graffiti Profesional","publisher":{"@id":"https:\/\/dase.es\/en\/#\/schema\/person\/51518cff00aab96be0990ff852f05dd1"},"potentialAction":[{"@type":"SearchAction","target":{"@type":"EntryPoint","urlTemplate":"https:\/\/dase.es\/en\/?s={search_term_string}"},"query-input":{"@type":"PropertyValueSpecification","valueRequired":true,"valueName":"search_term_string"}}],"inLanguage":"en-US"},{"@type":["Person","Organization"],"@id":"https:\/\/dase.es\/en\/#\/schema\/person\/51518cff00aab96be0990ff852f05dd1","name":"","image":{"@type":"ImageObject","inLanguage":"en-US","@id":"https:\/\/dase.es\/en\/#\/schema\/person\/image\/","url":"https:\/\/secure.gravatar.com\/avatar\/d3d5e9a75a56cf98e1b0dee24a616ff1780c643596609041085c62cc1ca5f467?s=96&d=blank&r=g","contentUrl":"https:\/\/secure.gravatar.com\/avatar\/d3d5e9a75a56cf98e1b0dee24a616ff1780c643596609041085c62cc1ca5f467?s=96&d=blank&r=g"},"logo":{"@id":"https:\/\/dase.es\/en\/#\/schema\/person\/image\/"}}]}},"_links":{"self":[{"href":"https:\/\/dase.es\/en\/wp-json\/wp\/v2\/product\/2285","targetHints":{"allow":["GET"]}}],"collection":[{"href":"https:\/\/dase.es\/en\/wp-json\/wp\/v2\/product"}],"about":[{"href":"https:\/\/dase.es\/en\/wp-json\/wp\/v2\/types\/product"}],"wp:featuredmedia":[{"embeddable":true,"href":"https:\/\/dase.es\/en\/wp-json\/wp\/v2\/media\/2286"}],"wp:attachment":[{"href":"https:\/\/dase.es\/en\/wp-json\/wp\/v2\/media?parent=2285"}],"wp:term":[{"taxonomy":"product_brand","embeddable":true,"href":"https:\/\/dase.es\/en\/wp-json\/wp\/v2\/product_brand?post=2285"},{"taxonomy":"product_cat","embeddable":true,"href":"https:\/\/dase.es\/en\/wp-json\/wp\/v2\/product_cat?post=2285"},{"taxonomy":"product_tag","embeddable":true,"href":"https:\/\/dase.es\/en\/wp-json\/wp\/v2\/product_tag?post=2285"}],"curies":[{"name":"wp","href":"https:\/\/api.w.org\/{rel}","templated":true}]}}