{"id":22645,"date":"2021-11-12T13:01:51","date_gmt":"2021-11-12T12:01:51","guid":{"rendered":"https:\/\/dase.es\/?post_type=product&#038;p=22645"},"modified":"2025-11-14T10:39:29","modified_gmt":"2025-11-14T09:39:29","slug":"mural-playa","status":"publish","type":"product","link":"https:\/\/dase.es\/en\/comprar\/mural-playa\/","title":{"rendered":"Mural de Playa Tropical"},"content":{"rendered":"<section  class='av_textblock_section av-mhyo237p-a6b884f01ceeefe502fc59e9c8a4593c '   itemscope=\"itemscope\" itemtype=\"https:\/\/schema.org\/CreativeWork\" ><div class='avia_textblock'  itemprop=\"text\" ><p><strong>Mural pintado a mano con paisaje de playa<\/strong> de d\u00eda soleado.<\/p>\n<div class=\"brs_col\">\n<h2>MURALES DE PAISAJES PARA PAREDES<\/h2>\n<p>Pintamos las mejores vistas que puedas imaginar. Somos especialistas en pintura mural paisaj\u00edstica, tanto en interiores como en <a href=\"https:\/\/dase.es\/pintura-mural\/murales-exteriores\/\">murales\u00a0en fachadas. <\/a><\/p>\n<p>Utilizamos pintura para exteriores s\u00faper resistente a la intemperie: No te preocupes ni por los rayos UV del Sol ni el agua de la lluvia.<\/p>\n<\/div>\n<h2>MURALES DE PAISAJES PARA INTERIORES<\/h2>\n<p>Un mural en un interior puede conservarse m\u00e1s all\u00e1 de tu vida. Con un m\u00ednimo mantenimiento puede durar incluso generaciones.<\/p>\n<h2>MURALES DE PAISAJES 3D<\/h2>\n<p>La pintura, gracias a los efectos \u00f3pticos de la superposici\u00f3n de elementos, a los juegos de luz, etc. Puede dar la sensaci\u00f3n de profundidad a cualquier estancia, especialmente si se juega con m\u00e1s de una superf\u00edcie (como por ejemplo dos paredes o una y el suelo.<\/p>\n<h2 class=\"s75CSd yF4bGf j6iBde\"><b>DIBUJOS DE PAISAJES PARA<\/b>\u00a0PINTAR EN PARED<\/h2>\n<p>Graffitis de paisajes hermosos y naturales.<\/p>\n<\/div><\/section>\n","protected":false},"excerpt":{"rendered":"<h3>Mural de playa<\/h3>\n<p><strong>\u2713 Mural pintado a mano por encargo<\/strong> que quieras por <strong>artistas a domicilio.<\/strong><\/p>\n<p><strong>\u2713 Pintura al agua<\/strong> (sin disolvente ni metales pesados) de <strong>proximidad<\/strong> (fabricada en Espa\u00f1a) y <strong>vegana<\/strong> (sin componentes animales).<\/p>\n<p>Transforma un espacio con arte consciente<\/p>\n","protected":false},"featured_media":30450,"template":"","meta":{"_joinchat":[]},"product_brand":[],"product_cat":[282,284],"product_tag":[],"class_list":{"0":"post-22645","1":"product","2":"type-product","3":"status-publish","4":"has-post-thumbnail","6":"product_cat-murales","7":"product_cat-paisajes","9":"first","10":"instock","11":"sold-individually","12":"taxable","13":"shipping-taxable","14":"product-type-external"},"yoast_head":"<!-- This site is optimized with the Yoast SEO plugin v26.4 - https:\/\/yoast.com\/wordpress\/plugins\/seo\/ -->\n<title>Murales de playa pintados por un Artista &#183; Dase<\/title>\n<meta name=\"description\" content=\"Mural de Playa pintado a mano. Murales de paisajes. Naturales. Grandes. Da profundidad a tu pared con graffiti 3D.\" \/>\n<meta name=\"robots\" content=\"noindex, follow\" \/>\n<meta property=\"og:locale\" content=\"en_US\" \/>\n<meta property=\"og:type\" content=\"article\" \/>\n<meta property=\"og:title\" content=\"Murales de playa pintados por un Artista &#183; Dase\" \/>\n<meta property=\"og:description\" content=\"Mural de Playa pintado a mano. Murales de paisajes. Naturales. Grandes. Da profundidad a tu pared con graffiti 3D.\" \/>\n<meta property=\"og:url\" content=\"https:\/\/dase.es\/en\/comprar\/mural-playa\/\" \/>\n<meta property=\"og:site_name\" content=\"Dase\" \/>\n<meta property=\"article:modified_time\" content=\"2025-11-14T09:39:29+00:00\" \/>\n<meta property=\"og:image\" content=\"https:\/\/dase.es\/wp-content\/uploads\/2021\/11\/Mural-playa-graffiti-beach-3d-landscape-paisaje.jpg\" \/>\n\t<meta property=\"og:image:width\" content=\"1392\" \/>\n\t<meta property=\"og:image:height\" content=\"1392\" \/>\n\t<meta property=\"og:image:type\" content=\"image\/jpeg\" \/>\n<meta name=\"twitter:card\" content=\"summary_large_image\" \/>\n<script type=\"application\/ld+json\" class=\"yoast-schema-graph\">{\"@context\":\"https:\/\/schema.org\",\"@graph\":[{\"@type\":\"WebPage\",\"@id\":\"https:\/\/dase.es\/en\/comprar\/mural-playa\/\",\"url\":\"https:\/\/dase.es\/en\/comprar\/mural-playa\/\",\"name\":\"Murales de playa pintados por un Artista &#183; Dase\",\"isPartOf\":{\"@id\":\"https:\/\/dase.es\/en\/#website\"},\"primaryImageOfPage\":{\"@id\":\"https:\/\/dase.es\/en\/comprar\/mural-playa\/#primaryimage\"},\"image\":{\"@id\":\"https:\/\/dase.es\/en\/comprar\/mural-playa\/#primaryimage\"},\"thumbnailUrl\":\"https:\/\/dase.es\/wp-content\/uploads\/2021\/11\/Mural-playa-graffiti-beach-3d-landscape-paisaje.jpg\",\"datePublished\":\"2021-11-12T12:01:51+00:00\",\"dateModified\":\"2025-11-14T09:39:29+00:00\",\"description\":\"Mural de Playa pintado a mano. Murales de paisajes. Naturales. Grandes. Da profundidad a tu pared con graffiti 3D.\",\"breadcrumb\":{\"@id\":\"https:\/\/dase.es\/en\/comprar\/mural-playa\/#breadcrumb\"},\"inLanguage\":\"en-US\",\"potentialAction\":[{\"@type\":\"ReadAction\",\"target\":[\"https:\/\/dase.es\/en\/comprar\/mural-playa\/\"]}]},{\"@type\":\"ImageObject\",\"inLanguage\":\"en-US\",\"@id\":\"https:\/\/dase.es\/en\/comprar\/mural-playa\/#primaryimage\",\"url\":\"https:\/\/dase.es\/wp-content\/uploads\/2021\/11\/Mural-playa-graffiti-beach-3d-landscape-paisaje.jpg\",\"contentUrl\":\"https:\/\/dase.es\/wp-content\/uploads\/2021\/11\/Mural-playa-graffiti-beach-3d-landscape-paisaje.jpg\",\"width\":1392,\"height\":1392,\"caption\":\"Mural de playa 3D pintado a mano en pared exterior de patio con piscina\"},{\"@type\":\"BreadcrumbList\",\"@id\":\"https:\/\/dase.es\/en\/comprar\/mural-playa\/#breadcrumb\",\"itemListElement\":[{\"@type\":\"ListItem\",\"position\":1,\"name\":\"Tienda online\",\"item\":\"https:\/\/dase.es\/comprar\/\"},{\"@type\":\"ListItem\",\"position\":2,\"name\":\"Painted murals \u203a\",\"item\":\"https:\/\/dase.es\/en\/shop\/painted-murals\/\"},{\"@type\":\"ListItem\",\"position\":3,\"name\":\"Mural de Playa Tropical\"}]},{\"@type\":\"WebSite\",\"@id\":\"https:\/\/dase.es\/en\/#website\",\"url\":\"https:\/\/dase.es\/en\/\",\"name\":\"Dase\",\"description\":\"Pintura Mural y Graffiti Profesional\",\"publisher\":{\"@id\":\"https:\/\/dase.es\/en\/#\/schema\/person\/51518cff00aab96be0990ff852f05dd1\"},\"potentialAction\":[{\"@type\":\"SearchAction\",\"target\":{\"@type\":\"EntryPoint\",\"urlTemplate\":\"https:\/\/dase.es\/en\/?s={search_term_string}\"},\"query-input\":{\"@type\":\"PropertyValueSpecification\",\"valueRequired\":true,\"valueName\":\"search_term_string\"}}],\"inLanguage\":\"en-US\"},{\"@type\":[\"Person\",\"Organization\"],\"@id\":\"https:\/\/dase.es\/en\/#\/schema\/person\/51518cff00aab96be0990ff852f05dd1\",\"name\":\"\",\"image\":{\"@type\":\"ImageObject\",\"inLanguage\":\"en-US\",\"@id\":\"https:\/\/dase.es\/en\/#\/schema\/person\/image\/\",\"url\":\"https:\/\/secure.gravatar.com\/avatar\/d3d5e9a75a56cf98e1b0dee24a616ff1780c643596609041085c62cc1ca5f467?s=96&d=blank&r=g\",\"contentUrl\":\"https:\/\/secure.gravatar.com\/avatar\/d3d5e9a75a56cf98e1b0dee24a616ff1780c643596609041085c62cc1ca5f467?s=96&d=blank&r=g\"},\"logo\":{\"@id\":\"https:\/\/dase.es\/en\/#\/schema\/person\/image\/\"}}]}<\/script>\n<!-- \/ Yoast SEO plugin. -->","yoast_head_json":{"title":"Murales de playa pintados por un Artista &#183; Dase","description":"Mural de Playa pintado a mano. Murales de paisajes. Naturales. Grandes. Da profundidad a tu pared con graffiti 3D.","robots":{"index":"noindex","follow":"follow"},"og_locale":"en_US","og_type":"article","og_title":"Murales de playa pintados por un Artista &#183; Dase","og_description":"Mural de Playa pintado a mano. Murales de paisajes. Naturales. Grandes. Da profundidad a tu pared con graffiti 3D.","og_url":"https:\/\/dase.es\/en\/comprar\/mural-playa\/","og_site_name":"Dase","article_modified_time":"2025-11-14T09:39:29+00:00","og_image":[{"width":1392,"height":1392,"url":"https:\/\/dase.es\/wp-content\/uploads\/2021\/11\/Mural-playa-graffiti-beach-3d-landscape-paisaje.jpg","type":"image\/jpeg"}],"twitter_card":"summary_large_image","schema":{"@context":"https:\/\/schema.org","@graph":[{"@type":"WebPage","@id":"https:\/\/dase.es\/en\/comprar\/mural-playa\/","url":"https:\/\/dase.es\/en\/comprar\/mural-playa\/","name":"Murales de playa pintados por un Artista &#183; Dase","isPartOf":{"@id":"https:\/\/dase.es\/en\/#website"},"primaryImageOfPage":{"@id":"https:\/\/dase.es\/en\/comprar\/mural-playa\/#primaryimage"},"image":{"@id":"https:\/\/dase.es\/en\/comprar\/mural-playa\/#primaryimage"},"thumbnailUrl":"https:\/\/dase.es\/wp-content\/uploads\/2021\/11\/Mural-playa-graffiti-beach-3d-landscape-paisaje.jpg","datePublished":"2021-11-12T12:01:51+00:00","dateModified":"2025-11-14T09:39:29+00:00","description":"Mural de Playa pintado a mano. Murales de paisajes. Naturales. Grandes. Da profundidad a tu pared con graffiti 3D.","breadcrumb":{"@id":"https:\/\/dase.es\/en\/comprar\/mural-playa\/#breadcrumb"},"inLanguage":"en-US","potentialAction":[{"@type":"ReadAction","target":["https:\/\/dase.es\/en\/comprar\/mural-playa\/"]}]},{"@type":"ImageObject","inLanguage":"en-US","@id":"https:\/\/dase.es\/en\/comprar\/mural-playa\/#primaryimage","url":"https:\/\/dase.es\/wp-content\/uploads\/2021\/11\/Mural-playa-graffiti-beach-3d-landscape-paisaje.jpg","contentUrl":"https:\/\/dase.es\/wp-content\/uploads\/2021\/11\/Mural-playa-graffiti-beach-3d-landscape-paisaje.jpg","width":1392,"height":1392,"caption":"Mural de playa 3D pintado a mano en pared exterior de patio con piscina"},{"@type":"BreadcrumbList","@id":"https:\/\/dase.es\/en\/comprar\/mural-playa\/#breadcrumb","itemListElement":[{"@type":"ListItem","position":1,"name":"Tienda online","item":"https:\/\/dase.es\/comprar\/"},{"@type":"ListItem","position":2,"name":"Painted murals \u203a","item":"https:\/\/dase.es\/en\/shop\/painted-murals\/"},{"@type":"ListItem","position":3,"name":"Mural de Playa Tropical"}]},{"@type":"WebSite","@id":"https:\/\/dase.es\/en\/#website","url":"https:\/\/dase.es\/en\/","name":"Dase","description":"Pintura Mural y Graffiti Profesional","publisher":{"@id":"https:\/\/dase.es\/en\/#\/schema\/person\/51518cff00aab96be0990ff852f05dd1"},"potentialAction":[{"@type":"SearchAction","target":{"@type":"EntryPoint","urlTemplate":"https:\/\/dase.es\/en\/?s={search_term_string}"},"query-input":{"@type":"PropertyValueSpecification","valueRequired":true,"valueName":"search_term_string"}}],"inLanguage":"en-US"},{"@type":["Person","Organization"],"@id":"https:\/\/dase.es\/en\/#\/schema\/person\/51518cff00aab96be0990ff852f05dd1","name":"","image":{"@type":"ImageObject","inLanguage":"en-US","@id":"https:\/\/dase.es\/en\/#\/schema\/person\/image\/","url":"https:\/\/secure.gravatar.com\/avatar\/d3d5e9a75a56cf98e1b0dee24a616ff1780c643596609041085c62cc1ca5f467?s=96&d=blank&r=g","contentUrl":"https:\/\/secure.gravatar.com\/avatar\/d3d5e9a75a56cf98e1b0dee24a616ff1780c643596609041085c62cc1ca5f467?s=96&d=blank&r=g"},"logo":{"@id":"https:\/\/dase.es\/en\/#\/schema\/person\/image\/"}}]}},"_links":{"self":[{"href":"https:\/\/dase.es\/en\/wp-json\/wp\/v2\/product\/22645","targetHints":{"allow":["GET"]}}],"collection":[{"href":"https:\/\/dase.es\/en\/wp-json\/wp\/v2\/product"}],"about":[{"href":"https:\/\/dase.es\/en\/wp-json\/wp\/v2\/types\/product"}],"wp:featuredmedia":[{"embeddable":true,"href":"https:\/\/dase.es\/en\/wp-json\/wp\/v2\/media\/30450"}],"wp:attachment":[{"href":"https:\/\/dase.es\/en\/wp-json\/wp\/v2\/media?parent=22645"}],"wp:term":[{"taxonomy":"product_brand","embeddable":true,"href":"https:\/\/dase.es\/en\/wp-json\/wp\/v2\/product_brand?post=22645"},{"taxonomy":"product_cat","embeddable":true,"href":"https:\/\/dase.es\/en\/wp-json\/wp\/v2\/product_cat?post=22645"},{"taxonomy":"product_tag","embeddable":true,"href":"https:\/\/dase.es\/en\/wp-json\/wp\/v2\/product_tag?post=22645"}],"curies":[{"name":"wp","href":"https:\/\/api.w.org\/{rel}","templated":true}]}}