{"id":22408,"date":"2021-09-22T15:40:57","date_gmt":"2021-09-22T13:40:57","guid":{"rendered":"https:\/\/dase.es\/?post_type=product&#038;p=22408"},"modified":"2024-06-23T19:43:25","modified_gmt":"2024-06-23T17:43:25","slug":"mural-abstracto-colores","status":"publish","type":"product","link":"https:\/\/dase.es\/en\/comprar\/mural-abstracto-colores\/","title":{"rendered":"Mural abstracto de colores"},"content":{"rendered":"","protected":false},"excerpt":{"rendered":"<h3>Transforma un espacio con arte consciente<\/h3>\n<p><strong>\u2713 Mural pintado a mano por encargo<\/strong>\u00a0en la\u00a0<strong>pared<\/strong>\u00a0que quieras (<strong>interior<\/strong>\u00a0o\u00a0<strong>exterior<\/strong>) por\u00a0<strong>artistas a domicilio.<\/strong><\/p>\n<p><strong>\u2713 Pintura al agua<\/strong>\u00a0(sin disolvente ni metales pesados) de\u00a0<strong>proximidad<\/strong>\u00a0(fabricada en Espa\u00f1a) y\u00a0<strong>vegana<\/strong>\u00a0(sin componentes animales).<\/p>\n","protected":false},"featured_media":31564,"template":"","meta":{"_joinchat":[]},"product_brand":[],"product_cat":[282,286,287],"product_tag":[],"class_list":{"0":"post-22408","1":"product","2":"type-product","3":"status-publish","4":"has-post-thumbnail","6":"product_cat-murales","7":"product_cat-abstractos","8":"product_cat-infantiles","10":"first","11":"instock","12":"taxable","13":"shipping-taxable","14":"product-type-external"},"yoast_head":"<!-- This site is optimized with the Yoast SEO plugin v26.4 - https:\/\/yoast.com\/wordpress\/plugins\/seo\/ -->\n<title>Mural infantil abstracto pintado a mano en pared de habitaci\u00f3n &#183; Dase<\/title>\n<meta name=\"description\" content=\"Murales infantiles abstractos pintados a mano en las paredes de casa. Decoraci\u00f3n con pintura art\u00edstica y graffiti para habitaci\u00f3n infantil.\" \/>\n<meta name=\"robots\" content=\"noindex, follow\" \/>\n<meta property=\"og:locale\" content=\"en_US\" \/>\n<meta property=\"og:type\" content=\"article\" \/>\n<meta property=\"og:title\" content=\"Mural infantil abstracto pintado a mano en pared de habitaci\u00f3n &#183; Dase\" \/>\n<meta property=\"og:description\" content=\"Murales infantiles abstractos pintados a mano en las paredes de casa. Decoraci\u00f3n con pintura art\u00edstica y graffiti para habitaci\u00f3n infantil.\" \/>\n<meta property=\"og:url\" content=\"https:\/\/dase.es\/en\/comprar\/mural-abstracto-colores\/\" \/>\n<meta property=\"og:site_name\" content=\"Dase\" \/>\n<meta property=\"article:modified_time\" content=\"2024-06-23T17:43:25+00:00\" \/>\n<meta property=\"og:image\" content=\"https:\/\/dase.es\/wp-content\/uploads\/2024\/05\/charlesdeluvio-0Y1qUg1w2bs-unsplash-752x1030.png\" \/>\n\t<meta property=\"og:image:width\" content=\"752\" \/>\n\t<meta property=\"og:image:height\" content=\"1030\" \/>\n\t<meta property=\"og:image:type\" content=\"image\/png\" \/>\n<meta name=\"twitter:card\" content=\"summary_large_image\" \/>\n<script type=\"application\/ld+json\" class=\"yoast-schema-graph\">{\"@context\":\"https:\/\/schema.org\",\"@graph\":[{\"@type\":\"WebPage\",\"@id\":\"https:\/\/dase.es\/en\/comprar\/mural-abstracto-colores\/\",\"url\":\"https:\/\/dase.es\/en\/comprar\/mural-abstracto-colores\/\",\"name\":\"Mural infantil abstracto pintado a mano en pared de habitaci\u00f3n &#183; Dase\",\"isPartOf\":{\"@id\":\"https:\/\/dase.es\/en\/#website\"},\"primaryImageOfPage\":{\"@id\":\"https:\/\/dase.es\/en\/comprar\/mural-abstracto-colores\/#primaryimage\"},\"image\":{\"@id\":\"https:\/\/dase.es\/en\/comprar\/mural-abstracto-colores\/#primaryimage\"},\"thumbnailUrl\":\"https:\/\/dase.es\/wp-content\/uploads\/2024\/05\/charlesdeluvio-0Y1qUg1w2bs-unsplash.png\",\"datePublished\":\"2021-09-22T13:40:57+00:00\",\"dateModified\":\"2024-06-23T17:43:25+00:00\",\"description\":\"Murales infantiles abstractos pintados a mano en las paredes de casa. Decoraci\u00f3n con pintura art\u00edstica y graffiti para habitaci\u00f3n infantil.\",\"breadcrumb\":{\"@id\":\"https:\/\/dase.es\/en\/comprar\/mural-abstracto-colores\/#breadcrumb\"},\"inLanguage\":\"en-US\",\"potentialAction\":[{\"@type\":\"ReadAction\",\"target\":[\"https:\/\/dase.es\/en\/comprar\/mural-abstracto-colores\/\"]}]},{\"@type\":\"ImageObject\",\"inLanguage\":\"en-US\",\"@id\":\"https:\/\/dase.es\/en\/comprar\/mural-abstracto-colores\/#primaryimage\",\"url\":\"https:\/\/dase.es\/wp-content\/uploads\/2024\/05\/charlesdeluvio-0Y1qUg1w2bs-unsplash.png\",\"contentUrl\":\"https:\/\/dase.es\/wp-content\/uploads\/2024\/05\/charlesdeluvio-0Y1qUg1w2bs-unsplash.png\",\"width\":2921,\"height\":4002,\"caption\":\"Murales Abstractos Pintados Pintura Mural Abstracta Dase\"},{\"@type\":\"BreadcrumbList\",\"@id\":\"https:\/\/dase.es\/en\/comprar\/mural-abstracto-colores\/#breadcrumb\",\"itemListElement\":[{\"@type\":\"ListItem\",\"position\":1,\"name\":\"Tienda online\",\"item\":\"https:\/\/dase.es\/comprar\/\"},{\"@type\":\"ListItem\",\"position\":2,\"name\":\"Painted murals \u203a\",\"item\":\"https:\/\/dase.es\/en\/shop\/painted-murals\/\"},{\"@type\":\"ListItem\",\"position\":3,\"name\":\"Abstract Murals \u203a\",\"item\":\"https:\/\/dase.es\/en\/shop\/abstract-murals\/\"},{\"@type\":\"ListItem\",\"position\":4,\"name\":\"Mural abstracto de colores\"}]},{\"@type\":\"WebSite\",\"@id\":\"https:\/\/dase.es\/en\/#website\",\"url\":\"https:\/\/dase.es\/en\/\",\"name\":\"Dase\",\"description\":\"Pintura Mural y Graffiti Profesional\",\"publisher\":{\"@id\":\"https:\/\/dase.es\/en\/#\/schema\/person\/51518cff00aab96be0990ff852f05dd1\"},\"potentialAction\":[{\"@type\":\"SearchAction\",\"target\":{\"@type\":\"EntryPoint\",\"urlTemplate\":\"https:\/\/dase.es\/en\/?s={search_term_string}\"},\"query-input\":{\"@type\":\"PropertyValueSpecification\",\"valueRequired\":true,\"valueName\":\"search_term_string\"}}],\"inLanguage\":\"en-US\"},{\"@type\":[\"Person\",\"Organization\"],\"@id\":\"https:\/\/dase.es\/en\/#\/schema\/person\/51518cff00aab96be0990ff852f05dd1\",\"name\":\"\",\"image\":{\"@type\":\"ImageObject\",\"inLanguage\":\"en-US\",\"@id\":\"https:\/\/dase.es\/en\/#\/schema\/person\/image\/\",\"url\":\"https:\/\/secure.gravatar.com\/avatar\/d3d5e9a75a56cf98e1b0dee24a616ff1780c643596609041085c62cc1ca5f467?s=96&d=blank&r=g\",\"contentUrl\":\"https:\/\/secure.gravatar.com\/avatar\/d3d5e9a75a56cf98e1b0dee24a616ff1780c643596609041085c62cc1ca5f467?s=96&d=blank&r=g\"},\"logo\":{\"@id\":\"https:\/\/dase.es\/en\/#\/schema\/person\/image\/\"}}]}<\/script>\n<!-- \/ Yoast SEO plugin. -->","yoast_head_json":{"title":"Mural infantil abstracto pintado a mano en pared de habitaci\u00f3n &#183; Dase","description":"Murales infantiles abstractos pintados a mano en las paredes de casa. Decoraci\u00f3n con pintura art\u00edstica y graffiti para habitaci\u00f3n infantil.","robots":{"index":"noindex","follow":"follow"},"og_locale":"en_US","og_type":"article","og_title":"Mural infantil abstracto pintado a mano en pared de habitaci\u00f3n &#183; Dase","og_description":"Murales infantiles abstractos pintados a mano en las paredes de casa. Decoraci\u00f3n con pintura art\u00edstica y graffiti para habitaci\u00f3n infantil.","og_url":"https:\/\/dase.es\/en\/comprar\/mural-abstracto-colores\/","og_site_name":"Dase","article_modified_time":"2024-06-23T17:43:25+00:00","og_image":[{"width":752,"height":1030,"url":"https:\/\/dase.es\/wp-content\/uploads\/2024\/05\/charlesdeluvio-0Y1qUg1w2bs-unsplash-752x1030.png","type":"image\/png"}],"twitter_card":"summary_large_image","schema":{"@context":"https:\/\/schema.org","@graph":[{"@type":"WebPage","@id":"https:\/\/dase.es\/en\/comprar\/mural-abstracto-colores\/","url":"https:\/\/dase.es\/en\/comprar\/mural-abstracto-colores\/","name":"Mural infantil abstracto pintado a mano en pared de habitaci\u00f3n &#183; Dase","isPartOf":{"@id":"https:\/\/dase.es\/en\/#website"},"primaryImageOfPage":{"@id":"https:\/\/dase.es\/en\/comprar\/mural-abstracto-colores\/#primaryimage"},"image":{"@id":"https:\/\/dase.es\/en\/comprar\/mural-abstracto-colores\/#primaryimage"},"thumbnailUrl":"https:\/\/dase.es\/wp-content\/uploads\/2024\/05\/charlesdeluvio-0Y1qUg1w2bs-unsplash.png","datePublished":"2021-09-22T13:40:57+00:00","dateModified":"2024-06-23T17:43:25+00:00","description":"Murales infantiles abstractos pintados a mano en las paredes de casa. Decoraci\u00f3n con pintura art\u00edstica y graffiti para habitaci\u00f3n infantil.","breadcrumb":{"@id":"https:\/\/dase.es\/en\/comprar\/mural-abstracto-colores\/#breadcrumb"},"inLanguage":"en-US","potentialAction":[{"@type":"ReadAction","target":["https:\/\/dase.es\/en\/comprar\/mural-abstracto-colores\/"]}]},{"@type":"ImageObject","inLanguage":"en-US","@id":"https:\/\/dase.es\/en\/comprar\/mural-abstracto-colores\/#primaryimage","url":"https:\/\/dase.es\/wp-content\/uploads\/2024\/05\/charlesdeluvio-0Y1qUg1w2bs-unsplash.png","contentUrl":"https:\/\/dase.es\/wp-content\/uploads\/2024\/05\/charlesdeluvio-0Y1qUg1w2bs-unsplash.png","width":2921,"height":4002,"caption":"Murales Abstractos Pintados Pintura Mural Abstracta Dase"},{"@type":"BreadcrumbList","@id":"https:\/\/dase.es\/en\/comprar\/mural-abstracto-colores\/#breadcrumb","itemListElement":[{"@type":"ListItem","position":1,"name":"Tienda online","item":"https:\/\/dase.es\/comprar\/"},{"@type":"ListItem","position":2,"name":"Painted murals \u203a","item":"https:\/\/dase.es\/en\/shop\/painted-murals\/"},{"@type":"ListItem","position":3,"name":"Abstract Murals \u203a","item":"https:\/\/dase.es\/en\/shop\/abstract-murals\/"},{"@type":"ListItem","position":4,"name":"Mural abstracto de colores"}]},{"@type":"WebSite","@id":"https:\/\/dase.es\/en\/#website","url":"https:\/\/dase.es\/en\/","name":"Dase","description":"Pintura Mural y Graffiti Profesional","publisher":{"@id":"https:\/\/dase.es\/en\/#\/schema\/person\/51518cff00aab96be0990ff852f05dd1"},"potentialAction":[{"@type":"SearchAction","target":{"@type":"EntryPoint","urlTemplate":"https:\/\/dase.es\/en\/?s={search_term_string}"},"query-input":{"@type":"PropertyValueSpecification","valueRequired":true,"valueName":"search_term_string"}}],"inLanguage":"en-US"},{"@type":["Person","Organization"],"@id":"https:\/\/dase.es\/en\/#\/schema\/person\/51518cff00aab96be0990ff852f05dd1","name":"","image":{"@type":"ImageObject","inLanguage":"en-US","@id":"https:\/\/dase.es\/en\/#\/schema\/person\/image\/","url":"https:\/\/secure.gravatar.com\/avatar\/d3d5e9a75a56cf98e1b0dee24a616ff1780c643596609041085c62cc1ca5f467?s=96&d=blank&r=g","contentUrl":"https:\/\/secure.gravatar.com\/avatar\/d3d5e9a75a56cf98e1b0dee24a616ff1780c643596609041085c62cc1ca5f467?s=96&d=blank&r=g"},"logo":{"@id":"https:\/\/dase.es\/en\/#\/schema\/person\/image\/"}}]}},"_links":{"self":[{"href":"https:\/\/dase.es\/en\/wp-json\/wp\/v2\/product\/22408","targetHints":{"allow":["GET"]}}],"collection":[{"href":"https:\/\/dase.es\/en\/wp-json\/wp\/v2\/product"}],"about":[{"href":"https:\/\/dase.es\/en\/wp-json\/wp\/v2\/types\/product"}],"wp:featuredmedia":[{"embeddable":true,"href":"https:\/\/dase.es\/en\/wp-json\/wp\/v2\/media\/31564"}],"wp:attachment":[{"href":"https:\/\/dase.es\/en\/wp-json\/wp\/v2\/media?parent=22408"}],"wp:term":[{"taxonomy":"product_brand","embeddable":true,"href":"https:\/\/dase.es\/en\/wp-json\/wp\/v2\/product_brand?post=22408"},{"taxonomy":"product_cat","embeddable":true,"href":"https:\/\/dase.es\/en\/wp-json\/wp\/v2\/product_cat?post=22408"},{"taxonomy":"product_tag","embeddable":true,"href":"https:\/\/dase.es\/en\/wp-json\/wp\/v2\/product_tag?post=22408"}],"curies":[{"name":"wp","href":"https:\/\/api.w.org\/{rel}","templated":true}]}}