{"id":22226,"date":"2021-08-13T20:16:44","date_gmt":"2021-08-13T18:16:44","guid":{"rendered":"https:\/\/dase.es\/comprar\/bovinae-2\/"},"modified":"2024-10-24T12:27:27","modified_gmt":"2024-10-24T10:27:27","slug":"suinae","status":"publish","type":"product","link":"https:\/\/dase.es\/en\/comprar\/suinae\/","title":{"rendered":"Suinae"},"content":{"rendered":"<p>Manifiesta un planeta mejor con esta obra de artivismo vegano en las paredes de cualquier habitaci\u00f3n. Estos p\u00f3steres con calidad de museo y acabado mate est\u00e1n impresos en papel permanente de alta durabilidad.<\/p>\n<p>\u2022 Grosor del papel: 0,26 mm (10.3 mil)<br \/>\n\u2022 Peso del papel: 189 g\/m\u00b2 (5.57 oz\/y\u00b2)<br \/>\n\u2022 Opacidad: 94%<br \/>\n\u2022 Brillo ISO: 104%<br \/>\n\u2022 Calidad de impresi\u00f3n gicl\u00e9e<br \/>\n\u2022 Los p\u00f3steres de 21\u00d730cm son de tama\u00f1o A4<br \/>\n\u2022 El producto base procede de Jap\u00f3n<br \/>\n\u2022 Dise\u00f1ado e impreso en Barcelona<\/p>\n","protected":false},"excerpt":{"rendered":"<p>Manifiesta un planeta mejor con esta obra de artivismo vegano en las paredes de cualquier habitaci\u00f3n. Estos p\u00f3steres con calidad de museo y acabado mate est\u00e1n impresos en papel permanente de alta durabilidad. \u2022 Grosor del papel: 0,26 mm (10.3 mil) \u2022 Peso del papel: 189 g\/m\u00b2 (5.57 oz\/y\u00b2) \u2022 Opacidad: 94% \u2022 Brillo ISO: [&hellip;]<\/p>\n","protected":false},"featured_media":22232,"template":"","meta":{"_joinchat":[]},"product_brand":[],"product_cat":[53,228,227,198,223,224,222],"product_tag":[],"class_list":{"0":"post-22226","1":"product","2":"type-product","3":"status-publish","4":"has-post-thumbnail","6":"product_cat-prints","7":"product_cat-para-enmarcar","8":"product_cat-con-ilustraciones","9":"product_cat-laminas-destacadas","10":"product_cat-blanco-y-negro","11":"product_cat-estilo-nordico","12":"product_cat-minimalistas","13":"product_shipping_class-envio-gratis","15":"first","16":"outofstock","17":"sold-individually","18":"taxable","19":"shipping-taxable","20":"purchasable","21":"product-type-variable"},"yoast_head":"<!-- This site is optimized with the Yoast SEO plugin v26.4 - https:\/\/yoast.com\/wordpress\/plugins\/seo\/ -->\n<title>Suinae &#183; Dase<\/title>\n<meta name=\"robots\" content=\"noindex, follow\" \/>\n<meta property=\"og:locale\" content=\"en_US\" \/>\n<meta property=\"og:type\" content=\"article\" \/>\n<meta property=\"og:title\" content=\"Suinae &#183; Dase\" \/>\n<meta property=\"og:description\" content=\"Manifiesta un planeta mejor con esta obra de artivismo vegano en las paredes de cualquier habitaci\u00f3n. Estos p\u00f3steres con calidad de museo y acabado mate est\u00e1n impresos en papel permanente de alta durabilidad. \u2022 Grosor del papel: 0,26 mm (10.3 mil) \u2022 Peso del papel: 189 g\/m\u00b2 (5.57 oz\/y\u00b2) \u2022 Opacidad: 94% \u2022 Brillo ISO: [&hellip;]\" \/>\n<meta property=\"og:url\" content=\"https:\/\/dase.es\/en\/comprar\/suinae\/\" \/>\n<meta property=\"og:site_name\" content=\"Dase\" \/>\n<meta property=\"article:modified_time\" content=\"2024-10-24T10:27:27+00:00\" \/>\n<meta property=\"og:image\" content=\"https:\/\/dase.es\/wp-content\/uploads\/2021\/08\/enhanced-matte-paper-poster-cm-21x30-cm-transparent-6116b6fee81f4.jpg\" \/>\n\t<meta property=\"og:image:width\" content=\"1000\" \/>\n\t<meta property=\"og:image:height\" content=\"1000\" \/>\n\t<meta property=\"og:image:type\" content=\"image\/jpeg\" \/>\n<meta name=\"twitter:card\" content=\"summary_large_image\" \/>\n<script type=\"application\/ld+json\" class=\"yoast-schema-graph\">{\"@context\":\"https:\/\/schema.org\",\"@graph\":[{\"@type\":\"WebPage\",\"@id\":\"https:\/\/dase.es\/en\/comprar\/suinae\/\",\"url\":\"https:\/\/dase.es\/en\/comprar\/suinae\/\",\"name\":\"Suinae &#183; Dase\",\"isPartOf\":{\"@id\":\"https:\/\/dase.es\/en\/#website\"},\"primaryImageOfPage\":{\"@id\":\"https:\/\/dase.es\/en\/comprar\/suinae\/#primaryimage\"},\"image\":{\"@id\":\"https:\/\/dase.es\/en\/comprar\/suinae\/#primaryimage\"},\"thumbnailUrl\":\"https:\/\/dase.es\/wp-content\/uploads\/2021\/08\/enhanced-matte-paper-poster-cm-21x30-cm-transparent-6116b6fee81f4.jpg\",\"datePublished\":\"2021-08-13T18:16:44+00:00\",\"dateModified\":\"2024-10-24T10:27:27+00:00\",\"breadcrumb\":{\"@id\":\"https:\/\/dase.es\/en\/comprar\/suinae\/#breadcrumb\"},\"inLanguage\":\"en-US\",\"potentialAction\":[{\"@type\":\"ReadAction\",\"target\":[\"https:\/\/dase.es\/en\/comprar\/suinae\/\"]}]},{\"@type\":\"ImageObject\",\"inLanguage\":\"en-US\",\"@id\":\"https:\/\/dase.es\/en\/comprar\/suinae\/#primaryimage\",\"url\":\"https:\/\/dase.es\/wp-content\/uploads\/2021\/08\/enhanced-matte-paper-poster-cm-21x30-cm-transparent-6116b6fee81f4.jpg\",\"contentUrl\":\"https:\/\/dase.es\/wp-content\/uploads\/2021\/08\/enhanced-matte-paper-poster-cm-21x30-cm-transparent-6116b6fee81f4.jpg\",\"width\":1000,\"height\":1000},{\"@type\":\"BreadcrumbList\",\"@id\":\"https:\/\/dase.es\/en\/comprar\/suinae\/#breadcrumb\",\"itemListElement\":[{\"@type\":\"ListItem\",\"position\":1,\"name\":\"Tienda online\",\"item\":\"https:\/\/dase.es\/comprar\/\"},{\"@type\":\"ListItem\",\"position\":2,\"name\":\"Prints \u203a\",\"item\":\"https:\/\/dase.es\/en\/shop\/prints-en\/\"},{\"@type\":\"ListItem\",\"position\":3,\"name\":\"Prints to frame\",\"item\":\"https:\/\/dase.es\/en\/shop\/prints-to-frame\/\"},{\"@type\":\"ListItem\",\"position\":4,\"name\":\"Suinae\"}]},{\"@type\":\"WebSite\",\"@id\":\"https:\/\/dase.es\/en\/#website\",\"url\":\"https:\/\/dase.es\/en\/\",\"name\":\"Dase\",\"description\":\"Pintura Mural y Graffiti Profesional\",\"publisher\":{\"@id\":\"https:\/\/dase.es\/en\/#\/schema\/person\/51518cff00aab96be0990ff852f05dd1\"},\"potentialAction\":[{\"@type\":\"SearchAction\",\"target\":{\"@type\":\"EntryPoint\",\"urlTemplate\":\"https:\/\/dase.es\/en\/?s={search_term_string}\"},\"query-input\":{\"@type\":\"PropertyValueSpecification\",\"valueRequired\":true,\"valueName\":\"search_term_string\"}}],\"inLanguage\":\"en-US\"},{\"@type\":[\"Person\",\"Organization\"],\"@id\":\"https:\/\/dase.es\/en\/#\/schema\/person\/51518cff00aab96be0990ff852f05dd1\",\"name\":\"\",\"image\":{\"@type\":\"ImageObject\",\"inLanguage\":\"en-US\",\"@id\":\"https:\/\/dase.es\/en\/#\/schema\/person\/image\/\",\"url\":\"https:\/\/secure.gravatar.com\/avatar\/d3d5e9a75a56cf98e1b0dee24a616ff1780c643596609041085c62cc1ca5f467?s=96&d=blank&r=g\",\"contentUrl\":\"https:\/\/secure.gravatar.com\/avatar\/d3d5e9a75a56cf98e1b0dee24a616ff1780c643596609041085c62cc1ca5f467?s=96&d=blank&r=g\"},\"logo\":{\"@id\":\"https:\/\/dase.es\/en\/#\/schema\/person\/image\/\"}}]}<\/script>\n<!-- \/ Yoast SEO plugin. -->","yoast_head_json":{"title":"Suinae &#183; Dase","robots":{"index":"noindex","follow":"follow"},"og_locale":"en_US","og_type":"article","og_title":"Suinae &#183; Dase","og_description":"Manifiesta un planeta mejor con esta obra de artivismo vegano en las paredes de cualquier habitaci\u00f3n. Estos p\u00f3steres con calidad de museo y acabado mate est\u00e1n impresos en papel permanente de alta durabilidad. \u2022 Grosor del papel: 0,26 mm (10.3 mil) \u2022 Peso del papel: 189 g\/m\u00b2 (5.57 oz\/y\u00b2) \u2022 Opacidad: 94% \u2022 Brillo ISO: [&hellip;]","og_url":"https:\/\/dase.es\/en\/comprar\/suinae\/","og_site_name":"Dase","article_modified_time":"2024-10-24T10:27:27+00:00","og_image":[{"width":1000,"height":1000,"url":"https:\/\/dase.es\/wp-content\/uploads\/2021\/08\/enhanced-matte-paper-poster-cm-21x30-cm-transparent-6116b6fee81f4.jpg","type":"image\/jpeg"}],"twitter_card":"summary_large_image","schema":{"@context":"https:\/\/schema.org","@graph":[{"@type":"WebPage","@id":"https:\/\/dase.es\/en\/comprar\/suinae\/","url":"https:\/\/dase.es\/en\/comprar\/suinae\/","name":"Suinae &#183; Dase","isPartOf":{"@id":"https:\/\/dase.es\/en\/#website"},"primaryImageOfPage":{"@id":"https:\/\/dase.es\/en\/comprar\/suinae\/#primaryimage"},"image":{"@id":"https:\/\/dase.es\/en\/comprar\/suinae\/#primaryimage"},"thumbnailUrl":"https:\/\/dase.es\/wp-content\/uploads\/2021\/08\/enhanced-matte-paper-poster-cm-21x30-cm-transparent-6116b6fee81f4.jpg","datePublished":"2021-08-13T18:16:44+00:00","dateModified":"2024-10-24T10:27:27+00:00","breadcrumb":{"@id":"https:\/\/dase.es\/en\/comprar\/suinae\/#breadcrumb"},"inLanguage":"en-US","potentialAction":[{"@type":"ReadAction","target":["https:\/\/dase.es\/en\/comprar\/suinae\/"]}]},{"@type":"ImageObject","inLanguage":"en-US","@id":"https:\/\/dase.es\/en\/comprar\/suinae\/#primaryimage","url":"https:\/\/dase.es\/wp-content\/uploads\/2021\/08\/enhanced-matte-paper-poster-cm-21x30-cm-transparent-6116b6fee81f4.jpg","contentUrl":"https:\/\/dase.es\/wp-content\/uploads\/2021\/08\/enhanced-matte-paper-poster-cm-21x30-cm-transparent-6116b6fee81f4.jpg","width":1000,"height":1000},{"@type":"BreadcrumbList","@id":"https:\/\/dase.es\/en\/comprar\/suinae\/#breadcrumb","itemListElement":[{"@type":"ListItem","position":1,"name":"Tienda online","item":"https:\/\/dase.es\/comprar\/"},{"@type":"ListItem","position":2,"name":"Prints \u203a","item":"https:\/\/dase.es\/en\/shop\/prints-en\/"},{"@type":"ListItem","position":3,"name":"Prints to frame","item":"https:\/\/dase.es\/en\/shop\/prints-to-frame\/"},{"@type":"ListItem","position":4,"name":"Suinae"}]},{"@type":"WebSite","@id":"https:\/\/dase.es\/en\/#website","url":"https:\/\/dase.es\/en\/","name":"Dase","description":"Pintura Mural y Graffiti Profesional","publisher":{"@id":"https:\/\/dase.es\/en\/#\/schema\/person\/51518cff00aab96be0990ff852f05dd1"},"potentialAction":[{"@type":"SearchAction","target":{"@type":"EntryPoint","urlTemplate":"https:\/\/dase.es\/en\/?s={search_term_string}"},"query-input":{"@type":"PropertyValueSpecification","valueRequired":true,"valueName":"search_term_string"}}],"inLanguage":"en-US"},{"@type":["Person","Organization"],"@id":"https:\/\/dase.es\/en\/#\/schema\/person\/51518cff00aab96be0990ff852f05dd1","name":"","image":{"@type":"ImageObject","inLanguage":"en-US","@id":"https:\/\/dase.es\/en\/#\/schema\/person\/image\/","url":"https:\/\/secure.gravatar.com\/avatar\/d3d5e9a75a56cf98e1b0dee24a616ff1780c643596609041085c62cc1ca5f467?s=96&d=blank&r=g","contentUrl":"https:\/\/secure.gravatar.com\/avatar\/d3d5e9a75a56cf98e1b0dee24a616ff1780c643596609041085c62cc1ca5f467?s=96&d=blank&r=g"},"logo":{"@id":"https:\/\/dase.es\/en\/#\/schema\/person\/image\/"}}]}},"_links":{"self":[{"href":"https:\/\/dase.es\/en\/wp-json\/wp\/v2\/product\/22226","targetHints":{"allow":["GET"]}}],"collection":[{"href":"https:\/\/dase.es\/en\/wp-json\/wp\/v2\/product"}],"about":[{"href":"https:\/\/dase.es\/en\/wp-json\/wp\/v2\/types\/product"}],"wp:featuredmedia":[{"embeddable":true,"href":"https:\/\/dase.es\/en\/wp-json\/wp\/v2\/media\/22232"}],"wp:attachment":[{"href":"https:\/\/dase.es\/en\/wp-json\/wp\/v2\/media?parent=22226"}],"wp:term":[{"taxonomy":"product_brand","embeddable":true,"href":"https:\/\/dase.es\/en\/wp-json\/wp\/v2\/product_brand?post=22226"},{"taxonomy":"product_cat","embeddable":true,"href":"https:\/\/dase.es\/en\/wp-json\/wp\/v2\/product_cat?post=22226"},{"taxonomy":"product_tag","embeddable":true,"href":"https:\/\/dase.es\/en\/wp-json\/wp\/v2\/product_tag?post=22226"}],"curies":[{"name":"wp","href":"https:\/\/api.w.org\/{rel}","templated":true}]}}