{"id":22200,"date":"2021-08-13T20:10:25","date_gmt":"2021-08-13T18:10:25","guid":{"rendered":"https:\/\/dase.es\/comprar\/poster-en-papel-mate-con-marco\/"},"modified":"2024-10-24T12:27:28","modified_gmt":"2024-10-24T10:27:28","slug":"bovinae-con-marco","status":"publish","type":"product","link":"https:\/\/dase.es\/en\/comprar\/bovinae-con-marco\/","title":{"rendered":"\u201cBovinae\u201d con marco"},"content":{"rendered":"<p>Manifiesta un futuro vegano con esta obra artivista impresa y enmarcada en una pared de tu hogar.<br \/>\nImpreso en papel de alta calidad, grueso y con acabado mate.<\/p>\n<p>\u2022 Peso del papel: 189 g\/m\u00b2 (5.57 oz\/y\u00b2)<br \/>\n\u2022 Grosor del papel: 0,26 mm (10.3 mil)<br \/>\n\u2022 Marco de madera semidura de aliso<br \/>\n\u2022 Protecci\u00f3n frontal de acr\u00edlico<br \/>\n\u2022 Fijaciones incluidas<br \/>\n\u2022 Los p\u00f3steres de 21\u00d730 cm son de tama\u00f1o A4<\/p>\n","protected":false},"excerpt":{"rendered":"<p>Manifiesta un futuro vegano con esta obra artivista impresa y enmarcada en una pared de tu hogar. Impreso en papel de alta calidad, grueso y con acabado mate. \u2022 Peso del papel: 189 g\/m\u00b2 (5.57 oz\/y\u00b2) \u2022 Grosor del papel: 0,26 mm (10.3 mil) \u2022 Marco de madera semidura de aliso \u2022 Protecci\u00f3n frontal de [&hellip;]<\/p>\n","protected":false},"featured_media":22213,"template":"","meta":{"_joinchat":[]},"product_brand":[],"product_cat":[53,180,227,198,223,224,222],"product_tag":[],"class_list":{"0":"post-22200","1":"product","2":"type-product","3":"status-publish","4":"has-post-thumbnail","6":"product_cat-prints","7":"product_cat-enmarcadas","8":"product_cat-con-ilustraciones","9":"product_cat-laminas-destacadas","10":"product_cat-blanco-y-negro","11":"product_cat-estilo-nordico","12":"product_cat-minimalistas","13":"product_shipping_class-envio-gratis","15":"first","16":"outofstock","17":"sold-individually","18":"taxable","19":"shipping-taxable","20":"purchasable","21":"product-type-variable"},"yoast_head":"<!-- This site is optimized with the Yoast SEO plugin v26.4 - https:\/\/yoast.com\/wordpress\/plugins\/seo\/ -->\n<title>\u201cBovinae\u201d con marco &#183; Dase<\/title>\n<meta name=\"robots\" content=\"noindex, follow\" \/>\n<meta property=\"og:locale\" content=\"en_US\" \/>\n<meta property=\"og:type\" content=\"article\" \/>\n<meta property=\"og:title\" content=\"\u201cBovinae\u201d con marco &#183; Dase\" \/>\n<meta property=\"og:description\" content=\"Manifiesta un futuro vegano con esta obra artivista impresa y enmarcada en una pared de tu hogar. Impreso en papel de alta calidad, grueso y con acabado mate. \u2022 Peso del papel: 189 g\/m\u00b2 (5.57 oz\/y\u00b2) \u2022 Grosor del papel: 0,26 mm (10.3 mil) \u2022 Marco de madera semidura de aliso \u2022 Protecci\u00f3n frontal de [&hellip;]\" \/>\n<meta property=\"og:url\" content=\"https:\/\/dase.es\/en\/comprar\/bovinae-con-marco\/\" \/>\n<meta property=\"og:site_name\" content=\"Dase\" \/>\n<meta property=\"article:modified_time\" content=\"2024-10-24T10:27:28+00:00\" \/>\n<meta property=\"og:image\" content=\"https:\/\/dase.es\/wp-content\/uploads\/2021\/08\/enhanced-matte-paper-framed-poster-cm-oak-61x91-cm-transparent-6116b57e6c503.jpg\" \/>\n\t<meta property=\"og:image:width\" content=\"1000\" \/>\n\t<meta property=\"og:image:height\" content=\"1000\" \/>\n\t<meta property=\"og:image:type\" content=\"image\/jpeg\" \/>\n<meta name=\"twitter:card\" content=\"summary_large_image\" \/>\n<script type=\"application\/ld+json\" class=\"yoast-schema-graph\">{\"@context\":\"https:\/\/schema.org\",\"@graph\":[{\"@type\":\"WebPage\",\"@id\":\"https:\/\/dase.es\/en\/comprar\/bovinae-con-marco\/\",\"url\":\"https:\/\/dase.es\/en\/comprar\/bovinae-con-marco\/\",\"name\":\"\u201cBovinae\u201d con marco &#183; Dase\",\"isPartOf\":{\"@id\":\"https:\/\/dase.es\/en\/#website\"},\"primaryImageOfPage\":{\"@id\":\"https:\/\/dase.es\/en\/comprar\/bovinae-con-marco\/#primaryimage\"},\"image\":{\"@id\":\"https:\/\/dase.es\/en\/comprar\/bovinae-con-marco\/#primaryimage\"},\"thumbnailUrl\":\"https:\/\/dase.es\/wp-content\/uploads\/2021\/08\/enhanced-matte-paper-framed-poster-cm-oak-61x91-cm-transparent-6116b57e6c503.jpg\",\"datePublished\":\"2021-08-13T18:10:25+00:00\",\"dateModified\":\"2024-10-24T10:27:28+00:00\",\"breadcrumb\":{\"@id\":\"https:\/\/dase.es\/en\/comprar\/bovinae-con-marco\/#breadcrumb\"},\"inLanguage\":\"en-US\",\"potentialAction\":[{\"@type\":\"ReadAction\",\"target\":[\"https:\/\/dase.es\/en\/comprar\/bovinae-con-marco\/\"]}]},{\"@type\":\"ImageObject\",\"inLanguage\":\"en-US\",\"@id\":\"https:\/\/dase.es\/en\/comprar\/bovinae-con-marco\/#primaryimage\",\"url\":\"https:\/\/dase.es\/wp-content\/uploads\/2021\/08\/enhanced-matte-paper-framed-poster-cm-oak-61x91-cm-transparent-6116b57e6c503.jpg\",\"contentUrl\":\"https:\/\/dase.es\/wp-content\/uploads\/2021\/08\/enhanced-matte-paper-framed-poster-cm-oak-61x91-cm-transparent-6116b57e6c503.jpg\",\"width\":1000,\"height\":1000},{\"@type\":\"BreadcrumbList\",\"@id\":\"https:\/\/dase.es\/en\/comprar\/bovinae-con-marco\/#breadcrumb\",\"itemListElement\":[{\"@type\":\"ListItem\",\"position\":1,\"name\":\"Tienda online\",\"item\":\"https:\/\/dase.es\/comprar\/\"},{\"@type\":\"ListItem\",\"position\":2,\"name\":\"Prints \u203a\",\"item\":\"https:\/\/dase.es\/en\/shop\/prints-en\/\"},{\"@type\":\"ListItem\",\"position\":3,\"name\":\"Framed prints\",\"item\":\"https:\/\/dase.es\/en\/shop\/framed-prints\/\"},{\"@type\":\"ListItem\",\"position\":4,\"name\":\"\u201cBovinae\u201d con marco\"}]},{\"@type\":\"WebSite\",\"@id\":\"https:\/\/dase.es\/en\/#website\",\"url\":\"https:\/\/dase.es\/en\/\",\"name\":\"Dase\",\"description\":\"Pintura Mural y Graffiti Profesional\",\"publisher\":{\"@id\":\"https:\/\/dase.es\/en\/#\/schema\/person\/51518cff00aab96be0990ff852f05dd1\"},\"potentialAction\":[{\"@type\":\"SearchAction\",\"target\":{\"@type\":\"EntryPoint\",\"urlTemplate\":\"https:\/\/dase.es\/en\/?s={search_term_string}\"},\"query-input\":{\"@type\":\"PropertyValueSpecification\",\"valueRequired\":true,\"valueName\":\"search_term_string\"}}],\"inLanguage\":\"en-US\"},{\"@type\":[\"Person\",\"Organization\"],\"@id\":\"https:\/\/dase.es\/en\/#\/schema\/person\/51518cff00aab96be0990ff852f05dd1\",\"name\":\"\",\"image\":{\"@type\":\"ImageObject\",\"inLanguage\":\"en-US\",\"@id\":\"https:\/\/dase.es\/en\/#\/schema\/person\/image\/\",\"url\":\"https:\/\/secure.gravatar.com\/avatar\/d3d5e9a75a56cf98e1b0dee24a616ff1780c643596609041085c62cc1ca5f467?s=96&d=blank&r=g\",\"contentUrl\":\"https:\/\/secure.gravatar.com\/avatar\/d3d5e9a75a56cf98e1b0dee24a616ff1780c643596609041085c62cc1ca5f467?s=96&d=blank&r=g\"},\"logo\":{\"@id\":\"https:\/\/dase.es\/en\/#\/schema\/person\/image\/\"}}]}<\/script>\n<!-- \/ Yoast SEO plugin. -->","yoast_head_json":{"title":"\u201cBovinae\u201d con marco &#183; Dase","robots":{"index":"noindex","follow":"follow"},"og_locale":"en_US","og_type":"article","og_title":"\u201cBovinae\u201d con marco &#183; Dase","og_description":"Manifiesta un futuro vegano con esta obra artivista impresa y enmarcada en una pared de tu hogar. Impreso en papel de alta calidad, grueso y con acabado mate. \u2022 Peso del papel: 189 g\/m\u00b2 (5.57 oz\/y\u00b2) \u2022 Grosor del papel: 0,26 mm (10.3 mil) \u2022 Marco de madera semidura de aliso \u2022 Protecci\u00f3n frontal de [&hellip;]","og_url":"https:\/\/dase.es\/en\/comprar\/bovinae-con-marco\/","og_site_name":"Dase","article_modified_time":"2024-10-24T10:27:28+00:00","og_image":[{"width":1000,"height":1000,"url":"https:\/\/dase.es\/wp-content\/uploads\/2021\/08\/enhanced-matte-paper-framed-poster-cm-oak-61x91-cm-transparent-6116b57e6c503.jpg","type":"image\/jpeg"}],"twitter_card":"summary_large_image","schema":{"@context":"https:\/\/schema.org","@graph":[{"@type":"WebPage","@id":"https:\/\/dase.es\/en\/comprar\/bovinae-con-marco\/","url":"https:\/\/dase.es\/en\/comprar\/bovinae-con-marco\/","name":"\u201cBovinae\u201d con marco &#183; Dase","isPartOf":{"@id":"https:\/\/dase.es\/en\/#website"},"primaryImageOfPage":{"@id":"https:\/\/dase.es\/en\/comprar\/bovinae-con-marco\/#primaryimage"},"image":{"@id":"https:\/\/dase.es\/en\/comprar\/bovinae-con-marco\/#primaryimage"},"thumbnailUrl":"https:\/\/dase.es\/wp-content\/uploads\/2021\/08\/enhanced-matte-paper-framed-poster-cm-oak-61x91-cm-transparent-6116b57e6c503.jpg","datePublished":"2021-08-13T18:10:25+00:00","dateModified":"2024-10-24T10:27:28+00:00","breadcrumb":{"@id":"https:\/\/dase.es\/en\/comprar\/bovinae-con-marco\/#breadcrumb"},"inLanguage":"en-US","potentialAction":[{"@type":"ReadAction","target":["https:\/\/dase.es\/en\/comprar\/bovinae-con-marco\/"]}]},{"@type":"ImageObject","inLanguage":"en-US","@id":"https:\/\/dase.es\/en\/comprar\/bovinae-con-marco\/#primaryimage","url":"https:\/\/dase.es\/wp-content\/uploads\/2021\/08\/enhanced-matte-paper-framed-poster-cm-oak-61x91-cm-transparent-6116b57e6c503.jpg","contentUrl":"https:\/\/dase.es\/wp-content\/uploads\/2021\/08\/enhanced-matte-paper-framed-poster-cm-oak-61x91-cm-transparent-6116b57e6c503.jpg","width":1000,"height":1000},{"@type":"BreadcrumbList","@id":"https:\/\/dase.es\/en\/comprar\/bovinae-con-marco\/#breadcrumb","itemListElement":[{"@type":"ListItem","position":1,"name":"Tienda online","item":"https:\/\/dase.es\/comprar\/"},{"@type":"ListItem","position":2,"name":"Prints \u203a","item":"https:\/\/dase.es\/en\/shop\/prints-en\/"},{"@type":"ListItem","position":3,"name":"Framed prints","item":"https:\/\/dase.es\/en\/shop\/framed-prints\/"},{"@type":"ListItem","position":4,"name":"\u201cBovinae\u201d con marco"}]},{"@type":"WebSite","@id":"https:\/\/dase.es\/en\/#website","url":"https:\/\/dase.es\/en\/","name":"Dase","description":"Pintura Mural y Graffiti Profesional","publisher":{"@id":"https:\/\/dase.es\/en\/#\/schema\/person\/51518cff00aab96be0990ff852f05dd1"},"potentialAction":[{"@type":"SearchAction","target":{"@type":"EntryPoint","urlTemplate":"https:\/\/dase.es\/en\/?s={search_term_string}"},"query-input":{"@type":"PropertyValueSpecification","valueRequired":true,"valueName":"search_term_string"}}],"inLanguage":"en-US"},{"@type":["Person","Organization"],"@id":"https:\/\/dase.es\/en\/#\/schema\/person\/51518cff00aab96be0990ff852f05dd1","name":"","image":{"@type":"ImageObject","inLanguage":"en-US","@id":"https:\/\/dase.es\/en\/#\/schema\/person\/image\/","url":"https:\/\/secure.gravatar.com\/avatar\/d3d5e9a75a56cf98e1b0dee24a616ff1780c643596609041085c62cc1ca5f467?s=96&d=blank&r=g","contentUrl":"https:\/\/secure.gravatar.com\/avatar\/d3d5e9a75a56cf98e1b0dee24a616ff1780c643596609041085c62cc1ca5f467?s=96&d=blank&r=g"},"logo":{"@id":"https:\/\/dase.es\/en\/#\/schema\/person\/image\/"}}]}},"_links":{"self":[{"href":"https:\/\/dase.es\/en\/wp-json\/wp\/v2\/product\/22200","targetHints":{"allow":["GET"]}}],"collection":[{"href":"https:\/\/dase.es\/en\/wp-json\/wp\/v2\/product"}],"about":[{"href":"https:\/\/dase.es\/en\/wp-json\/wp\/v2\/types\/product"}],"wp:featuredmedia":[{"embeddable":true,"href":"https:\/\/dase.es\/en\/wp-json\/wp\/v2\/media\/22213"}],"wp:attachment":[{"href":"https:\/\/dase.es\/en\/wp-json\/wp\/v2\/media?parent=22200"}],"wp:term":[{"taxonomy":"product_brand","embeddable":true,"href":"https:\/\/dase.es\/en\/wp-json\/wp\/v2\/product_brand?post=22200"},{"taxonomy":"product_cat","embeddable":true,"href":"https:\/\/dase.es\/en\/wp-json\/wp\/v2\/product_cat?post=22200"},{"taxonomy":"product_tag","embeddable":true,"href":"https:\/\/dase.es\/en\/wp-json\/wp\/v2\/product_tag?post=22200"}],"curies":[{"name":"wp","href":"https:\/\/api.w.org\/{rel}","templated":true}]}}