{"id":22099,"date":"2021-08-04T15:16:04","date_gmt":"2021-08-04T13:16:04","guid":{"rendered":"https:\/\/dase.es\/comprar\/da-t-shirt-negra\/"},"modified":"2024-03-20T08:09:47","modified_gmt":"2024-03-20T07:09:47","slug":"da-t-shirt-negra","status":"publish","type":"product","link":"https:\/\/dase.es\/en\/comprar\/da-t-shirt-negra\/","title":{"rendered":"Da T-Shirt Black"},"content":{"rendered":"<p><strong>Camiseta de algod\u00f3n org\u00e1nico unisex.<\/strong><br \/>\nConfeccionada con algod\u00f3n hilado en anillos 100% org\u00e1nico, esta camiseta unisex es una prenda indispensable. Es de alta calidad, superc\u00f3moda y, lo mejor de todo, respetuosa con el medio ambiente.<\/p>\n<p><strong>\u2022 Dise\u00f1ada y estampada en Barcelona<\/strong><br \/>\n\u2022 Algod\u00f3n hilado en anillos 100% ecol\u00f3gico<br \/>\n\u2022 Peso del tejido: 180 g\/m\u00b2 (5.3 oz\/yd\u00b2)<br \/>\n\u2022 Una sola fontura<br \/>\n\u2022 Ajuste medio<br \/>\n\u2022 Mangas pegadas<br \/>\n\u2022 Canal 1\u00d71 en el cuello<br \/>\n\u2022 Producto base procedente de Banglad\u00e9s o China<br \/>\n\u2022 Pespuntes de doble aguja anchos en las mangas y en los dobladillos inferiores<br \/>\n\u2022 Tapeta de cuello en el mismo tejido (en el interior, parte trasera del cuello)<\/p>\n","protected":false},"excerpt":{"rendered":"<p>Camiseta de algod\u00f3n org\u00e1nico unisex. Confeccionada con algod\u00f3n hilado en anillos 100% org\u00e1nico, esta camiseta unisex es una prenda indispensable. Es de alta calidad, superc\u00f3moda y, lo mejor de todo, respetuosa con el medio ambiente. \u2022 Dise\u00f1ada y estampada en Barcelona \u2022 Algod\u00f3n hilado en anillos 100% ecol\u00f3gico \u2022 Peso del tejido: 180 g\/m\u00b2 (5.3 [&hellip;]<\/p>\n","protected":false},"featured_media":22107,"template":"","meta":{"_joinchat":[]},"product_brand":[],"product_cat":[],"product_tag":[],"class_list":{"0":"post-22099","1":"product","2":"type-product","3":"status-publish","4":"has-post-thumbnail","7":"first","8":"instock","9":"taxable","10":"shipping-taxable","11":"purchasable","12":"product-type-variable"},"yoast_head":"<!-- This site is optimized with the Yoast SEO plugin v26.4 - https:\/\/yoast.com\/wordpress\/plugins\/seo\/ -->\n<title>Da T-Shirt Black &#183; Dase<\/title>\n<meta name=\"robots\" content=\"index, follow, max-snippet:-1, max-image-preview:large, max-video-preview:-1\" \/>\n<link rel=\"canonical\" href=\"https:\/\/dase.es\/en\/comprar\/da-t-shirt-negra\/\" \/>\n<meta property=\"og:locale\" content=\"en_US\" \/>\n<meta property=\"og:type\" content=\"article\" \/>\n<meta property=\"og:title\" content=\"Da T-Shirt Black &#183; Dase\" \/>\n<meta property=\"og:description\" content=\"Camiseta de algod\u00f3n org\u00e1nico unisex. Confeccionada con algod\u00f3n hilado en anillos 100% org\u00e1nico, esta camiseta unisex es una prenda indispensable. Es de alta calidad, superc\u00f3moda y, lo mejor de todo, respetuosa con el medio ambiente. \u2022 Dise\u00f1ada y estampada en Barcelona \u2022 Algod\u00f3n hilado en anillos 100% ecol\u00f3gico \u2022 Peso del tejido: 180 g\/m\u00b2 (5.3 [&hellip;]\" \/>\n<meta property=\"og:url\" content=\"https:\/\/dase.es\/en\/comprar\/da-t-shirt-negra\/\" \/>\n<meta property=\"og:site_name\" content=\"Dase\" \/>\n<meta property=\"article:modified_time\" content=\"2024-03-20T07:09:47+00:00\" \/>\n<meta property=\"og:image\" content=\"https:\/\/i0.wp.com\/dase.es\/wp-content\/uploads\/2021\/08\/unisex-organic-cotton-t-shirt-black-front-610a9304661bc.jpg?fit=1000%2C1000&ssl=1\" \/>\n\t<meta property=\"og:image:width\" content=\"1000\" \/>\n\t<meta property=\"og:image:height\" content=\"1000\" \/>\n\t<meta property=\"og:image:type\" content=\"image\/jpeg\" \/>\n<meta name=\"twitter:card\" content=\"summary_large_image\" \/>\n<script type=\"application\/ld+json\" class=\"yoast-schema-graph\">{\"@context\":\"https:\/\/schema.org\",\"@graph\":[{\"@type\":\"WebPage\",\"@id\":\"https:\/\/dase.es\/en\/comprar\/da-t-shirt-negra\/\",\"url\":\"https:\/\/dase.es\/en\/comprar\/da-t-shirt-negra\/\",\"name\":\"Da T-Shirt Black &#183; Dase\",\"isPartOf\":{\"@id\":\"https:\/\/dase.es\/en\/#website\"},\"primaryImageOfPage\":{\"@id\":\"https:\/\/dase.es\/en\/comprar\/da-t-shirt-negra\/#primaryimage\"},\"image\":{\"@id\":\"https:\/\/dase.es\/en\/comprar\/da-t-shirt-negra\/#primaryimage\"},\"thumbnailUrl\":\"https:\/\/dase.es\/wp-content\/uploads\/2021\/08\/unisex-organic-cotton-t-shirt-black-front-610a9304661bc.jpg\",\"datePublished\":\"2021-08-04T13:16:04+00:00\",\"dateModified\":\"2024-03-20T07:09:47+00:00\",\"breadcrumb\":{\"@id\":\"https:\/\/dase.es\/en\/comprar\/da-t-shirt-negra\/#breadcrumb\"},\"inLanguage\":\"en-US\",\"potentialAction\":[{\"@type\":\"ReadAction\",\"target\":[\"https:\/\/dase.es\/en\/comprar\/da-t-shirt-negra\/\"]}]},{\"@type\":\"ImageObject\",\"inLanguage\":\"en-US\",\"@id\":\"https:\/\/dase.es\/en\/comprar\/da-t-shirt-negra\/#primaryimage\",\"url\":\"https:\/\/dase.es\/wp-content\/uploads\/2021\/08\/unisex-organic-cotton-t-shirt-black-front-610a9304661bc.jpg\",\"contentUrl\":\"https:\/\/dase.es\/wp-content\/uploads\/2021\/08\/unisex-organic-cotton-t-shirt-black-front-610a9304661bc.jpg\",\"width\":1000,\"height\":1000},{\"@type\":\"BreadcrumbList\",\"@id\":\"https:\/\/dase.es\/en\/comprar\/da-t-shirt-negra\/#breadcrumb\",\"itemListElement\":[{\"@type\":\"ListItem\",\"position\":1,\"name\":\"Tienda online\",\"item\":\"https:\/\/dase.es\/comprar\/\"},{\"@type\":\"ListItem\",\"position\":2,\"name\":\"Merchandising\",\"item\":\"https:\/\/dase.es\/en\/shop\/merchandising\/\"},{\"@type\":\"ListItem\",\"position\":3,\"name\":\"Da T-Shirt Black\"}]},{\"@type\":\"WebSite\",\"@id\":\"https:\/\/dase.es\/en\/#website\",\"url\":\"https:\/\/dase.es\/en\/\",\"name\":\"Dase\",\"description\":\"Pintura Mural y Graffiti Profesional\",\"publisher\":{\"@id\":\"https:\/\/dase.es\/en\/#\/schema\/person\/51518cff00aab96be0990ff852f05dd1\"},\"potentialAction\":[{\"@type\":\"SearchAction\",\"target\":{\"@type\":\"EntryPoint\",\"urlTemplate\":\"https:\/\/dase.es\/en\/?s={search_term_string}\"},\"query-input\":{\"@type\":\"PropertyValueSpecification\",\"valueRequired\":true,\"valueName\":\"search_term_string\"}}],\"inLanguage\":\"en-US\"},{\"@type\":[\"Person\",\"Organization\"],\"@id\":\"https:\/\/dase.es\/en\/#\/schema\/person\/51518cff00aab96be0990ff852f05dd1\",\"name\":\"\",\"image\":{\"@type\":\"ImageObject\",\"inLanguage\":\"en-US\",\"@id\":\"https:\/\/dase.es\/en\/#\/schema\/person\/image\/\",\"url\":\"https:\/\/secure.gravatar.com\/avatar\/d3d5e9a75a56cf98e1b0dee24a616ff1780c643596609041085c62cc1ca5f467?s=96&d=blank&r=g\",\"contentUrl\":\"https:\/\/secure.gravatar.com\/avatar\/d3d5e9a75a56cf98e1b0dee24a616ff1780c643596609041085c62cc1ca5f467?s=96&d=blank&r=g\"},\"logo\":{\"@id\":\"https:\/\/dase.es\/en\/#\/schema\/person\/image\/\"}}]}<\/script>\n<!-- \/ Yoast SEO plugin. -->","yoast_head_json":{"title":"Da T-Shirt Black &#183; Dase","robots":{"index":"index","follow":"follow","max-snippet":"max-snippet:-1","max-image-preview":"max-image-preview:large","max-video-preview":"max-video-preview:-1"},"canonical":"https:\/\/dase.es\/en\/comprar\/da-t-shirt-negra\/","og_locale":"en_US","og_type":"article","og_title":"Da T-Shirt Black &#183; Dase","og_description":"Camiseta de algod\u00f3n org\u00e1nico unisex. Confeccionada con algod\u00f3n hilado en anillos 100% org\u00e1nico, esta camiseta unisex es una prenda indispensable. Es de alta calidad, superc\u00f3moda y, lo mejor de todo, respetuosa con el medio ambiente. \u2022 Dise\u00f1ada y estampada en Barcelona \u2022 Algod\u00f3n hilado en anillos 100% ecol\u00f3gico \u2022 Peso del tejido: 180 g\/m\u00b2 (5.3 [&hellip;]","og_url":"https:\/\/dase.es\/en\/comprar\/da-t-shirt-negra\/","og_site_name":"Dase","article_modified_time":"2024-03-20T07:09:47+00:00","og_image":[{"width":1000,"height":1000,"url":"https:\/\/i0.wp.com\/dase.es\/wp-content\/uploads\/2021\/08\/unisex-organic-cotton-t-shirt-black-front-610a9304661bc.jpg?fit=1000%2C1000&ssl=1","type":"image\/jpeg"}],"twitter_card":"summary_large_image","schema":{"@context":"https:\/\/schema.org","@graph":[{"@type":"WebPage","@id":"https:\/\/dase.es\/en\/comprar\/da-t-shirt-negra\/","url":"https:\/\/dase.es\/en\/comprar\/da-t-shirt-negra\/","name":"Da T-Shirt Black &#183; Dase","isPartOf":{"@id":"https:\/\/dase.es\/en\/#website"},"primaryImageOfPage":{"@id":"https:\/\/dase.es\/en\/comprar\/da-t-shirt-negra\/#primaryimage"},"image":{"@id":"https:\/\/dase.es\/en\/comprar\/da-t-shirt-negra\/#primaryimage"},"thumbnailUrl":"https:\/\/dase.es\/wp-content\/uploads\/2021\/08\/unisex-organic-cotton-t-shirt-black-front-610a9304661bc.jpg","datePublished":"2021-08-04T13:16:04+00:00","dateModified":"2024-03-20T07:09:47+00:00","breadcrumb":{"@id":"https:\/\/dase.es\/en\/comprar\/da-t-shirt-negra\/#breadcrumb"},"inLanguage":"en-US","potentialAction":[{"@type":"ReadAction","target":["https:\/\/dase.es\/en\/comprar\/da-t-shirt-negra\/"]}]},{"@type":"ImageObject","inLanguage":"en-US","@id":"https:\/\/dase.es\/en\/comprar\/da-t-shirt-negra\/#primaryimage","url":"https:\/\/dase.es\/wp-content\/uploads\/2021\/08\/unisex-organic-cotton-t-shirt-black-front-610a9304661bc.jpg","contentUrl":"https:\/\/dase.es\/wp-content\/uploads\/2021\/08\/unisex-organic-cotton-t-shirt-black-front-610a9304661bc.jpg","width":1000,"height":1000},{"@type":"BreadcrumbList","@id":"https:\/\/dase.es\/en\/comprar\/da-t-shirt-negra\/#breadcrumb","itemListElement":[{"@type":"ListItem","position":1,"name":"Tienda online","item":"https:\/\/dase.es\/comprar\/"},{"@type":"ListItem","position":2,"name":"Merchandising","item":"https:\/\/dase.es\/en\/shop\/merchandising\/"},{"@type":"ListItem","position":3,"name":"Da T-Shirt Black"}]},{"@type":"WebSite","@id":"https:\/\/dase.es\/en\/#website","url":"https:\/\/dase.es\/en\/","name":"Dase","description":"Pintura Mural y Graffiti Profesional","publisher":{"@id":"https:\/\/dase.es\/en\/#\/schema\/person\/51518cff00aab96be0990ff852f05dd1"},"potentialAction":[{"@type":"SearchAction","target":{"@type":"EntryPoint","urlTemplate":"https:\/\/dase.es\/en\/?s={search_term_string}"},"query-input":{"@type":"PropertyValueSpecification","valueRequired":true,"valueName":"search_term_string"}}],"inLanguage":"en-US"},{"@type":["Person","Organization"],"@id":"https:\/\/dase.es\/en\/#\/schema\/person\/51518cff00aab96be0990ff852f05dd1","name":"","image":{"@type":"ImageObject","inLanguage":"en-US","@id":"https:\/\/dase.es\/en\/#\/schema\/person\/image\/","url":"https:\/\/secure.gravatar.com\/avatar\/d3d5e9a75a56cf98e1b0dee24a616ff1780c643596609041085c62cc1ca5f467?s=96&d=blank&r=g","contentUrl":"https:\/\/secure.gravatar.com\/avatar\/d3d5e9a75a56cf98e1b0dee24a616ff1780c643596609041085c62cc1ca5f467?s=96&d=blank&r=g"},"logo":{"@id":"https:\/\/dase.es\/en\/#\/schema\/person\/image\/"}}]}},"_links":{"self":[{"href":"https:\/\/dase.es\/en\/wp-json\/wp\/v2\/product\/22099","targetHints":{"allow":["GET"]}}],"collection":[{"href":"https:\/\/dase.es\/en\/wp-json\/wp\/v2\/product"}],"about":[{"href":"https:\/\/dase.es\/en\/wp-json\/wp\/v2\/types\/product"}],"wp:featuredmedia":[{"embeddable":true,"href":"https:\/\/dase.es\/en\/wp-json\/wp\/v2\/media\/22107"}],"wp:attachment":[{"href":"https:\/\/dase.es\/en\/wp-json\/wp\/v2\/media?parent=22099"}],"wp:term":[{"taxonomy":"product_brand","embeddable":true,"href":"https:\/\/dase.es\/en\/wp-json\/wp\/v2\/product_brand?post=22099"},{"taxonomy":"product_cat","embeddable":true,"href":"https:\/\/dase.es\/en\/wp-json\/wp\/v2\/product_cat?post=22099"},{"taxonomy":"product_tag","embeddable":true,"href":"https:\/\/dase.es\/en\/wp-json\/wp\/v2\/product_tag?post=22099"}],"curies":[{"name":"wp","href":"https:\/\/api.w.org\/{rel}","templated":true}]}}