{"id":21482,"date":"2021-05-25T23:14:06","date_gmt":"2021-05-25T21:14:06","guid":{"rendered":"https:\/\/dase.es\/?post_type=product&#038;p=21482"},"modified":"2025-07-15T16:11:59","modified_gmt":"2025-07-15T14:11:59","slug":"mural-de-bosque","status":"publish","type":"product","link":"https:\/\/dase.es\/en\/comprar\/mural-de-bosque\/","title":{"rendered":"Mural de bosque"},"content":{"rendered":"<p><strong>Mural pintado a mano con paisaje de bosque encantado<\/strong>.<\/p>\n<div class=\"brs_col\">\n<h2>MURALES DE PAISAJES PARA PAREDES<\/h2>\n<p>Pintamos las mejores vistas que puedas imaginar. Somos especialistas en pintura mural paisaj\u00edstica.<\/p>\n<\/div>\n<h2>MURALES DE PAISAJES PARA EXTERIORES<\/h2>\n<p>Utilizamos pintura para exteriores s\u00faper resistente a la intemperie: No te preocupes ni por los rayos UV del Sol ni el agua de la lluvia.<\/p>\n<h2>MURALES DE PAISAJES PARA INTERIORES<\/h2>\n<p>Un mural en un interior puede conservarse m\u00e1s all\u00e1 de tu vida. Con un m\u00ednimo mantenimiento puede durar incluso generaciones.<\/p>\n<h2>MURALES DE PAISAJES 3D<\/h2>\n<p>La pintura, gracias a los efectos \u00f3pticos de la superposici\u00f3n de elementos, a los juegos de luz, etc. Puede dar la sensaci\u00f3n de profundidad a cualquier estancia, especialmente si se juega con m\u00e1s de una superf\u00edcie (como por ejemplo dos paredes o una y el suelo.<\/p>\n<h2 class=\"s75CSd yF4bGf j6iBde\">DIBUJOS DE PAISAJES PARA\u00a0PINTAR EN PARED<\/h2>\n<p>Graffitis de paisajes hermosos y naturales.<\/p>\n","protected":false},"excerpt":{"rendered":"<h3>Mural con paisaje de bosque<\/h3>\n<p><strong>\u2713 Mural pintado a mano por encargo<\/strong>\u00a0que quieras (<strong>interior<\/strong>\u00a0o\u00a0<strong>exterior<\/strong>) por\u00a0<strong>artistas a domicilio.<\/strong><\/p>\n<p><strong>\u2713 Pintura al agua<\/strong>\u00a0(sin disolvente ni metales pesados) de\u00a0<strong>proximidad<\/strong>\u00a0(fabricada en Espa\u00f1a) y\u00a0<strong>vegana<\/strong>\u00a0(sin componentes animales).<\/p>\n<p>Transforma un espacio con arte consciente.<\/p>\n","protected":false},"featured_media":21968,"template":"","meta":{"_joinchat":[]},"product_brand":[],"product_cat":[282,284],"product_tag":[],"class_list":{"0":"post-21482","1":"product","2":"type-product","3":"status-publish","4":"has-post-thumbnail","6":"product_cat-murales","7":"product_cat-paisajes","9":"first","10":"instock","11":"taxable","12":"shipping-taxable","13":"product-type-external"},"yoast_head":"<!-- This site is optimized with the Yoast SEO plugin v26.4 - https:\/\/yoast.com\/wordpress\/plugins\/seo\/ -->\n<title>Mural de paisaje de bosque pintado a mano &#183; Dase<\/title>\n<meta name=\"description\" content=\"Mural de bosque pintado a mano. Este paisaje boscoso con \u00e1rboles y naturaleza dej\u00f3 al cliente encantado.\" \/>\n<meta name=\"robots\" content=\"noindex, follow\" \/>\n<meta property=\"og:locale\" content=\"en_US\" \/>\n<meta property=\"og:type\" content=\"article\" \/>\n<meta property=\"og:title\" content=\"Mural de paisaje de bosque pintado a mano &#183; Dase\" \/>\n<meta property=\"og:description\" content=\"Mural de bosque pintado a mano. Este paisaje boscoso con \u00e1rboles y naturaleza dej\u00f3 al cliente encantado.\" \/>\n<meta property=\"og:url\" content=\"https:\/\/dase.es\/en\/comprar\/mural-de-bosque\/\" \/>\n<meta property=\"og:site_name\" content=\"Dase\" \/>\n<meta property=\"article:modified_time\" content=\"2025-07-15T14:11:59+00:00\" \/>\n<meta property=\"og:image\" content=\"https:\/\/dase.es\/wp-content\/uploads\/2021\/05\/Mural-Bosque.jpg\" \/>\n\t<meta property=\"og:image:width\" content=\"1080\" \/>\n\t<meta property=\"og:image:height\" content=\"1080\" \/>\n\t<meta property=\"og:image:type\" content=\"image\/jpeg\" \/>\n<meta name=\"twitter:card\" content=\"summary_large_image\" \/>\n<script type=\"application\/ld+json\" class=\"yoast-schema-graph\">{\"@context\":\"https:\/\/schema.org\",\"@graph\":[{\"@type\":\"WebPage\",\"@id\":\"https:\/\/dase.es\/en\/comprar\/mural-de-bosque\/\",\"url\":\"https:\/\/dase.es\/en\/comprar\/mural-de-bosque\/\",\"name\":\"Mural de paisaje de bosque pintado a mano &#183; Dase\",\"isPartOf\":{\"@id\":\"https:\/\/dase.es\/en\/#website\"},\"primaryImageOfPage\":{\"@id\":\"https:\/\/dase.es\/en\/comprar\/mural-de-bosque\/#primaryimage\"},\"image\":{\"@id\":\"https:\/\/dase.es\/en\/comprar\/mural-de-bosque\/#primaryimage\"},\"thumbnailUrl\":\"https:\/\/dase.es\/wp-content\/uploads\/2021\/05\/Mural-Bosque.jpg\",\"datePublished\":\"2021-05-25T21:14:06+00:00\",\"dateModified\":\"2025-07-15T14:11:59+00:00\",\"description\":\"Mural de bosque pintado a mano. Este paisaje boscoso con \u00e1rboles y naturaleza dej\u00f3 al cliente encantado.\",\"breadcrumb\":{\"@id\":\"https:\/\/dase.es\/en\/comprar\/mural-de-bosque\/#breadcrumb\"},\"inLanguage\":\"en-US\",\"potentialAction\":[{\"@type\":\"ReadAction\",\"target\":[\"https:\/\/dase.es\/en\/comprar\/mural-de-bosque\/\"]}]},{\"@type\":\"ImageObject\",\"inLanguage\":\"en-US\",\"@id\":\"https:\/\/dase.es\/en\/comprar\/mural-de-bosque\/#primaryimage\",\"url\":\"https:\/\/dase.es\/wp-content\/uploads\/2021\/05\/Mural-Bosque.jpg\",\"contentUrl\":\"https:\/\/dase.es\/wp-content\/uploads\/2021\/05\/Mural-Bosque.jpg\",\"width\":1080,\"height\":1080,\"caption\":\"Mural bosque pintado a mano en la pared con arboles\"},{\"@type\":\"BreadcrumbList\",\"@id\":\"https:\/\/dase.es\/en\/comprar\/mural-de-bosque\/#breadcrumb\",\"itemListElement\":[{\"@type\":\"ListItem\",\"position\":1,\"name\":\"Tienda online\",\"item\":\"https:\/\/dase.es\/comprar\/\"},{\"@type\":\"ListItem\",\"position\":2,\"name\":\"Painted murals \u203a\",\"item\":\"https:\/\/dase.es\/en\/shop\/painted-murals\/\"},{\"@type\":\"ListItem\",\"position\":3,\"name\":\"Mural de bosque\"}]},{\"@type\":\"WebSite\",\"@id\":\"https:\/\/dase.es\/en\/#website\",\"url\":\"https:\/\/dase.es\/en\/\",\"name\":\"Dase\",\"description\":\"Pintura Mural y Graffiti Profesional\",\"publisher\":{\"@id\":\"https:\/\/dase.es\/en\/#\/schema\/person\/51518cff00aab96be0990ff852f05dd1\"},\"potentialAction\":[{\"@type\":\"SearchAction\",\"target\":{\"@type\":\"EntryPoint\",\"urlTemplate\":\"https:\/\/dase.es\/en\/?s={search_term_string}\"},\"query-input\":{\"@type\":\"PropertyValueSpecification\",\"valueRequired\":true,\"valueName\":\"search_term_string\"}}],\"inLanguage\":\"en-US\"},{\"@type\":[\"Person\",\"Organization\"],\"@id\":\"https:\/\/dase.es\/en\/#\/schema\/person\/51518cff00aab96be0990ff852f05dd1\",\"name\":\"\",\"image\":{\"@type\":\"ImageObject\",\"inLanguage\":\"en-US\",\"@id\":\"https:\/\/dase.es\/en\/#\/schema\/person\/image\/\",\"url\":\"https:\/\/secure.gravatar.com\/avatar\/d3d5e9a75a56cf98e1b0dee24a616ff1780c643596609041085c62cc1ca5f467?s=96&d=blank&r=g\",\"contentUrl\":\"https:\/\/secure.gravatar.com\/avatar\/d3d5e9a75a56cf98e1b0dee24a616ff1780c643596609041085c62cc1ca5f467?s=96&d=blank&r=g\"},\"logo\":{\"@id\":\"https:\/\/dase.es\/en\/#\/schema\/person\/image\/\"}}]}<\/script>\n<!-- \/ Yoast SEO plugin. -->","yoast_head_json":{"title":"Mural de paisaje de bosque pintado a mano &#183; Dase","description":"Mural de bosque pintado a mano. Este paisaje boscoso con \u00e1rboles y naturaleza dej\u00f3 al cliente encantado.","robots":{"index":"noindex","follow":"follow"},"og_locale":"en_US","og_type":"article","og_title":"Mural de paisaje de bosque pintado a mano &#183; Dase","og_description":"Mural de bosque pintado a mano. Este paisaje boscoso con \u00e1rboles y naturaleza dej\u00f3 al cliente encantado.","og_url":"https:\/\/dase.es\/en\/comprar\/mural-de-bosque\/","og_site_name":"Dase","article_modified_time":"2025-07-15T14:11:59+00:00","og_image":[{"width":1080,"height":1080,"url":"https:\/\/dase.es\/wp-content\/uploads\/2021\/05\/Mural-Bosque.jpg","type":"image\/jpeg"}],"twitter_card":"summary_large_image","schema":{"@context":"https:\/\/schema.org","@graph":[{"@type":"WebPage","@id":"https:\/\/dase.es\/en\/comprar\/mural-de-bosque\/","url":"https:\/\/dase.es\/en\/comprar\/mural-de-bosque\/","name":"Mural de paisaje de bosque pintado a mano &#183; Dase","isPartOf":{"@id":"https:\/\/dase.es\/en\/#website"},"primaryImageOfPage":{"@id":"https:\/\/dase.es\/en\/comprar\/mural-de-bosque\/#primaryimage"},"image":{"@id":"https:\/\/dase.es\/en\/comprar\/mural-de-bosque\/#primaryimage"},"thumbnailUrl":"https:\/\/dase.es\/wp-content\/uploads\/2021\/05\/Mural-Bosque.jpg","datePublished":"2021-05-25T21:14:06+00:00","dateModified":"2025-07-15T14:11:59+00:00","description":"Mural de bosque pintado a mano. Este paisaje boscoso con \u00e1rboles y naturaleza dej\u00f3 al cliente encantado.","breadcrumb":{"@id":"https:\/\/dase.es\/en\/comprar\/mural-de-bosque\/#breadcrumb"},"inLanguage":"en-US","potentialAction":[{"@type":"ReadAction","target":["https:\/\/dase.es\/en\/comprar\/mural-de-bosque\/"]}]},{"@type":"ImageObject","inLanguage":"en-US","@id":"https:\/\/dase.es\/en\/comprar\/mural-de-bosque\/#primaryimage","url":"https:\/\/dase.es\/wp-content\/uploads\/2021\/05\/Mural-Bosque.jpg","contentUrl":"https:\/\/dase.es\/wp-content\/uploads\/2021\/05\/Mural-Bosque.jpg","width":1080,"height":1080,"caption":"Mural bosque pintado a mano en la pared con arboles"},{"@type":"BreadcrumbList","@id":"https:\/\/dase.es\/en\/comprar\/mural-de-bosque\/#breadcrumb","itemListElement":[{"@type":"ListItem","position":1,"name":"Tienda online","item":"https:\/\/dase.es\/comprar\/"},{"@type":"ListItem","position":2,"name":"Painted murals \u203a","item":"https:\/\/dase.es\/en\/shop\/painted-murals\/"},{"@type":"ListItem","position":3,"name":"Mural de bosque"}]},{"@type":"WebSite","@id":"https:\/\/dase.es\/en\/#website","url":"https:\/\/dase.es\/en\/","name":"Dase","description":"Pintura Mural y Graffiti Profesional","publisher":{"@id":"https:\/\/dase.es\/en\/#\/schema\/person\/51518cff00aab96be0990ff852f05dd1"},"potentialAction":[{"@type":"SearchAction","target":{"@type":"EntryPoint","urlTemplate":"https:\/\/dase.es\/en\/?s={search_term_string}"},"query-input":{"@type":"PropertyValueSpecification","valueRequired":true,"valueName":"search_term_string"}}],"inLanguage":"en-US"},{"@type":["Person","Organization"],"@id":"https:\/\/dase.es\/en\/#\/schema\/person\/51518cff00aab96be0990ff852f05dd1","name":"","image":{"@type":"ImageObject","inLanguage":"en-US","@id":"https:\/\/dase.es\/en\/#\/schema\/person\/image\/","url":"https:\/\/secure.gravatar.com\/avatar\/d3d5e9a75a56cf98e1b0dee24a616ff1780c643596609041085c62cc1ca5f467?s=96&d=blank&r=g","contentUrl":"https:\/\/secure.gravatar.com\/avatar\/d3d5e9a75a56cf98e1b0dee24a616ff1780c643596609041085c62cc1ca5f467?s=96&d=blank&r=g"},"logo":{"@id":"https:\/\/dase.es\/en\/#\/schema\/person\/image\/"}}]}},"_links":{"self":[{"href":"https:\/\/dase.es\/en\/wp-json\/wp\/v2\/product\/21482","targetHints":{"allow":["GET"]}}],"collection":[{"href":"https:\/\/dase.es\/en\/wp-json\/wp\/v2\/product"}],"about":[{"href":"https:\/\/dase.es\/en\/wp-json\/wp\/v2\/types\/product"}],"wp:featuredmedia":[{"embeddable":true,"href":"https:\/\/dase.es\/en\/wp-json\/wp\/v2\/media\/21968"}],"wp:attachment":[{"href":"https:\/\/dase.es\/en\/wp-json\/wp\/v2\/media?parent=21482"}],"wp:term":[{"taxonomy":"product_brand","embeddable":true,"href":"https:\/\/dase.es\/en\/wp-json\/wp\/v2\/product_brand?post=21482"},{"taxonomy":"product_cat","embeddable":true,"href":"https:\/\/dase.es\/en\/wp-json\/wp\/v2\/product_cat?post=21482"},{"taxonomy":"product_tag","embeddable":true,"href":"https:\/\/dase.es\/en\/wp-json\/wp\/v2\/product_tag?post=21482"}],"curies":[{"name":"wp","href":"https:\/\/api.w.org\/{rel}","templated":true}]}}