{"id":19428,"date":"2020-09-01T09:53:57","date_gmt":"2020-09-01T07:53:57","guid":{"rendered":"https:\/\/dase.es\/comprar\/skys-the-limit\/"},"modified":"2024-10-24T12:27:29","modified_gmt":"2024-10-24T10:27:29","slug":"skys-the-limit","status":"publish","type":"product","link":"https:\/\/dase.es\/en\/comprar\/skys-the-limit\/","title":{"rendered":"Sky&#8217;s the Limit"},"content":{"rendered":"<p>Manifiesta tu personalidad en las paredes de cualquier habitaci\u00f3n. Estos p\u00f3sters con calidad de museo y acabado mate est\u00e1n impresos en papel permanente de alta durabilidad.<\/p>\n<p>&#8211; Grosor del papel: 10.3 mil<br \/>\n&#8211; Peso del papel: 192 g\/m\u00b2 (5.6 oz\/y\u00b2)<br \/>\n&#8211; Impresi\u00f3n de calidad gicl\u00e9e<br \/>\n&#8211; Opacidad: 94%<br \/>\n&#8211; Los p\u00f3steres de 21&#215;30 cm son de tama\u00f1o A4<\/p>\n","protected":false},"excerpt":{"rendered":"<p>Manifiesta tu personalidad en las paredes de cualquier habitaci\u00f3n. Estos p\u00f3sters con calidad de museo y acabado mate est\u00e1n impresos en papel permanente de alta durabilidad. &#8211; Grosor del papel: 10.3 mil &#8211; Peso del papel: 192 g\/m\u00b2 (5.6 oz\/y\u00b2) &#8211; Impresi\u00f3n de calidad gicl\u00e9e &#8211; Opacidad: 94% &#8211; Los p\u00f3steres de 21&#215;30 cm son [&hellip;]<\/p>\n","protected":false},"featured_media":19434,"template":"","meta":{"_joinchat":[]},"product_brand":[],"product_cat":[228,198,223,190],"product_tag":[],"class_list":{"0":"post-19428","1":"product","2":"type-product","3":"status-publish","4":"has-post-thumbnail","6":"product_cat-para-enmarcar","7":"product_cat-laminas-destacadas","8":"product_cat-blanco-y-negro","9":"product_cat-de-frases","11":"first","12":"outofstock","13":"sold-individually","14":"taxable","15":"shipping-taxable","16":"purchasable","17":"product-type-variable","18":"has-default-attributes"},"yoast_head":"<!-- This site is optimized with the Yoast SEO plugin v26.4 - https:\/\/yoast.com\/wordpress\/plugins\/seo\/ -->\n<title>Sky&#039;s the Limit &#183; Dase<\/title>\n<meta name=\"robots\" content=\"noindex, follow\" \/>\n<meta property=\"og:locale\" content=\"en_US\" \/>\n<meta property=\"og:type\" content=\"article\" \/>\n<meta property=\"og:title\" content=\"Sky&#039;s the Limit &#183; Dase\" \/>\n<meta property=\"og:description\" content=\"Manifiesta tu personalidad en las paredes de cualquier habitaci\u00f3n. Estos p\u00f3sters con calidad de museo y acabado mate est\u00e1n impresos en papel permanente de alta durabilidad. &#8211; Grosor del papel: 10.3 mil &#8211; Peso del papel: 192 g\/m\u00b2 (5.6 oz\/y\u00b2) &#8211; Impresi\u00f3n de calidad gicl\u00e9e &#8211; Opacidad: 94% &#8211; Los p\u00f3steres de 21&#215;30 cm son [&hellip;]\" \/>\n<meta property=\"og:url\" content=\"https:\/\/dase.es\/en\/comprar\/skys-the-limit\/\" \/>\n<meta property=\"og:site_name\" content=\"Dase\" \/>\n<meta property=\"article:modified_time\" content=\"2024-10-24T10:27:29+00:00\" \/>\n<meta property=\"og:image\" content=\"https:\/\/dase.es\/wp-content\/uploads\/2020\/09\/mockup-3e533d3a.png\" \/>\n\t<meta property=\"og:image:width\" content=\"1000\" \/>\n\t<meta property=\"og:image:height\" content=\"1000\" \/>\n\t<meta property=\"og:image:type\" content=\"image\/png\" \/>\n<meta name=\"twitter:card\" content=\"summary_large_image\" \/>\n<script type=\"application\/ld+json\" class=\"yoast-schema-graph\">{\"@context\":\"https:\/\/schema.org\",\"@graph\":[{\"@type\":\"WebPage\",\"@id\":\"https:\/\/dase.es\/en\/comprar\/skys-the-limit\/\",\"url\":\"https:\/\/dase.es\/en\/comprar\/skys-the-limit\/\",\"name\":\"Sky's the Limit &#183; Dase\",\"isPartOf\":{\"@id\":\"https:\/\/dase.es\/en\/#website\"},\"primaryImageOfPage\":{\"@id\":\"https:\/\/dase.es\/en\/comprar\/skys-the-limit\/#primaryimage\"},\"image\":{\"@id\":\"https:\/\/dase.es\/en\/comprar\/skys-the-limit\/#primaryimage\"},\"thumbnailUrl\":\"https:\/\/dase.es\/wp-content\/uploads\/2020\/09\/mockup-3e533d3a.png\",\"datePublished\":\"2020-09-01T07:53:57+00:00\",\"dateModified\":\"2024-10-24T10:27:29+00:00\",\"breadcrumb\":{\"@id\":\"https:\/\/dase.es\/en\/comprar\/skys-the-limit\/#breadcrumb\"},\"inLanguage\":\"en-US\",\"potentialAction\":[{\"@type\":\"ReadAction\",\"target\":[\"https:\/\/dase.es\/en\/comprar\/skys-the-limit\/\"]}]},{\"@type\":\"ImageObject\",\"inLanguage\":\"en-US\",\"@id\":\"https:\/\/dase.es\/en\/comprar\/skys-the-limit\/#primaryimage\",\"url\":\"https:\/\/dase.es\/wp-content\/uploads\/2020\/09\/mockup-3e533d3a.png\",\"contentUrl\":\"https:\/\/dase.es\/wp-content\/uploads\/2020\/09\/mockup-3e533d3a.png\",\"width\":1000,\"height\":1000},{\"@type\":\"BreadcrumbList\",\"@id\":\"https:\/\/dase.es\/en\/comprar\/skys-the-limit\/#breadcrumb\",\"itemListElement\":[{\"@type\":\"ListItem\",\"position\":1,\"name\":\"Tienda online\",\"item\":\"https:\/\/dase.es\/comprar\/\"},{\"@type\":\"ListItem\",\"position\":2,\"name\":\"Prints \u203a\",\"item\":\"https:\/\/dase.es\/en\/shop\/prints-en\/\"},{\"@type\":\"ListItem\",\"position\":3,\"name\":\"Prints to frame\",\"item\":\"https:\/\/dase.es\/en\/shop\/prints-to-frame\/\"},{\"@type\":\"ListItem\",\"position\":4,\"name\":\"Sky&#8217;s the Limit\"}]},{\"@type\":\"WebSite\",\"@id\":\"https:\/\/dase.es\/en\/#website\",\"url\":\"https:\/\/dase.es\/en\/\",\"name\":\"Dase\",\"description\":\"Pintura Mural y Graffiti Profesional\",\"publisher\":{\"@id\":\"https:\/\/dase.es\/en\/#\/schema\/person\/51518cff00aab96be0990ff852f05dd1\"},\"potentialAction\":[{\"@type\":\"SearchAction\",\"target\":{\"@type\":\"EntryPoint\",\"urlTemplate\":\"https:\/\/dase.es\/en\/?s={search_term_string}\"},\"query-input\":{\"@type\":\"PropertyValueSpecification\",\"valueRequired\":true,\"valueName\":\"search_term_string\"}}],\"inLanguage\":\"en-US\"},{\"@type\":[\"Person\",\"Organization\"],\"@id\":\"https:\/\/dase.es\/en\/#\/schema\/person\/51518cff00aab96be0990ff852f05dd1\",\"name\":\"\",\"image\":{\"@type\":\"ImageObject\",\"inLanguage\":\"en-US\",\"@id\":\"https:\/\/dase.es\/en\/#\/schema\/person\/image\/\",\"url\":\"https:\/\/secure.gravatar.com\/avatar\/d3d5e9a75a56cf98e1b0dee24a616ff1780c643596609041085c62cc1ca5f467?s=96&d=blank&r=g\",\"contentUrl\":\"https:\/\/secure.gravatar.com\/avatar\/d3d5e9a75a56cf98e1b0dee24a616ff1780c643596609041085c62cc1ca5f467?s=96&d=blank&r=g\"},\"logo\":{\"@id\":\"https:\/\/dase.es\/en\/#\/schema\/person\/image\/\"}}]}<\/script>\n<!-- \/ Yoast SEO plugin. -->","yoast_head_json":{"title":"Sky's the Limit &#183; Dase","robots":{"index":"noindex","follow":"follow"},"og_locale":"en_US","og_type":"article","og_title":"Sky's the Limit &#183; Dase","og_description":"Manifiesta tu personalidad en las paredes de cualquier habitaci\u00f3n. Estos p\u00f3sters con calidad de museo y acabado mate est\u00e1n impresos en papel permanente de alta durabilidad. &#8211; Grosor del papel: 10.3 mil &#8211; Peso del papel: 192 g\/m\u00b2 (5.6 oz\/y\u00b2) &#8211; Impresi\u00f3n de calidad gicl\u00e9e &#8211; Opacidad: 94% &#8211; Los p\u00f3steres de 21&#215;30 cm son [&hellip;]","og_url":"https:\/\/dase.es\/en\/comprar\/skys-the-limit\/","og_site_name":"Dase","article_modified_time":"2024-10-24T10:27:29+00:00","og_image":[{"width":1000,"height":1000,"url":"https:\/\/dase.es\/wp-content\/uploads\/2020\/09\/mockup-3e533d3a.png","type":"image\/png"}],"twitter_card":"summary_large_image","schema":{"@context":"https:\/\/schema.org","@graph":[{"@type":"WebPage","@id":"https:\/\/dase.es\/en\/comprar\/skys-the-limit\/","url":"https:\/\/dase.es\/en\/comprar\/skys-the-limit\/","name":"Sky's the Limit &#183; Dase","isPartOf":{"@id":"https:\/\/dase.es\/en\/#website"},"primaryImageOfPage":{"@id":"https:\/\/dase.es\/en\/comprar\/skys-the-limit\/#primaryimage"},"image":{"@id":"https:\/\/dase.es\/en\/comprar\/skys-the-limit\/#primaryimage"},"thumbnailUrl":"https:\/\/dase.es\/wp-content\/uploads\/2020\/09\/mockup-3e533d3a.png","datePublished":"2020-09-01T07:53:57+00:00","dateModified":"2024-10-24T10:27:29+00:00","breadcrumb":{"@id":"https:\/\/dase.es\/en\/comprar\/skys-the-limit\/#breadcrumb"},"inLanguage":"en-US","potentialAction":[{"@type":"ReadAction","target":["https:\/\/dase.es\/en\/comprar\/skys-the-limit\/"]}]},{"@type":"ImageObject","inLanguage":"en-US","@id":"https:\/\/dase.es\/en\/comprar\/skys-the-limit\/#primaryimage","url":"https:\/\/dase.es\/wp-content\/uploads\/2020\/09\/mockup-3e533d3a.png","contentUrl":"https:\/\/dase.es\/wp-content\/uploads\/2020\/09\/mockup-3e533d3a.png","width":1000,"height":1000},{"@type":"BreadcrumbList","@id":"https:\/\/dase.es\/en\/comprar\/skys-the-limit\/#breadcrumb","itemListElement":[{"@type":"ListItem","position":1,"name":"Tienda online","item":"https:\/\/dase.es\/comprar\/"},{"@type":"ListItem","position":2,"name":"Prints \u203a","item":"https:\/\/dase.es\/en\/shop\/prints-en\/"},{"@type":"ListItem","position":3,"name":"Prints to frame","item":"https:\/\/dase.es\/en\/shop\/prints-to-frame\/"},{"@type":"ListItem","position":4,"name":"Sky&#8217;s the Limit"}]},{"@type":"WebSite","@id":"https:\/\/dase.es\/en\/#website","url":"https:\/\/dase.es\/en\/","name":"Dase","description":"Pintura Mural y Graffiti Profesional","publisher":{"@id":"https:\/\/dase.es\/en\/#\/schema\/person\/51518cff00aab96be0990ff852f05dd1"},"potentialAction":[{"@type":"SearchAction","target":{"@type":"EntryPoint","urlTemplate":"https:\/\/dase.es\/en\/?s={search_term_string}"},"query-input":{"@type":"PropertyValueSpecification","valueRequired":true,"valueName":"search_term_string"}}],"inLanguage":"en-US"},{"@type":["Person","Organization"],"@id":"https:\/\/dase.es\/en\/#\/schema\/person\/51518cff00aab96be0990ff852f05dd1","name":"","image":{"@type":"ImageObject","inLanguage":"en-US","@id":"https:\/\/dase.es\/en\/#\/schema\/person\/image\/","url":"https:\/\/secure.gravatar.com\/avatar\/d3d5e9a75a56cf98e1b0dee24a616ff1780c643596609041085c62cc1ca5f467?s=96&d=blank&r=g","contentUrl":"https:\/\/secure.gravatar.com\/avatar\/d3d5e9a75a56cf98e1b0dee24a616ff1780c643596609041085c62cc1ca5f467?s=96&d=blank&r=g"},"logo":{"@id":"https:\/\/dase.es\/en\/#\/schema\/person\/image\/"}}]}},"_links":{"self":[{"href":"https:\/\/dase.es\/en\/wp-json\/wp\/v2\/product\/19428","targetHints":{"allow":["GET"]}}],"collection":[{"href":"https:\/\/dase.es\/en\/wp-json\/wp\/v2\/product"}],"about":[{"href":"https:\/\/dase.es\/en\/wp-json\/wp\/v2\/types\/product"}],"wp:featuredmedia":[{"embeddable":true,"href":"https:\/\/dase.es\/en\/wp-json\/wp\/v2\/media\/19434"}],"wp:attachment":[{"href":"https:\/\/dase.es\/en\/wp-json\/wp\/v2\/media?parent=19428"}],"wp:term":[{"taxonomy":"product_brand","embeddable":true,"href":"https:\/\/dase.es\/en\/wp-json\/wp\/v2\/product_brand?post=19428"},{"taxonomy":"product_cat","embeddable":true,"href":"https:\/\/dase.es\/en\/wp-json\/wp\/v2\/product_cat?post=19428"},{"taxonomy":"product_tag","embeddable":true,"href":"https:\/\/dase.es\/en\/wp-json\/wp\/v2\/product_tag?post=19428"}],"curies":[{"name":"wp","href":"https:\/\/api.w.org\/{rel}","templated":true}]}}