{"id":19298,"date":"2020-08-08T22:10:44","date_gmt":"2020-08-08T20:10:44","guid":{"rendered":"https:\/\/dase.es\/?post_type=product&#038;p=19298"},"modified":"2026-02-12T16:26:11","modified_gmt":"2026-02-12T15:26:11","slug":"mural-personalizado","status":"publish","type":"product","link":"https:\/\/dase.es\/en\/comprar\/mural-personalizado\/","title":{"rendered":"ECOMural&#x2122; Dase"},"content":{"rendered":"<h3>Dale vida a tu pared m\u00e1s aburrida<\/h3>\n<p>Dase crea <a href=\"https:\/\/dase.es\/pintura-mural\/personalizados\/\"><strong>murales personalizados<\/strong> <\/a>en paredes.<\/p>\n<p>Te contactaremos para conocer tu idea, asesorarte y crear un dise\u00f1o que te encante.<\/p>\n<h3>Inspira un planeta mejor<\/h3>\n<p>Utiliza materiales de bajo impacto ecol\u00f3gico: pintura al agua inodora (sin disolventes t\u00f3xicos ni metales pesados) de proximidad (fabricada en Espa\u00f1a) y vegana (sin componentes animales).<\/p>\n<p>Incluye:<\/p>\n<ul>\n<li>Dise\u00f1o personalizado con revisiones ilimitadas<\/li>\n<li>Producci\u00f3n mural<\/li>\n<li>Pintura al agua de m\u00e1xima calidad<\/li>\n<li>Cubresuelos, cinta, pinceles, etc.<\/li>\n<li>Traslados en Espa\u00f1a<\/li>\n<\/ul>\n<p>No incluye:<\/p>\n<ul>\n<li>Sistemas de elevaci\u00f3n (andamios, plataformas elevadoras de tijera, brazos articulados, etc.).<br \/>\nEstos se deben alquilar a parte.<\/li>\n<\/ul>\n<h4>Cu\u00e1ndo aplicar imprimaci\u00f3n de paredes<\/h4>\n<p>Las superf\u00edcies sin pintar o con pintura desconchada requieren imprimaci\u00f3n previa (persianas, tableros de madero, paredes de hormig\u00f3n, etc.).<\/p>\n<p>Los murales se pueden pintar sobre cualquier superficie en buen estado (sin deterioros o humedades): paredes de ladrillo, pladur, madera, gotel\u00e9, cristal, metales, chapas corrugadas, pl\u00e1stico, resinas, estucados\u2026<\/p>\n<h4>Cu\u00e1ndo aplicar barnices<\/h4>\n<p>Se recomienda aplicar barnices a murales muy expuestos a da\u00f1os como roces y vandalismo: persianas o muros exteriores, ba\u00f1os, zonas donde la gente se apoye o pise, etc.<\/p>\n","protected":false},"excerpt":{"rendered":"<h3>Eleva tu espacio con una obra del artista<\/h3>\n<p>Con su estilo inconfundible. Realizado con pintura ecol\u00f3gica. Firmado por Dase.<\/p>\n","protected":false},"featured_media":31907,"template":"","meta":{"_joinchat":[]},"product_brand":[],"product_cat":[282,285,284,338,311,286,287,312],"product_tag":[],"class_list":{"0":"post-19298","1":"product","2":"type-product","3":"status-publish","4":"has-post-thumbnail","6":"product_cat-murales","7":"product_cat-plantas","8":"product_cat-paisajes","9":"product_cat-retratos","10":"product_cat-letras","11":"product_cat-abstractos","12":"product_cat-infantiles","13":"product_cat-animales","14":"product_shipping_class-servicio-a-domicilio","16":"first","17":"onbackorder","18":"taxable","19":"shipping-taxable","20":"purchasable","21":"product-type-simple"},"yoast_head":"<!-- This site is optimized with the Yoast SEO plugin v26.4 - https:\/\/yoast.com\/wordpress\/plugins\/seo\/ -->\n<title>ECOMural&#x2122; &#183; Dase<\/title>\n<meta name=\"description\" content=\"Transforma y eleva un espacio con una obra de arte inconfundible del reconocido artista. Crea un legado que trasciende.\" \/>\n<meta name=\"robots\" content=\"noindex, nofollow\" \/>\n<meta property=\"og:locale\" content=\"en_US\" \/>\n<meta property=\"og:type\" content=\"article\" \/>\n<meta property=\"og:title\" content=\"ECOMural&#x2122; &#183; Dase\" \/>\n<meta property=\"og:description\" content=\"Transforma y eleva un espacio con una obra de arte inconfundible del reconocido artista. Crea un legado que trasciende.\" \/>\n<meta property=\"og:url\" content=\"https:\/\/dase.es\/en\/comprar\/mural-personalizado\/\" \/>\n<meta property=\"og:site_name\" content=\"Dase\" \/>\n<meta property=\"article:modified_time\" content=\"2026-02-12T15:26:11+00:00\" \/>\n<meta property=\"og:image\" content=\"https:\/\/dase.es\/wp-content\/uploads\/2020\/08\/mural-xl-artista-dase-la-garriga-1-photo-by-toni-torrillas-450x450-1.webp\" \/>\n\t<meta property=\"og:image:width\" content=\"450\" \/>\n\t<meta property=\"og:image:height\" content=\"450\" \/>\n\t<meta property=\"og:image:type\" content=\"image\/webp\" \/>\n<meta name=\"twitter:card\" content=\"summary_large_image\" \/>\n<script type=\"application\/ld+json\" class=\"yoast-schema-graph\">{\"@context\":\"https:\/\/schema.org\",\"@graph\":[{\"@type\":\"WebPage\",\"@id\":\"https:\/\/dase.es\/en\/comprar\/mural-personalizado\/\",\"url\":\"https:\/\/dase.es\/en\/comprar\/mural-personalizado\/\",\"name\":\"ECOMural&#x2122; &#183; Dase\",\"isPartOf\":{\"@id\":\"https:\/\/dase.es\/en\/#website\"},\"primaryImageOfPage\":{\"@id\":\"https:\/\/dase.es\/en\/comprar\/mural-personalizado\/#primaryimage\"},\"image\":{\"@id\":\"https:\/\/dase.es\/en\/comprar\/mural-personalizado\/#primaryimage\"},\"thumbnailUrl\":\"https:\/\/dase.es\/wp-content\/uploads\/2020\/08\/mural-xl-artista-dase-la-garriga-1-photo-by-toni-torrillas-450x450-1.webp\",\"datePublished\":\"2020-08-08T20:10:44+00:00\",\"dateModified\":\"2026-02-12T15:26:11+00:00\",\"description\":\"Transforma y eleva un espacio con una obra de arte inconfundible del reconocido artista. Crea un legado que trasciende.\",\"breadcrumb\":{\"@id\":\"https:\/\/dase.es\/en\/comprar\/mural-personalizado\/#breadcrumb\"},\"inLanguage\":\"en-US\",\"potentialAction\":[{\"@type\":\"ReadAction\",\"target\":[\"https:\/\/dase.es\/en\/comprar\/mural-personalizado\/\"]}]},{\"@type\":\"ImageObject\",\"inLanguage\":\"en-US\",\"@id\":\"https:\/\/dase.es\/en\/comprar\/mural-personalizado\/#primaryimage\",\"url\":\"https:\/\/dase.es\/wp-content\/uploads\/2020\/08\/mural-xl-artista-dase-la-garriga-1-photo-by-toni-torrillas-450x450-1.webp\",\"contentUrl\":\"https:\/\/dase.es\/wp-content\/uploads\/2020\/08\/mural-xl-artista-dase-la-garriga-1-photo-by-toni-torrillas-450x450-1.webp\",\"width\":450,\"height\":450,\"caption\":\"Grafitero espa\u00f1ol famoso\"},{\"@type\":\"BreadcrumbList\",\"@id\":\"https:\/\/dase.es\/en\/comprar\/mural-personalizado\/#breadcrumb\",\"itemListElement\":[{\"@type\":\"ListItem\",\"position\":1,\"name\":\"Tienda online\",\"item\":\"https:\/\/dase.es\/comprar\/\"},{\"@type\":\"ListItem\",\"position\":2,\"name\":\"Painted murals \u203a\",\"item\":\"https:\/\/dase.es\/en\/shop\/painted-murals\/\"},{\"@type\":\"ListItem\",\"position\":3,\"name\":\"ECOMural&#x2122; Dase\"}]},{\"@type\":\"WebSite\",\"@id\":\"https:\/\/dase.es\/en\/#website\",\"url\":\"https:\/\/dase.es\/en\/\",\"name\":\"Dase\",\"description\":\"Pintura Mural y Graffiti Profesional\",\"publisher\":{\"@id\":\"https:\/\/dase.es\/en\/#\/schema\/person\/51518cff00aab96be0990ff852f05dd1\"},\"potentialAction\":[{\"@type\":\"SearchAction\",\"target\":{\"@type\":\"EntryPoint\",\"urlTemplate\":\"https:\/\/dase.es\/en\/?s={search_term_string}\"},\"query-input\":{\"@type\":\"PropertyValueSpecification\",\"valueRequired\":true,\"valueName\":\"search_term_string\"}}],\"inLanguage\":\"en-US\"},{\"@type\":[\"Person\",\"Organization\"],\"@id\":\"https:\/\/dase.es\/en\/#\/schema\/person\/51518cff00aab96be0990ff852f05dd1\",\"name\":\"\",\"image\":{\"@type\":\"ImageObject\",\"inLanguage\":\"en-US\",\"@id\":\"https:\/\/dase.es\/en\/#\/schema\/person\/image\/\",\"url\":\"https:\/\/secure.gravatar.com\/avatar\/d3d5e9a75a56cf98e1b0dee24a616ff1780c643596609041085c62cc1ca5f467?s=96&d=blank&r=g\",\"contentUrl\":\"https:\/\/secure.gravatar.com\/avatar\/d3d5e9a75a56cf98e1b0dee24a616ff1780c643596609041085c62cc1ca5f467?s=96&d=blank&r=g\"},\"logo\":{\"@id\":\"https:\/\/dase.es\/en\/#\/schema\/person\/image\/\"}}]}<\/script>\n<!-- \/ Yoast SEO plugin. -->","yoast_head_json":{"title":"ECOMural&#x2122; &#183; Dase","description":"Transforma y eleva un espacio con una obra de arte inconfundible del reconocido artista. Crea un legado que trasciende.","robots":{"index":"noindex","follow":"nofollow"},"og_locale":"en_US","og_type":"article","og_title":"ECOMural&#x2122; &#183; Dase","og_description":"Transforma y eleva un espacio con una obra de arte inconfundible del reconocido artista. Crea un legado que trasciende.","og_url":"https:\/\/dase.es\/en\/comprar\/mural-personalizado\/","og_site_name":"Dase","article_modified_time":"2026-02-12T15:26:11+00:00","og_image":[{"width":450,"height":450,"url":"https:\/\/dase.es\/wp-content\/uploads\/2020\/08\/mural-xl-artista-dase-la-garriga-1-photo-by-toni-torrillas-450x450-1.webp","type":"image\/webp"}],"twitter_card":"summary_large_image","schema":{"@context":"https:\/\/schema.org","@graph":[{"@type":"WebPage","@id":"https:\/\/dase.es\/en\/comprar\/mural-personalizado\/","url":"https:\/\/dase.es\/en\/comprar\/mural-personalizado\/","name":"ECOMural&#x2122; &#183; Dase","isPartOf":{"@id":"https:\/\/dase.es\/en\/#website"},"primaryImageOfPage":{"@id":"https:\/\/dase.es\/en\/comprar\/mural-personalizado\/#primaryimage"},"image":{"@id":"https:\/\/dase.es\/en\/comprar\/mural-personalizado\/#primaryimage"},"thumbnailUrl":"https:\/\/dase.es\/wp-content\/uploads\/2020\/08\/mural-xl-artista-dase-la-garriga-1-photo-by-toni-torrillas-450x450-1.webp","datePublished":"2020-08-08T20:10:44+00:00","dateModified":"2026-02-12T15:26:11+00:00","description":"Transforma y eleva un espacio con una obra de arte inconfundible del reconocido artista. Crea un legado que trasciende.","breadcrumb":{"@id":"https:\/\/dase.es\/en\/comprar\/mural-personalizado\/#breadcrumb"},"inLanguage":"en-US","potentialAction":[{"@type":"ReadAction","target":["https:\/\/dase.es\/en\/comprar\/mural-personalizado\/"]}]},{"@type":"ImageObject","inLanguage":"en-US","@id":"https:\/\/dase.es\/en\/comprar\/mural-personalizado\/#primaryimage","url":"https:\/\/dase.es\/wp-content\/uploads\/2020\/08\/mural-xl-artista-dase-la-garriga-1-photo-by-toni-torrillas-450x450-1.webp","contentUrl":"https:\/\/dase.es\/wp-content\/uploads\/2020\/08\/mural-xl-artista-dase-la-garriga-1-photo-by-toni-torrillas-450x450-1.webp","width":450,"height":450,"caption":"Grafitero espa\u00f1ol famoso"},{"@type":"BreadcrumbList","@id":"https:\/\/dase.es\/en\/comprar\/mural-personalizado\/#breadcrumb","itemListElement":[{"@type":"ListItem","position":1,"name":"Tienda online","item":"https:\/\/dase.es\/comprar\/"},{"@type":"ListItem","position":2,"name":"Painted murals \u203a","item":"https:\/\/dase.es\/en\/shop\/painted-murals\/"},{"@type":"ListItem","position":3,"name":"ECOMural&#x2122; Dase"}]},{"@type":"WebSite","@id":"https:\/\/dase.es\/en\/#website","url":"https:\/\/dase.es\/en\/","name":"Dase","description":"Pintura Mural y Graffiti Profesional","publisher":{"@id":"https:\/\/dase.es\/en\/#\/schema\/person\/51518cff00aab96be0990ff852f05dd1"},"potentialAction":[{"@type":"SearchAction","target":{"@type":"EntryPoint","urlTemplate":"https:\/\/dase.es\/en\/?s={search_term_string}"},"query-input":{"@type":"PropertyValueSpecification","valueRequired":true,"valueName":"search_term_string"}}],"inLanguage":"en-US"},{"@type":["Person","Organization"],"@id":"https:\/\/dase.es\/en\/#\/schema\/person\/51518cff00aab96be0990ff852f05dd1","name":"","image":{"@type":"ImageObject","inLanguage":"en-US","@id":"https:\/\/dase.es\/en\/#\/schema\/person\/image\/","url":"https:\/\/secure.gravatar.com\/avatar\/d3d5e9a75a56cf98e1b0dee24a616ff1780c643596609041085c62cc1ca5f467?s=96&d=blank&r=g","contentUrl":"https:\/\/secure.gravatar.com\/avatar\/d3d5e9a75a56cf98e1b0dee24a616ff1780c643596609041085c62cc1ca5f467?s=96&d=blank&r=g"},"logo":{"@id":"https:\/\/dase.es\/en\/#\/schema\/person\/image\/"}}]}},"_links":{"self":[{"href":"https:\/\/dase.es\/en\/wp-json\/wp\/v2\/product\/19298","targetHints":{"allow":["GET"]}}],"collection":[{"href":"https:\/\/dase.es\/en\/wp-json\/wp\/v2\/product"}],"about":[{"href":"https:\/\/dase.es\/en\/wp-json\/wp\/v2\/types\/product"}],"wp:featuredmedia":[{"embeddable":true,"href":"https:\/\/dase.es\/en\/wp-json\/wp\/v2\/media\/31907"}],"wp:attachment":[{"href":"https:\/\/dase.es\/en\/wp-json\/wp\/v2\/media?parent=19298"}],"wp:term":[{"taxonomy":"product_brand","embeddable":true,"href":"https:\/\/dase.es\/en\/wp-json\/wp\/v2\/product_brand?post=19298"},{"taxonomy":"product_cat","embeddable":true,"href":"https:\/\/dase.es\/en\/wp-json\/wp\/v2\/product_cat?post=19298"},{"taxonomy":"product_tag","embeddable":true,"href":"https:\/\/dase.es\/en\/wp-json\/wp\/v2\/product_tag?post=19298"}],"curies":[{"name":"wp","href":"https:\/\/api.w.org\/{rel}","templated":true}]}}