{"id":19113,"date":"2020-07-03T21:11:56","date_gmt":"2020-07-03T19:11:56","guid":{"rendered":"https:\/\/dase.es\/?post_type=product&#038;p=19113"},"modified":"2024-01-10T19:42:18","modified_gmt":"2024-01-10T18:42:18","slug":"mural-3d-trampantojo-ventana","status":"publish","type":"product","link":"https:\/\/dase.es\/en\/comprar\/mural-3d-trampantojo-ventana\/","title":{"rendered":"Mural 3D\/Trampantojo Ventana"},"content":{"rendered":"<p><strong>Transforma un espacio con arte consciente<\/strong><\/p>\n<p>\u2713 Mural pintado a mano por encargo en la pared que quieras (interior o exterior) por 1 artista a domicilio en 1 d\u00eda de tu elecci\u00f3n.<\/p>\n<p>\u2713 Pintura al agua (sin disolvente ni metales pesados) de proximidad (fabricada en Espa\u00f1a) y vegana (sin componentes animales).<\/p>\n<p>&nbsp;<\/p>\n<p><strong>Condiciones<\/strong><\/p>\n<p>La pared debe estar en perfecto estado. No incluye costes de sistemas de elevaci\u00f3n para trabajos de altura ni arreglos de la pared tales como trabajos con mortero o imprimaciones.<\/p>\n","protected":false},"excerpt":{"rendered":"<h3>Da profundidad y vida a tu pared m\u00e1s aburrida.<\/h3>\n<p>Crea una ilusi\u00f3n \u00f3ptica en tu decoraci\u00f3n con pintura mural 3D.<\/p>\n","protected":false},"featured_media":19096,"template":"","meta":{"_joinchat":[]},"product_brand":[],"product_cat":[282,284],"product_tag":[],"class_list":{"0":"post-19113","1":"product","2":"type-product","3":"status-publish","4":"has-post-thumbnail","6":"product_cat-murales","7":"product_cat-paisajes","8":"product_shipping_class-servicio-a-domicilio","10":"first","11":"instock","12":"sold-individually","13":"taxable","14":"shipping-taxable","15":"product-type-external"},"yoast_head":"<!-- This site is optimized with the Yoast SEO plugin v26.4 - https:\/\/yoast.com\/wordpress\/plugins\/seo\/ -->\n<title>Mural 3D\/Trampantojo Ventana &#183; Dase<\/title>\n<meta name=\"description\" content=\"Mural 3D o trampantojo de ventana pintado a mano en pared. Decoraci\u00f3n sobresaliente. Crea una ilusi\u00f3n \u00f3ptica con pintura de elementos de arquitectura.\" \/>\n<meta name=\"robots\" content=\"noindex, follow\" \/>\n<meta property=\"og:locale\" content=\"en_US\" \/>\n<meta property=\"og:type\" content=\"article\" \/>\n<meta property=\"og:title\" content=\"Mural 3D\/Trampantojo Ventana &#183; Dase\" \/>\n<meta property=\"og:description\" content=\"Mural 3D o trampantojo de ventana pintado a mano en pared. Decoraci\u00f3n sobresaliente. Crea una ilusi\u00f3n \u00f3ptica con pintura de elementos de arquitectura.\" \/>\n<meta property=\"og:url\" content=\"https:\/\/dase.es\/en\/comprar\/mural-3d-trampantojo-ventana\/\" \/>\n<meta property=\"og:site_name\" content=\"Dase\" \/>\n<meta property=\"article:modified_time\" content=\"2024-01-10T18:42:18+00:00\" \/>\n<meta property=\"og:image\" content=\"https:\/\/dase.es\/wp-content\/uploads\/2020\/06\/92F62F86-D726-46EA-A69C-618DDD3B1A23.jpeg\" \/>\n\t<meta property=\"og:image:width\" content=\"532\" \/>\n\t<meta property=\"og:image:height\" content=\"532\" \/>\n\t<meta property=\"og:image:type\" content=\"image\/jpeg\" \/>\n<meta name=\"twitter:card\" content=\"summary_large_image\" \/>\n<script type=\"application\/ld+json\" class=\"yoast-schema-graph\">{\"@context\":\"https:\/\/schema.org\",\"@graph\":[{\"@type\":\"WebPage\",\"@id\":\"https:\/\/dase.es\/en\/comprar\/mural-3d-trampantojo-ventana\/\",\"url\":\"https:\/\/dase.es\/en\/comprar\/mural-3d-trampantojo-ventana\/\",\"name\":\"Mural 3D\/Trampantojo Ventana &#183; Dase\",\"isPartOf\":{\"@id\":\"https:\/\/dase.es\/en\/#website\"},\"primaryImageOfPage\":{\"@id\":\"https:\/\/dase.es\/en\/comprar\/mural-3d-trampantojo-ventana\/#primaryimage\"},\"image\":{\"@id\":\"https:\/\/dase.es\/en\/comprar\/mural-3d-trampantojo-ventana\/#primaryimage\"},\"thumbnailUrl\":\"https:\/\/dase.es\/wp-content\/uploads\/2020\/06\/92F62F86-D726-46EA-A69C-618DDD3B1A23.jpeg\",\"datePublished\":\"2020-07-03T19:11:56+00:00\",\"dateModified\":\"2024-01-10T18:42:18+00:00\",\"description\":\"Mural 3D o trampantojo de ventana pintado a mano en pared. Decoraci\u00f3n sobresaliente. Crea una ilusi\u00f3n \u00f3ptica con pintura de elementos de arquitectura.\",\"breadcrumb\":{\"@id\":\"https:\/\/dase.es\/en\/comprar\/mural-3d-trampantojo-ventana\/#breadcrumb\"},\"inLanguage\":\"en-US\",\"potentialAction\":[{\"@type\":\"ReadAction\",\"target\":[\"https:\/\/dase.es\/en\/comprar\/mural-3d-trampantojo-ventana\/\"]}]},{\"@type\":\"ImageObject\",\"inLanguage\":\"en-US\",\"@id\":\"https:\/\/dase.es\/en\/comprar\/mural-3d-trampantojo-ventana\/#primaryimage\",\"url\":\"https:\/\/dase.es\/wp-content\/uploads\/2020\/06\/92F62F86-D726-46EA-A69C-618DDD3B1A23.jpeg\",\"contentUrl\":\"https:\/\/dase.es\/wp-content\/uploads\/2020\/06\/92F62F86-D726-46EA-A69C-618DDD3B1A23.jpeg\",\"width\":532,\"height\":532},{\"@type\":\"BreadcrumbList\",\"@id\":\"https:\/\/dase.es\/en\/comprar\/mural-3d-trampantojo-ventana\/#breadcrumb\",\"itemListElement\":[{\"@type\":\"ListItem\",\"position\":1,\"name\":\"Tienda online\",\"item\":\"https:\/\/dase.es\/comprar\/\"},{\"@type\":\"ListItem\",\"position\":2,\"name\":\"Painted murals \u203a\",\"item\":\"https:\/\/dase.es\/en\/shop\/painted-murals\/\"},{\"@type\":\"ListItem\",\"position\":3,\"name\":\"Mural 3D\/Trampantojo Ventana\"}]},{\"@type\":\"WebSite\",\"@id\":\"https:\/\/dase.es\/en\/#website\",\"url\":\"https:\/\/dase.es\/en\/\",\"name\":\"Dase\",\"description\":\"Pintura Mural y Graffiti Profesional\",\"publisher\":{\"@id\":\"https:\/\/dase.es\/en\/#\/schema\/person\/51518cff00aab96be0990ff852f05dd1\"},\"potentialAction\":[{\"@type\":\"SearchAction\",\"target\":{\"@type\":\"EntryPoint\",\"urlTemplate\":\"https:\/\/dase.es\/en\/?s={search_term_string}\"},\"query-input\":{\"@type\":\"PropertyValueSpecification\",\"valueRequired\":true,\"valueName\":\"search_term_string\"}}],\"inLanguage\":\"en-US\"},{\"@type\":[\"Person\",\"Organization\"],\"@id\":\"https:\/\/dase.es\/en\/#\/schema\/person\/51518cff00aab96be0990ff852f05dd1\",\"name\":\"\",\"image\":{\"@type\":\"ImageObject\",\"inLanguage\":\"en-US\",\"@id\":\"https:\/\/dase.es\/en\/#\/schema\/person\/image\/\",\"url\":\"https:\/\/secure.gravatar.com\/avatar\/d3d5e9a75a56cf98e1b0dee24a616ff1780c643596609041085c62cc1ca5f467?s=96&d=blank&r=g\",\"contentUrl\":\"https:\/\/secure.gravatar.com\/avatar\/d3d5e9a75a56cf98e1b0dee24a616ff1780c643596609041085c62cc1ca5f467?s=96&d=blank&r=g\"},\"logo\":{\"@id\":\"https:\/\/dase.es\/en\/#\/schema\/person\/image\/\"}}]}<\/script>\n<!-- \/ Yoast SEO plugin. -->","yoast_head_json":{"title":"Mural 3D\/Trampantojo Ventana &#183; Dase","description":"Mural 3D o trampantojo de ventana pintado a mano en pared. Decoraci\u00f3n sobresaliente. Crea una ilusi\u00f3n \u00f3ptica con pintura de elementos de arquitectura.","robots":{"index":"noindex","follow":"follow"},"og_locale":"en_US","og_type":"article","og_title":"Mural 3D\/Trampantojo Ventana &#183; Dase","og_description":"Mural 3D o trampantojo de ventana pintado a mano en pared. Decoraci\u00f3n sobresaliente. Crea una ilusi\u00f3n \u00f3ptica con pintura de elementos de arquitectura.","og_url":"https:\/\/dase.es\/en\/comprar\/mural-3d-trampantojo-ventana\/","og_site_name":"Dase","article_modified_time":"2024-01-10T18:42:18+00:00","og_image":[{"width":532,"height":532,"url":"https:\/\/dase.es\/wp-content\/uploads\/2020\/06\/92F62F86-D726-46EA-A69C-618DDD3B1A23.jpeg","type":"image\/jpeg"}],"twitter_card":"summary_large_image","schema":{"@context":"https:\/\/schema.org","@graph":[{"@type":"WebPage","@id":"https:\/\/dase.es\/en\/comprar\/mural-3d-trampantojo-ventana\/","url":"https:\/\/dase.es\/en\/comprar\/mural-3d-trampantojo-ventana\/","name":"Mural 3D\/Trampantojo Ventana &#183; Dase","isPartOf":{"@id":"https:\/\/dase.es\/en\/#website"},"primaryImageOfPage":{"@id":"https:\/\/dase.es\/en\/comprar\/mural-3d-trampantojo-ventana\/#primaryimage"},"image":{"@id":"https:\/\/dase.es\/en\/comprar\/mural-3d-trampantojo-ventana\/#primaryimage"},"thumbnailUrl":"https:\/\/dase.es\/wp-content\/uploads\/2020\/06\/92F62F86-D726-46EA-A69C-618DDD3B1A23.jpeg","datePublished":"2020-07-03T19:11:56+00:00","dateModified":"2024-01-10T18:42:18+00:00","description":"Mural 3D o trampantojo de ventana pintado a mano en pared. Decoraci\u00f3n sobresaliente. Crea una ilusi\u00f3n \u00f3ptica con pintura de elementos de arquitectura.","breadcrumb":{"@id":"https:\/\/dase.es\/en\/comprar\/mural-3d-trampantojo-ventana\/#breadcrumb"},"inLanguage":"en-US","potentialAction":[{"@type":"ReadAction","target":["https:\/\/dase.es\/en\/comprar\/mural-3d-trampantojo-ventana\/"]}]},{"@type":"ImageObject","inLanguage":"en-US","@id":"https:\/\/dase.es\/en\/comprar\/mural-3d-trampantojo-ventana\/#primaryimage","url":"https:\/\/dase.es\/wp-content\/uploads\/2020\/06\/92F62F86-D726-46EA-A69C-618DDD3B1A23.jpeg","contentUrl":"https:\/\/dase.es\/wp-content\/uploads\/2020\/06\/92F62F86-D726-46EA-A69C-618DDD3B1A23.jpeg","width":532,"height":532},{"@type":"BreadcrumbList","@id":"https:\/\/dase.es\/en\/comprar\/mural-3d-trampantojo-ventana\/#breadcrumb","itemListElement":[{"@type":"ListItem","position":1,"name":"Tienda online","item":"https:\/\/dase.es\/comprar\/"},{"@type":"ListItem","position":2,"name":"Painted murals \u203a","item":"https:\/\/dase.es\/en\/shop\/painted-murals\/"},{"@type":"ListItem","position":3,"name":"Mural 3D\/Trampantojo Ventana"}]},{"@type":"WebSite","@id":"https:\/\/dase.es\/en\/#website","url":"https:\/\/dase.es\/en\/","name":"Dase","description":"Pintura Mural y Graffiti Profesional","publisher":{"@id":"https:\/\/dase.es\/en\/#\/schema\/person\/51518cff00aab96be0990ff852f05dd1"},"potentialAction":[{"@type":"SearchAction","target":{"@type":"EntryPoint","urlTemplate":"https:\/\/dase.es\/en\/?s={search_term_string}"},"query-input":{"@type":"PropertyValueSpecification","valueRequired":true,"valueName":"search_term_string"}}],"inLanguage":"en-US"},{"@type":["Person","Organization"],"@id":"https:\/\/dase.es\/en\/#\/schema\/person\/51518cff00aab96be0990ff852f05dd1","name":"","image":{"@type":"ImageObject","inLanguage":"en-US","@id":"https:\/\/dase.es\/en\/#\/schema\/person\/image\/","url":"https:\/\/secure.gravatar.com\/avatar\/d3d5e9a75a56cf98e1b0dee24a616ff1780c643596609041085c62cc1ca5f467?s=96&d=blank&r=g","contentUrl":"https:\/\/secure.gravatar.com\/avatar\/d3d5e9a75a56cf98e1b0dee24a616ff1780c643596609041085c62cc1ca5f467?s=96&d=blank&r=g"},"logo":{"@id":"https:\/\/dase.es\/en\/#\/schema\/person\/image\/"}}]}},"_links":{"self":[{"href":"https:\/\/dase.es\/en\/wp-json\/wp\/v2\/product\/19113","targetHints":{"allow":["GET"]}}],"collection":[{"href":"https:\/\/dase.es\/en\/wp-json\/wp\/v2\/product"}],"about":[{"href":"https:\/\/dase.es\/en\/wp-json\/wp\/v2\/types\/product"}],"wp:featuredmedia":[{"embeddable":true,"href":"https:\/\/dase.es\/en\/wp-json\/wp\/v2\/media\/19096"}],"wp:attachment":[{"href":"https:\/\/dase.es\/en\/wp-json\/wp\/v2\/media?parent=19113"}],"wp:term":[{"taxonomy":"product_brand","embeddable":true,"href":"https:\/\/dase.es\/en\/wp-json\/wp\/v2\/product_brand?post=19113"},{"taxonomy":"product_cat","embeddable":true,"href":"https:\/\/dase.es\/en\/wp-json\/wp\/v2\/product_cat?post=19113"},{"taxonomy":"product_tag","embeddable":true,"href":"https:\/\/dase.es\/en\/wp-json\/wp\/v2\/product_tag?post=19113"}],"curies":[{"name":"wp","href":"https:\/\/api.w.org\/{rel}","templated":true}]}}