{"id":19044,"date":"2020-07-01T00:57:46","date_gmt":"2020-06-30T22:57:46","guid":{"rendered":"https:\/\/dase.es\/?post_type=product&#038;p=19044"},"modified":"2025-07-15T16:18:28","modified_gmt":"2025-07-15T14:18:28","slug":"mural-de-montanas","status":"publish","type":"product","link":"https:\/\/dase.es\/en\/comprar\/mural-de-montanas\/","title":{"rendered":"Mural de Monta\u00f1as"},"content":{"rendered":"<div class=\"brs_col\">\n<h2>Murales de paisajes<\/h2>\n<p>Pintamos las mejores vistas que puedas imaginar. Somos especialistas en pintura mural paisaj\u00edstica.<\/p>\n<\/div>\n<h2>Murales de paisajes para exteriores<\/h2>\n<p>Utilizamos pintura para exteriores s\u00faper resistente a la intemperie: No te preocupes ni por los rayos UV del Sol ni el agua de la lluvia.<\/p>\n<h2>Murales de paisajes para interiores<\/h2>\n<p>Un mural en un interior puede conservarse m\u00e1s all\u00e1 de tu vida. Con un m\u00ednimo mantenimiento puede durar incluso generaciones.<\/p>\n<h2>Murales de paisajes 3D<\/h2>\n<p>La pintura, gracias a los efectos \u00f3pticos de la superposici\u00f3n de elementos, a los juegos de luz, etc. Puede dar la sensaci\u00f3n de profundidad a cualquier estancia, especialmente si se juega con m\u00e1s de una superf\u00edcie (como por ejemplo dos paredes o una y el suelo.<\/p>\n<h2 class=\"s75CSd yF4bGf j6iBde\"><b>Dibujos de paisajes para<\/b> pintar<\/h2>\n<p>Graffitis de paisajes hermosos y naturales.<\/p>\n","protected":false},"excerpt":{"rendered":"<h3>Mural de monta\u00f1as<\/h3>\n<p><strong>\u2713 Mural pintado a mano por encargo<\/strong> en la <strong>pared<\/strong> que quieras (<strong>interior<\/strong> o <strong>exterior<\/strong>) por\u00a0<strong>artistas a domicilio.<\/strong><\/p>\n<p><strong>\u2713 Pintura al agua<\/strong> (sin disolvente ni metales pesados) de <strong>proximidad<\/strong> (fabricada en Espa\u00f1a) y <strong>vegana<\/strong> (sin componentes animales).<\/p>\n<p>Transforma un espacio con arte consciente.<\/p>\n","protected":false},"featured_media":21401,"template":"","meta":{"_joinchat":[]},"product_brand":[],"product_cat":[282,284],"product_tag":[],"class_list":{"0":"post-19044","1":"product","2":"type-product","3":"status-publish","4":"has-post-thumbnail","6":"product_cat-murales","7":"product_cat-paisajes","9":"first","10":"instock","11":"sold-individually","12":"taxable","13":"shipping-taxable","14":"product-type-external"},"yoast_head":"<!-- This site is optimized with the Yoast SEO plugin v26.4 - https:\/\/yoast.com\/wordpress\/plugins\/seo\/ -->\n<title>Mural de paisaje de monta\u00f1as pintado por un artista &#183; Dase<\/title>\n<meta name=\"description\" content=\"Graffitis de paisajes 3D: Mural pintado a mano con paisaje de siluetas de monta\u00f1as que se dan profundidad de horizonte.\" \/>\n<meta name=\"robots\" content=\"noindex, follow\" \/>\n<meta property=\"og:locale\" content=\"en_US\" \/>\n<meta property=\"og:type\" content=\"article\" \/>\n<meta property=\"og:title\" content=\"Mural de paisaje de monta\u00f1as pintado por un artista &#183; Dase\" \/>\n<meta property=\"og:description\" content=\"Graffitis de paisajes 3D: Mural pintado a mano con paisaje de siluetas de monta\u00f1as que se dan profundidad de horizonte.\" \/>\n<meta property=\"og:url\" content=\"https:\/\/dase.es\/en\/comprar\/mural-de-montanas\/\" \/>\n<meta property=\"og:site_name\" content=\"Dase\" \/>\n<meta property=\"article:modified_time\" content=\"2025-07-15T14:18:28+00:00\" \/>\n<meta property=\"og:image\" content=\"https:\/\/dase.es\/wp-content\/uploads\/2020\/07\/mural-paisaje-pintado-montanas.jpg\" \/>\n\t<meta property=\"og:image:width\" content=\"2048\" \/>\n\t<meta property=\"og:image:height\" content=\"2048\" \/>\n\t<meta property=\"og:image:type\" content=\"image\/jpeg\" \/>\n<meta name=\"twitter:card\" content=\"summary_large_image\" \/>\n<script type=\"application\/ld+json\" class=\"yoast-schema-graph\">{\"@context\":\"https:\/\/schema.org\",\"@graph\":[{\"@type\":\"WebPage\",\"@id\":\"https:\/\/dase.es\/en\/comprar\/mural-de-montanas\/\",\"url\":\"https:\/\/dase.es\/en\/comprar\/mural-de-montanas\/\",\"name\":\"Mural de paisaje de monta\u00f1as pintado por un artista &#183; Dase\",\"isPartOf\":{\"@id\":\"https:\/\/dase.es\/en\/#website\"},\"primaryImageOfPage\":{\"@id\":\"https:\/\/dase.es\/en\/comprar\/mural-de-montanas\/#primaryimage\"},\"image\":{\"@id\":\"https:\/\/dase.es\/en\/comprar\/mural-de-montanas\/#primaryimage\"},\"thumbnailUrl\":\"https:\/\/dase.es\/wp-content\/uploads\/2020\/07\/mural-paisaje-pintado-montanas.jpg\",\"datePublished\":\"2020-06-30T22:57:46+00:00\",\"dateModified\":\"2025-07-15T14:18:28+00:00\",\"description\":\"Graffitis de paisajes 3D: Mural pintado a mano con paisaje de siluetas de monta\u00f1as que se dan profundidad de horizonte.\",\"breadcrumb\":{\"@id\":\"https:\/\/dase.es\/en\/comprar\/mural-de-montanas\/#breadcrumb\"},\"inLanguage\":\"en-US\",\"potentialAction\":[{\"@type\":\"ReadAction\",\"target\":[\"https:\/\/dase.es\/en\/comprar\/mural-de-montanas\/\"]}]},{\"@type\":\"ImageObject\",\"inLanguage\":\"en-US\",\"@id\":\"https:\/\/dase.es\/en\/comprar\/mural-de-montanas\/#primaryimage\",\"url\":\"https:\/\/dase.es\/wp-content\/uploads\/2020\/07\/mural-paisaje-pintado-montanas.jpg\",\"contentUrl\":\"https:\/\/dase.es\/wp-content\/uploads\/2020\/07\/mural-paisaje-pintado-montanas.jpg\",\"width\":2048,\"height\":2048,\"caption\":\"Mural pintado a mano de paisaje de monta\u00f1as\"},{\"@type\":\"BreadcrumbList\",\"@id\":\"https:\/\/dase.es\/en\/comprar\/mural-de-montanas\/#breadcrumb\",\"itemListElement\":[{\"@type\":\"ListItem\",\"position\":1,\"name\":\"Tienda online\",\"item\":\"https:\/\/dase.es\/comprar\/\"},{\"@type\":\"ListItem\",\"position\":2,\"name\":\"Painted murals \u203a\",\"item\":\"https:\/\/dase.es\/en\/shop\/painted-murals\/\"},{\"@type\":\"ListItem\",\"position\":3,\"name\":\"Mural de Monta\u00f1as\"}]},{\"@type\":\"WebSite\",\"@id\":\"https:\/\/dase.es\/en\/#website\",\"url\":\"https:\/\/dase.es\/en\/\",\"name\":\"Dase\",\"description\":\"Pintura Mural y Graffiti Profesional\",\"publisher\":{\"@id\":\"https:\/\/dase.es\/en\/#\/schema\/person\/51518cff00aab96be0990ff852f05dd1\"},\"potentialAction\":[{\"@type\":\"SearchAction\",\"target\":{\"@type\":\"EntryPoint\",\"urlTemplate\":\"https:\/\/dase.es\/en\/?s={search_term_string}\"},\"query-input\":{\"@type\":\"PropertyValueSpecification\",\"valueRequired\":true,\"valueName\":\"search_term_string\"}}],\"inLanguage\":\"en-US\"},{\"@type\":[\"Person\",\"Organization\"],\"@id\":\"https:\/\/dase.es\/en\/#\/schema\/person\/51518cff00aab96be0990ff852f05dd1\",\"name\":\"\",\"image\":{\"@type\":\"ImageObject\",\"inLanguage\":\"en-US\",\"@id\":\"https:\/\/dase.es\/en\/#\/schema\/person\/image\/\",\"url\":\"https:\/\/secure.gravatar.com\/avatar\/d3d5e9a75a56cf98e1b0dee24a616ff1780c643596609041085c62cc1ca5f467?s=96&d=blank&r=g\",\"contentUrl\":\"https:\/\/secure.gravatar.com\/avatar\/d3d5e9a75a56cf98e1b0dee24a616ff1780c643596609041085c62cc1ca5f467?s=96&d=blank&r=g\"},\"logo\":{\"@id\":\"https:\/\/dase.es\/en\/#\/schema\/person\/image\/\"}}]}<\/script>\n<!-- \/ Yoast SEO plugin. -->","yoast_head_json":{"title":"Mural de paisaje de monta\u00f1as pintado por un artista &#183; Dase","description":"Graffitis de paisajes 3D: Mural pintado a mano con paisaje de siluetas de monta\u00f1as que se dan profundidad de horizonte.","robots":{"index":"noindex","follow":"follow"},"og_locale":"en_US","og_type":"article","og_title":"Mural de paisaje de monta\u00f1as pintado por un artista &#183; Dase","og_description":"Graffitis de paisajes 3D: Mural pintado a mano con paisaje de siluetas de monta\u00f1as que se dan profundidad de horizonte.","og_url":"https:\/\/dase.es\/en\/comprar\/mural-de-montanas\/","og_site_name":"Dase","article_modified_time":"2025-07-15T14:18:28+00:00","og_image":[{"width":2048,"height":2048,"url":"https:\/\/dase.es\/wp-content\/uploads\/2020\/07\/mural-paisaje-pintado-montanas.jpg","type":"image\/jpeg"}],"twitter_card":"summary_large_image","schema":{"@context":"https:\/\/schema.org","@graph":[{"@type":"WebPage","@id":"https:\/\/dase.es\/en\/comprar\/mural-de-montanas\/","url":"https:\/\/dase.es\/en\/comprar\/mural-de-montanas\/","name":"Mural de paisaje de monta\u00f1as pintado por un artista &#183; Dase","isPartOf":{"@id":"https:\/\/dase.es\/en\/#website"},"primaryImageOfPage":{"@id":"https:\/\/dase.es\/en\/comprar\/mural-de-montanas\/#primaryimage"},"image":{"@id":"https:\/\/dase.es\/en\/comprar\/mural-de-montanas\/#primaryimage"},"thumbnailUrl":"https:\/\/dase.es\/wp-content\/uploads\/2020\/07\/mural-paisaje-pintado-montanas.jpg","datePublished":"2020-06-30T22:57:46+00:00","dateModified":"2025-07-15T14:18:28+00:00","description":"Graffitis de paisajes 3D: Mural pintado a mano con paisaje de siluetas de monta\u00f1as que se dan profundidad de horizonte.","breadcrumb":{"@id":"https:\/\/dase.es\/en\/comprar\/mural-de-montanas\/#breadcrumb"},"inLanguage":"en-US","potentialAction":[{"@type":"ReadAction","target":["https:\/\/dase.es\/en\/comprar\/mural-de-montanas\/"]}]},{"@type":"ImageObject","inLanguage":"en-US","@id":"https:\/\/dase.es\/en\/comprar\/mural-de-montanas\/#primaryimage","url":"https:\/\/dase.es\/wp-content\/uploads\/2020\/07\/mural-paisaje-pintado-montanas.jpg","contentUrl":"https:\/\/dase.es\/wp-content\/uploads\/2020\/07\/mural-paisaje-pintado-montanas.jpg","width":2048,"height":2048,"caption":"Mural pintado a mano de paisaje de monta\u00f1as"},{"@type":"BreadcrumbList","@id":"https:\/\/dase.es\/en\/comprar\/mural-de-montanas\/#breadcrumb","itemListElement":[{"@type":"ListItem","position":1,"name":"Tienda online","item":"https:\/\/dase.es\/comprar\/"},{"@type":"ListItem","position":2,"name":"Painted murals \u203a","item":"https:\/\/dase.es\/en\/shop\/painted-murals\/"},{"@type":"ListItem","position":3,"name":"Mural de Monta\u00f1as"}]},{"@type":"WebSite","@id":"https:\/\/dase.es\/en\/#website","url":"https:\/\/dase.es\/en\/","name":"Dase","description":"Pintura Mural y Graffiti Profesional","publisher":{"@id":"https:\/\/dase.es\/en\/#\/schema\/person\/51518cff00aab96be0990ff852f05dd1"},"potentialAction":[{"@type":"SearchAction","target":{"@type":"EntryPoint","urlTemplate":"https:\/\/dase.es\/en\/?s={search_term_string}"},"query-input":{"@type":"PropertyValueSpecification","valueRequired":true,"valueName":"search_term_string"}}],"inLanguage":"en-US"},{"@type":["Person","Organization"],"@id":"https:\/\/dase.es\/en\/#\/schema\/person\/51518cff00aab96be0990ff852f05dd1","name":"","image":{"@type":"ImageObject","inLanguage":"en-US","@id":"https:\/\/dase.es\/en\/#\/schema\/person\/image\/","url":"https:\/\/secure.gravatar.com\/avatar\/d3d5e9a75a56cf98e1b0dee24a616ff1780c643596609041085c62cc1ca5f467?s=96&d=blank&r=g","contentUrl":"https:\/\/secure.gravatar.com\/avatar\/d3d5e9a75a56cf98e1b0dee24a616ff1780c643596609041085c62cc1ca5f467?s=96&d=blank&r=g"},"logo":{"@id":"https:\/\/dase.es\/en\/#\/schema\/person\/image\/"}}]}},"_links":{"self":[{"href":"https:\/\/dase.es\/en\/wp-json\/wp\/v2\/product\/19044","targetHints":{"allow":["GET"]}}],"collection":[{"href":"https:\/\/dase.es\/en\/wp-json\/wp\/v2\/product"}],"about":[{"href":"https:\/\/dase.es\/en\/wp-json\/wp\/v2\/types\/product"}],"wp:featuredmedia":[{"embeddable":true,"href":"https:\/\/dase.es\/en\/wp-json\/wp\/v2\/media\/21401"}],"wp:attachment":[{"href":"https:\/\/dase.es\/en\/wp-json\/wp\/v2\/media?parent=19044"}],"wp:term":[{"taxonomy":"product_brand","embeddable":true,"href":"https:\/\/dase.es\/en\/wp-json\/wp\/v2\/product_brand?post=19044"},{"taxonomy":"product_cat","embeddable":true,"href":"https:\/\/dase.es\/en\/wp-json\/wp\/v2\/product_cat?post=19044"},{"taxonomy":"product_tag","embeddable":true,"href":"https:\/\/dase.es\/en\/wp-json\/wp\/v2\/product_tag?post=19044"}],"curies":[{"name":"wp","href":"https:\/\/api.w.org\/{rel}","templated":true}]}}