{"id":18928,"date":"2020-06-04T14:20:11","date_gmt":"2020-06-04T12:20:11","guid":{"rendered":"https:\/\/dase.es\/?post_type=product&#038;p=18928"},"modified":"2025-07-15T16:18:17","modified_gmt":"2025-07-15T14:18:17","slug":"mural-infantil","status":"publish","type":"product","link":"https:\/\/dase.es\/en\/comprar\/mural-infantil\/","title":{"rendered":"Mural Infantil Arcoiris"},"content":{"rendered":"<div class=\"brs_col\">\n<h2>Murales infantiles pintados a mano<\/h2>\n<p>Pintamos dibujos en las paredes que inspiran la imaginaci\u00f3n de las personas m\u00e1s peque\u00f1as de la casa.<\/p>\n<h2>Murales infantiles para colegios<\/h2>\n<p>Ofrecemos <strong>murales escolares<\/strong> para decorar las paredes de los colegios.<\/p>\n<h2>Murales para hacer con ni\u00f1es<\/h2>\n<p>A les artistas m\u00e1s peque\u00f1es les encanta pintar y aprender en nuestros talleres.<\/p>\n<\/div>\n<h2>Graffitis en habitaciones infantiles<\/h2>\n<p>Crea un ambiente \u00fanico, bonito e inspirador con nuestro servicio de graffiti para habitaci\u00f3n infantil. Somos los \u00fanicos especializados en pintura al agua, inodora (sin disolvente ni metales pesados) y de proximidad (fabricada en Espa\u00f1a).<\/p>\n","protected":false},"excerpt":{"rendered":"<h3>Transforma un espacio con arte consciente<\/h3>\n<p><strong>\u2713 Mural pintado a mano por encargo<\/strong> en la <strong>pared<\/strong> que quieras (<strong>interior<\/strong> o <strong>exterior<\/strong>) por 1 <strong>artista a domicilio<\/strong> en 1 d\u00eda de tu elecci\u00f3n.<\/p>\n<p><strong>\u2713 Pintura al agua<\/strong> (sin disolvente ni metales pesados) de <strong>proximidad<\/strong> (fabricada en Espa\u00f1a) y <strong>vegana<\/strong> (sin componentes animales).<\/p>\n","protected":false},"featured_media":18285,"template":"","meta":{"_joinchat":[]},"product_brand":[],"product_cat":[282,287],"product_tag":[],"class_list":{"0":"post-18928","1":"product","2":"type-product","3":"status-publish","4":"has-post-thumbnail","6":"product_cat-murales","7":"product_cat-infantiles","9":"first","10":"instock","11":"sold-individually","12":"taxable","13":"shipping-taxable","14":"product-type-external"},"yoast_head":"<!-- This site is optimized with the Yoast SEO plugin v26.4 - https:\/\/yoast.com\/wordpress\/plugins\/seo\/ -->\n<title>Mural infantil de arcoiris pintado a mano &#183; Dase<\/title>\n<meta name=\"description\" content=\"Murales infantiles pintados a mano en las paredes de casa con dibujos de arcoiris. Pintura art\u00edstica y graffiti para decorar habitaciones.\" \/>\n<meta name=\"robots\" content=\"noindex, follow\" \/>\n<meta property=\"og:locale\" content=\"en_US\" \/>\n<meta property=\"og:type\" content=\"article\" \/>\n<meta property=\"og:title\" content=\"Mural infantil de arcoiris pintado a mano &#183; Dase\" \/>\n<meta property=\"og:description\" content=\"Murales infantiles pintados a mano en las paredes de casa con dibujos de arcoiris. Pintura art\u00edstica y graffiti para decorar habitaciones.\" \/>\n<meta property=\"og:url\" content=\"https:\/\/dase.es\/en\/comprar\/mural-infantil\/\" \/>\n<meta property=\"og:site_name\" content=\"Dase\" \/>\n<meta property=\"article:modified_time\" content=\"2025-07-15T14:18:17+00:00\" \/>\n<meta property=\"og:image\" content=\"https:\/\/dase.es\/wp-content\/uploads\/2014\/10\/contratar-un-mural-1030x685.png\" \/>\n\t<meta property=\"og:image:width\" content=\"1030\" \/>\n\t<meta property=\"og:image:height\" content=\"685\" \/>\n\t<meta property=\"og:image:type\" content=\"image\/png\" \/>\n<meta name=\"twitter:card\" content=\"summary_large_image\" \/>\n<script type=\"application\/ld+json\" class=\"yoast-schema-graph\">{\"@context\":\"https:\/\/schema.org\",\"@graph\":[{\"@type\":\"WebPage\",\"@id\":\"https:\/\/dase.es\/en\/comprar\/mural-infantil\/\",\"url\":\"https:\/\/dase.es\/en\/comprar\/mural-infantil\/\",\"name\":\"Mural infantil de arcoiris pintado a mano &#183; Dase\",\"isPartOf\":{\"@id\":\"https:\/\/dase.es\/en\/#website\"},\"primaryImageOfPage\":{\"@id\":\"https:\/\/dase.es\/en\/comprar\/mural-infantil\/#primaryimage\"},\"image\":{\"@id\":\"https:\/\/dase.es\/en\/comprar\/mural-infantil\/#primaryimage\"},\"thumbnailUrl\":\"https:\/\/dase.es\/wp-content\/uploads\/2014\/10\/contratar-un-mural.png\",\"datePublished\":\"2020-06-04T12:20:11+00:00\",\"dateModified\":\"2025-07-15T14:18:17+00:00\",\"description\":\"Murales infantiles pintados a mano en las paredes de casa con dibujos de arcoiris. Pintura art\u00edstica y graffiti para decorar habitaciones.\",\"breadcrumb\":{\"@id\":\"https:\/\/dase.es\/en\/comprar\/mural-infantil\/#breadcrumb\"},\"inLanguage\":\"en-US\",\"potentialAction\":[{\"@type\":\"ReadAction\",\"target\":[\"https:\/\/dase.es\/en\/comprar\/mural-infantil\/\"]}]},{\"@type\":\"ImageObject\",\"inLanguage\":\"en-US\",\"@id\":\"https:\/\/dase.es\/en\/comprar\/mural-infantil\/#primaryimage\",\"url\":\"https:\/\/dase.es\/wp-content\/uploads\/2014\/10\/contratar-un-mural.png\",\"contentUrl\":\"https:\/\/dase.es\/wp-content\/uploads\/2014\/10\/contratar-un-mural.png\",\"width\":2560,\"height\":1704,\"caption\":\"Mural infantil pintado a mano en pared de habitaci\u00f3n\"},{\"@type\":\"BreadcrumbList\",\"@id\":\"https:\/\/dase.es\/en\/comprar\/mural-infantil\/#breadcrumb\",\"itemListElement\":[{\"@type\":\"ListItem\",\"position\":1,\"name\":\"Tienda online\",\"item\":\"https:\/\/dase.es\/comprar\/\"},{\"@type\":\"ListItem\",\"position\":2,\"name\":\"Painted murals \u203a\",\"item\":\"https:\/\/dase.es\/en\/shop\/painted-murals\/\"},{\"@type\":\"ListItem\",\"position\":3,\"name\":\"Mural Infantil Arcoiris\"}]},{\"@type\":\"WebSite\",\"@id\":\"https:\/\/dase.es\/en\/#website\",\"url\":\"https:\/\/dase.es\/en\/\",\"name\":\"Dase\",\"description\":\"Pintura Mural y Graffiti Profesional\",\"publisher\":{\"@id\":\"https:\/\/dase.es\/en\/#\/schema\/person\/51518cff00aab96be0990ff852f05dd1\"},\"potentialAction\":[{\"@type\":\"SearchAction\",\"target\":{\"@type\":\"EntryPoint\",\"urlTemplate\":\"https:\/\/dase.es\/en\/?s={search_term_string}\"},\"query-input\":{\"@type\":\"PropertyValueSpecification\",\"valueRequired\":true,\"valueName\":\"search_term_string\"}}],\"inLanguage\":\"en-US\"},{\"@type\":[\"Person\",\"Organization\"],\"@id\":\"https:\/\/dase.es\/en\/#\/schema\/person\/51518cff00aab96be0990ff852f05dd1\",\"name\":\"\",\"image\":{\"@type\":\"ImageObject\",\"inLanguage\":\"en-US\",\"@id\":\"https:\/\/dase.es\/en\/#\/schema\/person\/image\/\",\"url\":\"https:\/\/secure.gravatar.com\/avatar\/d3d5e9a75a56cf98e1b0dee24a616ff1780c643596609041085c62cc1ca5f467?s=96&d=blank&r=g\",\"contentUrl\":\"https:\/\/secure.gravatar.com\/avatar\/d3d5e9a75a56cf98e1b0dee24a616ff1780c643596609041085c62cc1ca5f467?s=96&d=blank&r=g\"},\"logo\":{\"@id\":\"https:\/\/dase.es\/en\/#\/schema\/person\/image\/\"}}]}<\/script>\n<!-- \/ Yoast SEO plugin. -->","yoast_head_json":{"title":"Mural infantil de arcoiris pintado a mano &#183; Dase","description":"Murales infantiles pintados a mano en las paredes de casa con dibujos de arcoiris. Pintura art\u00edstica y graffiti para decorar habitaciones.","robots":{"index":"noindex","follow":"follow"},"og_locale":"en_US","og_type":"article","og_title":"Mural infantil de arcoiris pintado a mano &#183; Dase","og_description":"Murales infantiles pintados a mano en las paredes de casa con dibujos de arcoiris. Pintura art\u00edstica y graffiti para decorar habitaciones.","og_url":"https:\/\/dase.es\/en\/comprar\/mural-infantil\/","og_site_name":"Dase","article_modified_time":"2025-07-15T14:18:17+00:00","og_image":[{"width":1030,"height":685,"url":"https:\/\/dase.es\/wp-content\/uploads\/2014\/10\/contratar-un-mural-1030x685.png","type":"image\/png"}],"twitter_card":"summary_large_image","schema":{"@context":"https:\/\/schema.org","@graph":[{"@type":"WebPage","@id":"https:\/\/dase.es\/en\/comprar\/mural-infantil\/","url":"https:\/\/dase.es\/en\/comprar\/mural-infantil\/","name":"Mural infantil de arcoiris pintado a mano &#183; Dase","isPartOf":{"@id":"https:\/\/dase.es\/en\/#website"},"primaryImageOfPage":{"@id":"https:\/\/dase.es\/en\/comprar\/mural-infantil\/#primaryimage"},"image":{"@id":"https:\/\/dase.es\/en\/comprar\/mural-infantil\/#primaryimage"},"thumbnailUrl":"https:\/\/dase.es\/wp-content\/uploads\/2014\/10\/contratar-un-mural.png","datePublished":"2020-06-04T12:20:11+00:00","dateModified":"2025-07-15T14:18:17+00:00","description":"Murales infantiles pintados a mano en las paredes de casa con dibujos de arcoiris. Pintura art\u00edstica y graffiti para decorar habitaciones.","breadcrumb":{"@id":"https:\/\/dase.es\/en\/comprar\/mural-infantil\/#breadcrumb"},"inLanguage":"en-US","potentialAction":[{"@type":"ReadAction","target":["https:\/\/dase.es\/en\/comprar\/mural-infantil\/"]}]},{"@type":"ImageObject","inLanguage":"en-US","@id":"https:\/\/dase.es\/en\/comprar\/mural-infantil\/#primaryimage","url":"https:\/\/dase.es\/wp-content\/uploads\/2014\/10\/contratar-un-mural.png","contentUrl":"https:\/\/dase.es\/wp-content\/uploads\/2014\/10\/contratar-un-mural.png","width":2560,"height":1704,"caption":"Mural infantil pintado a mano en pared de habitaci\u00f3n"},{"@type":"BreadcrumbList","@id":"https:\/\/dase.es\/en\/comprar\/mural-infantil\/#breadcrumb","itemListElement":[{"@type":"ListItem","position":1,"name":"Tienda online","item":"https:\/\/dase.es\/comprar\/"},{"@type":"ListItem","position":2,"name":"Painted murals \u203a","item":"https:\/\/dase.es\/en\/shop\/painted-murals\/"},{"@type":"ListItem","position":3,"name":"Mural Infantil Arcoiris"}]},{"@type":"WebSite","@id":"https:\/\/dase.es\/en\/#website","url":"https:\/\/dase.es\/en\/","name":"Dase","description":"Pintura Mural y Graffiti Profesional","publisher":{"@id":"https:\/\/dase.es\/en\/#\/schema\/person\/51518cff00aab96be0990ff852f05dd1"},"potentialAction":[{"@type":"SearchAction","target":{"@type":"EntryPoint","urlTemplate":"https:\/\/dase.es\/en\/?s={search_term_string}"},"query-input":{"@type":"PropertyValueSpecification","valueRequired":true,"valueName":"search_term_string"}}],"inLanguage":"en-US"},{"@type":["Person","Organization"],"@id":"https:\/\/dase.es\/en\/#\/schema\/person\/51518cff00aab96be0990ff852f05dd1","name":"","image":{"@type":"ImageObject","inLanguage":"en-US","@id":"https:\/\/dase.es\/en\/#\/schema\/person\/image\/","url":"https:\/\/secure.gravatar.com\/avatar\/d3d5e9a75a56cf98e1b0dee24a616ff1780c643596609041085c62cc1ca5f467?s=96&d=blank&r=g","contentUrl":"https:\/\/secure.gravatar.com\/avatar\/d3d5e9a75a56cf98e1b0dee24a616ff1780c643596609041085c62cc1ca5f467?s=96&d=blank&r=g"},"logo":{"@id":"https:\/\/dase.es\/en\/#\/schema\/person\/image\/"}}]}},"_links":{"self":[{"href":"https:\/\/dase.es\/en\/wp-json\/wp\/v2\/product\/18928","targetHints":{"allow":["GET"]}}],"collection":[{"href":"https:\/\/dase.es\/en\/wp-json\/wp\/v2\/product"}],"about":[{"href":"https:\/\/dase.es\/en\/wp-json\/wp\/v2\/types\/product"}],"wp:featuredmedia":[{"embeddable":true,"href":"https:\/\/dase.es\/en\/wp-json\/wp\/v2\/media\/18285"}],"wp:attachment":[{"href":"https:\/\/dase.es\/en\/wp-json\/wp\/v2\/media?parent=18928"}],"wp:term":[{"taxonomy":"product_brand","embeddable":true,"href":"https:\/\/dase.es\/en\/wp-json\/wp\/v2\/product_brand?post=18928"},{"taxonomy":"product_cat","embeddable":true,"href":"https:\/\/dase.es\/en\/wp-json\/wp\/v2\/product_cat?post=18928"},{"taxonomy":"product_tag","embeddable":true,"href":"https:\/\/dase.es\/en\/wp-json\/wp\/v2\/product_tag?post=18928"}],"curies":[{"name":"wp","href":"https:\/\/api.w.org\/{rel}","templated":true}]}}