{"id":13490,"date":"2019-09-26T11:30:09","date_gmt":"2019-09-26T09:30:09","guid":{"rendered":"https:\/\/dase.es\/boutique\/sin%20categor\u00eda\/nada-cambia\/"},"modified":"2024-10-24T12:27:31","modified_gmt":"2024-10-24T10:27:31","slug":"nada-cambia","status":"publish","type":"product","link":"https:\/\/dase.es\/en\/comprar\/nada-cambia\/","title":{"rendered":"Nada cambia"},"content":{"rendered":"<p>Manifiesta tu personalidad en las paredes de cualquier habitaci\u00f3n. Estos p\u00f3sters con calidad de museo y acabado mate est\u00e1n impresos en papel permanente de alta durabilidad.<\/p>\n","protected":false},"excerpt":{"rendered":"<p>Manifiesta tu personalidad en las paredes de cualquier habitaci\u00f3n. Estos p\u00f3sters con calidad de museo y acabado mate est\u00e1n impresos en papel permanente de alta durabilidad.<\/p>\n","protected":false},"featured_media":13499,"template":"","meta":{"_joinchat":[]},"product_brand":[],"product_cat":[53,228,198,223,190,224,222],"product_tag":[],"class_list":{"0":"post-13490","1":"product","2":"type-product","3":"status-publish","4":"has-post-thumbnail","6":"product_cat-prints","7":"product_cat-para-enmarcar","8":"product_cat-laminas-destacadas","9":"product_cat-blanco-y-negro","10":"product_cat-de-frases","11":"product_cat-estilo-nordico","12":"product_cat-minimalistas","14":"first","15":"outofstock","16":"sold-individually","17":"taxable","18":"shipping-taxable","19":"product-type-variable","20":"has-default-attributes"},"yoast_head":"<!-- This site is optimized with the Yoast SEO plugin v26.4 - https:\/\/yoast.com\/wordpress\/plugins\/seo\/ -->\n<title>Nada cambia &#183; Dase<\/title>\n<meta name=\"robots\" content=\"noindex, follow\" \/>\n<meta property=\"og:locale\" content=\"en_US\" \/>\n<meta property=\"og:type\" content=\"article\" \/>\n<meta property=\"og:title\" content=\"Nada cambia &#183; Dase\" \/>\n<meta property=\"og:description\" content=\"Manifiesta tu personalidad en las paredes de cualquier habitaci\u00f3n. Estos p\u00f3sters con calidad de museo y acabado mate est\u00e1n impresos en papel permanente de alta durabilidad.\" \/>\n<meta property=\"og:url\" content=\"https:\/\/dase.es\/comprar\/nada-cambia\/\" \/>\n<meta property=\"og:site_name\" content=\"Dase\" \/>\n<meta property=\"article:modified_time\" content=\"2024-10-24T10:27:31+00:00\" \/>\n<meta property=\"og:image\" content=\"https:\/\/dase.es\/wp-content\/uploads\/2019\/09\/mockup-a5f595bd.jpg\" \/>\n\t<meta property=\"og:image:width\" content=\"1000\" \/>\n\t<meta property=\"og:image:height\" content=\"1000\" \/>\n\t<meta property=\"og:image:type\" content=\"image\/jpeg\" \/>\n<meta name=\"twitter:card\" content=\"summary_large_image\" \/>\n<script type=\"application\/ld+json\" class=\"yoast-schema-graph\">{\"@context\":\"https:\/\/schema.org\",\"@graph\":[{\"@type\":\"WebPage\",\"@id\":\"https:\/\/dase.es\/en\/comprar\/nada-cambia\/\",\"url\":\"https:\/\/dase.es\/comprar\/nada-cambia\/\",\"name\":\"Nada cambia &#183; Dase\",\"isPartOf\":{\"@id\":\"https:\/\/dase.es\/en\/#website\"},\"primaryImageOfPage\":{\"@id\":\"https:\/\/dase.es\/comprar\/nada-cambia\/#primaryimage\"},\"image\":{\"@id\":\"https:\/\/dase.es\/comprar\/nada-cambia\/#primaryimage\"},\"thumbnailUrl\":\"https:\/\/dase.es\/wp-content\/uploads\/2019\/09\/mockup-a5f595bd.jpg\",\"datePublished\":\"2019-09-26T09:30:09+00:00\",\"dateModified\":\"2024-10-24T10:27:31+00:00\",\"breadcrumb\":{\"@id\":\"https:\/\/dase.es\/comprar\/nada-cambia\/#breadcrumb\"},\"inLanguage\":\"en-US\",\"potentialAction\":[{\"@type\":\"ReadAction\",\"target\":[\"https:\/\/dase.es\/comprar\/nada-cambia\/\"]}]},{\"@type\":\"ImageObject\",\"inLanguage\":\"en-US\",\"@id\":\"https:\/\/dase.es\/comprar\/nada-cambia\/#primaryimage\",\"url\":\"https:\/\/dase.es\/wp-content\/uploads\/2019\/09\/mockup-a5f595bd.jpg\",\"contentUrl\":\"https:\/\/dase.es\/wp-content\/uploads\/2019\/09\/mockup-a5f595bd.jpg\",\"width\":1000,\"height\":1000},{\"@type\":\"BreadcrumbList\",\"@id\":\"https:\/\/dase.es\/comprar\/nada-cambia\/#breadcrumb\",\"itemListElement\":[{\"@type\":\"ListItem\",\"position\":1,\"name\":\"Tienda online\",\"item\":\"https:\/\/dase.es\/comprar\/\"},{\"@type\":\"ListItem\",\"position\":2,\"name\":\"Prints \u203a\",\"item\":\"https:\/\/dase.es\/en\/shop\/prints-en\/\"},{\"@type\":\"ListItem\",\"position\":3,\"name\":\"Prints to frame\",\"item\":\"https:\/\/dase.es\/en\/shop\/prints-to-frame\/\"},{\"@type\":\"ListItem\",\"position\":4,\"name\":\"Nada cambia\"}]},{\"@type\":\"WebSite\",\"@id\":\"https:\/\/dase.es\/en\/#website\",\"url\":\"https:\/\/dase.es\/en\/\",\"name\":\"Dase\",\"description\":\"Pintura Mural y Graffiti Profesional\",\"publisher\":{\"@id\":\"https:\/\/dase.es\/en\/#\/schema\/person\/51518cff00aab96be0990ff852f05dd1\"},\"potentialAction\":[{\"@type\":\"SearchAction\",\"target\":{\"@type\":\"EntryPoint\",\"urlTemplate\":\"https:\/\/dase.es\/en\/?s={search_term_string}\"},\"query-input\":{\"@type\":\"PropertyValueSpecification\",\"valueRequired\":true,\"valueName\":\"search_term_string\"}}],\"inLanguage\":\"en-US\"},{\"@type\":[\"Person\",\"Organization\"],\"@id\":\"https:\/\/dase.es\/en\/#\/schema\/person\/51518cff00aab96be0990ff852f05dd1\",\"name\":\"\",\"image\":{\"@type\":\"ImageObject\",\"inLanguage\":\"en-US\",\"@id\":\"https:\/\/dase.es\/en\/#\/schema\/person\/image\/\",\"url\":\"https:\/\/secure.gravatar.com\/avatar\/d3d5e9a75a56cf98e1b0dee24a616ff1780c643596609041085c62cc1ca5f467?s=96&d=blank&r=g\",\"contentUrl\":\"https:\/\/secure.gravatar.com\/avatar\/d3d5e9a75a56cf98e1b0dee24a616ff1780c643596609041085c62cc1ca5f467?s=96&d=blank&r=g\"},\"logo\":{\"@id\":\"https:\/\/dase.es\/en\/#\/schema\/person\/image\/\"}}]}<\/script>\n<!-- \/ Yoast SEO plugin. -->","yoast_head_json":{"title":"Nada cambia &#183; Dase","robots":{"index":"noindex","follow":"follow"},"og_locale":"en_US","og_type":"article","og_title":"Nada cambia &#183; Dase","og_description":"Manifiesta tu personalidad en las paredes de cualquier habitaci\u00f3n. Estos p\u00f3sters con calidad de museo y acabado mate est\u00e1n impresos en papel permanente de alta durabilidad.","og_url":"https:\/\/dase.es\/comprar\/nada-cambia\/","og_site_name":"Dase","article_modified_time":"2024-10-24T10:27:31+00:00","og_image":[{"width":1000,"height":1000,"url":"https:\/\/dase.es\/wp-content\/uploads\/2019\/09\/mockup-a5f595bd.jpg","type":"image\/jpeg"}],"twitter_card":"summary_large_image","schema":{"@context":"https:\/\/schema.org","@graph":[{"@type":"WebPage","@id":"https:\/\/dase.es\/en\/comprar\/nada-cambia\/","url":"https:\/\/dase.es\/comprar\/nada-cambia\/","name":"Nada cambia &#183; Dase","isPartOf":{"@id":"https:\/\/dase.es\/en\/#website"},"primaryImageOfPage":{"@id":"https:\/\/dase.es\/comprar\/nada-cambia\/#primaryimage"},"image":{"@id":"https:\/\/dase.es\/comprar\/nada-cambia\/#primaryimage"},"thumbnailUrl":"https:\/\/dase.es\/wp-content\/uploads\/2019\/09\/mockup-a5f595bd.jpg","datePublished":"2019-09-26T09:30:09+00:00","dateModified":"2024-10-24T10:27:31+00:00","breadcrumb":{"@id":"https:\/\/dase.es\/comprar\/nada-cambia\/#breadcrumb"},"inLanguage":"en-US","potentialAction":[{"@type":"ReadAction","target":["https:\/\/dase.es\/comprar\/nada-cambia\/"]}]},{"@type":"ImageObject","inLanguage":"en-US","@id":"https:\/\/dase.es\/comprar\/nada-cambia\/#primaryimage","url":"https:\/\/dase.es\/wp-content\/uploads\/2019\/09\/mockup-a5f595bd.jpg","contentUrl":"https:\/\/dase.es\/wp-content\/uploads\/2019\/09\/mockup-a5f595bd.jpg","width":1000,"height":1000},{"@type":"BreadcrumbList","@id":"https:\/\/dase.es\/comprar\/nada-cambia\/#breadcrumb","itemListElement":[{"@type":"ListItem","position":1,"name":"Tienda online","item":"https:\/\/dase.es\/comprar\/"},{"@type":"ListItem","position":2,"name":"Prints \u203a","item":"https:\/\/dase.es\/en\/shop\/prints-en\/"},{"@type":"ListItem","position":3,"name":"Prints to frame","item":"https:\/\/dase.es\/en\/shop\/prints-to-frame\/"},{"@type":"ListItem","position":4,"name":"Nada cambia"}]},{"@type":"WebSite","@id":"https:\/\/dase.es\/en\/#website","url":"https:\/\/dase.es\/en\/","name":"Dase","description":"Pintura Mural y Graffiti Profesional","publisher":{"@id":"https:\/\/dase.es\/en\/#\/schema\/person\/51518cff00aab96be0990ff852f05dd1"},"potentialAction":[{"@type":"SearchAction","target":{"@type":"EntryPoint","urlTemplate":"https:\/\/dase.es\/en\/?s={search_term_string}"},"query-input":{"@type":"PropertyValueSpecification","valueRequired":true,"valueName":"search_term_string"}}],"inLanguage":"en-US"},{"@type":["Person","Organization"],"@id":"https:\/\/dase.es\/en\/#\/schema\/person\/51518cff00aab96be0990ff852f05dd1","name":"","image":{"@type":"ImageObject","inLanguage":"en-US","@id":"https:\/\/dase.es\/en\/#\/schema\/person\/image\/","url":"https:\/\/secure.gravatar.com\/avatar\/d3d5e9a75a56cf98e1b0dee24a616ff1780c643596609041085c62cc1ca5f467?s=96&d=blank&r=g","contentUrl":"https:\/\/secure.gravatar.com\/avatar\/d3d5e9a75a56cf98e1b0dee24a616ff1780c643596609041085c62cc1ca5f467?s=96&d=blank&r=g"},"logo":{"@id":"https:\/\/dase.es\/en\/#\/schema\/person\/image\/"}}]}},"_links":{"self":[{"href":"https:\/\/dase.es\/en\/wp-json\/wp\/v2\/product\/13490","targetHints":{"allow":["GET"]}}],"collection":[{"href":"https:\/\/dase.es\/en\/wp-json\/wp\/v2\/product"}],"about":[{"href":"https:\/\/dase.es\/en\/wp-json\/wp\/v2\/types\/product"}],"wp:featuredmedia":[{"embeddable":true,"href":"https:\/\/dase.es\/en\/wp-json\/wp\/v2\/media\/13499"}],"wp:attachment":[{"href":"https:\/\/dase.es\/en\/wp-json\/wp\/v2\/media?parent=13490"}],"wp:term":[{"taxonomy":"product_brand","embeddable":true,"href":"https:\/\/dase.es\/en\/wp-json\/wp\/v2\/product_brand?post=13490"},{"taxonomy":"product_cat","embeddable":true,"href":"https:\/\/dase.es\/en\/wp-json\/wp\/v2\/product_cat?post=13490"},{"taxonomy":"product_tag","embeddable":true,"href":"https:\/\/dase.es\/en\/wp-json\/wp\/v2\/product_tag?post=13490"}],"curies":[{"name":"wp","href":"https:\/\/api.w.org\/{rel}","templated":true}]}}