{"id":13167,"date":"2019-09-12T10:51:33","date_gmt":"2019-09-12T08:51:33","guid":{"rendered":"https:\/\/dase.es\/boutique\/sincategorizar\/friends-not-food\/"},"modified":"2024-10-24T12:27:31","modified_gmt":"2024-10-24T10:27:31","slug":"friends-not-food","status":"publish","type":"product","link":"https:\/\/dase.es\/en\/comprar\/friends-not-food\/","title":{"rendered":"Amistades, no comida"},"content":{"rendered":"<p>Manifiesta tu personalidad en las paredes de cualquier habitaci\u00f3n. Estos p\u00f3sters con calidad de museo y acabado mate est\u00e1n impresos en papel permanente de alta durabilidad.<\/p>\n","protected":false},"excerpt":{"rendered":"<p>Manifiesta tu personalidad en las paredes de cualquier habitaci\u00f3n. Estos p\u00f3sters con calidad de museo y acabado mate est\u00e1n impresos en papel permanente de alta durabilidad.<\/p>\n","protected":false},"featured_media":13174,"template":"","meta":{"_joinchat":[]},"product_brand":[],"product_cat":[53,228,227,198,223,224,222],"product_tag":[],"class_list":{"0":"post-13167","1":"product","2":"type-product","3":"status-publish","4":"has-post-thumbnail","6":"product_cat-prints","7":"product_cat-para-enmarcar","8":"product_cat-con-ilustraciones","9":"product_cat-laminas-destacadas","10":"product_cat-blanco-y-negro","11":"product_cat-estilo-nordico","12":"product_cat-minimalistas","14":"first","15":"outofstock","16":"sold-individually","17":"taxable","18":"shipping-taxable","19":"purchasable","20":"product-type-variable","21":"has-default-attributes"},"yoast_head":"<!-- This site is optimized with the Yoast SEO plugin v26.4 - https:\/\/yoast.com\/wordpress\/plugins\/seo\/ -->\n<title>Amistades, no comida &#183; Dase<\/title>\n<meta name=\"robots\" content=\"noindex, follow\" \/>\n<meta property=\"og:locale\" content=\"en_US\" \/>\n<meta property=\"og:type\" content=\"article\" \/>\n<meta property=\"og:title\" content=\"Amistades, no comida &#183; Dase\" \/>\n<meta property=\"og:description\" content=\"Manifiesta tu personalidad en las paredes de cualquier habitaci\u00f3n. Estos p\u00f3sters con calidad de museo y acabado mate est\u00e1n impresos en papel permanente de alta durabilidad.\" \/>\n<meta property=\"og:url\" content=\"https:\/\/dase.es\/comprar\/friends-not-food\/\" \/>\n<meta property=\"og:site_name\" content=\"Dase\" \/>\n<meta property=\"article:modified_time\" content=\"2024-10-24T10:27:31+00:00\" \/>\n<meta property=\"og:image\" content=\"https:\/\/dase.es\/wp-content\/uploads\/2019\/09\/mockup-51feb996.png\" \/>\n\t<meta property=\"og:image:width\" content=\"1000\" \/>\n\t<meta property=\"og:image:height\" content=\"1000\" \/>\n\t<meta property=\"og:image:type\" content=\"image\/png\" \/>\n<meta name=\"twitter:card\" content=\"summary_large_image\" \/>\n<script type=\"application\/ld+json\" class=\"yoast-schema-graph\">{\"@context\":\"https:\/\/schema.org\",\"@graph\":[{\"@type\":\"WebPage\",\"@id\":\"https:\/\/dase.es\/en\/comprar\/friends-not-food\/\",\"url\":\"https:\/\/dase.es\/comprar\/friends-not-food\/\",\"name\":\"Amistades, no comida &#183; Dase\",\"isPartOf\":{\"@id\":\"https:\/\/dase.es\/en\/#website\"},\"primaryImageOfPage\":{\"@id\":\"https:\/\/dase.es\/comprar\/friends-not-food\/#primaryimage\"},\"image\":{\"@id\":\"https:\/\/dase.es\/comprar\/friends-not-food\/#primaryimage\"},\"thumbnailUrl\":\"https:\/\/dase.es\/wp-content\/uploads\/2019\/09\/mockup-51feb996.png\",\"datePublished\":\"2019-09-12T08:51:33+00:00\",\"dateModified\":\"2024-10-24T10:27:31+00:00\",\"breadcrumb\":{\"@id\":\"https:\/\/dase.es\/comprar\/friends-not-food\/#breadcrumb\"},\"inLanguage\":\"en-US\",\"potentialAction\":[{\"@type\":\"ReadAction\",\"target\":[\"https:\/\/dase.es\/comprar\/friends-not-food\/\"]}]},{\"@type\":\"ImageObject\",\"inLanguage\":\"en-US\",\"@id\":\"https:\/\/dase.es\/comprar\/friends-not-food\/#primaryimage\",\"url\":\"https:\/\/dase.es\/wp-content\/uploads\/2019\/09\/mockup-51feb996.png\",\"contentUrl\":\"https:\/\/dase.es\/wp-content\/uploads\/2019\/09\/mockup-51feb996.png\",\"width\":1000,\"height\":1000},{\"@type\":\"BreadcrumbList\",\"@id\":\"https:\/\/dase.es\/comprar\/friends-not-food\/#breadcrumb\",\"itemListElement\":[{\"@type\":\"ListItem\",\"position\":1,\"name\":\"Tienda online\",\"item\":\"https:\/\/dase.es\/comprar\/\"},{\"@type\":\"ListItem\",\"position\":2,\"name\":\"Prints \u203a\",\"item\":\"https:\/\/dase.es\/en\/shop\/prints-en\/\"},{\"@type\":\"ListItem\",\"position\":3,\"name\":\"Prints to frame\",\"item\":\"https:\/\/dase.es\/en\/shop\/prints-to-frame\/\"},{\"@type\":\"ListItem\",\"position\":4,\"name\":\"Amistades, no comida\"}]},{\"@type\":\"WebSite\",\"@id\":\"https:\/\/dase.es\/en\/#website\",\"url\":\"https:\/\/dase.es\/en\/\",\"name\":\"Dase\",\"description\":\"Pintura Mural y Graffiti Profesional\",\"publisher\":{\"@id\":\"https:\/\/dase.es\/en\/#\/schema\/person\/51518cff00aab96be0990ff852f05dd1\"},\"potentialAction\":[{\"@type\":\"SearchAction\",\"target\":{\"@type\":\"EntryPoint\",\"urlTemplate\":\"https:\/\/dase.es\/en\/?s={search_term_string}\"},\"query-input\":{\"@type\":\"PropertyValueSpecification\",\"valueRequired\":true,\"valueName\":\"search_term_string\"}}],\"inLanguage\":\"en-US\"},{\"@type\":[\"Person\",\"Organization\"],\"@id\":\"https:\/\/dase.es\/en\/#\/schema\/person\/51518cff00aab96be0990ff852f05dd1\",\"name\":\"\",\"image\":{\"@type\":\"ImageObject\",\"inLanguage\":\"en-US\",\"@id\":\"https:\/\/dase.es\/en\/#\/schema\/person\/image\/\",\"url\":\"https:\/\/secure.gravatar.com\/avatar\/d3d5e9a75a56cf98e1b0dee24a616ff1780c643596609041085c62cc1ca5f467?s=96&d=blank&r=g\",\"contentUrl\":\"https:\/\/secure.gravatar.com\/avatar\/d3d5e9a75a56cf98e1b0dee24a616ff1780c643596609041085c62cc1ca5f467?s=96&d=blank&r=g\"},\"logo\":{\"@id\":\"https:\/\/dase.es\/en\/#\/schema\/person\/image\/\"}}]}<\/script>\n<!-- \/ Yoast SEO plugin. -->","yoast_head_json":{"title":"Amistades, no comida &#183; Dase","robots":{"index":"noindex","follow":"follow"},"og_locale":"en_US","og_type":"article","og_title":"Amistades, no comida &#183; Dase","og_description":"Manifiesta tu personalidad en las paredes de cualquier habitaci\u00f3n. Estos p\u00f3sters con calidad de museo y acabado mate est\u00e1n impresos en papel permanente de alta durabilidad.","og_url":"https:\/\/dase.es\/comprar\/friends-not-food\/","og_site_name":"Dase","article_modified_time":"2024-10-24T10:27:31+00:00","og_image":[{"width":1000,"height":1000,"url":"https:\/\/dase.es\/wp-content\/uploads\/2019\/09\/mockup-51feb996.png","type":"image\/png"}],"twitter_card":"summary_large_image","schema":{"@context":"https:\/\/schema.org","@graph":[{"@type":"WebPage","@id":"https:\/\/dase.es\/en\/comprar\/friends-not-food\/","url":"https:\/\/dase.es\/comprar\/friends-not-food\/","name":"Amistades, no comida &#183; Dase","isPartOf":{"@id":"https:\/\/dase.es\/en\/#website"},"primaryImageOfPage":{"@id":"https:\/\/dase.es\/comprar\/friends-not-food\/#primaryimage"},"image":{"@id":"https:\/\/dase.es\/comprar\/friends-not-food\/#primaryimage"},"thumbnailUrl":"https:\/\/dase.es\/wp-content\/uploads\/2019\/09\/mockup-51feb996.png","datePublished":"2019-09-12T08:51:33+00:00","dateModified":"2024-10-24T10:27:31+00:00","breadcrumb":{"@id":"https:\/\/dase.es\/comprar\/friends-not-food\/#breadcrumb"},"inLanguage":"en-US","potentialAction":[{"@type":"ReadAction","target":["https:\/\/dase.es\/comprar\/friends-not-food\/"]}]},{"@type":"ImageObject","inLanguage":"en-US","@id":"https:\/\/dase.es\/comprar\/friends-not-food\/#primaryimage","url":"https:\/\/dase.es\/wp-content\/uploads\/2019\/09\/mockup-51feb996.png","contentUrl":"https:\/\/dase.es\/wp-content\/uploads\/2019\/09\/mockup-51feb996.png","width":1000,"height":1000},{"@type":"BreadcrumbList","@id":"https:\/\/dase.es\/comprar\/friends-not-food\/#breadcrumb","itemListElement":[{"@type":"ListItem","position":1,"name":"Tienda online","item":"https:\/\/dase.es\/comprar\/"},{"@type":"ListItem","position":2,"name":"Prints \u203a","item":"https:\/\/dase.es\/en\/shop\/prints-en\/"},{"@type":"ListItem","position":3,"name":"Prints to frame","item":"https:\/\/dase.es\/en\/shop\/prints-to-frame\/"},{"@type":"ListItem","position":4,"name":"Amistades, no comida"}]},{"@type":"WebSite","@id":"https:\/\/dase.es\/en\/#website","url":"https:\/\/dase.es\/en\/","name":"Dase","description":"Pintura Mural y Graffiti Profesional","publisher":{"@id":"https:\/\/dase.es\/en\/#\/schema\/person\/51518cff00aab96be0990ff852f05dd1"},"potentialAction":[{"@type":"SearchAction","target":{"@type":"EntryPoint","urlTemplate":"https:\/\/dase.es\/en\/?s={search_term_string}"},"query-input":{"@type":"PropertyValueSpecification","valueRequired":true,"valueName":"search_term_string"}}],"inLanguage":"en-US"},{"@type":["Person","Organization"],"@id":"https:\/\/dase.es\/en\/#\/schema\/person\/51518cff00aab96be0990ff852f05dd1","name":"","image":{"@type":"ImageObject","inLanguage":"en-US","@id":"https:\/\/dase.es\/en\/#\/schema\/person\/image\/","url":"https:\/\/secure.gravatar.com\/avatar\/d3d5e9a75a56cf98e1b0dee24a616ff1780c643596609041085c62cc1ca5f467?s=96&d=blank&r=g","contentUrl":"https:\/\/secure.gravatar.com\/avatar\/d3d5e9a75a56cf98e1b0dee24a616ff1780c643596609041085c62cc1ca5f467?s=96&d=blank&r=g"},"logo":{"@id":"https:\/\/dase.es\/en\/#\/schema\/person\/image\/"}}]}},"_links":{"self":[{"href":"https:\/\/dase.es\/en\/wp-json\/wp\/v2\/product\/13167","targetHints":{"allow":["GET"]}}],"collection":[{"href":"https:\/\/dase.es\/en\/wp-json\/wp\/v2\/product"}],"about":[{"href":"https:\/\/dase.es\/en\/wp-json\/wp\/v2\/types\/product"}],"wp:featuredmedia":[{"embeddable":true,"href":"https:\/\/dase.es\/en\/wp-json\/wp\/v2\/media\/13174"}],"wp:attachment":[{"href":"https:\/\/dase.es\/en\/wp-json\/wp\/v2\/media?parent=13167"}],"wp:term":[{"taxonomy":"product_brand","embeddable":true,"href":"https:\/\/dase.es\/en\/wp-json\/wp\/v2\/product_brand?post=13167"},{"taxonomy":"product_cat","embeddable":true,"href":"https:\/\/dase.es\/en\/wp-json\/wp\/v2\/product_cat?post=13167"},{"taxonomy":"product_tag","embeddable":true,"href":"https:\/\/dase.es\/en\/wp-json\/wp\/v2\/product_tag?post=13167"}],"curies":[{"name":"wp","href":"https:\/\/api.w.org\/{rel}","templated":true}]}}