{"id":12853,"date":"2019-09-07T21:48:17","date_gmt":"2019-09-07T19:48:17","guid":{"rendered":"https:\/\/dase.es\/?post_type=product&#038;p=12853"},"modified":"2022-10-21T07:45:28","modified_gmt":"2022-10-21T05:45:28","slug":"plantilla-papeleria-corporativa","status":"publish","type":"product","link":"https:\/\/dase.es\/en\/comprar\/plantilla-papeleria-corporativa\/","title":{"rendered":"Plantilla de papeler\u00eda corporativa"},"content":{"rendered":"<h3>Tarjetas de presentaci\u00f3n<\/h3>\n<p>3 modelos: Cuadrada, vertical y horizontal.<\/p>\n<h3 class=\"nVcaUb\">Hojas con identidad corporativa<\/h3>\n<p class=\"nVcaUb\">2 modelos de papel de carta personalizado por delante y por detr\u00e1s con tu identidad corporativa.<\/p>\n<h3 class=\"nVcaUb\">Sobres corporativos<\/h3>\n<p>2 modelos de <strong>sobre corporativo<\/strong> personalizado con el branding de la empresa suele emplearse para realizar comunicaciones y acompa\u00f1ar notas en env\u00edos mediante correo ordinario.<\/p>\n<h3 class=\"nVcaUb\">Papeler\u00eda corporativa: Mockup<\/h3>\n<p><strong>\u00a01 maqueta virtual realista de la papeler\u00eda corporativa<\/strong> en formato PSD (para Photoshop).<\/p>\n<p>&nbsp;<\/p>\n<h3 class=\"nVcaUb\">Medidas para papeler\u00eda corporativa<\/h3>\n<ul>\n<li class=\"nVcaUb\"><strong>Tarjetas de presentaci\u00f3n<\/strong> (85 X 55 mm, 65 x 65mm o 55 x 85 mm)<\/li>\n<li><strong>Papel de carta DINA4<\/strong>\u00a0 (210 x 297\u00a0mm)<\/li>\n<li><strong>Sobre corporativo<\/strong> (220 X 110 mm)<\/li>\n<\/ul>\n<h3>Archivos inclu\u00eddos en la descarga<\/h3>\n<ul>\n<li>Plantilla de papeler\u00eda corporativa .INDD<\/li>\n<li>Mockup de papeler\u00eda corporativa .PSD<\/li>\n<li>Datos para papeler\u00eda .CSV<\/li>\n<li>Logos de ejemplo .EPS<\/li>\n<\/ul>\n<h3 class=\"nVcaUb\">\u00bfQu\u00e9 es papel corporativo?<\/h3>\n<p class=\"nVcaUb\">La <strong>papeler\u00eda corporativa<\/strong>, <strong>en ingl\u00e9s<\/strong> &#8220;corporate stationary&#8221;, hace referencia a aquellos materiales de papel tales como hojas, sobres y tarjetas de visita o presentaci\u00f3n cuyo estilo est\u00e1 recogido en un manual de identidad corporativa.<\/p>\n<h3 class=\"nVcaUb\">Papeler\u00eda corporativa: Precios<\/h3>\n<p>Los <strong>precios de la papeler\u00eda corporativa<\/strong> var\u00edan en funci\u00f3n de si se est\u00e1 comprando solo la plantilla personalizable o ya personalizada. La personalizada se env\u00eda por email en tan solo 5-10 d\u00edas.<\/p>\n","protected":false},"excerpt":{"rendered":"<h3>Tu papeler\u00eda corporativa personalizada con tu branding lista para imprimir.<\/h3>\n","protected":false},"featured_media":12875,"template":"","meta":{"_joinchat":[]},"product_brand":[],"product_cat":[],"product_tag":[],"class_list":{"0":"post-12853","1":"product","2":"type-product","3":"status-publish","4":"has-post-thumbnail","7":"first","8":"instock","9":"downloadable","10":"virtual","11":"taxable","12":"purchasable","13":"product-type-simple"},"yoast_head":"<!-- This site is optimized with the Yoast SEO plugin v26.4 - https:\/\/yoast.com\/wordpress\/plugins\/seo\/ -->\n<title>Plantilla de papeler\u00eda corporativa &#183; Dase<\/title>\n<meta name=\"description\" content=\"Papeleria corporativa online:\u00a0plantillas para descargar, mockup, hojas, sobre corporativo. Todo el material corporativo para empresas a los mejores precios.\" \/>\n<meta name=\"robots\" content=\"noindex, follow\" \/>\n<meta property=\"og:locale\" content=\"en_US\" \/>\n<meta property=\"og:type\" content=\"article\" \/>\n<meta property=\"og:title\" content=\"Plantilla de papeler\u00eda corporativa &#183; Dase\" \/>\n<meta property=\"og:description\" content=\"Papeleria corporativa online:\u00a0plantillas para descargar, mockup, hojas, sobre corporativo. Todo el material corporativo para empresas a los mejores precios.\" \/>\n<meta property=\"og:url\" content=\"https:\/\/dase.es\/en\/comprar\/plantilla-papeleria-corporativa\/\" \/>\n<meta property=\"og:site_name\" content=\"Dase\" \/>\n<meta property=\"article:modified_time\" content=\"2022-10-21T05:45:28+00:00\" \/>\n<meta property=\"og:image\" content=\"https:\/\/dase.es\/wp-content\/uploads\/2019\/09\/Alma-Dorada-Papeleria-1030x1030.png\" \/>\n\t<meta property=\"og:image:width\" content=\"1030\" \/>\n\t<meta property=\"og:image:height\" content=\"1030\" \/>\n\t<meta property=\"og:image:type\" content=\"image\/png\" \/>\n<meta name=\"twitter:card\" content=\"summary_large_image\" \/>\n<script type=\"application\/ld+json\" class=\"yoast-schema-graph\">{\"@context\":\"https:\/\/schema.org\",\"@graph\":[{\"@type\":\"WebPage\",\"@id\":\"https:\/\/dase.es\/en\/comprar\/plantilla-papeleria-corporativa\/\",\"url\":\"https:\/\/dase.es\/en\/comprar\/plantilla-papeleria-corporativa\/\",\"name\":\"Plantilla de papeler\u00eda corporativa &#183; Dase\",\"isPartOf\":{\"@id\":\"https:\/\/dase.es\/en\/#website\"},\"primaryImageOfPage\":{\"@id\":\"https:\/\/dase.es\/en\/comprar\/plantilla-papeleria-corporativa\/#primaryimage\"},\"image\":{\"@id\":\"https:\/\/dase.es\/en\/comprar\/plantilla-papeleria-corporativa\/#primaryimage\"},\"thumbnailUrl\":\"https:\/\/dase.es\/wp-content\/uploads\/2019\/09\/Alma-Dorada-Papeleria.png\",\"datePublished\":\"2019-09-07T19:48:17+00:00\",\"dateModified\":\"2022-10-21T05:45:28+00:00\",\"description\":\"Papeleria corporativa online:\u00a0plantillas para descargar, mockup, hojas, sobre corporativo. Todo el material corporativo para empresas a los mejores precios.\",\"breadcrumb\":{\"@id\":\"https:\/\/dase.es\/en\/comprar\/plantilla-papeleria-corporativa\/#breadcrumb\"},\"inLanguage\":\"en-US\",\"potentialAction\":[{\"@type\":\"ReadAction\",\"target\":[\"https:\/\/dase.es\/en\/comprar\/plantilla-papeleria-corporativa\/\"]}]},{\"@type\":\"ImageObject\",\"inLanguage\":\"en-US\",\"@id\":\"https:\/\/dase.es\/en\/comprar\/plantilla-papeleria-corporativa\/#primaryimage\",\"url\":\"https:\/\/dase.es\/wp-content\/uploads\/2019\/09\/Alma-Dorada-Papeleria.png\",\"contentUrl\":\"https:\/\/dase.es\/wp-content\/uploads\/2019\/09\/Alma-Dorada-Papeleria.png\",\"width\":3680,\"height\":3680},{\"@type\":\"BreadcrumbList\",\"@id\":\"https:\/\/dase.es\/en\/comprar\/plantilla-papeleria-corporativa\/#breadcrumb\",\"itemListElement\":[{\"@type\":\"ListItem\",\"position\":1,\"name\":\"Tienda online\",\"item\":\"https:\/\/dase.es\/comprar\/\"},{\"@type\":\"ListItem\",\"position\":2,\"name\":\"Merchandising\",\"item\":\"https:\/\/dase.es\/en\/shop\/merchandising\/\"},{\"@type\":\"ListItem\",\"position\":3,\"name\":\"Plantilla de papeler\u00eda corporativa\"}]},{\"@type\":\"WebSite\",\"@id\":\"https:\/\/dase.es\/en\/#website\",\"url\":\"https:\/\/dase.es\/en\/\",\"name\":\"Dase\",\"description\":\"Pintura Mural y Graffiti Profesional\",\"publisher\":{\"@id\":\"https:\/\/dase.es\/en\/#\/schema\/person\/51518cff00aab96be0990ff852f05dd1\"},\"potentialAction\":[{\"@type\":\"SearchAction\",\"target\":{\"@type\":\"EntryPoint\",\"urlTemplate\":\"https:\/\/dase.es\/en\/?s={search_term_string}\"},\"query-input\":{\"@type\":\"PropertyValueSpecification\",\"valueRequired\":true,\"valueName\":\"search_term_string\"}}],\"inLanguage\":\"en-US\"},{\"@type\":[\"Person\",\"Organization\"],\"@id\":\"https:\/\/dase.es\/en\/#\/schema\/person\/51518cff00aab96be0990ff852f05dd1\",\"name\":\"\",\"image\":{\"@type\":\"ImageObject\",\"inLanguage\":\"en-US\",\"@id\":\"https:\/\/dase.es\/en\/#\/schema\/person\/image\/\",\"url\":\"https:\/\/secure.gravatar.com\/avatar\/d3d5e9a75a56cf98e1b0dee24a616ff1780c643596609041085c62cc1ca5f467?s=96&d=blank&r=g\",\"contentUrl\":\"https:\/\/secure.gravatar.com\/avatar\/d3d5e9a75a56cf98e1b0dee24a616ff1780c643596609041085c62cc1ca5f467?s=96&d=blank&r=g\"},\"logo\":{\"@id\":\"https:\/\/dase.es\/en\/#\/schema\/person\/image\/\"}}]}<\/script>\n<!-- \/ Yoast SEO plugin. -->","yoast_head_json":{"title":"Plantilla de papeler\u00eda corporativa &#183; Dase","description":"Papeleria corporativa online:\u00a0plantillas para descargar, mockup, hojas, sobre corporativo. Todo el material corporativo para empresas a los mejores precios.","robots":{"index":"noindex","follow":"follow"},"og_locale":"en_US","og_type":"article","og_title":"Plantilla de papeler\u00eda corporativa &#183; Dase","og_description":"Papeleria corporativa online:\u00a0plantillas para descargar, mockup, hojas, sobre corporativo. Todo el material corporativo para empresas a los mejores precios.","og_url":"https:\/\/dase.es\/en\/comprar\/plantilla-papeleria-corporativa\/","og_site_name":"Dase","article_modified_time":"2022-10-21T05:45:28+00:00","og_image":[{"width":1030,"height":1030,"url":"https:\/\/dase.es\/wp-content\/uploads\/2019\/09\/Alma-Dorada-Papeleria-1030x1030.png","type":"image\/png"}],"twitter_card":"summary_large_image","schema":{"@context":"https:\/\/schema.org","@graph":[{"@type":"WebPage","@id":"https:\/\/dase.es\/en\/comprar\/plantilla-papeleria-corporativa\/","url":"https:\/\/dase.es\/en\/comprar\/plantilla-papeleria-corporativa\/","name":"Plantilla de papeler\u00eda corporativa &#183; Dase","isPartOf":{"@id":"https:\/\/dase.es\/en\/#website"},"primaryImageOfPage":{"@id":"https:\/\/dase.es\/en\/comprar\/plantilla-papeleria-corporativa\/#primaryimage"},"image":{"@id":"https:\/\/dase.es\/en\/comprar\/plantilla-papeleria-corporativa\/#primaryimage"},"thumbnailUrl":"https:\/\/dase.es\/wp-content\/uploads\/2019\/09\/Alma-Dorada-Papeleria.png","datePublished":"2019-09-07T19:48:17+00:00","dateModified":"2022-10-21T05:45:28+00:00","description":"Papeleria corporativa online:\u00a0plantillas para descargar, mockup, hojas, sobre corporativo. Todo el material corporativo para empresas a los mejores precios.","breadcrumb":{"@id":"https:\/\/dase.es\/en\/comprar\/plantilla-papeleria-corporativa\/#breadcrumb"},"inLanguage":"en-US","potentialAction":[{"@type":"ReadAction","target":["https:\/\/dase.es\/en\/comprar\/plantilla-papeleria-corporativa\/"]}]},{"@type":"ImageObject","inLanguage":"en-US","@id":"https:\/\/dase.es\/en\/comprar\/plantilla-papeleria-corporativa\/#primaryimage","url":"https:\/\/dase.es\/wp-content\/uploads\/2019\/09\/Alma-Dorada-Papeleria.png","contentUrl":"https:\/\/dase.es\/wp-content\/uploads\/2019\/09\/Alma-Dorada-Papeleria.png","width":3680,"height":3680},{"@type":"BreadcrumbList","@id":"https:\/\/dase.es\/en\/comprar\/plantilla-papeleria-corporativa\/#breadcrumb","itemListElement":[{"@type":"ListItem","position":1,"name":"Tienda online","item":"https:\/\/dase.es\/comprar\/"},{"@type":"ListItem","position":2,"name":"Merchandising","item":"https:\/\/dase.es\/en\/shop\/merchandising\/"},{"@type":"ListItem","position":3,"name":"Plantilla de papeler\u00eda corporativa"}]},{"@type":"WebSite","@id":"https:\/\/dase.es\/en\/#website","url":"https:\/\/dase.es\/en\/","name":"Dase","description":"Pintura Mural y Graffiti Profesional","publisher":{"@id":"https:\/\/dase.es\/en\/#\/schema\/person\/51518cff00aab96be0990ff852f05dd1"},"potentialAction":[{"@type":"SearchAction","target":{"@type":"EntryPoint","urlTemplate":"https:\/\/dase.es\/en\/?s={search_term_string}"},"query-input":{"@type":"PropertyValueSpecification","valueRequired":true,"valueName":"search_term_string"}}],"inLanguage":"en-US"},{"@type":["Person","Organization"],"@id":"https:\/\/dase.es\/en\/#\/schema\/person\/51518cff00aab96be0990ff852f05dd1","name":"","image":{"@type":"ImageObject","inLanguage":"en-US","@id":"https:\/\/dase.es\/en\/#\/schema\/person\/image\/","url":"https:\/\/secure.gravatar.com\/avatar\/d3d5e9a75a56cf98e1b0dee24a616ff1780c643596609041085c62cc1ca5f467?s=96&d=blank&r=g","contentUrl":"https:\/\/secure.gravatar.com\/avatar\/d3d5e9a75a56cf98e1b0dee24a616ff1780c643596609041085c62cc1ca5f467?s=96&d=blank&r=g"},"logo":{"@id":"https:\/\/dase.es\/en\/#\/schema\/person\/image\/"}}]}},"_links":{"self":[{"href":"https:\/\/dase.es\/en\/wp-json\/wp\/v2\/product\/12853","targetHints":{"allow":["GET"]}}],"collection":[{"href":"https:\/\/dase.es\/en\/wp-json\/wp\/v2\/product"}],"about":[{"href":"https:\/\/dase.es\/en\/wp-json\/wp\/v2\/types\/product"}],"wp:featuredmedia":[{"embeddable":true,"href":"https:\/\/dase.es\/en\/wp-json\/wp\/v2\/media\/12875"}],"wp:attachment":[{"href":"https:\/\/dase.es\/en\/wp-json\/wp\/v2\/media?parent=12853"}],"wp:term":[{"taxonomy":"product_brand","embeddable":true,"href":"https:\/\/dase.es\/en\/wp-json\/wp\/v2\/product_brand?post=12853"},{"taxonomy":"product_cat","embeddable":true,"href":"https:\/\/dase.es\/en\/wp-json\/wp\/v2\/product_cat?post=12853"},{"taxonomy":"product_tag","embeddable":true,"href":"https:\/\/dase.es\/en\/wp-json\/wp\/v2\/product_tag?post=12853"}],"curies":[{"name":"wp","href":"https:\/\/api.w.org\/{rel}","templated":true}]}}