{"id":12487,"date":"2019-09-03T16:28:18","date_gmt":"2019-09-03T14:28:18","guid":{"rendered":"https:\/\/dase.es\/boutique\/sincategorizar\/2-casas\/"},"modified":"2023-02-10T21:46:40","modified_gmt":"2023-02-10T20:46:40","slug":"2-casas","status":"publish","type":"product","link":"https:\/\/dase.es\/en\/comprar\/2-casas\/","title":{"rendered":"\u201c2 casas\u201d"},"content":{"rendered":"<p>Puede parecer una camiseta normal, pero nada m\u00e1s lejos de la verdad: esta camiseta est\u00e1 hecha con algod\u00f3n org\u00e1nico y mezcla de poli\u00e9ster reciclado rPET, que la hace m\u00e1s duradera y resistente. Al menos cuatro botellas han sido recicladas y empleadas en la producci\u00f3n de esta camiseta, as\u00ed que si est\u00e1s buscando alguna manera \u00fanica y sostenible de expresarte, \u00a1esta es tu prenda!<\/p>\n<p>\u2022 60% algod\u00f3n org\u00e1nico, 40% poli\u00e9ster reciclado rPET<br \/>\n\u2022 Peso del tejido: 5.6 oz\/yd\u00b2 (190 g\/m\u00b2)<br \/>\n\u2022 Hilo de 20 hebras<br \/>\n\u2022 Cuello redondo<br \/>\n\u2022 Costuras laterales<br \/>\n\u2022 Unisex<\/p>\n","protected":false},"excerpt":{"rendered":"<p>Puede parecer una camiseta normal, pero nada m\u00e1s lejos de la verdad: esta camiseta est\u00e1 hecha con algod\u00f3n org\u00e1nico y mezcla de poli\u00e9ster reciclado rPET, que la hace m\u00e1s duradera y resistente. Al menos cuatro botellas han sido recicladas y empleadas en la producci\u00f3n de esta camiseta, as\u00ed que si est\u00e1s buscando alguna manera \u00fanica [&hellip;]<\/p>\n","protected":false},"featured_media":12495,"template":"","meta":{"_joinchat":[]},"product_brand":[],"product_cat":[],"product_tag":[],"class_list":{"0":"post-12487","1":"product","2":"type-product","3":"status-publish","4":"has-post-thumbnail","7":"first","8":"instock","9":"taxable","10":"shipping-taxable","11":"purchasable","12":"product-type-variable","13":"has-default-attributes"},"yoast_head":"<!-- This site is optimized with the Yoast SEO plugin v26.4 - https:\/\/yoast.com\/wordpress\/plugins\/seo\/ -->\n<title>\u201c2 casas\u201d &#183; Dase<\/title>\n<meta name=\"robots\" content=\"noindex, follow\" \/>\n<meta property=\"og:locale\" content=\"en_US\" \/>\n<meta property=\"og:type\" content=\"article\" \/>\n<meta property=\"og:title\" content=\"\u201c2 casas\u201d &#183; Dase\" \/>\n<meta property=\"og:description\" content=\"Puede parecer una camiseta normal, pero nada m\u00e1s lejos de la verdad: esta camiseta est\u00e1 hecha con algod\u00f3n org\u00e1nico y mezcla de poli\u00e9ster reciclado rPET, que la hace m\u00e1s duradera y resistente. Al menos cuatro botellas han sido recicladas y empleadas en la producci\u00f3n de esta camiseta, as\u00ed que si est\u00e1s buscando alguna manera \u00fanica [&hellip;]\" \/>\n<meta property=\"og:url\" content=\"https:\/\/dase.es\/en\/comprar\/2-casas\/\" \/>\n<meta property=\"og:site_name\" content=\"Dase\" \/>\n<meta property=\"article:modified_time\" content=\"2023-02-10T20:46:40+00:00\" \/>\n<meta property=\"og:image\" content=\"https:\/\/dase.es\/wp-content\/uploads\/2019\/09\/mockup-b7e8899a.png\" \/>\n\t<meta property=\"og:image:width\" content=\"1000\" \/>\n\t<meta property=\"og:image:height\" content=\"1000\" \/>\n\t<meta property=\"og:image:type\" content=\"image\/png\" \/>\n<meta name=\"twitter:card\" content=\"summary_large_image\" \/>\n<script type=\"application\/ld+json\" class=\"yoast-schema-graph\">{\"@context\":\"https:\/\/schema.org\",\"@graph\":[{\"@type\":\"WebPage\",\"@id\":\"https:\/\/dase.es\/en\/comprar\/2-casas\/\",\"url\":\"https:\/\/dase.es\/en\/comprar\/2-casas\/\",\"name\":\"\u201c2 casas\u201d &#183; Dase\",\"isPartOf\":{\"@id\":\"https:\/\/dase.es\/en\/#website\"},\"primaryImageOfPage\":{\"@id\":\"https:\/\/dase.es\/en\/comprar\/2-casas\/#primaryimage\"},\"image\":{\"@id\":\"https:\/\/dase.es\/en\/comprar\/2-casas\/#primaryimage\"},\"thumbnailUrl\":\"https:\/\/dase.es\/wp-content\/uploads\/2019\/09\/mockup-b7e8899a.png\",\"datePublished\":\"2019-09-03T14:28:18+00:00\",\"dateModified\":\"2023-02-10T20:46:40+00:00\",\"breadcrumb\":{\"@id\":\"https:\/\/dase.es\/en\/comprar\/2-casas\/#breadcrumb\"},\"inLanguage\":\"en-US\",\"potentialAction\":[{\"@type\":\"ReadAction\",\"target\":[\"https:\/\/dase.es\/en\/comprar\/2-casas\/\"]}]},{\"@type\":\"ImageObject\",\"inLanguage\":\"en-US\",\"@id\":\"https:\/\/dase.es\/en\/comprar\/2-casas\/#primaryimage\",\"url\":\"https:\/\/dase.es\/wp-content\/uploads\/2019\/09\/mockup-b7e8899a.png\",\"contentUrl\":\"https:\/\/dase.es\/wp-content\/uploads\/2019\/09\/mockup-b7e8899a.png\",\"width\":1000,\"height\":1000},{\"@type\":\"BreadcrumbList\",\"@id\":\"https:\/\/dase.es\/en\/comprar\/2-casas\/#breadcrumb\",\"itemListElement\":[{\"@type\":\"ListItem\",\"position\":1,\"name\":\"Tienda online\",\"item\":\"https:\/\/dase.es\/comprar\/\"},{\"@type\":\"ListItem\",\"position\":2,\"name\":\"Merchandising\",\"item\":\"https:\/\/dase.es\/en\/shop\/merchandising\/\"},{\"@type\":\"ListItem\",\"position\":3,\"name\":\"\u201c2 casas\u201d\"}]},{\"@type\":\"WebSite\",\"@id\":\"https:\/\/dase.es\/en\/#website\",\"url\":\"https:\/\/dase.es\/en\/\",\"name\":\"Dase\",\"description\":\"Pintura Mural y Graffiti Profesional\",\"publisher\":{\"@id\":\"https:\/\/dase.es\/en\/#\/schema\/person\/51518cff00aab96be0990ff852f05dd1\"},\"potentialAction\":[{\"@type\":\"SearchAction\",\"target\":{\"@type\":\"EntryPoint\",\"urlTemplate\":\"https:\/\/dase.es\/en\/?s={search_term_string}\"},\"query-input\":{\"@type\":\"PropertyValueSpecification\",\"valueRequired\":true,\"valueName\":\"search_term_string\"}}],\"inLanguage\":\"en-US\"},{\"@type\":[\"Person\",\"Organization\"],\"@id\":\"https:\/\/dase.es\/en\/#\/schema\/person\/51518cff00aab96be0990ff852f05dd1\",\"name\":\"\",\"image\":{\"@type\":\"ImageObject\",\"inLanguage\":\"en-US\",\"@id\":\"https:\/\/dase.es\/en\/#\/schema\/person\/image\/\",\"url\":\"https:\/\/secure.gravatar.com\/avatar\/d3d5e9a75a56cf98e1b0dee24a616ff1780c643596609041085c62cc1ca5f467?s=96&d=blank&r=g\",\"contentUrl\":\"https:\/\/secure.gravatar.com\/avatar\/d3d5e9a75a56cf98e1b0dee24a616ff1780c643596609041085c62cc1ca5f467?s=96&d=blank&r=g\"},\"logo\":{\"@id\":\"https:\/\/dase.es\/en\/#\/schema\/person\/image\/\"}}]}<\/script>\n<!-- \/ Yoast SEO plugin. -->","yoast_head_json":{"title":"\u201c2 casas\u201d &#183; Dase","robots":{"index":"noindex","follow":"follow"},"og_locale":"en_US","og_type":"article","og_title":"\u201c2 casas\u201d &#183; Dase","og_description":"Puede parecer una camiseta normal, pero nada m\u00e1s lejos de la verdad: esta camiseta est\u00e1 hecha con algod\u00f3n org\u00e1nico y mezcla de poli\u00e9ster reciclado rPET, que la hace m\u00e1s duradera y resistente. Al menos cuatro botellas han sido recicladas y empleadas en la producci\u00f3n de esta camiseta, as\u00ed que si est\u00e1s buscando alguna manera \u00fanica [&hellip;]","og_url":"https:\/\/dase.es\/en\/comprar\/2-casas\/","og_site_name":"Dase","article_modified_time":"2023-02-10T20:46:40+00:00","og_image":[{"width":1000,"height":1000,"url":"https:\/\/dase.es\/wp-content\/uploads\/2019\/09\/mockup-b7e8899a.png","type":"image\/png"}],"twitter_card":"summary_large_image","schema":{"@context":"https:\/\/schema.org","@graph":[{"@type":"WebPage","@id":"https:\/\/dase.es\/en\/comprar\/2-casas\/","url":"https:\/\/dase.es\/en\/comprar\/2-casas\/","name":"\u201c2 casas\u201d &#183; Dase","isPartOf":{"@id":"https:\/\/dase.es\/en\/#website"},"primaryImageOfPage":{"@id":"https:\/\/dase.es\/en\/comprar\/2-casas\/#primaryimage"},"image":{"@id":"https:\/\/dase.es\/en\/comprar\/2-casas\/#primaryimage"},"thumbnailUrl":"https:\/\/dase.es\/wp-content\/uploads\/2019\/09\/mockup-b7e8899a.png","datePublished":"2019-09-03T14:28:18+00:00","dateModified":"2023-02-10T20:46:40+00:00","breadcrumb":{"@id":"https:\/\/dase.es\/en\/comprar\/2-casas\/#breadcrumb"},"inLanguage":"en-US","potentialAction":[{"@type":"ReadAction","target":["https:\/\/dase.es\/en\/comprar\/2-casas\/"]}]},{"@type":"ImageObject","inLanguage":"en-US","@id":"https:\/\/dase.es\/en\/comprar\/2-casas\/#primaryimage","url":"https:\/\/dase.es\/wp-content\/uploads\/2019\/09\/mockup-b7e8899a.png","contentUrl":"https:\/\/dase.es\/wp-content\/uploads\/2019\/09\/mockup-b7e8899a.png","width":1000,"height":1000},{"@type":"BreadcrumbList","@id":"https:\/\/dase.es\/en\/comprar\/2-casas\/#breadcrumb","itemListElement":[{"@type":"ListItem","position":1,"name":"Tienda online","item":"https:\/\/dase.es\/comprar\/"},{"@type":"ListItem","position":2,"name":"Merchandising","item":"https:\/\/dase.es\/en\/shop\/merchandising\/"},{"@type":"ListItem","position":3,"name":"\u201c2 casas\u201d"}]},{"@type":"WebSite","@id":"https:\/\/dase.es\/en\/#website","url":"https:\/\/dase.es\/en\/","name":"Dase","description":"Pintura Mural y Graffiti Profesional","publisher":{"@id":"https:\/\/dase.es\/en\/#\/schema\/person\/51518cff00aab96be0990ff852f05dd1"},"potentialAction":[{"@type":"SearchAction","target":{"@type":"EntryPoint","urlTemplate":"https:\/\/dase.es\/en\/?s={search_term_string}"},"query-input":{"@type":"PropertyValueSpecification","valueRequired":true,"valueName":"search_term_string"}}],"inLanguage":"en-US"},{"@type":["Person","Organization"],"@id":"https:\/\/dase.es\/en\/#\/schema\/person\/51518cff00aab96be0990ff852f05dd1","name":"","image":{"@type":"ImageObject","inLanguage":"en-US","@id":"https:\/\/dase.es\/en\/#\/schema\/person\/image\/","url":"https:\/\/secure.gravatar.com\/avatar\/d3d5e9a75a56cf98e1b0dee24a616ff1780c643596609041085c62cc1ca5f467?s=96&d=blank&r=g","contentUrl":"https:\/\/secure.gravatar.com\/avatar\/d3d5e9a75a56cf98e1b0dee24a616ff1780c643596609041085c62cc1ca5f467?s=96&d=blank&r=g"},"logo":{"@id":"https:\/\/dase.es\/en\/#\/schema\/person\/image\/"}}]}},"_links":{"self":[{"href":"https:\/\/dase.es\/en\/wp-json\/wp\/v2\/product\/12487","targetHints":{"allow":["GET"]}}],"collection":[{"href":"https:\/\/dase.es\/en\/wp-json\/wp\/v2\/product"}],"about":[{"href":"https:\/\/dase.es\/en\/wp-json\/wp\/v2\/types\/product"}],"wp:featuredmedia":[{"embeddable":true,"href":"https:\/\/dase.es\/en\/wp-json\/wp\/v2\/media\/12495"}],"wp:attachment":[{"href":"https:\/\/dase.es\/en\/wp-json\/wp\/v2\/media?parent=12487"}],"wp:term":[{"taxonomy":"product_brand","embeddable":true,"href":"https:\/\/dase.es\/en\/wp-json\/wp\/v2\/product_brand?post=12487"},{"taxonomy":"product_cat","embeddable":true,"href":"https:\/\/dase.es\/en\/wp-json\/wp\/v2\/product_cat?post=12487"},{"taxonomy":"product_tag","embeddable":true,"href":"https:\/\/dase.es\/en\/wp-json\/wp\/v2\/product_tag?post=12487"}],"curies":[{"name":"wp","href":"https:\/\/api.w.org\/{rel}","templated":true}]}}