{"id":10821,"date":"2019-09-24T09:54:10","date_gmt":"2019-09-24T07:54:10","guid":{"rendered":"https:\/\/dase.es\/?post_type=product&#038;p=10821"},"modified":"2022-10-21T07:44:41","modified_gmt":"2022-10-21T05:44:41","slug":"iconos-vectoriales","status":"publish","type":"product","link":"https:\/\/dase.es\/en\/comprar\/iconos-vectoriales\/","title":{"rendered":"Iconos vectoriales"},"content":{"rendered":"<h2>Iconos universales<\/h2>\n<p>Iconos para todo tipo de conceptos: <strong>Lifestyle, viajes, negocios, m\u00fasica, dise\u00f1o, arte, pintura, fotograf\u00eda, moda\u2026<\/strong><\/p>\n<h2><span style=\"font-weight: 400;\">Iconos simples<\/span><\/h2>\n<p><span style=\"font-weight: 400;\">Los<\/span><b> iconos minimalistas<\/b><span style=\"font-weight: 400;\"> est\u00e1n dise\u00f1ados para comprenderse con la m\u00ednima expresi\u00f3n, de manera que son ideales para usar tanto en tama\u00f1os peque\u00f1os como grandes.<\/span><\/p>\n<h2><span style=\"font-weight: 400;\">Iconos lineales<\/span><\/h2>\n<p><span style=\"font-weight: 400;\">Iconos estilo lineal <\/span><b>Iconos de lineas rectas<\/b><span style=\"font-weight: 400;\"> elegantes y con car\u00e1cter.<\/span><\/p>\n<h2><span style=\"font-weight: 400;\">Archivos de iconos<\/span><\/h2>\n<p><span style=\"font-weight: 400;\">La descarga incluye todos los <strong>iconos<\/strong> por separado con<strong>\u00a0fondo blanco<\/strong> y <strong>transparente<\/strong> para colocar sobre cualquier imagen.<\/span><\/p>\n<p><span style=\"font-weight: 400;\">Los archivos de los <\/span><b>iconos<\/b><span style=\"font-weight: 400;\"> tienen los siguientes formatos:<\/span><\/p>\n<h2><span style=\"font-weight: 400;\">Iconos vectoriales SVG<\/span><\/h2>\n<p><span style=\"font-weight: 400;\">Los <\/span><b>iconos en formato vectorial <\/b><span style=\"font-weight: 400;\">no se pixelan, son perfectos para imprimir o utilizarlos en gran formato y se pueden personalizar con programas de dise\u00f1o vectorial como Adobe Photoshop, Adobe Illustrator y otros.<\/span><\/p>\n<h2><span style=\"font-weight: 400;\">Iconos transparentes PNG<\/span><\/h2>\n<p><span style=\"font-weight: 400;\">Los<\/span><b> iconos con fondo transparente<\/b><span style=\"font-weight: 400;\"> o<\/span><b> en formato PNG <\/b><span style=\"font-weight: 400;\">pueden ser colocados sobre cualquier fondo y tambi\u00e9n pueden personalizarse en Adobe Photoshop.<\/span><\/p>\n<p><span style=\"font-weight: 400;\">El formato ideal de los <\/span><b>iconos para blog es PNG<\/b><span style=\"font-weight: 400;\">.<\/span><\/p>\n<p><span style=\"font-weight: 400;\">Incluso puedes copiarlos de tu carrete de fotos del m\u00f3vil y pegarlos en tus <\/span><b>Instagram Stories<\/b><span style=\"font-weight: 400;\"> sobre fotos o fondos de cualquier color y utilizarlos de <\/span><b>portada para tus destacados<\/b><span style=\"font-weight: 400;\">.<\/span><\/p>\n<h2><span style=\"font-weight: 400;\">Iconos en formato JPG<\/span><\/h2>\n<p><span style=\"font-weight: 400;\">Con trazo negro y fondo blanco listos para usar.<\/span><\/p>\n<h3>Portadas de Historias Destacadas en Instagram<\/h3>\n<p>Personaliza las portadas de tus historias destacadas de Instagram con estos iconos.<\/p>\n<h3>Iconos personalizados para apps de iOs (iPhone o iPad)<\/h3>\n<p>Personaliza los iconos de tus apps con estos iconos.<\/p>\n<h2><span style=\"font-weight: 400;\">Descargar iconos<\/span><\/h2>\n<p><span style=\"font-weight: 400;\">Empieza ya a <\/span><b>bajar iconos<\/b><span style=\"font-weight: 400;\"> y utilizarlos en tu <\/span><b>blog<\/b><span style=\"font-weight: 400;\"> y<\/span><b> redes sociales<\/b><span style=\"font-weight: 400;\">.<\/span><\/p>\n<p><span style=\"font-weight: 400;\">Para usarlos como <strong>portadas de tus historias destacadas en instagram<\/strong>:<\/span><\/p>\n<ol>\n<li><b> Guarda los iconos en tu carrete del m\u00f3vil.<\/b><\/li>\n<li><b> C\u00f3pialos desde tu carrete. <\/b><span style=\"font-weight: 400;\">Selecciona el icono que deseas y dale al bot\u00f3n de \u201cCompartir\u201d. Te aparecer\u00e1 la opci\u00f3n \u201cCopiar\u201d.<\/span><\/li>\n<li><b> P\u00e9galos en tus historias. <\/b><span style=\"font-weight: 400;\">Abre las historias de Instagram, haz click en la herramienta texto y mant\u00e9n pulsado unos segundos como si fueras a escribir. Aparecer\u00e1 la opci\u00f3n \u201cPegar\u201d. Puedes pegar el icono sobre cualquier fotograf\u00eda o pintar el fondo del color que desees.<\/span><\/li>\n<li><b> Publica el story o guarda la historia.<\/b><span style=\"font-weight: 400;\"> Despu\u00e9s podr\u00e1s seleccionar esa imagen de portada.<\/span><\/li>\n<\/ol>\n","protected":false},"excerpt":{"rendered":"<h3>+100 iconos personalizables para redes sociales, blogs y m\u00e1s<\/h3>\n<p>Colecci\u00f3n de iconos vectoriales estilo lineal para portadas en tus historias destacadas de Instagram, youtube u otras redes sociales, blog, dise\u00f1os de publicidad, apps de iOS, etc.<\/p>\n<p>\u00b7 Color personalizable<\/p>\n<p>\u00b7 Listos para usar sin editar nada<\/p>\n<p>\u00b7 Fondo transparente: Pon la textura que quieras (M\u00e1rmol, madera&#8230;)<\/p>\n","protected":false},"featured_media":13020,"template":"","meta":{"_joinchat":[]},"product_brand":[],"product_cat":[],"product_tag":[],"class_list":{"0":"post-10821","1":"product","2":"type-product","3":"status-publish","4":"has-post-thumbnail","7":"first","8":"instock","9":"downloadable","10":"virtual","11":"taxable","12":"purchasable","13":"product-type-simple"},"yoast_head":"<!-- This site is optimized with the Yoast SEO plugin v26.4 - https:\/\/yoast.com\/wordpress\/plugins\/seo\/ -->\n<title>Iconos vectoriales &#183; Dase<\/title>\n<meta name=\"description\" content=\"Iconos para Instagram Stories Gratis. Descargar portadas para historias destacadas. Iconos vectoriales en PNG con fondo transparente, SVG (vectorial) y JPG.\" \/>\n<meta name=\"robots\" content=\"noindex, follow\" \/>\n<meta property=\"og:locale\" content=\"en_US\" \/>\n<meta property=\"og:type\" content=\"article\" \/>\n<meta property=\"og:title\" content=\"Iconos vectoriales &#183; Dase\" \/>\n<meta property=\"og:description\" content=\"Iconos para Instagram Stories Gratis. Descargar portadas para historias destacadas. Iconos vectoriales en PNG con fondo transparente, SVG (vectorial) y JPG.\" \/>\n<meta property=\"og:url\" content=\"https:\/\/dase.es\/en\/comprar\/iconos-vectoriales\/\" \/>\n<meta property=\"og:site_name\" content=\"Dase\" \/>\n<meta property=\"article:modified_time\" content=\"2022-10-21T05:44:41+00:00\" \/>\n<meta property=\"og:image\" content=\"https:\/\/dase.es\/wp-content\/uploads\/2019\/09\/iconos-Dase-2020-01-01-1.png\" \/>\n\t<meta property=\"og:image:width\" content=\"1000\" \/>\n\t<meta property=\"og:image:height\" content=\"1000\" \/>\n\t<meta property=\"og:image:type\" content=\"image\/png\" \/>\n<meta name=\"twitter:card\" content=\"summary_large_image\" \/>\n<script type=\"application\/ld+json\" class=\"yoast-schema-graph\">{\"@context\":\"https:\/\/schema.org\",\"@graph\":[{\"@type\":\"WebPage\",\"@id\":\"https:\/\/dase.es\/en\/comprar\/iconos-vectoriales\/\",\"url\":\"https:\/\/dase.es\/en\/comprar\/iconos-vectoriales\/\",\"name\":\"Iconos vectoriales &#183; Dase\",\"isPartOf\":{\"@id\":\"https:\/\/dase.es\/en\/#website\"},\"primaryImageOfPage\":{\"@id\":\"https:\/\/dase.es\/en\/comprar\/iconos-vectoriales\/#primaryimage\"},\"image\":{\"@id\":\"https:\/\/dase.es\/en\/comprar\/iconos-vectoriales\/#primaryimage\"},\"thumbnailUrl\":\"https:\/\/dase.es\/wp-content\/uploads\/2019\/09\/iconos-Dase-2020-01-01-1.png\",\"datePublished\":\"2019-09-24T07:54:10+00:00\",\"dateModified\":\"2022-10-21T05:44:41+00:00\",\"description\":\"Iconos para Instagram Stories Gratis. Descargar portadas para historias destacadas. Iconos vectoriales en PNG con fondo transparente, SVG (vectorial) y JPG.\",\"breadcrumb\":{\"@id\":\"https:\/\/dase.es\/en\/comprar\/iconos-vectoriales\/#breadcrumb\"},\"inLanguage\":\"en-US\",\"potentialAction\":[{\"@type\":\"ReadAction\",\"target\":[\"https:\/\/dase.es\/en\/comprar\/iconos-vectoriales\/\"]}]},{\"@type\":\"ImageObject\",\"inLanguage\":\"en-US\",\"@id\":\"https:\/\/dase.es\/en\/comprar\/iconos-vectoriales\/#primaryimage\",\"url\":\"https:\/\/dase.es\/wp-content\/uploads\/2019\/09\/iconos-Dase-2020-01-01-1.png\",\"contentUrl\":\"https:\/\/dase.es\/wp-content\/uploads\/2019\/09\/iconos-Dase-2020-01-01-1.png\",\"width\":1000,\"height\":1000},{\"@type\":\"BreadcrumbList\",\"@id\":\"https:\/\/dase.es\/en\/comprar\/iconos-vectoriales\/#breadcrumb\",\"itemListElement\":[{\"@type\":\"ListItem\",\"position\":1,\"name\":\"Tienda online\",\"item\":\"https:\/\/dase.es\/comprar\/\"},{\"@type\":\"ListItem\",\"position\":2,\"name\":\"Merchandising\",\"item\":\"https:\/\/dase.es\/en\/shop\/merchandising\/\"},{\"@type\":\"ListItem\",\"position\":3,\"name\":\"Iconos vectoriales\"}]},{\"@type\":\"WebSite\",\"@id\":\"https:\/\/dase.es\/en\/#website\",\"url\":\"https:\/\/dase.es\/en\/\",\"name\":\"Dase\",\"description\":\"Pintura Mural y Graffiti Profesional\",\"publisher\":{\"@id\":\"https:\/\/dase.es\/en\/#\/schema\/person\/51518cff00aab96be0990ff852f05dd1\"},\"potentialAction\":[{\"@type\":\"SearchAction\",\"target\":{\"@type\":\"EntryPoint\",\"urlTemplate\":\"https:\/\/dase.es\/en\/?s={search_term_string}\"},\"query-input\":{\"@type\":\"PropertyValueSpecification\",\"valueRequired\":true,\"valueName\":\"search_term_string\"}}],\"inLanguage\":\"en-US\"},{\"@type\":[\"Person\",\"Organization\"],\"@id\":\"https:\/\/dase.es\/en\/#\/schema\/person\/51518cff00aab96be0990ff852f05dd1\",\"name\":\"\",\"image\":{\"@type\":\"ImageObject\",\"inLanguage\":\"en-US\",\"@id\":\"https:\/\/dase.es\/en\/#\/schema\/person\/image\/\",\"url\":\"https:\/\/secure.gravatar.com\/avatar\/d3d5e9a75a56cf98e1b0dee24a616ff1780c643596609041085c62cc1ca5f467?s=96&d=blank&r=g\",\"contentUrl\":\"https:\/\/secure.gravatar.com\/avatar\/d3d5e9a75a56cf98e1b0dee24a616ff1780c643596609041085c62cc1ca5f467?s=96&d=blank&r=g\"},\"logo\":{\"@id\":\"https:\/\/dase.es\/en\/#\/schema\/person\/image\/\"}}]}<\/script>\n<!-- \/ Yoast SEO plugin. -->","yoast_head_json":{"title":"Iconos vectoriales &#183; Dase","description":"Iconos para Instagram Stories Gratis. Descargar portadas para historias destacadas. Iconos vectoriales en PNG con fondo transparente, SVG (vectorial) y JPG.","robots":{"index":"noindex","follow":"follow"},"og_locale":"en_US","og_type":"article","og_title":"Iconos vectoriales &#183; Dase","og_description":"Iconos para Instagram Stories Gratis. Descargar portadas para historias destacadas. Iconos vectoriales en PNG con fondo transparente, SVG (vectorial) y JPG.","og_url":"https:\/\/dase.es\/en\/comprar\/iconos-vectoriales\/","og_site_name":"Dase","article_modified_time":"2022-10-21T05:44:41+00:00","og_image":[{"width":1000,"height":1000,"url":"https:\/\/dase.es\/wp-content\/uploads\/2019\/09\/iconos-Dase-2020-01-01-1.png","type":"image\/png"}],"twitter_card":"summary_large_image","schema":{"@context":"https:\/\/schema.org","@graph":[{"@type":"WebPage","@id":"https:\/\/dase.es\/en\/comprar\/iconos-vectoriales\/","url":"https:\/\/dase.es\/en\/comprar\/iconos-vectoriales\/","name":"Iconos vectoriales &#183; Dase","isPartOf":{"@id":"https:\/\/dase.es\/en\/#website"},"primaryImageOfPage":{"@id":"https:\/\/dase.es\/en\/comprar\/iconos-vectoriales\/#primaryimage"},"image":{"@id":"https:\/\/dase.es\/en\/comprar\/iconos-vectoriales\/#primaryimage"},"thumbnailUrl":"https:\/\/dase.es\/wp-content\/uploads\/2019\/09\/iconos-Dase-2020-01-01-1.png","datePublished":"2019-09-24T07:54:10+00:00","dateModified":"2022-10-21T05:44:41+00:00","description":"Iconos para Instagram Stories Gratis. Descargar portadas para historias destacadas. Iconos vectoriales en PNG con fondo transparente, SVG (vectorial) y JPG.","breadcrumb":{"@id":"https:\/\/dase.es\/en\/comprar\/iconos-vectoriales\/#breadcrumb"},"inLanguage":"en-US","potentialAction":[{"@type":"ReadAction","target":["https:\/\/dase.es\/en\/comprar\/iconos-vectoriales\/"]}]},{"@type":"ImageObject","inLanguage":"en-US","@id":"https:\/\/dase.es\/en\/comprar\/iconos-vectoriales\/#primaryimage","url":"https:\/\/dase.es\/wp-content\/uploads\/2019\/09\/iconos-Dase-2020-01-01-1.png","contentUrl":"https:\/\/dase.es\/wp-content\/uploads\/2019\/09\/iconos-Dase-2020-01-01-1.png","width":1000,"height":1000},{"@type":"BreadcrumbList","@id":"https:\/\/dase.es\/en\/comprar\/iconos-vectoriales\/#breadcrumb","itemListElement":[{"@type":"ListItem","position":1,"name":"Tienda online","item":"https:\/\/dase.es\/comprar\/"},{"@type":"ListItem","position":2,"name":"Merchandising","item":"https:\/\/dase.es\/en\/shop\/merchandising\/"},{"@type":"ListItem","position":3,"name":"Iconos vectoriales"}]},{"@type":"WebSite","@id":"https:\/\/dase.es\/en\/#website","url":"https:\/\/dase.es\/en\/","name":"Dase","description":"Pintura Mural y Graffiti Profesional","publisher":{"@id":"https:\/\/dase.es\/en\/#\/schema\/person\/51518cff00aab96be0990ff852f05dd1"},"potentialAction":[{"@type":"SearchAction","target":{"@type":"EntryPoint","urlTemplate":"https:\/\/dase.es\/en\/?s={search_term_string}"},"query-input":{"@type":"PropertyValueSpecification","valueRequired":true,"valueName":"search_term_string"}}],"inLanguage":"en-US"},{"@type":["Person","Organization"],"@id":"https:\/\/dase.es\/en\/#\/schema\/person\/51518cff00aab96be0990ff852f05dd1","name":"","image":{"@type":"ImageObject","inLanguage":"en-US","@id":"https:\/\/dase.es\/en\/#\/schema\/person\/image\/","url":"https:\/\/secure.gravatar.com\/avatar\/d3d5e9a75a56cf98e1b0dee24a616ff1780c643596609041085c62cc1ca5f467?s=96&d=blank&r=g","contentUrl":"https:\/\/secure.gravatar.com\/avatar\/d3d5e9a75a56cf98e1b0dee24a616ff1780c643596609041085c62cc1ca5f467?s=96&d=blank&r=g"},"logo":{"@id":"https:\/\/dase.es\/en\/#\/schema\/person\/image\/"}}]}},"_links":{"self":[{"href":"https:\/\/dase.es\/en\/wp-json\/wp\/v2\/product\/10821","targetHints":{"allow":["GET"]}}],"collection":[{"href":"https:\/\/dase.es\/en\/wp-json\/wp\/v2\/product"}],"about":[{"href":"https:\/\/dase.es\/en\/wp-json\/wp\/v2\/types\/product"}],"wp:featuredmedia":[{"embeddable":true,"href":"https:\/\/dase.es\/en\/wp-json\/wp\/v2\/media\/13020"}],"wp:attachment":[{"href":"https:\/\/dase.es\/en\/wp-json\/wp\/v2\/media?parent=10821"}],"wp:term":[{"taxonomy":"product_brand","embeddable":true,"href":"https:\/\/dase.es\/en\/wp-json\/wp\/v2\/product_brand?post=10821"},{"taxonomy":"product_cat","embeddable":true,"href":"https:\/\/dase.es\/en\/wp-json\/wp\/v2\/product_cat?post=10821"},{"taxonomy":"product_tag","embeddable":true,"href":"https:\/\/dase.es\/en\/wp-json\/wp\/v2\/product_tag?post=10821"}],"curies":[{"name":"wp","href":"https:\/\/api.w.org\/{rel}","templated":true}]}}